{"id":1237,"date":"2023-04-28T12:55:40","date_gmt":"2023-04-28T12:55:40","guid":{"rendered":"https:\/\/atheneepalace.intercontinental.com\/?page_id=1237"},"modified":"2025-07-07T09:45:15","modified_gmt":"2025-07-07T09:45:15","slug":"best-flexible-rate-with-breakfast","status":"publish","type":"page","link":"https:\/\/atheneepalace.intercontinental.com\/ro\/offers\/best-flexible-rate-with-breakfast\/","title":{"rendered":"Best Flexible Rate with Breakfast"},"content":{"rendered":"<div class=\"brz-root__container brz-reset-all brz\">\n<section id=\"_xlaethcaalffohjzcfvmfgldkunpdhlbdnoe\" class=\"brz-section brz-css-x7kgB brz-css-hlygB\">\n<div class=\"brz-slick-slider brz-slick-slider__section\" data-slides-to-show=\"1\" data-slides-to-scroll=\"1\" data-arrows=\"true\" data-dots=\"false\" data-dots-class=\"brz-slick-slider__dots brz-slick-slider__dots--none\" data-fade=\"false\" data-vertical=\"false\" data-auto-play=\"false\" data-auto-play-speed=\"3000\" data-animation-speed=\"500\" data-swipe=\"true\" data-responsive=\"%5B%7B%22breakpoint%22%3A767%2C%22settings%22%3A%7B%22slidesToShow%22%3A1%2C%22slidesToScroll%22%3A1%7D%7D%5D\">\n<div>\n<div class=\"brz-section__content brz-section--boxed brz-css-rFq9X brz-css-h1edV\" data-brz-custom-id=\"vtpffjuimxsslovsoncvkpocmshrspseygxh\">\n<div class=\"brz-bg\">\n<div class=\"brz-bg-image\"><\/div>\n<div class=\"brz-bg-color\"><\/div>\n<\/div>\n<div class=\"brz-container brz-css-y9erG\">\n<div id=\"\" class=\"brz-css-cSrMC brz-wrapper\">\n<div class=\"brz-rich-text brz-rich-text__custom brz-css-endzY\" data-brz-custom-id=\"mkucmkcclhpbmcgjujratswhijaylrrzlrjv\">\n<div data-brz-translate-text=\"1\">\n<h1 class=\"brz-tp-lg-heading1 brz-text-lg-center brz-css-l7zrO\" data-generated-css=\"brz-css-fnktc\" data-uniq-id=\"ggpzs\"><span class=\"brz-cp-color8 brz-capitalize-on\">CEL MAI BUN TARIF FLEXIBIL CU MIC DEJUN<\/span><\/h1>\n<\/div>\n<\/div>\n<\/div>\n<\/div>\n<\/div>\n<\/div>\n<\/div>\n<\/section>\n<section id=\"_rnjbprlbrjlimevzgsxyqdgyczvtbmmbzbwg\" class=\"brz-section brz-css-x7kgB\">\n<div class=\"brz-section__content brz-section--fullWidth brz-css-rFq9X brz-css-jIysI\" data-brz-custom-id=\"tsyuxdmdvvjmetxyagmbwdbohhgmwfjamykr\">\n<div class=\"brz-container brz-css-y9erG brz-css-kR7tI\">\n<div class=\"brz-row__container brz-css-g97Ct\" data-brz-custom-id=\"pwmfskbejqzlwbsyzhnadladicpdhyjksvmj\">\n<div class=\"brz-bg\"><\/div>\n<div class=\"brz-row brz-css-mOBPM brz-css-cC58H\">\n<div class=\"brz-columns brz-css-wxCDf brz-css-iEcA0\" data-brz-custom-id=\"ktpnyqyciwcmxqiczgqrxattnojqnitomieq\">\n<div class=\"brz-bg\">\n<div class=\"brz-bg-image\"><\/div>\n<div class=\"brz-bg-color\"><\/div>\n<\/div>\n<div class=\"brz-column__items brz-css-ggL4u brz-css-yaO_v\"><\/div>\n<\/div>\n<div class=\"brz-columns brz-css-wxCDf brz-css-u5qNM\" data-brz-custom-id=\"ihkkctewilfxarrkrpnojckndrqrupazwayz\">\n<div class=\"brz-bg\"><\/div>\n<div class=\"brz-column__items brz-css-ggL4u brz-css-oUMsW\">\n<div id=\"\" class=\"brz-css-cSrMC brz-css-rLCwK brz-wrapper\">\n<div class=\"brz-rich-text brz-rich-text__custom brz-css-endzY\" data-brz-custom-id=\"gecqpdirwmqqsidsejsakxajhneeqxagqzlt\">\n<div data-brz-translate-text=\"1\">\n<p data-uniq-id=\"bFkkE\" data-generated-css=\"brz-css-rmnML\" class=\"brz-text-lg-left brz-tp-lg-paragraph brz-css-euisG\"><strong class=\"brz-cp-color2\">Rezerva\u021bi tariful nostru Best Flexible \u0219i bucura\u021bi-v\u0103 de micul dejun oferit gratuit.<\/strong><\/p>\n<\/div>\n<\/div>\n<\/div>\n<div id=\"\" class=\"brz-css-cSrMC brz-css-rDLOS brz-wrapper\">\n<div class=\"brz-rich-text brz-rich-text__custom brz-css-endzY\" data-brz-custom-id=\"bkaxsqzhfyxaejjtmkzxaiwfblpiovvvhosh\">\n<div data-brz-translate-text=\"1\">\n<p class=\"brz-tp-lg-paragraph brz-css-jBf_i\" data-uniq-id=\"gNJy4\" data-generated-css=\"brz-css-aINHq\"><strong class=\"brz-cp-color7\">Beneficii pachet:&nbsp;<\/strong><\/p>\n<p class=\"brz-tp-lg-paragraph brz-css-g54Te\" data-uniq-id=\"v_FS8\" data-generated-css=\"brz-css-hxwoj\"><\/p>\n<ul>\n<li class=\"brz-tp-lg-paragraph brz-bcp-color7 brz-css-jiahr\" data-uniq-id=\"rIBYy\" data-generated-css=\"brz-css-uF_0o\"><span class=\"brz-cp-color7\">Mic dejun zilnic pentru p\u00e2n\u0103 la doi adul\u021bi (tax\u0103 suplimentar\u0103 pentru oaspe\u021bi \u00een plus). <\/span><\/li>\n<li class=\"brz-tp-lg-paragraph brz-bcp-color7 brz-css-loG7T\" data-uniq-id=\"jorzd\" data-generated-css=\"brz-css-i2ulX\"><span class=\"brz-cp-color7\">No deposit required. No penalty for cancellations made before 4:00 PM local hotel time, 3 days prior to arrival. <\/span><\/li>\n<li class=\"brz-tp-lg-paragraph brz-bcp-color7 brz-css-mp15Q\" data-uniq-id=\"c862x\" data-generated-css=\"brz-css-mNky7\"><span class=\"brz-cp-color7\">Cancellations made after 4:00 PM, or failing to show, will result in a charge of one night per room to your credit card. Taxes may apply. <\/span><\/li>\n<li class=\"brz-tp-lg-paragraph brz-bcp-color7 brz-css-g7jDm\" data-uniq-id=\"hOMqN\" data-generated-css=\"brz-css-kUo4T\"><span class=\"brz-cp-color7\">Neprezentarea \u00eenainte de ora de check-out dup\u0103 prima noapte a unei rezerv\u0103ri va duce la anularea restului rezerv\u0103rii dumneavoastr\u0103. <\/span><\/li>\n<\/ul>\n<p class=\"brz-tp-lg-paragraph brz-css-wqY9i\" data-uniq-id=\"fh9AU\" data-generated-css=\"brz-css-bgesm\"><\/p>\n<p class=\"brz-tp-lg-paragraph brz-css-al5c3\" data-uniq-id=\"z6i3x\" data-generated-css=\"brz-css-fKjbr\"><span class=\"brz-cp-color7\">REZERV\u0102RI 24 ORE:\u00a0+ 40 21 3033777 |&nbsp;<\/span><a class=\"link--external brz-cp-color7\" href=\"mailto:buhap.reservations@ihg.com\" data-brz-link-type=\"external\">buhap.reservations@ihg.com<\/a><\/p>\n<\/div>\n<\/div>\n<\/div>\n<div class=\"brz-wrapper-clone brz-css-gYIUm brz-css-eYPod\">\n<div class=\"brz-d-xs-flex brz-flex-xs-wrap brz-css-pyWTc brz-css-kyxdp\" data-brz-custom-id=\"\">\n<div class=\"brz-wrapper-clone__item\" id=\"hhugdpzxhketckcrccdubxsowzlknsvndmyk\">\n<div class=\"brz-hover-animation__container\" data-brz-hover-animationid=\"zlxpufdieouhdckbmbvobqxaommtarnptbhf\" data-brz-hover-options=\"%7B%22duration%22:600,%22iterations%22:1%7D\" data-brz-hover-reversible=\"true\" data-brz-hover-target=\"%22firstChild%22\"><a class=\"brz-a brz-btn brz-css-aKwnQ brz-css-nrrHi brz-css-iNjOo brz-css-swa4j\" href=\"mailto:buhap.reservations@ihg.com\" target=\"_self\" rel=\"noopener\" data-brz-link-type=\"external\" data-brz-custom-id=\"hhugdpzxhketckcrccdubxsowzlknsvndmyk\"><span data-brz-translate-text=\"1\" class=\"brz-span brz-text__editor\">REZERV\u0102 ACUM<\/span><\/a><\/div>\n<\/div>\n<\/div>\n<\/div>\n<\/div>\n<\/div>\n<\/div>\n<\/div>\n<\/div>\n<\/div>\n<\/section>\n<\/div>\n<p>    <!-- version:1733761954 --><\/p>","protected":false},"excerpt":{"rendered":"<p>BEST FLEXIBLE RATE WITH BREAKFAST Book our Best Flexible Rate and enjoy breakfast with our compliments. Package inclusions:&nbsp; Breakfast for up to two adults daily (supplemental fee for additional guests). No deposit required. No penalty for cancellations made before 4:00 PM local hotel time, 3 days prior to arrival. Cancellations made after 4:00 PM, or [&hellip;]<\/p>","protected":false},"author":1,"featured_media":0,"parent":1126,"menu_order":0,"comment_status":"closed","ping_status":"closed","template":"brizy-blank-template.php","meta":{"site-sidebar-layout":"default","site-content-layout":"","ast-site-content-layout":"default","site-content-style":"default","site-sidebar-style":"default","ast-global-header-display":"","ast-banner-title-visibility":"","ast-main-header-display":"","ast-hfb-above-header-display":"","ast-hfb-below-header-display":"","ast-hfb-mobile-header-display":"","site-post-title":"","ast-breadcrumbs-content":"","ast-featured-img":"","footer-sml-layout":"","theme-transparent-header-meta":"","adv-header-id-meta":"","stick-header-meta":"","header-above-stick-meta":"","header-main-stick-meta":"","header-below-stick-meta":"","astra-migrate-meta-layouts":"default","ast-page-background-enabled":"default","ast-page-background-meta":{"desktop":{"background-color":"var(--ast-global-color-4)","background-image":"","background-repeat":"repeat","background-position":"center center","background-size":"auto","background-attachment":"scroll","background-type":"","background-media":"","overlay-type":"","overlay-color":"","overlay-opacity":"","overlay-gradient":""},"tablet":{"background-color":"","background-image":"","background-repeat":"repeat","background-position":"center center","background-size":"auto","background-attachment":"scroll","background-type":"","background-media":"","overlay-type":"","overlay-color":"","overlay-opacity":"","overlay-gradient":""},"mobile":{"background-color":"","background-image":"","background-repeat":"repeat","background-position":"center center","background-size":"auto","background-attachment":"scroll","background-type":"","background-media":"","overlay-type":"","overlay-color":"","overlay-opacity":"","overlay-gradient":""}},"ast-content-background-meta":{"desktop":{"background-color":"var(--ast-global-color-5)","background-image":"","background-repeat":"repeat","background-position":"center center","background-size":"auto","background-attachment":"scroll","background-type":"","background-media":"","overlay-type":"","overlay-color":"","overlay-opacity":"","overlay-gradient":""},"tablet":{"background-color":"var(--ast-global-color-5)","background-image":"","background-repeat":"repeat","background-position":"center center","background-size":"auto","background-attachment":"scroll","background-type":"","background-media":"","overlay-type":"","overlay-color":"","overlay-opacity":"","overlay-gradient":""},"mobile":{"background-color":"var(--ast-global-color-5)","background-image":"","background-repeat":"repeat","background-position":"center center","background-size":"auto","background-attachment":"scroll","background-type":"","background-media":"","overlay-type":"","overlay-color":"","overlay-opacity":"","overlay-gradient":""}},"footnotes":""},"class_list":["post-1237","page","type-page","status-publish","hentry"],"yoast_head":"<!-- This site is optimized with the Yoast SEO plugin v26.6 - https:\/\/yoast.com\/wordpress\/plugins\/seo\/ -->\n<title>Best Flexible Rate with Breakfast - InterContinental Athenee Palace<\/title>\n<meta name=\"robots\" content=\"index, follow, max-snippet:-1, max-image-preview:large, max-video-preview:-1\" \/>\n<link rel=\"canonical\" href=\"https:\/\/atheneepalace.intercontinental.com\/ro\/offers\/best-flexible-rate-with-breakfast\/\" \/>\n<meta property=\"og:locale\" content=\"ro_RO\" \/>\n<meta property=\"og:type\" content=\"article\" \/>\n<meta property=\"og:title\" content=\"Best Flexible Rate with Breakfast - InterContinental Athenee Palace\" \/>\n<meta property=\"og:description\" content=\"BEST FLEXIBLE RATE WITH BREAKFAST Book our Best Flexible Rate and enjoy breakfast with our compliments. Package inclusions:&nbsp; Breakfast for up to two adults daily (supplemental fee for additional guests). No deposit required. No penalty for cancellations made before 4:00 PM local hotel time, 3 days prior to arrival. Cancellations made after 4:00 PM, or [&hellip;]\" \/>\n<meta property=\"og:url\" content=\"https:\/\/atheneepalace.intercontinental.com\/ro\/offers\/best-flexible-rate-with-breakfast\/\" \/>\n<meta property=\"og:site_name\" content=\"InterContinental Athenee Palace\" \/>\n<meta property=\"article:publisher\" content=\"https:\/\/www.facebook.com\/icatheneepalacebucharest\" \/>\n<meta property=\"article:modified_time\" content=\"2025-07-07T09:45:15+00:00\" \/>\n<meta name=\"twitter:card\" content=\"summary_large_image\" \/>\n<meta name=\"twitter:label1\" content=\"Timp estimat pentru citire\" \/>\n\t<meta name=\"twitter:data1\" content=\"1 minut\" \/>\n<script type=\"application\/ld+json\" class=\"yoast-schema-graph\">{\"@context\":\"https:\/\/schema.org\",\"@graph\":[{\"@type\":\"WebPage\",\"@id\":\"https:\/\/atheneepalace.intercontinental.com\/offers\/best-flexible-rate-with-breakfast\/\",\"url\":\"https:\/\/atheneepalace.intercontinental.com\/offers\/best-flexible-rate-with-breakfast\/\",\"name\":\"Best Flexible Rate with Breakfast - InterContinental Athenee Palace\",\"isPartOf\":{\"@id\":\"https:\/\/atheneepalace.intercontinental.com\/#website\"},\"datePublished\":\"2023-04-28T12:55:40+00:00\",\"dateModified\":\"2025-07-07T09:45:15+00:00\",\"breadcrumb\":{\"@id\":\"https:\/\/atheneepalace.intercontinental.com\/offers\/best-flexible-rate-with-breakfast\/#breadcrumb\"},\"inLanguage\":\"ro-RO\",\"potentialAction\":[{\"@type\":\"ReadAction\",\"target\":[\"https:\/\/atheneepalace.intercontinental.com\/offers\/best-flexible-rate-with-breakfast\/\"]}]},{\"@type\":\"BreadcrumbList\",\"@id\":\"https:\/\/atheneepalace.intercontinental.com\/offers\/best-flexible-rate-with-breakfast\/#breadcrumb\",\"itemListElement\":[{\"@type\":\"ListItem\",\"position\":1,\"name\":\"Home\",\"item\":\"https:\/\/atheneepalace.intercontinental.com\/\"},{\"@type\":\"ListItem\",\"position\":2,\"name\":\"Offers\",\"item\":\"https:\/\/atheneepalace.intercontinental.com\/offers\/\"},{\"@type\":\"ListItem\",\"position\":3,\"name\":\"Best Flexible Rate with Breakfast\"}]},{\"@type\":\"WebSite\",\"@id\":\"https:\/\/atheneepalace.intercontinental.com\/#website\",\"url\":\"https:\/\/atheneepalace.intercontinental.com\/\",\"name\":\"InterContinental Athenee Palace\",\"description\":\"\",\"publisher\":{\"@id\":\"https:\/\/atheneepalace.intercontinental.com\/#organization\"},\"potentialAction\":[{\"@type\":\"SearchAction\",\"target\":{\"@type\":\"EntryPoint\",\"urlTemplate\":\"https:\/\/atheneepalace.intercontinental.com\/?s={search_term_string}\"},\"query-input\":{\"@type\":\"PropertyValueSpecification\",\"valueRequired\":true,\"valueName\":\"search_term_string\"}}],\"inLanguage\":\"ro-RO\"},{\"@type\":\"Organization\",\"@id\":\"https:\/\/atheneepalace.intercontinental.com\/#organization\",\"name\":\"InterContinental Athenee Palace\",\"url\":\"https:\/\/atheneepalace.intercontinental.com\/\",\"logo\":{\"@type\":\"ImageObject\",\"inLanguage\":\"ro-RO\",\"@id\":\"https:\/\/atheneepalace.intercontinental.com\/#\/schema\/logo\/image\/\",\"url\":\"https:\/\/atheneepalace.intercontinental.com\/wp-content\/uploads\/2023\/05\/Logo-400.png\",\"contentUrl\":\"https:\/\/atheneepalace.intercontinental.com\/wp-content\/uploads\/2023\/05\/Logo-400.png\",\"width\":300,\"height\":139,\"caption\":\"InterContinental Athenee Palace\"},\"image\":{\"@id\":\"https:\/\/atheneepalace.intercontinental.com\/#\/schema\/logo\/image\/\"},\"sameAs\":[\"https:\/\/www.facebook.com\/icatheneepalacebucharest\",\"https:\/\/www.linkedin.com\/company\/intercontinental-athne-palace-bucharest\",\"https:\/\/www.tripadvisor.co.uk\/Hotel_Review-g294458-d300679-Reviews-InterContinental_Athenee_Palace_Bucharest_an_IHG_Hotel-Bucharest.html\",\"https:\/\/www.instagram.com\/icatheneepalacebucharest\/\"]}]}<\/script>\n<!-- \/ Yoast SEO plugin. -->","yoast_head_json":{"title":"Best Flexible Rate with Breakfast - InterContinental Athenee Palace","robots":{"index":"index","follow":"follow","max-snippet":"max-snippet:-1","max-image-preview":"max-image-preview:large","max-video-preview":"max-video-preview:-1"},"canonical":"https:\/\/atheneepalace.intercontinental.com\/ro\/offers\/best-flexible-rate-with-breakfast\/","og_locale":"ro_RO","og_type":"article","og_title":"Best Flexible Rate with Breakfast - InterContinental Athenee Palace","og_description":"BEST FLEXIBLE RATE WITH BREAKFAST Book our Best Flexible Rate and enjoy breakfast with our compliments. Package inclusions:&nbsp; Breakfast for up to two adults daily (supplemental fee for additional guests). No deposit required. No penalty for cancellations made before 4:00 PM local hotel time, 3 days prior to arrival. Cancellations made after 4:00 PM, or [&hellip;]","og_url":"https:\/\/atheneepalace.intercontinental.com\/ro\/offers\/best-flexible-rate-with-breakfast\/","og_site_name":"InterContinental Athenee Palace","article_publisher":"https:\/\/www.facebook.com\/icatheneepalacebucharest","article_modified_time":"2025-07-07T09:45:15+00:00","twitter_card":"summary_large_image","twitter_misc":{"Timp estimat pentru citire":"1 minut"},"schema":{"@context":"https:\/\/schema.org","@graph":[{"@type":"WebPage","@id":"https:\/\/atheneepalace.intercontinental.com\/offers\/best-flexible-rate-with-breakfast\/","url":"https:\/\/atheneepalace.intercontinental.com\/offers\/best-flexible-rate-with-breakfast\/","name":"Best Flexible Rate with Breakfast - InterContinental Athenee Palace","isPartOf":{"@id":"https:\/\/atheneepalace.intercontinental.com\/#website"},"datePublished":"2023-04-28T12:55:40+00:00","dateModified":"2025-07-07T09:45:15+00:00","breadcrumb":{"@id":"https:\/\/atheneepalace.intercontinental.com\/offers\/best-flexible-rate-with-breakfast\/#breadcrumb"},"inLanguage":"ro-RO","potentialAction":[{"@type":"ReadAction","target":["https:\/\/atheneepalace.intercontinental.com\/offers\/best-flexible-rate-with-breakfast\/"]}]},{"@type":"BreadcrumbList","@id":"https:\/\/atheneepalace.intercontinental.com\/offers\/best-flexible-rate-with-breakfast\/#breadcrumb","itemListElement":[{"@type":"ListItem","position":1,"name":"Home","item":"https:\/\/atheneepalace.intercontinental.com\/"},{"@type":"ListItem","position":2,"name":"Offers","item":"https:\/\/atheneepalace.intercontinental.com\/offers\/"},{"@type":"ListItem","position":3,"name":"Best Flexible Rate with Breakfast"}]},{"@type":"WebSite","@id":"https:\/\/atheneepalace.intercontinental.com\/#website","url":"https:\/\/atheneepalace.intercontinental.com\/","name":"InterContinental Athenee Palace","description":"","publisher":{"@id":"https:\/\/atheneepalace.intercontinental.com\/#organization"},"potentialAction":[{"@type":"SearchAction","target":{"@type":"EntryPoint","urlTemplate":"https:\/\/atheneepalace.intercontinental.com\/?s={search_term_string}"},"query-input":{"@type":"PropertyValueSpecification","valueRequired":true,"valueName":"search_term_string"}}],"inLanguage":"ro-RO"},{"@type":"Organization","@id":"https:\/\/atheneepalace.intercontinental.com\/#organization","name":"InterContinental Athenee Palace","url":"https:\/\/atheneepalace.intercontinental.com\/","logo":{"@type":"ImageObject","inLanguage":"ro-RO","@id":"https:\/\/atheneepalace.intercontinental.com\/#\/schema\/logo\/image\/","url":"https:\/\/atheneepalace.intercontinental.com\/wp-content\/uploads\/2023\/05\/Logo-400.png","contentUrl":"https:\/\/atheneepalace.intercontinental.com\/wp-content\/uploads\/2023\/05\/Logo-400.png","width":300,"height":139,"caption":"InterContinental Athenee Palace"},"image":{"@id":"https:\/\/atheneepalace.intercontinental.com\/#\/schema\/logo\/image\/"},"sameAs":["https:\/\/www.facebook.com\/icatheneepalacebucharest","https:\/\/www.linkedin.com\/company\/intercontinental-athne-palace-bucharest","https:\/\/www.tripadvisor.co.uk\/Hotel_Review-g294458-d300679-Reviews-InterContinental_Athenee_Palace_Bucharest_an_IHG_Hotel-Bucharest.html","https:\/\/www.instagram.com\/icatheneepalacebucharest\/"]}]}},"_links":{"self":[{"href":"https:\/\/atheneepalace.intercontinental.com\/ro\/wp-json\/wp\/v2\/pages\/1237","targetHints":{"allow":["GET"]}}],"collection":[{"href":"https:\/\/atheneepalace.intercontinental.com\/ro\/wp-json\/wp\/v2\/pages"}],"about":[{"href":"https:\/\/atheneepalace.intercontinental.com\/ro\/wp-json\/wp\/v2\/types\/page"}],"author":[{"embeddable":true,"href":"https:\/\/atheneepalace.intercontinental.com\/ro\/wp-json\/wp\/v2\/users\/1"}],"replies":[{"embeddable":true,"href":"https:\/\/atheneepalace.intercontinental.com\/ro\/wp-json\/wp\/v2\/comments?post=1237"}],"version-history":[{"count":13,"href":"https:\/\/atheneepalace.intercontinental.com\/ro\/wp-json\/wp\/v2\/pages\/1237\/revisions"}],"predecessor-version":[{"id":10617,"href":"https:\/\/atheneepalace.intercontinental.com\/ro\/wp-json\/wp\/v2\/pages\/1237\/revisions\/10617"}],"up":[{"embeddable":true,"href":"https:\/\/atheneepalace.intercontinental.com\/ro\/wp-json\/wp\/v2\/pages\/1126"}],"wp:attachment":[{"href":"https:\/\/atheneepalace.intercontinental.com\/ro\/wp-json\/wp\/v2\/media?parent=1237"}],"curies":[{"name":"wp","href":"https:\/\/api.w.org\/{rel}","templated":true}]}}