{"id":1259,"date":"2023-04-28T13:08:10","date_gmt":"2023-04-28T13:08:10","guid":{"rendered":"https:\/\/atheneepalace.intercontinental.com\/?page_id=1259"},"modified":"2025-07-07T12:26:06","modified_gmt":"2025-07-07T12:26:06","slug":"kids-time-with-a-smile","status":"publish","type":"page","link":"https:\/\/atheneepalace.intercontinental.com\/ro\/offers\/kids-time-with-a-smile\/","title":{"rendered":"Kid&#8217;s Time with a Smile"},"content":{"rendered":"<div class=\"brz-root__container brz-reset-all brz\">\n<section id=\"_bvnvdmhscsezfyzudhzdluyqsovhkjcylcip\" class=\"brz-section brz-css-vGVSn brz-css-rKR9F\">\n<div class=\"brz-slick-slider brz-slick-slider__section\" data-slides-to-show=\"1\" data-slides-to-scroll=\"1\" data-arrows=\"true\" data-dots=\"false\" data-dots-class=\"brz-slick-slider__dots brz-slick-slider__dots--none\" data-fade=\"false\" data-vertical=\"false\" data-auto-play=\"false\" data-auto-play-speed=\"3000\" data-animation-speed=\"500\" data-swipe=\"true\" data-responsive=\"%5B%7B%22breakpoint%22%3A767%2C%22settings%22%3A%7B%22slidesToShow%22%3A1%2C%22slidesToScroll%22%3A1%7D%7D%5D\">\n<div>\n<div class=\"brz-section__content brz-section--boxed brz-css-qc_a_ brz-css-pSOfk\" data-brz-custom-id=\"zmxvpyovizkscjseeyhsjvyafqfmkdwfocae\">\n<div class=\"brz-bg\">\n<div class=\"brz-bg-image\"><\/div>\n<div class=\"brz-bg-color\"><\/div>\n<\/div>\n<div class=\"brz-container brz-css-u2_sf\">\n<div id=\"\" class=\"brz-css-tKlpo brz-wrapper\">\n<div class=\"brz-rich-text brz-rich-text__custom brz-css-gXqym\" data-brz-custom-id=\"uuizymnxlqcibnjoaxmcvmvwwuhsnidjccxp\">\n<div data-brz-translate-text=\"1\">\n<h1 class=\"brz-text-lg-center brz-tp-lg-heading1 brz-css-i7YEP\" data-uniq-id=\"dvQG8\" data-generated-css=\"brz-css-bbbzu\"><span class=\"brz-capitalize-on brz-cp-color8\">KIDS\u2019s TIME WITH A SMILE<\/span><\/h1>\n<\/div>\n<\/div>\n<\/div>\n<\/div>\n<\/div>\n<\/div>\n<\/div>\n<\/section>\n<section id=\"_qmhwgmorivjxsiahqnwtznaefnzpwtniqxfd\" class=\"brz-section brz-css-vGVSn\">\n<div class=\"brz-section__content brz-section--fullWidth brz-css-qc_a_ brz-css-rfBxP\" data-brz-custom-id=\"wwklkmyysamqgmmkfyzwnfgfasrvrzemilud\">\n<div class=\"brz-container brz-css-u2_sf brz-css-x9eAj\">\n<div class=\"brz-row__container brz-css-tOI7k\" data-brz-custom-id=\"ipljpkltuqrbfomogtllztrprsrycyzyjtrw\">\n<div class=\"brz-bg\"><\/div>\n<div class=\"brz-row brz-css-co_b1 brz-css-yAlxw\">\n<div class=\"brz-columns brz-css-qEikV brz-css-e4e_s\" data-brz-custom-id=\"flwqdsvqhivoaaqezzzqnkntmndxndqlffgj\">\n<div class=\"brz-bg\">\n<div class=\"brz-bg-image\"><\/div>\n<div class=\"brz-bg-color\"><\/div>\n<\/div>\n<div class=\"brz-column__items brz-css-jJDns brz-css-ypzzZ\"><\/div>\n<\/div>\n<div class=\"brz-columns brz-css-qEikV brz-css-fZatI\" data-brz-custom-id=\"yeksynabwowpwatmkfelwxbitxthsfuzigkq\">\n<div class=\"brz-bg\"><\/div>\n<div class=\"brz-column__items brz-css-jJDns brz-css-jA53E\">\n<div id=\"\" class=\"brz-css-tKlpo brz-css-lmhIv brz-wrapper\">\n<div class=\"brz-rich-text brz-rich-text__custom brz-css-gXqym\" data-brz-custom-id=\"chmxljmeaajataecvjxpclhwpsstskacqonn\">\n<div data-brz-translate-text=\"1\">\n<p class=\"brz-tp-lg-paragraph brz-css-yS2h4\" data-generated-css=\"brz-css-uIwik\" data-uniq-id=\"hThQe\"><span class=\"brz-cp-color7\">Cea mai bun\u0103 experien\u021b\u0103 pentru cei mici la Ath\u00e9n\u00e9e Palace, marca InterContinental! <\/span><\/p>\n<p class=\"brz-tp-lg-paragraph brz-css-vrzRR\" data-generated-css=\"brz-css-vFhST\" data-uniq-id=\"sMHot\"><span class=\"brz-cp-color7\"> <\/span><\/p>\n<p class=\"brz-tp-lg-paragraph brz-css-h1Ii6\" data-generated-css=\"brz-css-cA_9o\" data-uniq-id=\"hTxuc\"><strong class=\"brz-cp-color7\">Beneficii pachet: <\/strong><\/p>\n<p class=\"brz-tp-lg-paragraph brz-css-q4oAw\" data-generated-css=\"brz-css-az1gR\" data-uniq-id=\"hlsjK\"><span class=\"brz-cp-color7\"> <\/span><\/p>\n<ul>\n<li class=\"brz-tp-lg-paragraph brz-bcp-color7 brz-css-riw51\" data-generated-css=\"brz-css-arJXU\" data-uniq-id=\"unQaX\"><span class=\"brz-cp-color7\">Cadou de bun venit  <\/span><\/li>\n<li class=\"brz-tp-lg-paragraph brz-bcp-color7 brz-css-c6t5f\" data-generated-css=\"brz-css-bXhw3\" data-uniq-id=\"dsMCo\"><span class=\"brz-cp-color7\">Ursule\u021b de plu\u0219 gratuit  <\/span><\/li>\n<li class=\"brz-tp-lg-paragraph brz-bcp-color7 brz-css-vVwd5\" data-generated-css=\"brz-css-mSv0D\" data-uniq-id=\"tSaCv\"><span class=\"brz-cp-color7\">Plan\u0219\u0103 de colorat \u0219i creioane colorate<\/span><\/li>\n<li class=\"brz-tp-lg-paragraph brz-bcp-color7 brz-css-g3fPV\" data-generated-css=\"brz-css-nHsyp\" data-uniq-id=\"lt5sm\"><span class=\"brz-cp-color7\">Cort pentru copii <\/span><\/li>\n<li class=\"brz-tp-lg-paragraph brz-bcp-color7 brz-css-eO6zf\" data-generated-css=\"brz-css-lWezd\" data-uniq-id=\"rx_56\"><span class=\"brz-cp-color7\">Produse de toalet\u0103 pentru copii <\/span><\/li>\n<\/ul>\n<p class=\"brz-tp-lg-paragraph brz-css-g4xVG\" data-generated-css=\"brz-css-v3llb\" data-uniq-id=\"pbJbT\"><\/p>\n<p class=\"brz-tp-lg-paragraph brz-css-uMMCg\" data-generated-css=\"brz-css-qDP3S\" data-uniq-id=\"aP2n2\"><span class=\"brz-cp-color7\">REZERV\u0102RI 24 ORE:\u00a0+ 40 21 3033777 |&nbsp;<\/span><a class=\"link--external brz-cp-color7\" href=\"mailto:buhap.reservations@ihg.com\" data-brz-link-type=\"external\">buhap.reservations@ihg.com<\/a><\/p>\n<\/div>\n<\/div>\n<\/div>\n<div class=\"brz-wrapper-clone brz-css-oMKqT brz-css-gGG_a\">\n<div class=\"brz-d-xs-flex brz-flex-xs-wrap brz-css-lGjGu brz-css-iRAXw\" data-brz-custom-id=\"\">\n<div class=\"brz-wrapper-clone__item\" id=\"bqpvkqxijuhkpgnayeanfyvclivzoobbaywr\">\n<div class=\"brz-hover-animation__container\" data-brz-hover-animationid=\"xzrectwbipvegugpswpqamqtjfdbevlgpcih\" data-brz-hover-options=\"%7B%22duration%22:600,%22iterations%22:1%7D\" data-brz-hover-reversible=\"true\" data-brz-hover-target=\"%22firstChild%22\"><a class=\"brz-a brz-btn brz-css-rTO7Z brz-css-fGZsA brz-css-zwhsc\" href=\"mailto:buhap.events@ihg.com\" target=\"_self\" rel=\"noopener\" data-brz-link-type=\"external\" data-brz-custom-id=\"bqpvkqxijuhkpgnayeanfyvclivzoobbaywr\"><span data-brz-translate-text=\"1\" class=\"brz-span brz-text__editor\">REZERV\u0102 ACUM<\/span><\/a><\/div>\n<\/div>\n<\/div>\n<\/div>\n<\/div>\n<\/div>\n<\/div>\n<\/div>\n<\/div>\n<\/div>\n<\/section>\n<\/div>\n<p>    <!-- version:1733753035 --><\/p>","protected":false},"excerpt":{"rendered":"<p>KIDS\u2019s TIME WITH A SMILE The ultimate InterContinental kids\u2019 experience at Ath\u00e9n\u00e9e Palace for your little ones! Package inclusions: Welcome amenity Complimentary Teddy Bear Coloring Page &amp; Crayons Kids tent Kids toiletries 24 HOUR RESERVATIONS:&nbsp;+ 40 21 3033777|&nbsp;buhap.reservations@ihg.com BOOK NOW<\/p>","protected":false},"author":1,"featured_media":0,"parent":1126,"menu_order":0,"comment_status":"closed","ping_status":"closed","template":"brizy-blank-template.php","meta":{"site-sidebar-layout":"default","site-content-layout":"","ast-site-content-layout":"default","site-content-style":"default","site-sidebar-style":"default","ast-global-header-display":"","ast-banner-title-visibility":"","ast-main-header-display":"","ast-hfb-above-header-display":"","ast-hfb-below-header-display":"","ast-hfb-mobile-header-display":"","site-post-title":"","ast-breadcrumbs-content":"","ast-featured-img":"","footer-sml-layout":"","theme-transparent-header-meta":"","adv-header-id-meta":"","stick-header-meta":"","header-above-stick-meta":"","header-main-stick-meta":"","header-below-stick-meta":"","astra-migrate-meta-layouts":"default","ast-page-background-enabled":"default","ast-page-background-meta":{"desktop":{"background-color":"var(--ast-global-color-4)","background-image":"","background-repeat":"repeat","background-position":"center center","background-size":"auto","background-attachment":"scroll","background-type":"","background-media":"","overlay-type":"","overlay-color":"","overlay-opacity":"","overlay-gradient":""},"tablet":{"background-color":"","background-image":"","background-repeat":"repeat","background-position":"center center","background-size":"auto","background-attachment":"scroll","background-type":"","background-media":"","overlay-type":"","overlay-color":"","overlay-opacity":"","overlay-gradient":""},"mobile":{"background-color":"","background-image":"","background-repeat":"repeat","background-position":"center center","background-size":"auto","background-attachment":"scroll","background-type":"","background-media":"","overlay-type":"","overlay-color":"","overlay-opacity":"","overlay-gradient":""}},"ast-content-background-meta":{"desktop":{"background-color":"var(--ast-global-color-5)","background-image":"","background-repeat":"repeat","background-position":"center center","background-size":"auto","background-attachment":"scroll","background-type":"","background-media":"","overlay-type":"","overlay-color":"","overlay-opacity":"","overlay-gradient":""},"tablet":{"background-color":"var(--ast-global-color-5)","background-image":"","background-repeat":"repeat","background-position":"center center","background-size":"auto","background-attachment":"scroll","background-type":"","background-media":"","overlay-type":"","overlay-color":"","overlay-opacity":"","overlay-gradient":""},"mobile":{"background-color":"var(--ast-global-color-5)","background-image":"","background-repeat":"repeat","background-position":"center center","background-size":"auto","background-attachment":"scroll","background-type":"","background-media":"","overlay-type":"","overlay-color":"","overlay-opacity":"","overlay-gradient":""}},"footnotes":""},"class_list":["post-1259","page","type-page","status-publish","hentry"],"yoast_head":"<!-- This site is optimized with the Yoast SEO plugin v26.6 - https:\/\/yoast.com\/wordpress\/plugins\/seo\/ -->\n<title>Kid&#8217;s Time with a Smile - InterContinental Athenee Palace<\/title>\n<meta name=\"robots\" content=\"index, follow, max-snippet:-1, max-image-preview:large, max-video-preview:-1\" \/>\n<link rel=\"canonical\" href=\"https:\/\/atheneepalace.intercontinental.com\/ro\/offers\/kids-time-with-a-smile\/\" \/>\n<meta property=\"og:locale\" content=\"ro_RO\" \/>\n<meta property=\"og:type\" content=\"article\" \/>\n<meta property=\"og:title\" content=\"Kid&#8217;s Time with a Smile - InterContinental Athenee Palace\" \/>\n<meta property=\"og:description\" content=\"KIDS\u2019s TIME WITH A SMILE The ultimate InterContinental kids\u2019 experience at Ath\u00e9n\u00e9e Palace for your little ones! Package inclusions: Welcome amenity Complimentary Teddy Bear Coloring Page &amp; Crayons Kids tent Kids toiletries 24 HOUR RESERVATIONS:&nbsp;+ 40 21 3033777|&nbsp;buhap.reservations@ihg.com BOOK NOW\" \/>\n<meta property=\"og:url\" content=\"https:\/\/atheneepalace.intercontinental.com\/ro\/offers\/kids-time-with-a-smile\/\" \/>\n<meta property=\"og:site_name\" content=\"InterContinental Athenee Palace\" \/>\n<meta property=\"article:publisher\" content=\"https:\/\/www.facebook.com\/icatheneepalacebucharest\" \/>\n<meta property=\"article:modified_time\" content=\"2025-07-07T12:26:06+00:00\" \/>\n<meta name=\"twitter:card\" content=\"summary_large_image\" \/>\n<script type=\"application\/ld+json\" class=\"yoast-schema-graph\">{\"@context\":\"https:\/\/schema.org\",\"@graph\":[{\"@type\":\"WebPage\",\"@id\":\"https:\/\/atheneepalace.intercontinental.com\/offers\/kids-time-with-a-smile\/\",\"url\":\"https:\/\/atheneepalace.intercontinental.com\/offers\/kids-time-with-a-smile\/\",\"name\":\"Kid&#8217;s Time with a Smile - InterContinental Athenee Palace\",\"isPartOf\":{\"@id\":\"https:\/\/atheneepalace.intercontinental.com\/#website\"},\"datePublished\":\"2023-04-28T13:08:10+00:00\",\"dateModified\":\"2025-07-07T12:26:06+00:00\",\"breadcrumb\":{\"@id\":\"https:\/\/atheneepalace.intercontinental.com\/offers\/kids-time-with-a-smile\/#breadcrumb\"},\"inLanguage\":\"ro-RO\",\"potentialAction\":[{\"@type\":\"ReadAction\",\"target\":[\"https:\/\/atheneepalace.intercontinental.com\/offers\/kids-time-with-a-smile\/\"]}]},{\"@type\":\"BreadcrumbList\",\"@id\":\"https:\/\/atheneepalace.intercontinental.com\/offers\/kids-time-with-a-smile\/#breadcrumb\",\"itemListElement\":[{\"@type\":\"ListItem\",\"position\":1,\"name\":\"Home\",\"item\":\"https:\/\/atheneepalace.intercontinental.com\/\"},{\"@type\":\"ListItem\",\"position\":2,\"name\":\"Offers\",\"item\":\"https:\/\/atheneepalace.intercontinental.com\/offers\/\"},{\"@type\":\"ListItem\",\"position\":3,\"name\":\"Kid&#8217;s Time with a Smile\"}]},{\"@type\":\"WebSite\",\"@id\":\"https:\/\/atheneepalace.intercontinental.com\/#website\",\"url\":\"https:\/\/atheneepalace.intercontinental.com\/\",\"name\":\"InterContinental Athenee Palace\",\"description\":\"\",\"publisher\":{\"@id\":\"https:\/\/atheneepalace.intercontinental.com\/#organization\"},\"potentialAction\":[{\"@type\":\"SearchAction\",\"target\":{\"@type\":\"EntryPoint\",\"urlTemplate\":\"https:\/\/atheneepalace.intercontinental.com\/?s={search_term_string}\"},\"query-input\":{\"@type\":\"PropertyValueSpecification\",\"valueRequired\":true,\"valueName\":\"search_term_string\"}}],\"inLanguage\":\"ro-RO\"},{\"@type\":\"Organization\",\"@id\":\"https:\/\/atheneepalace.intercontinental.com\/#organization\",\"name\":\"InterContinental Athenee Palace\",\"url\":\"https:\/\/atheneepalace.intercontinental.com\/\",\"logo\":{\"@type\":\"ImageObject\",\"inLanguage\":\"ro-RO\",\"@id\":\"https:\/\/atheneepalace.intercontinental.com\/#\/schema\/logo\/image\/\",\"url\":\"https:\/\/atheneepalace.intercontinental.com\/wp-content\/uploads\/2023\/05\/Logo-400.png\",\"contentUrl\":\"https:\/\/atheneepalace.intercontinental.com\/wp-content\/uploads\/2023\/05\/Logo-400.png\",\"width\":300,\"height\":139,\"caption\":\"InterContinental Athenee Palace\"},\"image\":{\"@id\":\"https:\/\/atheneepalace.intercontinental.com\/#\/schema\/logo\/image\/\"},\"sameAs\":[\"https:\/\/www.facebook.com\/icatheneepalacebucharest\",\"https:\/\/www.linkedin.com\/company\/intercontinental-athne-palace-bucharest\",\"https:\/\/www.tripadvisor.co.uk\/Hotel_Review-g294458-d300679-Reviews-InterContinental_Athenee_Palace_Bucharest_an_IHG_Hotel-Bucharest.html\",\"https:\/\/www.instagram.com\/icatheneepalacebucharest\/\"]}]}<\/script>\n<!-- \/ Yoast SEO plugin. -->","yoast_head_json":{"title":"Kid&#8217;s Time with a Smile - InterContinental Athenee Palace","robots":{"index":"index","follow":"follow","max-snippet":"max-snippet:-1","max-image-preview":"max-image-preview:large","max-video-preview":"max-video-preview:-1"},"canonical":"https:\/\/atheneepalace.intercontinental.com\/ro\/offers\/kids-time-with-a-smile\/","og_locale":"ro_RO","og_type":"article","og_title":"Kid&#8217;s Time with a Smile - InterContinental Athenee Palace","og_description":"KIDS\u2019s TIME WITH A SMILE The ultimate InterContinental kids\u2019 experience at Ath\u00e9n\u00e9e Palace for your little ones! Package inclusions: Welcome amenity Complimentary Teddy Bear Coloring Page &amp; Crayons Kids tent Kids toiletries 24 HOUR RESERVATIONS:&nbsp;+ 40 21 3033777|&nbsp;buhap.reservations@ihg.com BOOK NOW","og_url":"https:\/\/atheneepalace.intercontinental.com\/ro\/offers\/kids-time-with-a-smile\/","og_site_name":"InterContinental Athenee Palace","article_publisher":"https:\/\/www.facebook.com\/icatheneepalacebucharest","article_modified_time":"2025-07-07T12:26:06+00:00","twitter_card":"summary_large_image","schema":{"@context":"https:\/\/schema.org","@graph":[{"@type":"WebPage","@id":"https:\/\/atheneepalace.intercontinental.com\/offers\/kids-time-with-a-smile\/","url":"https:\/\/atheneepalace.intercontinental.com\/offers\/kids-time-with-a-smile\/","name":"Kid&#8217;s Time with a Smile - InterContinental Athenee Palace","isPartOf":{"@id":"https:\/\/atheneepalace.intercontinental.com\/#website"},"datePublished":"2023-04-28T13:08:10+00:00","dateModified":"2025-07-07T12:26:06+00:00","breadcrumb":{"@id":"https:\/\/atheneepalace.intercontinental.com\/offers\/kids-time-with-a-smile\/#breadcrumb"},"inLanguage":"ro-RO","potentialAction":[{"@type":"ReadAction","target":["https:\/\/atheneepalace.intercontinental.com\/offers\/kids-time-with-a-smile\/"]}]},{"@type":"BreadcrumbList","@id":"https:\/\/atheneepalace.intercontinental.com\/offers\/kids-time-with-a-smile\/#breadcrumb","itemListElement":[{"@type":"ListItem","position":1,"name":"Home","item":"https:\/\/atheneepalace.intercontinental.com\/"},{"@type":"ListItem","position":2,"name":"Offers","item":"https:\/\/atheneepalace.intercontinental.com\/offers\/"},{"@type":"ListItem","position":3,"name":"Kid&#8217;s Time with a Smile"}]},{"@type":"WebSite","@id":"https:\/\/atheneepalace.intercontinental.com\/#website","url":"https:\/\/atheneepalace.intercontinental.com\/","name":"InterContinental Athenee Palace","description":"","publisher":{"@id":"https:\/\/atheneepalace.intercontinental.com\/#organization"},"potentialAction":[{"@type":"SearchAction","target":{"@type":"EntryPoint","urlTemplate":"https:\/\/atheneepalace.intercontinental.com\/?s={search_term_string}"},"query-input":{"@type":"PropertyValueSpecification","valueRequired":true,"valueName":"search_term_string"}}],"inLanguage":"ro-RO"},{"@type":"Organization","@id":"https:\/\/atheneepalace.intercontinental.com\/#organization","name":"InterContinental Athenee Palace","url":"https:\/\/atheneepalace.intercontinental.com\/","logo":{"@type":"ImageObject","inLanguage":"ro-RO","@id":"https:\/\/atheneepalace.intercontinental.com\/#\/schema\/logo\/image\/","url":"https:\/\/atheneepalace.intercontinental.com\/wp-content\/uploads\/2023\/05\/Logo-400.png","contentUrl":"https:\/\/atheneepalace.intercontinental.com\/wp-content\/uploads\/2023\/05\/Logo-400.png","width":300,"height":139,"caption":"InterContinental Athenee Palace"},"image":{"@id":"https:\/\/atheneepalace.intercontinental.com\/#\/schema\/logo\/image\/"},"sameAs":["https:\/\/www.facebook.com\/icatheneepalacebucharest","https:\/\/www.linkedin.com\/company\/intercontinental-athne-palace-bucharest","https:\/\/www.tripadvisor.co.uk\/Hotel_Review-g294458-d300679-Reviews-InterContinental_Athenee_Palace_Bucharest_an_IHG_Hotel-Bucharest.html","https:\/\/www.instagram.com\/icatheneepalacebucharest\/"]}]}},"_links":{"self":[{"href":"https:\/\/atheneepalace.intercontinental.com\/ro\/wp-json\/wp\/v2\/pages\/1259","targetHints":{"allow":["GET"]}}],"collection":[{"href":"https:\/\/atheneepalace.intercontinental.com\/ro\/wp-json\/wp\/v2\/pages"}],"about":[{"href":"https:\/\/atheneepalace.intercontinental.com\/ro\/wp-json\/wp\/v2\/types\/page"}],"author":[{"embeddable":true,"href":"https:\/\/atheneepalace.intercontinental.com\/ro\/wp-json\/wp\/v2\/users\/1"}],"replies":[{"embeddable":true,"href":"https:\/\/atheneepalace.intercontinental.com\/ro\/wp-json\/wp\/v2\/comments?post=1259"}],"version-history":[{"count":11,"href":"https:\/\/atheneepalace.intercontinental.com\/ro\/wp-json\/wp\/v2\/pages\/1259\/revisions"}],"predecessor-version":[{"id":10007,"href":"https:\/\/atheneepalace.intercontinental.com\/ro\/wp-json\/wp\/v2\/pages\/1259\/revisions\/10007"}],"up":[{"embeddable":true,"href":"https:\/\/atheneepalace.intercontinental.com\/ro\/wp-json\/wp\/v2\/pages\/1126"}],"wp:attachment":[{"href":"https:\/\/atheneepalace.intercontinental.com\/ro\/wp-json\/wp\/v2\/media?parent=1259"}],"curies":[{"name":"wp","href":"https:\/\/api.w.org\/{rel}","templated":true}]}}