{"id":13166,"date":"2025-08-04T11:23:12","date_gmt":"2025-08-04T11:23:12","guid":{"rendered":"https:\/\/atheneepalace.intercontinental.com\/?page_id=13166"},"modified":"2026-04-21T12:21:13","modified_gmt":"2026-04-21T12:21:13","slug":"seasonal-signatures","status":"publish","type":"page","link":"https:\/\/atheneepalace.intercontinental.com\/ro\/our-hotel\/seasonal-signatures\/","title":{"rendered":"Selec\u021bii de sezon"},"content":{"rendered":"<div class=\"brz-root__container brz-reset-all brz brz-root__container-page\">\n<section id=\"f736736a6c496a107e6b_gxjduvvpmzyvmbkbagyshtimdeezjzykrboi\" data-brz-iteration-count=\"1\" class=\"brz-section brz-css-tmbsp4 brz-css-4re25h brz-animated brz-css-9fade3 brz-css-18lmpug\">\n<div class=\"brz-slick-slider brz-slick-slider__section\" data-slides-to-show=\"1\" data-slides-to-scroll=\"1\" data-arrows=\"true\" data-dots=\"false\" data-dots-class=\"brz-slick-slider__dots brz-slick-slider__dots--none\" data-fade=\"false\" data-vertical=\"false\" data-auto-play=\"false\" data-auto-play-speed=\"3000\" data-animation-speed=\"500\" data-swipe=\"true\" data-responsive=\"%5B%7B%22breakpoint%22%3A767%2C%22settings%22%3A%7B%22slidesToShow%22%3A1%2C%22slidesToScroll%22%3A1%7D%7D%5D\">\n<div>\n<div class=\"brz-section__content brz-section--boxed brz-css-15umtkk brz-css-164q7oz\" data-brz-custom-id=\"rnmnzrjzavqjaqkvikthhwcyshcaxckkqzni\">\n<div class=\"brz-bg\">\n<div class=\"brz-bg-image\"><\/div>\n<div class=\"brz-bg-color\"><\/div>\n<\/div>\n<div class=\"brz-container brz-css-jd33h brz-css-1neihue\">\n<div id=\"\" data-brz-iteration-count=\"1\" class=\"brz-css-g6pro3 brz-css-1r4cerg brz-wrapper brz-animated brz-css-1pfilpe brz-css-tv88oh\" data-animationid=\"hvudhdyqfijmaqnaratolyhobrcxfuuahmmz\">\n<div class=\"brz-rich-text brz-rich-text__custom brz-css-16jmzg brz-css-e27iz8\" data-brz-custom-id=\"pcomomgvaakkilcukaigociqakidfqwrllaq\">\n<div data-brz-translate-text=\"1\">\n<h1 class=\"brz-tp-lg-heading1 brz-text-lg-center brz-css-vncKu\" data-generated-css=\"brz-css-vFdsX\" data-uniq-id=\"f9XlM\"><span class=\"brz-cp-color8 brz-capitalize-on\">spring Signature experiences<\/span><\/h1>\n<\/div>\n<\/div>\n<\/div>\n<\/div>\n<\/div>\n<\/div>\n<p><svg class=\"brz-icon-svg align-[initial] brz-hidden\"><use href=\"\/wp-content\/plugins\/brizy\/public\/editor-build\/prod\/editor\/icons\/editor\/right-arrow-thin.svg#brz_icon\"><\/use><\/svg><\/div>\n<\/section>\n<section id=\"0593687979b512bf1ff9_goujUdAtLiwk\" data-brz-iteration-count=\"1\" class=\"brz-section brz-css-tmbsp4 brz-css-1vhw14i brz-animated brz-css-6x1n0z brz-css-bzc8bg\">\n<div class=\"brz-section__content brz-section--boxed brz-css-15umtkk brz-css-17aypn7\" data-brz-custom-id=\"phCGpb64m5fk\">\n<div class=\"brz-bg\">\n<div class=\"brz-bg-color\"><\/div>\n<\/div>\n<div class=\"brz-container brz-css-jd33h brz-css-74cy1v\">\n<div id=\"\" class=\"brz-css-g6pro3 brz-css-1xz0dl8 brz-wrapper\">\n<div class=\"brz-rich-text brz-rich-text__custom brz-css-16jmzg brz-css-1mh39nk\" data-brz-custom-id=\"bjEXsjYXyhsl\">\n<div data-brz-translate-text=\"1\">\n<p class=\"brz-text-lg-center brz-tp-lg-paragraph brz-css-txQDH\" data-generated-css=\"brz-css-jxtcC\" data-uniq-id=\"zvbMA\"><span class=\"brz-cp-color7\" style=\"color: inherit;\">Las\u0103-te cucerit de rafinament \u0219i culoare in ton cu anotimpurile la InterContinental Ath\u00e9n\u00e9e Palace.<\/span><\/p>\n<p class=\"brz-text-lg-center brz-tp-lg-paragraph brz-css-pBjA3\" data-generated-css=\"brz-css-pT2N_\" data-uniq-id=\"uhRC7\"><span class=\"brz-cp-color7\" style=\"color: inherit;\">Experien\u021bele noastre sezoniere surprind ineditul fiec\u0103rui anotimp \u00eentr-un cadru al c\u0103ruit farmec r\u0103m\u00e2ne atemporal.<\/span><\/p>\n<\/div>\n<\/div>\n<\/div>\n<\/div>\n<\/div>\n<\/section>\n<section id=\"3d140242e578ac4924d7_qilieleatpondehvrrpwqgxvjtwavhwqhvwo\" data-brz-iteration-count=\"1\" class=\"brz-section brz-css-tmbsp4 brz-css-p3g56b brz-animated brz-css-gnf8dx brz-css-eotgxs\">\n<div class=\"brz-section__content brz-section--fullWidth brz-css-15umtkk brz-css-zpuihf\" data-brz-custom-id=\"vryfhgbigxtytczzsawdqujrtlqbpvsfmmlb\">\n<div class=\"brz-bg\">\n<div class=\"brz-bg-color\"><\/div>\n<\/div>\n<div class=\"brz-container brz-css-jd33h brz-css-127joaa\">\n<div class=\"brz-row__container brz-css-ovdvr9 brz-css-10o7wg1\" data-brz-custom-id=\"dgqudzqgwzstcaxappvwqcnlsoqktqdcssva\">\n<div class=\"brz-row brz-css-6kg6k1 brz-css-1r67rs4\">\n<div data-brz-iteration-count=\"1\" class=\"brz-columns brz-css-cizj78 brz-css-8xc8jt brz-animated brz-css-ywy11k brz-css-1t0kltg\" data-brz-custom-id=\"zyxxzvosysnxlhxprivwupwhesbkuhiccdaj\">\n<div class=\"brz-column__items brz-css-12gicr9 brz-css-16bt3wg\">\n<div id=\"\" class=\"brz-css-g6pro3 brz-css-1rpmaq4 brz-wrapper\">\n<div class=\"brz-rich-text brz-rich-text__custom brz-css-16jmzg brz-css-1afna2s\" data-brz-custom-id=\"hh0u3dbNd8Qk\">\n<div data-brz-translate-text=\"1\">\n<p class=\"brz-fsft-lg-0 brz-fwdth-lg-100 brz-vfw-lg-400 brz-lh-lg-1_3 brz-ls-lg-0_3 brz-fw-lg-400 brz-fss-lg-px brz-fs-lg-24 brz-ft-google brz-ff-amiri brz-tp-lg-empty brz-css-vM7w7\" data-uniq-id=\"y09JN\" data-generated-css=\"brz-css-hrJVw\">SERI CU VIBRA\u021aII DE FOC \u0218I GHEA\u021a\u0102 LA RESTAURANTUL JORJ <span class=\"brz-pre-population-visible\">@ JORJ<\/span><\/p>\n<\/div>\n<\/div>\n<\/div>\n<div id=\"\" class=\"brz-css-g6pro3 brz-css-j010bs brz-wrapper\">\n<div class=\"brz-line brz-line-default brz-css-y44o1i brz-css-jmfbfz\" data-brz-custom-id=\"bd4PRy7pN2Z5\">\n<hr class=\"brz-hr\"><\/div>\n<\/div>\n<div id=\"\" class=\"brz-css-g6pro3 brz-css-5nuilg brz-wrapper\">\n<div class=\"brz-rich-text brz-rich-text__custom brz-css-16jmzg brz-css-pg663x\" data-brz-custom-id=\"zathnuomasmkehqfprvxmolgpgjkxczpzhbl\">\n<div data-brz-translate-text=\"1\">\n<p class=\"brz-tp-lg-paragraph brz-text-lg-left brz-css-dyKQS\" data-uniq-id=\"zEvfZ\" data-generated-css=\"brz-css-rsvj6\"><span class=\"brz-cp-color7\">Restaurantul JORJ relanseaz\u0103 c\u0103l\u0103toriile multisenzoriale de s\u00e2mb\u0103t\u0103 seara printr-un concept nou, vibrant,  programat s\u0103 aib\u0103 loc  <\/span><strong class=\"brz-cp-color7\">\u00een serile de s\u00e2mb\u0103t\u0103, de la ora 20:00. <\/strong><\/p>\n<\/div>\n<\/div>\n<\/div>\n<div id=\"\" class=\"brz-css-g6pro3 brz-css-1kn19nb brz-wrapper\">\n<div class=\"brz-rich-text brz-rich-text__custom brz-css-16jmzg brz-css-1otsts2\" data-brz-custom-id=\"fRnFm8eCOC30\">\n<div data-brz-translate-text=\"1\">\n<p class=\"brz-tp-lg-paragraph brz-text-lg-left brz-css-fk19e\" data-uniq-id=\"prY0_\" data-generated-css=\"brz-css-gqZ_C\"><span class=\"brz-cp-color7\">DJ MOSS FARAI and D:MOODS will blend just the right rhythms and certainly the best spring vibes to match Chef Michael Passarelli&#8217;s newest gastronomic releases in the Fire &amp; Ice JORJ menu, a symphony of bold contrasts and creative plating.<\/span><\/p>\n<\/div>\n<\/div>\n<\/div>\n<div id=\"\" class=\"brz-css-g6pro3 brz-css-tl8ooi brz-wrapper\">\n<div class=\"brz-rich-text brz-rich-text__custom brz-css-16jmzg brz-css-1q3y18q\" data-brz-custom-id=\"iuMtiSaOesQV\">\n<div data-brz-translate-text=\"1\">\n<p class=\"brz-text-lg-left brz-tp-lg-paragraph brz-css-cam1O\" data-uniq-id=\"q8IaK\" data-generated-css=\"brz-css-wYVx1\"><span class=\"brz-cp-color7\">Pentru detalii sau rezerv\u0103ri la cin\u0103 la JORJ, suna\u021bi la +40 731 305 777 sau face\u021bi o rezervare online mai jos.<\/span><\/p>\n<\/div>\n<\/div>\n<\/div>\n<div class=\"brz-wrapper-clone brz-flex-xs-wrap brz-css-1lmdhfg brz-css-1bhz3o4\" data-brz-custom-id=\"wSzci3Ma5R0I\"><a class=\"brz-a brz-btn brz-css-1rg5nbp brz-css-1j56pu9 brz-css-ygf85l brz-css-sbiu5j\" href=\"https:\/\/atheneepalace.intercontinental.com\/wp-content\/uploads\/2025\/10\/JORJ-updated-design-menu-1.10.2025.pdf\" target=\"_blank\" rel=\"noopener\" data-brz-link-type=\"upload\" data-brz-custom-id=\"mczwdX20SqpG\"><span data-brz-translate-text=\"1\" class=\"brz-span brz-text__editor\">VEZI MENIUL<\/span><\/a><a class=\"brz-a brz-btn brz-css-1rg5nbp brz-css-kaowag brz-css-ygf85l brz-css-1hgsliu\" href=\"https:\/\/sevn.ly\/xz8zYqgl \" target=\"_blank\" rel=\"noopener\" data-brz-link-type=\"external\" data-brz-custom-id=\"ssuDzqsKsWYq\"><span data-brz-translate-text=\"1\" class=\"brz-span brz-text__editor\">REZERVA\u021aI O MAS\u0102<\/span><\/a><\/div>\n<\/div>\n<\/div>\n<div data-brz-iteration-count=\"1\" class=\"brz-columns brz-css-cizj78 brz-css-1um99aq brz-animated brz-css-f5p8po brz-css-kl9z8v\" data-brz-custom-id=\"jbdpalliyarelkwbfbebgtwmlyqjugzxkauf\">\n<div class=\"brz-bg\">\n<div class=\"brz-bg-image\"><\/div>\n<\/div>\n<div class=\"brz-column__items brz-css-12gicr9 brz-css-1rdpvy2\">\n<div id=\"\" class=\"brz-css-g6pro3 brz-css-1uyeg4g brz-wrapper\">\n<div class=\"brz-image brz-css-695g0p brz-css-18yfiaj\" data-brz-custom-id=\"rjfhGJKEGnUd\"><picture class=\"brz-picture brz-d-block brz-p-relative brz-css-1bpr64s brz-css-m9tzn6\"><source srcset=\"https:\/\/atheneepalace.intercontinental.com\/wp-content\/uploads\/2026\/02\/DJ-duo-reinterpretat-scaled.jpg 1x, https:\/\/atheneepalace.intercontinental.com\/wp-content\/uploads\/2026\/02\/DJ-duo-reinterpretat-scaled.jpg 2x\" media=\"(min-width: 992px)\"><source srcset=\"https:\/\/atheneepalace.intercontinental.com\/wp-content\/uploads\/2026\/02\/DJ-duo-reinterpretat-scaled.jpg 1x, https:\/\/atheneepalace.intercontinental.com\/wp-content\/uploads\/2026\/02\/DJ-duo-reinterpretat-scaled.jpg 2x\" media=\"(min-width: 768px)\"><img decoding=\"async\" class=\"brz-img\" srcset=\"https:\/\/atheneepalace.intercontinental.com\/wp-content\/uploads\/2026\/02\/DJ-duo-reinterpretat-scaled.jpg 1x, https:\/\/atheneepalace.intercontinental.com\/wp-content\/uploads\/2026\/02\/DJ-duo-reinterpretat-scaled.jpg 2x\" src=\"https:\/\/atheneepalace.intercontinental.com\/wp-content\/uploads\/2026\/02\/DJ-duo-reinterpretat-scaled.jpg\" alt=\"\" title=\"DJ duo reinterpretat\" draggable=\"false\" loading=\"lazy\"><\/picture><\/div>\n<\/div>\n<\/div>\n<\/div>\n<\/div>\n<\/div>\n<\/div>\n<\/div>\n<\/section>\n<\/div>\n<p>    <!-- version:1776774073 --><\/p>","protected":false},"excerpt":{"rendered":"<p>spring Signature experiences Experience refined luxury and seasonal intrigue at InterContinental Ath\u00e9n\u00e9e Palace Bucharest. Our seasonal experiences capture the sophistication of every season with timeless charm. FIRE &amp; ICE SATURDAY NIGHTS @ JORJ JORJ restaurant re-launches its multi-sensorial Saturday night journeys with a fresh, vibrant evening concept event scheduled to take place every Saturday, starting [&hellip;]<\/p>","protected":false},"author":1,"featured_media":12377,"parent":1108,"menu_order":0,"comment_status":"closed","ping_status":"closed","template":"brizy-blank-template.php","meta":{"site-sidebar-layout":"default","site-content-layout":"default","ast-site-content-layout":"default","site-content-style":"default","site-sidebar-style":"default","ast-global-header-display":"","ast-banner-title-visibility":"","ast-main-header-display":"","ast-hfb-above-header-display":"","ast-hfb-below-header-display":"","ast-hfb-mobile-header-display":"","site-post-title":"","ast-breadcrumbs-content":"","ast-featured-img":"","footer-sml-layout":"","theme-transparent-header-meta":"default","adv-header-id-meta":"","stick-header-meta":"","header-above-stick-meta":"","header-main-stick-meta":"","header-below-stick-meta":"","astra-migrate-meta-layouts":"default","ast-page-background-enabled":"default","ast-page-background-meta":{"desktop":{"background-color":"var(--ast-global-color-4)","background-image":"","background-repeat":"repeat","background-position":"center center","background-size":"auto","background-attachment":"scroll","background-type":"","background-media":"","overlay-type":"","overlay-color":"","overlay-opacity":"","overlay-gradient":""},"tablet":{"background-color":"","background-image":"","background-repeat":"repeat","background-position":"center center","background-size":"auto","background-attachment":"scroll","background-type":"","background-media":"","overlay-type":"","overlay-color":"","overlay-opacity":"","overlay-gradient":""},"mobile":{"background-color":"","background-image":"","background-repeat":"repeat","background-position":"center center","background-size":"auto","background-attachment":"scroll","background-type":"","background-media":"","overlay-type":"","overlay-color":"","overlay-opacity":"","overlay-gradient":""}},"ast-content-background-meta":{"desktop":{"background-color":"var(--ast-global-color-5)","background-image":"","background-repeat":"repeat","background-position":"center center","background-size":"auto","background-attachment":"scroll","background-type":"","background-media":"","overlay-type":"","overlay-color":"","overlay-opacity":"","overlay-gradient":""},"tablet":{"background-color":"var(--ast-global-color-5)","background-image":"","background-repeat":"repeat","background-position":"center center","background-size":"auto","background-attachment":"scroll","background-type":"","background-media":"","overlay-type":"","overlay-color":"","overlay-opacity":"","overlay-gradient":""},"mobile":{"background-color":"var(--ast-global-color-5)","background-image":"","background-repeat":"repeat","background-position":"center center","background-size":"auto","background-attachment":"scroll","background-type":"","background-media":"","overlay-type":"","overlay-color":"","overlay-opacity":"","overlay-gradient":""}},"footnotes":""},"class_list":["post-13166","page","type-page","status-publish","has-post-thumbnail","hentry"],"yoast_head":"<!-- This site is optimized with the Yoast SEO plugin v26.6 - https:\/\/yoast.com\/wordpress\/plugins\/seo\/ -->\n<title>Seasonal Signatures - InterContinental Athenee Palace<\/title>\n<meta name=\"robots\" content=\"index, follow, max-snippet:-1, max-image-preview:large, max-video-preview:-1\" \/>\n<link rel=\"canonical\" href=\"https:\/\/atheneepalace.intercontinental.com\/ro\/our-hotel\/seasonal-signatures\/\" \/>\n<meta property=\"og:locale\" content=\"ro_RO\" \/>\n<meta property=\"og:type\" content=\"article\" \/>\n<meta property=\"og:title\" content=\"Seasonal Signatures - InterContinental Athenee Palace\" \/>\n<meta property=\"og:description\" content=\"spring Signature experiences Experience refined luxury and seasonal intrigue at InterContinental Ath\u00e9n\u00e9e Palace Bucharest. Our seasonal experiences capture the sophistication of every season with timeless charm. FIRE &amp; ICE SATURDAY NIGHTS @ JORJ JORJ restaurant re-launches its multi-sensorial Saturday night journeys with a fresh, vibrant evening concept event scheduled to take place every Saturday, starting [&hellip;]\" \/>\n<meta property=\"og:url\" content=\"https:\/\/atheneepalace.intercontinental.com\/ro\/our-hotel\/seasonal-signatures\/\" \/>\n<meta property=\"og:site_name\" content=\"InterContinental Athenee Palace\" \/>\n<meta property=\"article:publisher\" content=\"https:\/\/www.facebook.com\/icatheneepalacebucharest\" \/>\n<meta property=\"article:modified_time\" content=\"2026-04-21T12:21:13+00:00\" \/>\n<meta property=\"og:image\" content=\"https:\/\/atheneepalace.intercontinental.com\/wp-content\/uploads\/2025\/04\/DSC08189-Edit_web-4k-scaled.jpg\" \/>\n\t<meta property=\"og:image:width\" content=\"2560\" \/>\n\t<meta property=\"og:image:height\" content=\"1707\" \/>\n\t<meta property=\"og:image:type\" content=\"image\/jpeg\" \/>\n<meta name=\"twitter:card\" content=\"summary_large_image\" \/>\n<meta name=\"twitter:label1\" content=\"Timp estimat pentru citire\" \/>\n\t<meta name=\"twitter:data1\" content=\"1 minut\" \/>\n<script type=\"application\/ld+json\" class=\"yoast-schema-graph\">{\"@context\":\"https:\/\/schema.org\",\"@graph\":[{\"@type\":\"WebPage\",\"@id\":\"https:\/\/atheneepalace.intercontinental.com\/our-hotel\/seasonal-signatures\/\",\"url\":\"https:\/\/atheneepalace.intercontinental.com\/our-hotel\/seasonal-signatures\/\",\"name\":\"Seasonal Signatures - InterContinental Athenee Palace\",\"isPartOf\":{\"@id\":\"https:\/\/atheneepalace.intercontinental.com\/#website\"},\"primaryImageOfPage\":{\"@id\":\"https:\/\/atheneepalace.intercontinental.com\/our-hotel\/seasonal-signatures\/#primaryimage\"},\"image\":{\"@id\":\"https:\/\/atheneepalace.intercontinental.com\/our-hotel\/seasonal-signatures\/#primaryimage\"},\"thumbnailUrl\":\"https:\/\/atheneepalace.intercontinental.com\/wp-content\/uploads\/2025\/04\/DSC08189-Edit_web-4k-scaled.jpg\",\"datePublished\":\"2025-08-04T11:23:12+00:00\",\"dateModified\":\"2026-04-21T12:21:13+00:00\",\"breadcrumb\":{\"@id\":\"https:\/\/atheneepalace.intercontinental.com\/our-hotel\/seasonal-signatures\/#breadcrumb\"},\"inLanguage\":\"ro-RO\",\"potentialAction\":[{\"@type\":\"ReadAction\",\"target\":[\"https:\/\/atheneepalace.intercontinental.com\/our-hotel\/seasonal-signatures\/\"]}]},{\"@type\":\"ImageObject\",\"inLanguage\":\"ro-RO\",\"@id\":\"https:\/\/atheneepalace.intercontinental.com\/our-hotel\/seasonal-signatures\/#primaryimage\",\"url\":\"https:\/\/atheneepalace.intercontinental.com\/wp-content\/uploads\/2025\/04\/DSC08189-Edit_web-4k-scaled.jpg\",\"contentUrl\":\"https:\/\/atheneepalace.intercontinental.com\/wp-content\/uploads\/2025\/04\/DSC08189-Edit_web-4k-scaled.jpg\",\"width\":2560,\"height\":1707,\"caption\":\"Spa InterContinental\"},{\"@type\":\"BreadcrumbList\",\"@id\":\"https:\/\/atheneepalace.intercontinental.com\/our-hotel\/seasonal-signatures\/#breadcrumb\",\"itemListElement\":[{\"@type\":\"ListItem\",\"position\":1,\"name\":\"Home\",\"item\":\"https:\/\/atheneepalace.intercontinental.com\/\"},{\"@type\":\"ListItem\",\"position\":2,\"name\":\"Our Hotel\",\"item\":\"https:\/\/atheneepalace.intercontinental.com\/our-hotel\/\"},{\"@type\":\"ListItem\",\"position\":3,\"name\":\"Seasonal Signatures\"}]},{\"@type\":\"WebSite\",\"@id\":\"https:\/\/atheneepalace.intercontinental.com\/#website\",\"url\":\"https:\/\/atheneepalace.intercontinental.com\/\",\"name\":\"InterContinental Athenee Palace\",\"description\":\"\",\"publisher\":{\"@id\":\"https:\/\/atheneepalace.intercontinental.com\/#organization\"},\"potentialAction\":[{\"@type\":\"SearchAction\",\"target\":{\"@type\":\"EntryPoint\",\"urlTemplate\":\"https:\/\/atheneepalace.intercontinental.com\/?s={search_term_string}\"},\"query-input\":{\"@type\":\"PropertyValueSpecification\",\"valueRequired\":true,\"valueName\":\"search_term_string\"}}],\"inLanguage\":\"ro-RO\"},{\"@type\":\"Organization\",\"@id\":\"https:\/\/atheneepalace.intercontinental.com\/#organization\",\"name\":\"InterContinental Athenee Palace\",\"url\":\"https:\/\/atheneepalace.intercontinental.com\/\",\"logo\":{\"@type\":\"ImageObject\",\"inLanguage\":\"ro-RO\",\"@id\":\"https:\/\/atheneepalace.intercontinental.com\/#\/schema\/logo\/image\/\",\"url\":\"https:\/\/atheneepalace.intercontinental.com\/wp-content\/uploads\/2023\/05\/Logo-400.png\",\"contentUrl\":\"https:\/\/atheneepalace.intercontinental.com\/wp-content\/uploads\/2023\/05\/Logo-400.png\",\"width\":300,\"height\":139,\"caption\":\"InterContinental Athenee Palace\"},\"image\":{\"@id\":\"https:\/\/atheneepalace.intercontinental.com\/#\/schema\/logo\/image\/\"},\"sameAs\":[\"https:\/\/www.facebook.com\/icatheneepalacebucharest\",\"https:\/\/www.linkedin.com\/company\/intercontinental-athne-palace-bucharest\",\"https:\/\/www.tripadvisor.co.uk\/Hotel_Review-g294458-d300679-Reviews-InterContinental_Athenee_Palace_Bucharest_an_IHG_Hotel-Bucharest.html\",\"https:\/\/www.instagram.com\/icatheneepalacebucharest\/\"]}]}<\/script>\n<!-- \/ Yoast SEO plugin. -->","yoast_head_json":{"title":"Seasonal Signatures - InterContinental Athenee Palace","robots":{"index":"index","follow":"follow","max-snippet":"max-snippet:-1","max-image-preview":"max-image-preview:large","max-video-preview":"max-video-preview:-1"},"canonical":"https:\/\/atheneepalace.intercontinental.com\/ro\/our-hotel\/seasonal-signatures\/","og_locale":"ro_RO","og_type":"article","og_title":"Seasonal Signatures - InterContinental Athenee Palace","og_description":"spring Signature experiences Experience refined luxury and seasonal intrigue at InterContinental Ath\u00e9n\u00e9e Palace Bucharest. Our seasonal experiences capture the sophistication of every season with timeless charm. FIRE &amp; ICE SATURDAY NIGHTS @ JORJ JORJ restaurant re-launches its multi-sensorial Saturday night journeys with a fresh, vibrant evening concept event scheduled to take place every Saturday, starting [&hellip;]","og_url":"https:\/\/atheneepalace.intercontinental.com\/ro\/our-hotel\/seasonal-signatures\/","og_site_name":"InterContinental Athenee Palace","article_publisher":"https:\/\/www.facebook.com\/icatheneepalacebucharest","article_modified_time":"2026-04-21T12:21:13+00:00","og_image":[{"width":2560,"height":1707,"url":"https:\/\/atheneepalace.intercontinental.com\/wp-content\/uploads\/2025\/04\/DSC08189-Edit_web-4k-scaled.jpg","type":"image\/jpeg"}],"twitter_card":"summary_large_image","twitter_misc":{"Timp estimat pentru citire":"1 minut"},"schema":{"@context":"https:\/\/schema.org","@graph":[{"@type":"WebPage","@id":"https:\/\/atheneepalace.intercontinental.com\/our-hotel\/seasonal-signatures\/","url":"https:\/\/atheneepalace.intercontinental.com\/our-hotel\/seasonal-signatures\/","name":"Seasonal Signatures - InterContinental Athenee Palace","isPartOf":{"@id":"https:\/\/atheneepalace.intercontinental.com\/#website"},"primaryImageOfPage":{"@id":"https:\/\/atheneepalace.intercontinental.com\/our-hotel\/seasonal-signatures\/#primaryimage"},"image":{"@id":"https:\/\/atheneepalace.intercontinental.com\/our-hotel\/seasonal-signatures\/#primaryimage"},"thumbnailUrl":"https:\/\/atheneepalace.intercontinental.com\/wp-content\/uploads\/2025\/04\/DSC08189-Edit_web-4k-scaled.jpg","datePublished":"2025-08-04T11:23:12+00:00","dateModified":"2026-04-21T12:21:13+00:00","breadcrumb":{"@id":"https:\/\/atheneepalace.intercontinental.com\/our-hotel\/seasonal-signatures\/#breadcrumb"},"inLanguage":"ro-RO","potentialAction":[{"@type":"ReadAction","target":["https:\/\/atheneepalace.intercontinental.com\/our-hotel\/seasonal-signatures\/"]}]},{"@type":"ImageObject","inLanguage":"ro-RO","@id":"https:\/\/atheneepalace.intercontinental.com\/our-hotel\/seasonal-signatures\/#primaryimage","url":"https:\/\/atheneepalace.intercontinental.com\/wp-content\/uploads\/2025\/04\/DSC08189-Edit_web-4k-scaled.jpg","contentUrl":"https:\/\/atheneepalace.intercontinental.com\/wp-content\/uploads\/2025\/04\/DSC08189-Edit_web-4k-scaled.jpg","width":2560,"height":1707,"caption":"Spa InterContinental"},{"@type":"BreadcrumbList","@id":"https:\/\/atheneepalace.intercontinental.com\/our-hotel\/seasonal-signatures\/#breadcrumb","itemListElement":[{"@type":"ListItem","position":1,"name":"Home","item":"https:\/\/atheneepalace.intercontinental.com\/"},{"@type":"ListItem","position":2,"name":"Our Hotel","item":"https:\/\/atheneepalace.intercontinental.com\/our-hotel\/"},{"@type":"ListItem","position":3,"name":"Seasonal Signatures"}]},{"@type":"WebSite","@id":"https:\/\/atheneepalace.intercontinental.com\/#website","url":"https:\/\/atheneepalace.intercontinental.com\/","name":"InterContinental Athenee Palace","description":"","publisher":{"@id":"https:\/\/atheneepalace.intercontinental.com\/#organization"},"potentialAction":[{"@type":"SearchAction","target":{"@type":"EntryPoint","urlTemplate":"https:\/\/atheneepalace.intercontinental.com\/?s={search_term_string}"},"query-input":{"@type":"PropertyValueSpecification","valueRequired":true,"valueName":"search_term_string"}}],"inLanguage":"ro-RO"},{"@type":"Organization","@id":"https:\/\/atheneepalace.intercontinental.com\/#organization","name":"InterContinental Athenee Palace","url":"https:\/\/atheneepalace.intercontinental.com\/","logo":{"@type":"ImageObject","inLanguage":"ro-RO","@id":"https:\/\/atheneepalace.intercontinental.com\/#\/schema\/logo\/image\/","url":"https:\/\/atheneepalace.intercontinental.com\/wp-content\/uploads\/2023\/05\/Logo-400.png","contentUrl":"https:\/\/atheneepalace.intercontinental.com\/wp-content\/uploads\/2023\/05\/Logo-400.png","width":300,"height":139,"caption":"InterContinental Athenee Palace"},"image":{"@id":"https:\/\/atheneepalace.intercontinental.com\/#\/schema\/logo\/image\/"},"sameAs":["https:\/\/www.facebook.com\/icatheneepalacebucharest","https:\/\/www.linkedin.com\/company\/intercontinental-athne-palace-bucharest","https:\/\/www.tripadvisor.co.uk\/Hotel_Review-g294458-d300679-Reviews-InterContinental_Athenee_Palace_Bucharest_an_IHG_Hotel-Bucharest.html","https:\/\/www.instagram.com\/icatheneepalacebucharest\/"]}]}},"_links":{"self":[{"href":"https:\/\/atheneepalace.intercontinental.com\/ro\/wp-json\/wp\/v2\/pages\/13166","targetHints":{"allow":["GET"]}}],"collection":[{"href":"https:\/\/atheneepalace.intercontinental.com\/ro\/wp-json\/wp\/v2\/pages"}],"about":[{"href":"https:\/\/atheneepalace.intercontinental.com\/ro\/wp-json\/wp\/v2\/types\/page"}],"author":[{"embeddable":true,"href":"https:\/\/atheneepalace.intercontinental.com\/ro\/wp-json\/wp\/v2\/users\/1"}],"replies":[{"embeddable":true,"href":"https:\/\/atheneepalace.intercontinental.com\/ro\/wp-json\/wp\/v2\/comments?post=13166"}],"version-history":[{"count":30,"href":"https:\/\/atheneepalace.intercontinental.com\/ro\/wp-json\/wp\/v2\/pages\/13166\/revisions"}],"predecessor-version":[{"id":18271,"href":"https:\/\/atheneepalace.intercontinental.com\/ro\/wp-json\/wp\/v2\/pages\/13166\/revisions\/18271"}],"up":[{"embeddable":true,"href":"https:\/\/atheneepalace.intercontinental.com\/ro\/wp-json\/wp\/v2\/pages\/1108"}],"wp:featuredmedia":[{"embeddable":true,"href":"https:\/\/atheneepalace.intercontinental.com\/ro\/wp-json\/wp\/v2\/media\/12377"}],"wp:attachment":[{"href":"https:\/\/atheneepalace.intercontinental.com\/ro\/wp-json\/wp\/v2\/media?parent=13166"}],"curies":[{"name":"wp","href":"https:\/\/api.w.org\/{rel}","templated":true}]}}