{"id":1423,"date":"2023-05-02T11:07:26","date_gmt":"2023-05-02T11:07:26","guid":{"rendered":"https:\/\/atheneepalace.intercontinental.com\/?page_id=1423"},"modified":"2025-07-07T17:26:08","modified_gmt":"2025-07-07T17:26:08","slug":"say-yes-to-a-royal-wedding","status":"publish","type":"page","link":"https:\/\/atheneepalace.intercontinental.com\/ro\/offers\/say-yes-to-a-royal-wedding\/","title":{"rendered":"Say yes to a royal wedding"},"content":{"rendered":"<div class=\"brz-root__container brz-reset-all brz\">\n<section id=\"_gkgapyjapdeweqkhiqwxsczquikyecpavbsk\" class=\"brz-section brz-css-iuGHp brz-css-gAZvB\">\n<div class=\"brz-slick-slider brz-slick-slider__section\" data-slides-to-show=\"1\" data-slides-to-scroll=\"1\" data-arrows=\"true\" data-dots=\"false\" data-dots-class=\"brz-slick-slider__dots brz-slick-slider__dots--none\" data-fade=\"false\" data-vertical=\"false\" data-auto-play=\"false\" data-auto-play-speed=\"3000\" data-animation-speed=\"500\" data-swipe=\"true\" data-responsive=\"%5B%7B%22breakpoint%22%3A767%2C%22settings%22%3A%7B%22slidesToShow%22%3A1%2C%22slidesToScroll%22%3A1%7D%7D%5D\">\n<div>\n<div class=\"brz-section__content brz-section--boxed brz-css-p0X0v brz-css-pAB4X\" data-brz-custom-id=\"pdpaixisgmdxscgxwbxqudzswonurjnviauy\">\n<div class=\"brz-bg\">\n<div class=\"brz-bg-image\"><\/div>\n<\/div>\n<div class=\"brz-container brz-css-symdB\">\n<div id=\"\" class=\"brz-css-fVMc8 brz-wrapper\">\n<div class=\"brz-rich-text brz-rich-text__custom brz-css-csXbk\" data-brz-custom-id=\"pdlevgppbkxujomvkdzpwyagayyumjzykoms\">\n<div data-brz-translate-text=\"1\">\n<h1 class=\"brz-tp-lg-heading1 brz-text-lg-center brz-css-uWzto\" data-generated-css=\"brz-css-onfmk\" data-uniq-id=\"bzmao\"><span class=\"brz-cp-color8 brz-capitalize-on\">SPUNE DA UNEI NUN\u021aI REGALE<\/span><\/h1>\n<\/div>\n<\/div>\n<\/div>\n<\/div>\n<\/div>\n<\/div>\n<div>\n<div class=\"brz-section__content brz-section--boxed brz-css-p0X0v brz-css-vxORh\" data-brz-custom-id=\"pukieengkrsrkfcwtcoftypznxzeyenygqtf\">\n<div class=\"brz-bg\">\n<div class=\"brz-bg-image\"><\/div>\n<\/div>\n<div class=\"brz-container brz-css-symdB\">\n<div id=\"\" class=\"brz-css-fVMc8 brz-wrapper\">\n<div class=\"brz-rich-text brz-rich-text__custom brz-css-csXbk\" data-brz-custom-id=\"cqqagefwxtuwtoalxhzuvogtkvzubmjnqqse\">\n<div data-brz-translate-text=\"1\">\n<h1 data-generated-css=\"brz-css-unaqf\" data-uniq-id=\"hicua\" class=\"brz-tp-lg-heading1 brz-text-lg-center brz-css-qPn5Q\"><span class=\"brz-cp-color8 brz-capitalize-on\">InterContinental Bucuresti<\/span><\/h1>\n<\/div>\n<\/div>\n<\/div>\n<\/div>\n<\/div>\n<\/div>\n<\/div>\n<\/section>\n<section id=\"_cwejqesgxkxlxvqfktaenppjkuhanfbnappq\" class=\"brz-section brz-css-iuGHp\">\n<div class=\"brz-section__content brz-section--fullWidth brz-css-p0X0v brz-css-hNDyE\" data-brz-custom-id=\"wpsnmojjurarnvqvmuvlbdlfukqnbdruxzao\">\n<div class=\"brz-container brz-css-symdB brz-css-dBOzh\">\n<div id=\"\" class=\"brz-css-fVMc8 brz-css-srk0Q brz-wrapper\">\n<div class=\"brz-rich-text brz-rich-text__custom brz-css-csXbk\" data-brz-custom-id=\"bkzwtzjnbhlilcuobxjakfwmvfnjicydqcfa\">\n<div data-brz-translate-text=\"1\">\n<h2 class=\"brz-text-lg-center brz-tp-lg-heading2 brz-css-huMPd\" data-uniq-id=\"ytkhh\" data-generated-css=\"brz-css-pnkir\"><span class=\"brz-cp-color7\">Nu a existat moment mai bun ca acum pentru a profita de clipe. <\/span><\/h2>\n<\/div>\n<\/div>\n<\/div>\n<div id=\"\" class=\"brz-css-fVMc8 brz-css-i9te7 brz-wrapper\">\n<div class=\"brz-line brz-line-default brz-css-nDpGj brz-css-dU_Qp\" data-brz-custom-id=\"xmqiazkrrtubbqptmetxoptwojkyjmexpjvd\">\n<hr class=\"brz-hr\"><\/div>\n<\/div>\n<div class=\"brz-row__container brz-css-gXeSd\" data-brz-custom-id=\"jgikxxdhnrqqthheummrfoqonjaoumaanmrz\">\n<div class=\"brz-bg\"><\/div>\n<div class=\"brz-row brz-css-gjTLQ brz-css-w7pHM\">\n<div class=\"brz-columns brz-css-oO2y7 brz-css-tfKjs\" data-brz-custom-id=\"kfpeqxynhvuqfyscfqiowgtfbbcsatsbzspl\">\n<div class=\"brz-bg\">\n<div class=\"brz-bg-image\"><\/div>\n<div class=\"brz-bg-color\"><\/div>\n<\/div>\n<div class=\"brz-column__items brz-css-iKeo_ brz-css-byVvi\"><\/div>\n<\/div>\n<div class=\"brz-columns brz-css-oO2y7 brz-css-yOfLN\" data-brz-custom-id=\"rcicquhlyppbbuudrlqvzjvkrmyuxzdjdiig\">\n<div class=\"brz-bg\"><\/div>\n<div class=\"brz-column__items brz-css-iKeo_ brz-css-tMhuW\">\n<div id=\"\" class=\"brz-css-fVMc8 brz-css-bJPlb brz-wrapper\">\n<div class=\"brz-rich-text brz-rich-text__custom brz-css-csXbk\" data-brz-custom-id=\"ucaetrtglmfqqcfkworujmqvccedgihhcdxs\">\n<div data-brz-translate-text=\"1\">\n<p class=\"brz-tp-lg-paragraph brz-css-wg3WF\" data-uniq-id=\"yfdvn\" data-generated-css=\"brz-css-tocvv\">O experien\u021b\u0103 de neuitat, o amintire care va dura o via\u021b\u0103 \u00eentreag\u0103.<\/p>\n<p class=\"brz-tp-lg-paragraph brz-bcp-color7 brz-css-sNDeK\" data-uniq-id=\"deeui\" data-generated-css=\"brz-css-yzhrj\"><\/p>\n<p class=\"brz-tp-lg-paragraph brz-bcp-color7 brz-css-sbp5x\" data-uniq-id=\"deeui\" data-generated-css=\"brz-css-yzhrj\"><strong class=\"brz-cp-color7\">Pachetul pentru nunt\u0103 include:<\/strong><\/p>\n<ul>\n<li class=\"brz-tp-lg-paragraph brz-bcp-color7 brz-css-zWiHd\" data-uniq-id=\"khsom\" data-generated-css=\"brz-css-xzfbl\"><span class=\"brz-cp-color7\">\u2022 Degustare de meniu<\/span><\/li>\n<li class=\"brz-tp-lg-paragraph brz-bcp-color7 brz-css-uJpM7\" data-uniq-id=\"qozsd\" data-generated-css=\"brz-css-wyudo\"><span class=\"brz-cp-color7\">\u2022 O noapte de cazare<\/span><\/li>\n<li class=\"brz-tp-lg-paragraph brz-bcp-color7 brz-css-rQt8S\" data-uniq-id=\"htayc\" data-generated-css=\"brz-css-zawmz\"><span class=\"brz-cp-color7\">Table menus and flower arrangement\u200bOffer based&nbsp;on availability.&nbsp;<\/span><\/li>\n<\/ul>\n<p class=\"brz-tp-lg-paragraph brz-css-zZK0h\" data-uniq-id=\"wnxyr\" data-generated-css=\"brz-css-fucxi\"><\/p>\n<p class=\"brz-tp-lg-paragraph brz-css-pUhPi\" data-uniq-id=\"xbled\" data-generated-css=\"brz-css-wiusj\"><span class=\"brz-cp-color7\">Pentru informa\u021bii: buhap.events@ihg.com&nbsp;<\/span><a class=\"link--external brz-cp-color7\" href=\"mailto:buhap.events@ihg.com\" data-brz-link-type=\"external\">buhap.events@ihg.com<\/a><\/p>\n<p class=\"brz-tp-lg-paragraph brz-css-shlGs\" data-uniq-id=\"fpbmi\" data-generated-css=\"brz-css-xerir\"><\/p>\n<\/div>\n<\/div>\n<\/div>\n<div class=\"brz-wrapper-clone brz-css-uHNGr brz-css-eHFxs\">\n<div class=\"brz-d-xs-flex brz-flex-xs-wrap brz-css-gZXlA brz-css-opxTD\" data-brz-custom-id=\"\">\n<div class=\"brz-wrapper-clone__item\" id=\"dgvhgrgnknlehytivypuzrgjnmysayadxbrf\">\n<div class=\"brz-hover-animation__container\" data-brz-hover-animationid=\"kpegpidixtxccaskdhyodbrhqqrbpygrcbrg\" data-brz-hover-options=\"%7B%22duration%22:600,%22iterations%22:1%7D\" data-brz-hover-reversible=\"true\" data-brz-hover-target=\"%22firstChild%22\"><a class=\"brz-a brz-btn brz-css-kYrsx brz-css-pzlUj brz-css-ulOBR\" href=\"mailto:buhap.events@ihg.com\" target=\"_self\" rel=\"noopener\" data-brz-link-type=\"external\" data-brz-custom-id=\"dgvhgrgnknlehytivypuzrgjnmysayadxbrf\"><span data-brz-translate-text=\"1\" class=\"brz-span brz-text__editor\">REZERV\u0102 ACUM<\/span><\/a><\/div>\n<\/div>\n<\/div>\n<\/div>\n<\/div>\n<\/div>\n<\/div>\n<\/div>\n<\/div>\n<\/div>\n<\/section>\n<\/div>\n<p>    <!-- version:1733761853 --><\/p>","protected":false},"excerpt":{"rendered":"<p>SAY YES TO A ROYAL WEDDING InterContinental Bucuresti There\u2019s never been a better time than now to seize the moment. An experience to never forget, a memory to last a lifetime. Wedding Package includes: Menu degustation A night stay Table menus and flower arrangement\u200bOffer based&nbsp;on availability.&nbsp; For inquiries:&nbsp;buhap.events@ihg.com BOOK NOW<\/p>","protected":false},"author":1,"featured_media":0,"parent":1126,"menu_order":0,"comment_status":"closed","ping_status":"closed","template":"brizy-blank-template.php","meta":{"site-sidebar-layout":"default","site-content-layout":"","ast-site-content-layout":"default","site-content-style":"default","site-sidebar-style":"default","ast-global-header-display":"","ast-banner-title-visibility":"","ast-main-header-display":"","ast-hfb-above-header-display":"","ast-hfb-below-header-display":"","ast-hfb-mobile-header-display":"","site-post-title":"","ast-breadcrumbs-content":"","ast-featured-img":"","footer-sml-layout":"","theme-transparent-header-meta":"","adv-header-id-meta":"","stick-header-meta":"","header-above-stick-meta":"","header-main-stick-meta":"","header-below-stick-meta":"","astra-migrate-meta-layouts":"default","ast-page-background-enabled":"default","ast-page-background-meta":{"desktop":{"background-color":"var(--ast-global-color-4)","background-image":"","background-repeat":"repeat","background-position":"center center","background-size":"auto","background-attachment":"scroll","background-type":"","background-media":"","overlay-type":"","overlay-color":"","overlay-opacity":"","overlay-gradient":""},"tablet":{"background-color":"","background-image":"","background-repeat":"repeat","background-position":"center center","background-size":"auto","background-attachment":"scroll","background-type":"","background-media":"","overlay-type":"","overlay-color":"","overlay-opacity":"","overlay-gradient":""},"mobile":{"background-color":"","background-image":"","background-repeat":"repeat","background-position":"center center","background-size":"auto","background-attachment":"scroll","background-type":"","background-media":"","overlay-type":"","overlay-color":"","overlay-opacity":"","overlay-gradient":""}},"ast-content-background-meta":{"desktop":{"background-color":"var(--ast-global-color-5)","background-image":"","background-repeat":"repeat","background-position":"center center","background-size":"auto","background-attachment":"scroll","background-type":"","background-media":"","overlay-type":"","overlay-color":"","overlay-opacity":"","overlay-gradient":""},"tablet":{"background-color":"var(--ast-global-color-5)","background-image":"","background-repeat":"repeat","background-position":"center center","background-size":"auto","background-attachment":"scroll","background-type":"","background-media":"","overlay-type":"","overlay-color":"","overlay-opacity":"","overlay-gradient":""},"mobile":{"background-color":"var(--ast-global-color-5)","background-image":"","background-repeat":"repeat","background-position":"center center","background-size":"auto","background-attachment":"scroll","background-type":"","background-media":"","overlay-type":"","overlay-color":"","overlay-opacity":"","overlay-gradient":""}},"footnotes":""},"class_list":["post-1423","page","type-page","status-publish","hentry"],"yoast_head":"<!-- This site is optimized with the Yoast SEO plugin v26.6 - https:\/\/yoast.com\/wordpress\/plugins\/seo\/ -->\n<title>Say yes to a royal wedding - InterContinental Athenee Palace<\/title>\n<meta name=\"robots\" content=\"index, follow, max-snippet:-1, max-image-preview:large, max-video-preview:-1\" \/>\n<link rel=\"canonical\" href=\"https:\/\/atheneepalace.intercontinental.com\/ro\/offers\/say-yes-to-a-royal-wedding\/\" \/>\n<meta property=\"og:locale\" content=\"ro_RO\" \/>\n<meta property=\"og:type\" content=\"article\" \/>\n<meta property=\"og:title\" content=\"Say yes to a royal wedding - InterContinental Athenee Palace\" \/>\n<meta property=\"og:description\" content=\"SAY YES TO A ROYAL WEDDING InterContinental Bucuresti There\u2019s never been a better time than now to seize the moment. An experience to never forget, a memory to last a lifetime. Wedding Package includes: Menu degustation A night stay Table menus and flower arrangement\u200bOffer based&nbsp;on availability.&nbsp; For inquiries:&nbsp;buhap.events@ihg.com BOOK NOW\" \/>\n<meta property=\"og:url\" content=\"https:\/\/atheneepalace.intercontinental.com\/ro\/offers\/say-yes-to-a-royal-wedding\/\" \/>\n<meta property=\"og:site_name\" content=\"InterContinental Athenee Palace\" \/>\n<meta property=\"article:publisher\" content=\"https:\/\/www.facebook.com\/icatheneepalacebucharest\" \/>\n<meta property=\"article:modified_time\" content=\"2025-07-07T17:26:08+00:00\" \/>\n<meta name=\"twitter:card\" content=\"summary_large_image\" \/>\n<script type=\"application\/ld+json\" class=\"yoast-schema-graph\">{\"@context\":\"https:\/\/schema.org\",\"@graph\":[{\"@type\":\"WebPage\",\"@id\":\"https:\/\/atheneepalace.intercontinental.com\/offers\/say-yes-to-a-royal-wedding\/\",\"url\":\"https:\/\/atheneepalace.intercontinental.com\/offers\/say-yes-to-a-royal-wedding\/\",\"name\":\"Say yes to a royal wedding - InterContinental Athenee Palace\",\"isPartOf\":{\"@id\":\"https:\/\/atheneepalace.intercontinental.com\/#website\"},\"datePublished\":\"2023-05-02T11:07:26+00:00\",\"dateModified\":\"2025-07-07T17:26:08+00:00\",\"breadcrumb\":{\"@id\":\"https:\/\/atheneepalace.intercontinental.com\/offers\/say-yes-to-a-royal-wedding\/#breadcrumb\"},\"inLanguage\":\"ro-RO\",\"potentialAction\":[{\"@type\":\"ReadAction\",\"target\":[\"https:\/\/atheneepalace.intercontinental.com\/offers\/say-yes-to-a-royal-wedding\/\"]}]},{\"@type\":\"BreadcrumbList\",\"@id\":\"https:\/\/atheneepalace.intercontinental.com\/offers\/say-yes-to-a-royal-wedding\/#breadcrumb\",\"itemListElement\":[{\"@type\":\"ListItem\",\"position\":1,\"name\":\"Home\",\"item\":\"https:\/\/atheneepalace.intercontinental.com\/\"},{\"@type\":\"ListItem\",\"position\":2,\"name\":\"Offers\",\"item\":\"https:\/\/atheneepalace.intercontinental.com\/offers\/\"},{\"@type\":\"ListItem\",\"position\":3,\"name\":\"Say yes to a royal wedding\"}]},{\"@type\":\"WebSite\",\"@id\":\"https:\/\/atheneepalace.intercontinental.com\/#website\",\"url\":\"https:\/\/atheneepalace.intercontinental.com\/\",\"name\":\"InterContinental Athenee Palace\",\"description\":\"\",\"publisher\":{\"@id\":\"https:\/\/atheneepalace.intercontinental.com\/#organization\"},\"potentialAction\":[{\"@type\":\"SearchAction\",\"target\":{\"@type\":\"EntryPoint\",\"urlTemplate\":\"https:\/\/atheneepalace.intercontinental.com\/?s={search_term_string}\"},\"query-input\":{\"@type\":\"PropertyValueSpecification\",\"valueRequired\":true,\"valueName\":\"search_term_string\"}}],\"inLanguage\":\"ro-RO\"},{\"@type\":\"Organization\",\"@id\":\"https:\/\/atheneepalace.intercontinental.com\/#organization\",\"name\":\"InterContinental Athenee Palace\",\"url\":\"https:\/\/atheneepalace.intercontinental.com\/\",\"logo\":{\"@type\":\"ImageObject\",\"inLanguage\":\"ro-RO\",\"@id\":\"https:\/\/atheneepalace.intercontinental.com\/#\/schema\/logo\/image\/\",\"url\":\"https:\/\/atheneepalace.intercontinental.com\/wp-content\/uploads\/2023\/05\/Logo-400.png\",\"contentUrl\":\"https:\/\/atheneepalace.intercontinental.com\/wp-content\/uploads\/2023\/05\/Logo-400.png\",\"width\":300,\"height\":139,\"caption\":\"InterContinental Athenee Palace\"},\"image\":{\"@id\":\"https:\/\/atheneepalace.intercontinental.com\/#\/schema\/logo\/image\/\"},\"sameAs\":[\"https:\/\/www.facebook.com\/icatheneepalacebucharest\",\"https:\/\/www.linkedin.com\/company\/intercontinental-athne-palace-bucharest\",\"https:\/\/www.tripadvisor.co.uk\/Hotel_Review-g294458-d300679-Reviews-InterContinental_Athenee_Palace_Bucharest_an_IHG_Hotel-Bucharest.html\",\"https:\/\/www.instagram.com\/icatheneepalacebucharest\/\"]}]}<\/script>\n<!-- \/ Yoast SEO plugin. -->","yoast_head_json":{"title":"Say yes to a royal wedding - InterContinental Athenee Palace","robots":{"index":"index","follow":"follow","max-snippet":"max-snippet:-1","max-image-preview":"max-image-preview:large","max-video-preview":"max-video-preview:-1"},"canonical":"https:\/\/atheneepalace.intercontinental.com\/ro\/offers\/say-yes-to-a-royal-wedding\/","og_locale":"ro_RO","og_type":"article","og_title":"Say yes to a royal wedding - InterContinental Athenee Palace","og_description":"SAY YES TO A ROYAL WEDDING InterContinental Bucuresti There\u2019s never been a better time than now to seize the moment. An experience to never forget, a memory to last a lifetime. Wedding Package includes: Menu degustation A night stay Table menus and flower arrangement\u200bOffer based&nbsp;on availability.&nbsp; For inquiries:&nbsp;buhap.events@ihg.com BOOK NOW","og_url":"https:\/\/atheneepalace.intercontinental.com\/ro\/offers\/say-yes-to-a-royal-wedding\/","og_site_name":"InterContinental Athenee Palace","article_publisher":"https:\/\/www.facebook.com\/icatheneepalacebucharest","article_modified_time":"2025-07-07T17:26:08+00:00","twitter_card":"summary_large_image","schema":{"@context":"https:\/\/schema.org","@graph":[{"@type":"WebPage","@id":"https:\/\/atheneepalace.intercontinental.com\/offers\/say-yes-to-a-royal-wedding\/","url":"https:\/\/atheneepalace.intercontinental.com\/offers\/say-yes-to-a-royal-wedding\/","name":"Say yes to a royal wedding - InterContinental Athenee Palace","isPartOf":{"@id":"https:\/\/atheneepalace.intercontinental.com\/#website"},"datePublished":"2023-05-02T11:07:26+00:00","dateModified":"2025-07-07T17:26:08+00:00","breadcrumb":{"@id":"https:\/\/atheneepalace.intercontinental.com\/offers\/say-yes-to-a-royal-wedding\/#breadcrumb"},"inLanguage":"ro-RO","potentialAction":[{"@type":"ReadAction","target":["https:\/\/atheneepalace.intercontinental.com\/offers\/say-yes-to-a-royal-wedding\/"]}]},{"@type":"BreadcrumbList","@id":"https:\/\/atheneepalace.intercontinental.com\/offers\/say-yes-to-a-royal-wedding\/#breadcrumb","itemListElement":[{"@type":"ListItem","position":1,"name":"Home","item":"https:\/\/atheneepalace.intercontinental.com\/"},{"@type":"ListItem","position":2,"name":"Offers","item":"https:\/\/atheneepalace.intercontinental.com\/offers\/"},{"@type":"ListItem","position":3,"name":"Say yes to a royal wedding"}]},{"@type":"WebSite","@id":"https:\/\/atheneepalace.intercontinental.com\/#website","url":"https:\/\/atheneepalace.intercontinental.com\/","name":"InterContinental Athenee Palace","description":"","publisher":{"@id":"https:\/\/atheneepalace.intercontinental.com\/#organization"},"potentialAction":[{"@type":"SearchAction","target":{"@type":"EntryPoint","urlTemplate":"https:\/\/atheneepalace.intercontinental.com\/?s={search_term_string}"},"query-input":{"@type":"PropertyValueSpecification","valueRequired":true,"valueName":"search_term_string"}}],"inLanguage":"ro-RO"},{"@type":"Organization","@id":"https:\/\/atheneepalace.intercontinental.com\/#organization","name":"InterContinental Athenee Palace","url":"https:\/\/atheneepalace.intercontinental.com\/","logo":{"@type":"ImageObject","inLanguage":"ro-RO","@id":"https:\/\/atheneepalace.intercontinental.com\/#\/schema\/logo\/image\/","url":"https:\/\/atheneepalace.intercontinental.com\/wp-content\/uploads\/2023\/05\/Logo-400.png","contentUrl":"https:\/\/atheneepalace.intercontinental.com\/wp-content\/uploads\/2023\/05\/Logo-400.png","width":300,"height":139,"caption":"InterContinental Athenee Palace"},"image":{"@id":"https:\/\/atheneepalace.intercontinental.com\/#\/schema\/logo\/image\/"},"sameAs":["https:\/\/www.facebook.com\/icatheneepalacebucharest","https:\/\/www.linkedin.com\/company\/intercontinental-athne-palace-bucharest","https:\/\/www.tripadvisor.co.uk\/Hotel_Review-g294458-d300679-Reviews-InterContinental_Athenee_Palace_Bucharest_an_IHG_Hotel-Bucharest.html","https:\/\/www.instagram.com\/icatheneepalacebucharest\/"]}]}},"_links":{"self":[{"href":"https:\/\/atheneepalace.intercontinental.com\/ro\/wp-json\/wp\/v2\/pages\/1423","targetHints":{"allow":["GET"]}}],"collection":[{"href":"https:\/\/atheneepalace.intercontinental.com\/ro\/wp-json\/wp\/v2\/pages"}],"about":[{"href":"https:\/\/atheneepalace.intercontinental.com\/ro\/wp-json\/wp\/v2\/types\/page"}],"author":[{"embeddable":true,"href":"https:\/\/atheneepalace.intercontinental.com\/ro\/wp-json\/wp\/v2\/users\/1"}],"replies":[{"embeddable":true,"href":"https:\/\/atheneepalace.intercontinental.com\/ro\/wp-json\/wp\/v2\/comments?post=1423"}],"version-history":[{"count":7,"href":"https:\/\/atheneepalace.intercontinental.com\/ro\/wp-json\/wp\/v2\/pages\/1423\/revisions"}],"predecessor-version":[{"id":3726,"href":"https:\/\/atheneepalace.intercontinental.com\/ro\/wp-json\/wp\/v2\/pages\/1423\/revisions\/3726"}],"up":[{"embeddable":true,"href":"https:\/\/atheneepalace.intercontinental.com\/ro\/wp-json\/wp\/v2\/pages\/1126"}],"wp:attachment":[{"href":"https:\/\/atheneepalace.intercontinental.com\/ro\/wp-json\/wp\/v2\/media?parent=1423"}],"curies":[{"name":"wp","href":"https:\/\/api.w.org\/{rel}","templated":true}]}}