{"id":1680,"date":"2023-05-05T12:13:02","date_gmt":"2023-05-05T12:13:02","guid":{"rendered":"https:\/\/atheneepalace.intercontinental.com\/?page_id=1680"},"modified":"2026-05-13T10:32:58","modified_gmt":"2026-05-13T10:32:58","slug":"king-junior-suite-balcony","status":"publish","type":"page","link":"https:\/\/atheneepalace.intercontinental.com\/ro\/rooms-suites\/king-junior-suite-balcony\/","title":{"rendered":"SUIT\u0102 KING JUNIOR CU BALCON"},"content":{"rendered":"<div class=\"brz-root__container brz-reset-all brz brz-root__container-page\">\n<section id=\"43d08102df310a9f6be1_eaxcydxdxhbjghfgkrzjyxytygwcucttykne\" class=\"brz-section brz-css-1f5fb6m brz-css-187elo6\">\n<div class=\"brz-section__content brz-section--fullWidth brz-css-11r2grw brz-css-1a7w6b4\" data-brz-custom-id=\"xewlertuemvntrbeqalcnqjuhlkprfcrgswu\">\n<div class=\"brz-container brz-css-1rlhrws brz-css-c5krm7\">\n<div id=\"\" class=\"brz-css-1df2j3c brz-css-wyoys7 brz-wrapper\">\n<div class=\"brz-rich-text brz-rich-text__custom brz-css-102s3k brz-css-1kr0nb3\" data-brz-custom-id=\"vpngbwdegltvjnpusenxawkqwhocobmssvhm\">\n<div data-brz-translate-text=\"1\">\n<h2 class=\"brz-tp-lg-heading2 brz-text-lg-center brz-css-dgXZn\" data-uniq-id=\"claxx\" data-generated-css=\"brz-css-vrfuo\"><span class=\"brz-capitalize-on brz-cp-color2\">SUIT\u0102 KING JUNIOR CU BALCON<\/span><\/h2>\n<\/div>\n<\/div>\n<\/div>\n<div id=\"\" class=\"brz-css-1df2j3c brz-css-1qkich8 brz-wrapper my-carousel-2\">\n<div class=\"brz-carousel brz-css-2u6c6r brz-css-xqhyg5\" data-brz-custom-id=\"bkxqmxqckywzbswbwgxdzjlrlrfnipygvaiu\">\n<div class=\"brz-carousel__slider\" data-slides-to-show=\"3\" data-slides-to-scroll=\"1\" data-arrows=\"true\" data-dots=\"true\" data-dots-class=\"brz-slick-slider__dots brz-slick-slider__dots--diamond\" data-auto-play=\"false\" data-auto-play-speed=\"3000\" data-swipe=\"true\" data-fade=\"false\" data-transition-speed=\"3.5\" data-responsive=\"%5B%7B%22breakpoint%22%3A991%2C%22settings%22%3A%7B%22slidesToShow%22%3A2%2C%22slidesToScroll%22%3A1%7D%7D%2C%7B%22breakpoint%22%3A767%2C%22settings%22%3A%7B%22slidesToShow%22%3A1%2C%22slidesToScroll%22%3A1%7D%7D%5D\">\n<div class=\"brz-carousel__item\">\n<div class=\"brz-columns brz-css-1azrg1j brz-css-1n5h4h1 brz-css-1wzvbpx\" data-brz-custom-id=\"xcfzruwgghwxgmasoomjcstmpmhpqvnzdddr\">\n<div class=\"brz-column__items brz-css-jdx2sj brz-css-14xxqiw\">\n<div id=\"\" class=\"brz-css-1df2j3c brz-css-1l61lco brz-wrapper\">\n<div class=\"brz-image brz-css-8t8jtx brz-css-1cb5u52\" data-brz-custom-id=\"vkhevewtzecmhihhtiebjlqaimbevpnbycdr\"><img decoding=\"async\" class=\"brz-img\" src=\"https:\/\/atheneepalace.intercontinental.com\/wp-content\/uploads\/2023\/05\/ic.jpg\" alt=\"\" title=\"ic\" loading=\"lazy\"><\/div>\n<\/div>\n<div id=\"\" class=\"brz-css-1df2j3c brz-css-1xbi34k brz-wrapper\">\n<div class=\"brz-rich-text brz-rich-text__custom brz-css-102s3k brz-css-jt36c8\" data-brz-custom-id=\"ezkxdadxilzhxpzozkklgrccqmlkzsznxwjn\">\n<div data-brz-translate-text=\"1\">\n<p class=\"brz-text-lg-center brz-tp-lg-paragraph brz-css-w8Oh7\" data-uniq-id=\"vawea\" data-generated-css=\"brz-css-dsujz\"><\/p>\n<\/div>\n<\/div>\n<\/div>\n<\/div>\n<\/div>\n<\/div>\n<div class=\"brz-carousel__item\">\n<div class=\"brz-columns brz-css-1azrg1j brz-css-1n5h4h1 brz-css-1wly4p0\" data-brz-custom-id=\"bcykvytbfreydsdpaapmnmxjnnzwhavxixci\">\n<div class=\"brz-column__items brz-css-jdx2sj brz-css-lckwfc\">\n<div id=\"\" class=\"brz-css-1df2j3c brz-css-5i9cz6 brz-wrapper\">\n<div class=\"brz-image brz-css-latcl1 brz-css-fmupso\" data-brz-custom-id=\"bmmsagekogvucvognvvotionqswqtsknguvr\"><img decoding=\"async\" class=\"brz-img\" src=\"https:\/\/atheneepalace.intercontinental.com\/wp-content\/uploads\/2023\/05\/kjsb1.jpg\" alt=\"\" title=\"kjsb1\" loading=\"lazy\"><\/div>\n<\/div>\n<div id=\"\" class=\"brz-css-1df2j3c brz-css-1q6wbtp brz-wrapper\">\n<div class=\"brz-rich-text brz-rich-text__custom brz-css-102s3k brz-css-metqgo\" data-brz-custom-id=\"xowxscxgsezptxvaovwhbkyxxlxwuandmapu\">\n<div data-brz-translate-text=\"1\">\n<p class=\"brz-text-lg-center brz-tp-lg-paragraph brz-css-c4Y_y\" data-uniq-id=\"khrna\" data-generated-css=\"brz-css-ilgjc\"><\/p>\n<\/div>\n<\/div>\n<\/div>\n<\/div>\n<\/div>\n<\/div>\n<div class=\"brz-carousel__item\">\n<div class=\"brz-columns brz-css-1azrg1j brz-css-1n5h4h1 brz-css-ezi00r\" data-brz-custom-id=\"ktksfgskwivsjljuovwtwawmtvnajnkdemlg\">\n<div class=\"brz-column__items brz-css-jdx2sj brz-css-7tdejh\">\n<div id=\"\" class=\"brz-css-1df2j3c brz-css-12sgrii brz-wrapper\">\n<div class=\"brz-image brz-css-u2oxpd brz-css-u9ljsn\" data-brz-custom-id=\"incurhwzfqcxxzpbaymclybrfbdvqswbufaf\"><img decoding=\"async\" class=\"brz-img\" src=\"https:\/\/atheneepalace.intercontinental.com\/wp-content\/uploads\/2023\/05\/kjsb2.jpg\" alt=\"\" title=\"kjsb2\" loading=\"lazy\"><\/div>\n<\/div>\n<div id=\"\" class=\"brz-css-1df2j3c brz-css-t3w5ih brz-wrapper\">\n<div class=\"brz-rich-text brz-rich-text__custom brz-css-102s3k brz-css-164akmq\" data-brz-custom-id=\"ulmrvvymdflnknrkfgpgwygudazqvkpapjcq\">\n<div data-brz-translate-text=\"1\">\n<p class=\"brz-text-lg-center brz-tp-lg-paragraph brz-css-iX4qW\" data-uniq-id=\"dxrcp\" data-generated-css=\"brz-css-jjatq\"><\/p>\n<\/div>\n<\/div>\n<\/div>\n<\/div>\n<\/div>\n<\/div>\n<div class=\"brz-carousel__item\">\n<div class=\"brz-columns brz-css-1azrg1j brz-css-1n5h4h1 brz-css-1a47vop\" data-brz-custom-id=\"aixnfhgnljvpbmacbucncigghmcpvivtygyo\">\n<div class=\"brz-column__items brz-css-jdx2sj brz-css-hns7y3\">\n<div id=\"\" class=\"brz-css-1df2j3c brz-css-jbzvwv brz-wrapper\">\n<div class=\"brz-image brz-css-1kegp10 brz-css-26s92b\" data-brz-custom-id=\"nkuzqgweliwsgffhkqdorvpqmnqktcspulze\"><img decoding=\"async\" class=\"brz-img\" src=\"https:\/\/atheneepalace.intercontinental.com\/wp-content\/uploads\/2023\/05\/kjsb3.jpg\" alt=\"\" title=\"kjsb3\" loading=\"lazy\"><\/div>\n<\/div>\n<div id=\"\" class=\"brz-css-1df2j3c brz-css-8b1ne5 brz-wrapper\">\n<div class=\"brz-rich-text brz-rich-text__custom brz-css-102s3k brz-css-1bxb77q\" data-brz-custom-id=\"ftdumwrifqxnipyevvsftnrcqrcmivyclnpw\">\n<div data-brz-translate-text=\"1\">\n<p class=\"brz-text-lg-center brz-tp-lg-paragraph brz-css-gzGCs\" data-uniq-id=\"mfgxj\" data-generated-css=\"brz-css-parso\"><\/p>\n<\/div>\n<\/div>\n<\/div>\n<\/div>\n<\/div>\n<\/div>\n<\/div>\n<\/div>\n<\/div>\n<\/div>\n<\/div>\n<\/section>\n<section id=\"90006a45a3c899532002_zjqqiztsznmvyrcydhgvymcmwrexriqqnfbh\" class=\"brz-section brz-css-1f5fb6m brz-css-1lq3t14\">\n<div class=\"brz-section__content brz-section--fullWidth brz-css-11r2grw brz-css-1o1bhy\" data-brz-custom-id=\"dmjrcsiagyquxhtkjwbpzzntxwdqkqdhjqtm\">\n<div class=\"brz-container brz-css-1rlhrws brz-css-19wizn8\">\n<div id=\"\" class=\"brz-css-1df2j3c brz-css-11p1urp brz-wrapper\">\n<div class=\"brz-rich-text brz-rich-text__custom brz-css-102s3k brz-css-10arpd5\" data-brz-custom-id=\"xrdesfiufrzazomzeldsnczcgcmjtkkvtodx\">\n<div data-brz-translate-text=\"1\">\n<p class=\"brz-tp-lg-paragraph brz-text-lg-center ql-align-center brz-css-fQkOw\" data-uniq-id=\"czRAf\" data-generated-css=\"brz-css-u_qnw\"><strong class=\"brz-cp-color7\">Vedere la ora\u0219, zon\u0103 de living cu mas\u0103 de lucru<\/strong><span class=\"brz-cp-color7\"> - Descoperi\u021bi aceast\u0103 suit\u0103 modern\u0103, situat\u0103 la <\/span><strong class=\"brz-cp-color7\">etajul 5 \u00een aripa istoric\u0103<\/strong><span class=\"brz-cp-color7\">, care ofer\u0103 un pat king-size, pardoseal\u0103 din lemn \u0219i un panou inteligent pentru controlul aerului.<\/span><\/p>\n<p class=\"brz-tp-lg-paragraph brz-text-lg-center ql-align-center brz-css-e5mjO\" data-uniq-id=\"vAVxB\" data-generated-css=\"brz-css-rii0D\"><span class=\"brz-cp-color7\"> <\/span><\/p>\n<p class=\"brz-tp-lg-paragraph brz-text-lg-center ql-align-center brz-css-x7Bmc\" data-uniq-id=\"rie0M\" data-generated-css=\"brz-css-umWnf\"><span class=\"brz-cp-color7\">Suita include o zon\u0103 de living separat\u0103 cu mas\u0103 de dining\/lucru, mas\u0103 de cafea \u0219i fotoliu confortabil, precum \u0219i un balcon mobilat cu vedere la ora\u0219. <\/span><\/p>\n<p class=\"brz-tp-lg-paragraph brz-text-lg-center ql-align-center brz-css-cxox9\" data-uniq-id=\"kePjj\" data-generated-css=\"brz-css-tokxe\"><span class=\"brz-cp-color7\"> <\/span><\/p>\n<p class=\"brz-tp-lg-paragraph brz-text-lg-center ql-align-center brz-css-hLKHQ\" data-uniq-id=\"rVQSv\" data-generated-css=\"brz-css-jy0be\"><span class=\"brz-cp-color7\">You can adjust temperature and air flow via the touchscreen panel and request &#8220;Do Not Disturb&#8221; or housekeeping services.<\/span><\/p>\n<p class=\"brz-tp-lg-paragraph brz-text-lg-center ql-align-center brz-css-wUQBX\" data-uniq-id=\"xCP15\" data-generated-css=\"brz-css-a2Rjk\"><span class=\"brz-cp-color7\"> <\/span><\/p>\n<p class=\"brz-tp-lg-paragraph brz-text-lg-center ql-align-center brz-css-c49Cd\" data-uniq-id=\"utBtY\" data-generated-css=\"brz-css-xmBWs\"><span class=\"brz-cp-color7\">Baia elegant\u0103, cu pere\u021bi din marmur\u0103 \u0219i cabin\u0103 de du\u0219, ofer\u0103 articole de toalet\u0103 exclusiviste.<\/span><\/p>\n<p class=\"brz-tp-lg-paragraph brz-text-lg-center ql-align-center brz-css-r2Sxd\" data-uniq-id=\"qkJJq\" data-generated-css=\"brz-css-aQlI1\"><span class=\"brz-cp-color7\"> <\/span><\/p>\n<p class=\"brz-tp-lg-paragraph brz-text-lg-center ql-align-center brz-css-x68I1\" data-uniq-id=\"x0PV5\" data-generated-css=\"brz-css-eq2PW\"><span class=\"brz-cp-color7\">Facilit\u0103\u021bi suplimentare: Wi-Fi gratuit, espressor, halate de baie pufoase, papuci.<\/span><\/p>\n<p class=\"brz-tp-lg-paragraph brz-text-lg-center brz-css-s0YBC\" data-uniq-id=\"xkM1d\" data-generated-css=\"brz-css-rmLjH\"><\/p>\n<p class=\"brz-tp-lg-paragraph brz-css-m9DtT\" data-uniq-id=\"scvDn\" data-generated-css=\"brz-css-eNnPq\"><\/p>\n<\/div>\n<\/div>\n<\/div>\n<div class=\"brz-wrapper-clone brz-flex-xs-wrap brz-css-1wi7b5q brz-css-1iiyppy\" data-brz-custom-id=\"aSTPbRbVbaVf\"><a class=\"brz-a brz-btn brz-css-1ylvtgh brz-css-15cb407 brz-css-wqxs27 brz-css-1x7yyic\" href=\"https:\/\/my.treedis.com\/tour\/intercontinental-athenee-palace-bucharest-45f2b?s=7361m7mgzhnkuq05s4x7wnacd&amp;x=-9.189362979267912&amp;y=-80.57904707049241\" target=\"_blank\" rel=\"noopener\" data-brz-link-type=\"external\" data-brz-custom-id=\"tY0Svln9BvrZ\"><span data-brz-translate-text=\"1\" class=\"brz-span brz-text__editor\">TUR VIRTUAL<\/span><\/a><\/div>\n<\/div>\n<\/div>\n<\/section>\n<\/div>\n<p>    <!-- version:1760082559 --><\/p>","protected":false},"excerpt":{"rendered":"<p>King Junior Suite Balcony City view, living area with workspace, balcony \u2013 Discover this modern suite on the 5th floor of the historic wing, featuring a king-size bed, wooden floors, and an intelligent air control panel. The suite includes a separate living area with a dining\/work table, coffee table, and comfortable armchair, plus a furnished [&hellip;]<\/p>\n","protected":false},"author":1,"featured_media":0,"parent":18,"menu_order":0,"comment_status":"closed","ping_status":"closed","template":"brizy-blank-template.php","meta":{"site-sidebar-layout":"default","site-content-layout":"default","ast-site-content-layout":"default","site-content-style":"default","site-sidebar-style":"default","ast-global-header-display":"","ast-banner-title-visibility":"","ast-main-header-display":"","ast-hfb-above-header-display":"","ast-hfb-below-header-display":"","ast-hfb-mobile-header-display":"","site-post-title":"","ast-breadcrumbs-content":"","ast-featured-img":"","footer-sml-layout":"","ast-disable-related-posts":"","theme-transparent-header-meta":"default","adv-header-id-meta":"","stick-header-meta":"","header-above-stick-meta":"","header-main-stick-meta":"","header-below-stick-meta":"","astra-migrate-meta-layouts":"default","ast-page-background-enabled":"default","ast-page-background-meta":{"desktop":{"background-color":"var(--ast-global-color-4)","background-image":"","background-repeat":"repeat","background-position":"center center","background-size":"auto","background-attachment":"scroll","background-type":"","background-media":"","overlay-type":"","overlay-color":"","overlay-opacity":"","overlay-gradient":""},"tablet":{"background-color":"","background-image":"","background-repeat":"repeat","background-position":"center center","background-size":"auto","background-attachment":"scroll","background-type":"","background-media":"","overlay-type":"","overlay-color":"","overlay-opacity":"","overlay-gradient":""},"mobile":{"background-color":"","background-image":"","background-repeat":"repeat","background-position":"center center","background-size":"auto","background-attachment":"scroll","background-type":"","background-media":"","overlay-type":"","overlay-color":"","overlay-opacity":"","overlay-gradient":""}},"ast-content-background-meta":{"desktop":{"background-color":"var(--ast-global-color-5)","background-image":"","background-repeat":"repeat","background-position":"center center","background-size":"auto","background-attachment":"scroll","background-type":"","background-media":"","overlay-type":"","overlay-color":"","overlay-opacity":"","overlay-gradient":""},"tablet":{"background-color":"var(--ast-global-color-5)","background-image":"","background-repeat":"repeat","background-position":"center center","background-size":"auto","background-attachment":"scroll","background-type":"","background-media":"","overlay-type":"","overlay-color":"","overlay-opacity":"","overlay-gradient":""},"mobile":{"background-color":"var(--ast-global-color-5)","background-image":"","background-repeat":"repeat","background-position":"center center","background-size":"auto","background-attachment":"scroll","background-type":"","background-media":"","overlay-type":"","overlay-color":"","overlay-opacity":"","overlay-gradient":""}},"footnotes":""},"class_list":["post-1680","page","type-page","status-publish","hentry"],"yoast_head":"<!-- This site is optimized with the Yoast SEO plugin v27.6 - https:\/\/yoast.com\/product\/yoast-seo-wordpress\/ -->\n<title>King Junior Suite Balcony - InterContinental Athenee Palace<\/title>\n<meta name=\"robots\" content=\"index, follow, max-snippet:-1, max-image-preview:large, max-video-preview:-1\" \/>\n<link rel=\"canonical\" href=\"https:\/\/atheneepalace.intercontinental.com\/ro\/rooms-suites\/king-junior-suite-balcony\/\" \/>\n<meta property=\"og:locale\" content=\"ro_RO\" \/>\n<meta property=\"og:type\" content=\"article\" \/>\n<meta property=\"og:title\" content=\"King Junior Suite Balcony - InterContinental Athenee Palace\" \/>\n<meta property=\"og:description\" content=\"King Junior Suite Balcony City view, living area with workspace, balcony \u2013 Discover this modern suite on the 5th floor of the historic wing, featuring a king-size bed, wooden floors, and an intelligent air control panel. The suite includes a separate living area with a dining\/work table, coffee table, and comfortable armchair, plus a furnished [&hellip;]\" \/>\n<meta property=\"og:url\" content=\"https:\/\/atheneepalace.intercontinental.com\/ro\/rooms-suites\/king-junior-suite-balcony\/\" \/>\n<meta property=\"og:site_name\" content=\"InterContinental Athenee Palace\" \/>\n<meta property=\"article:publisher\" content=\"https:\/\/www.facebook.com\/icatheneepalacebucharest\" \/>\n<meta property=\"article:modified_time\" content=\"2026-05-13T10:32:58+00:00\" \/>\n<meta property=\"og:image\" content=\"https:\/\/atheneepalace.intercontinental.com\/wp-content\/uploads\/2023\/05\/ic.jpg\" \/>\n<meta name=\"twitter:card\" content=\"summary_large_image\" \/>\n<meta name=\"twitter:label1\" content=\"Timp estimat pentru citire\" \/>\n\t<meta name=\"twitter:data1\" content=\"1 minut\" \/>\n<script type=\"application\/ld+json\" class=\"yoast-schema-graph\">{\"@context\":\"https:\\\/\\\/schema.org\",\"@graph\":[{\"@type\":\"WebPage\",\"@id\":\"https:\\\/\\\/atheneepalace.intercontinental.com\\\/rooms-suites\\\/king-junior-suite-balcony\\\/\",\"url\":\"https:\\\/\\\/atheneepalace.intercontinental.com\\\/rooms-suites\\\/king-junior-suite-balcony\\\/\",\"name\":\"King Junior Suite Balcony - InterContinental Athenee Palace\",\"isPartOf\":{\"@id\":\"https:\\\/\\\/atheneepalace.intercontinental.com\\\/#website\"},\"primaryImageOfPage\":{\"@id\":\"https:\\\/\\\/atheneepalace.intercontinental.com\\\/rooms-suites\\\/king-junior-suite-balcony\\\/#primaryimage\"},\"image\":{\"@id\":\"https:\\\/\\\/atheneepalace.intercontinental.com\\\/rooms-suites\\\/king-junior-suite-balcony\\\/#primaryimage\"},\"thumbnailUrl\":\"https:\\\/\\\/atheneepalace.intercontinental.com\\\/wp-content\\\/uploads\\\/2023\\\/05\\\/ic.jpg\",\"datePublished\":\"2023-05-05T12:13:02+00:00\",\"dateModified\":\"2026-05-13T10:32:58+00:00\",\"breadcrumb\":{\"@id\":\"https:\\\/\\\/atheneepalace.intercontinental.com\\\/rooms-suites\\\/king-junior-suite-balcony\\\/#breadcrumb\"},\"inLanguage\":\"ro-RO\",\"potentialAction\":[{\"@type\":\"ReadAction\",\"target\":[\"https:\\\/\\\/atheneepalace.intercontinental.com\\\/rooms-suites\\\/king-junior-suite-balcony\\\/\"]}]},{\"@type\":\"ImageObject\",\"inLanguage\":\"ro-RO\",\"@id\":\"https:\\\/\\\/atheneepalace.intercontinental.com\\\/rooms-suites\\\/king-junior-suite-balcony\\\/#primaryimage\",\"url\":\"https:\\\/\\\/atheneepalace.intercontinental.com\\\/wp-content\\\/uploads\\\/2023\\\/05\\\/ic.jpg\",\"contentUrl\":\"https:\\\/\\\/atheneepalace.intercontinental.com\\\/wp-content\\\/uploads\\\/2023\\\/05\\\/ic.jpg\"},{\"@type\":\"BreadcrumbList\",\"@id\":\"https:\\\/\\\/atheneepalace.intercontinental.com\\\/rooms-suites\\\/king-junior-suite-balcony\\\/#breadcrumb\",\"itemListElement\":[{\"@type\":\"ListItem\",\"position\":1,\"name\":\"Home\",\"item\":\"https:\\\/\\\/atheneepalace.intercontinental.com\\\/\"},{\"@type\":\"ListItem\",\"position\":2,\"name\":\"Rooms &amp; Suites\",\"item\":\"https:\\\/\\\/atheneepalace.intercontinental.com\\\/ro\\\/rooms-suites\\\/\"},{\"@type\":\"ListItem\",\"position\":3,\"name\":\"King Junior Suite Balcony\"}]},{\"@type\":\"WebSite\",\"@id\":\"https:\\\/\\\/atheneepalace.intercontinental.com\\\/#website\",\"url\":\"https:\\\/\\\/atheneepalace.intercontinental.com\\\/\",\"name\":\"InterContinental Athenee Palace\",\"description\":\"\",\"publisher\":{\"@id\":\"https:\\\/\\\/atheneepalace.intercontinental.com\\\/#organization\"},\"potentialAction\":[{\"@type\":\"SearchAction\",\"target\":{\"@type\":\"EntryPoint\",\"urlTemplate\":\"https:\\\/\\\/atheneepalace.intercontinental.com\\\/?s={search_term_string}\"},\"query-input\":{\"@type\":\"PropertyValueSpecification\",\"valueRequired\":true,\"valueName\":\"search_term_string\"}}],\"inLanguage\":\"ro-RO\"},{\"@type\":\"Organization\",\"@id\":\"https:\\\/\\\/atheneepalace.intercontinental.com\\\/#organization\",\"name\":\"InterContinental Athenee Palace\",\"url\":\"https:\\\/\\\/atheneepalace.intercontinental.com\\\/\",\"logo\":{\"@type\":\"ImageObject\",\"inLanguage\":\"ro-RO\",\"@id\":\"https:\\\/\\\/atheneepalace.intercontinental.com\\\/#\\\/schema\\\/logo\\\/image\\\/\",\"url\":\"https:\\\/\\\/atheneepalace.intercontinental.com\\\/wp-content\\\/uploads\\\/2023\\\/05\\\/Logo-400.png\",\"contentUrl\":\"https:\\\/\\\/atheneepalace.intercontinental.com\\\/wp-content\\\/uploads\\\/2023\\\/05\\\/Logo-400.png\",\"width\":300,\"height\":139,\"caption\":\"InterContinental Athenee Palace\"},\"image\":{\"@id\":\"https:\\\/\\\/atheneepalace.intercontinental.com\\\/#\\\/schema\\\/logo\\\/image\\\/\"},\"sameAs\":[\"https:\\\/\\\/www.facebook.com\\\/icatheneepalacebucharest\",\"https:\\\/\\\/www.linkedin.com\\\/company\\\/intercontinental-athne-palace-bucharest\",\"https:\\\/\\\/www.tripadvisor.co.uk\\\/Hotel_Review-g294458-d300679-Reviews-InterContinental_Athenee_Palace_Bucharest_an_IHG_Hotel-Bucharest.html\",\"https:\\\/\\\/www.instagram.com\\\/icatheneepalacebucharest\\\/\"]}]}<\/script>\n<!-- \/ Yoast SEO plugin. -->","yoast_head_json":{"title":"King Junior Suite Balcony - InterContinental Athenee Palace","robots":{"index":"index","follow":"follow","max-snippet":"max-snippet:-1","max-image-preview":"max-image-preview:large","max-video-preview":"max-video-preview:-1"},"canonical":"https:\/\/atheneepalace.intercontinental.com\/ro\/rooms-suites\/king-junior-suite-balcony\/","og_locale":"ro_RO","og_type":"article","og_title":"King Junior Suite Balcony - InterContinental Athenee Palace","og_description":"King Junior Suite Balcony City view, living area with workspace, balcony \u2013 Discover this modern suite on the 5th floor of the historic wing, featuring a king-size bed, wooden floors, and an intelligent air control panel. The suite includes a separate living area with a dining\/work table, coffee table, and comfortable armchair, plus a furnished [&hellip;]","og_url":"https:\/\/atheneepalace.intercontinental.com\/ro\/rooms-suites\/king-junior-suite-balcony\/","og_site_name":"InterContinental Athenee Palace","article_publisher":"https:\/\/www.facebook.com\/icatheneepalacebucharest","article_modified_time":"2026-05-13T10:32:58+00:00","og_image":[{"url":"https:\/\/atheneepalace.intercontinental.com\/wp-content\/uploads\/2023\/05\/ic.jpg","type":"","width":"","height":""}],"twitter_card":"summary_large_image","twitter_misc":{"Timp estimat pentru citire":"1 minut"},"schema":{"@context":"https:\/\/schema.org","@graph":[{"@type":"WebPage","@id":"https:\/\/atheneepalace.intercontinental.com\/rooms-suites\/king-junior-suite-balcony\/","url":"https:\/\/atheneepalace.intercontinental.com\/rooms-suites\/king-junior-suite-balcony\/","name":"King Junior Suite Balcony - InterContinental Athenee Palace","isPartOf":{"@id":"https:\/\/atheneepalace.intercontinental.com\/#website"},"primaryImageOfPage":{"@id":"https:\/\/atheneepalace.intercontinental.com\/rooms-suites\/king-junior-suite-balcony\/#primaryimage"},"image":{"@id":"https:\/\/atheneepalace.intercontinental.com\/rooms-suites\/king-junior-suite-balcony\/#primaryimage"},"thumbnailUrl":"https:\/\/atheneepalace.intercontinental.com\/wp-content\/uploads\/2023\/05\/ic.jpg","datePublished":"2023-05-05T12:13:02+00:00","dateModified":"2026-05-13T10:32:58+00:00","breadcrumb":{"@id":"https:\/\/atheneepalace.intercontinental.com\/rooms-suites\/king-junior-suite-balcony\/#breadcrumb"},"inLanguage":"ro-RO","potentialAction":[{"@type":"ReadAction","target":["https:\/\/atheneepalace.intercontinental.com\/rooms-suites\/king-junior-suite-balcony\/"]}]},{"@type":"ImageObject","inLanguage":"ro-RO","@id":"https:\/\/atheneepalace.intercontinental.com\/rooms-suites\/king-junior-suite-balcony\/#primaryimage","url":"https:\/\/atheneepalace.intercontinental.com\/wp-content\/uploads\/2023\/05\/ic.jpg","contentUrl":"https:\/\/atheneepalace.intercontinental.com\/wp-content\/uploads\/2023\/05\/ic.jpg"},{"@type":"BreadcrumbList","@id":"https:\/\/atheneepalace.intercontinental.com\/rooms-suites\/king-junior-suite-balcony\/#breadcrumb","itemListElement":[{"@type":"ListItem","position":1,"name":"Home","item":"https:\/\/atheneepalace.intercontinental.com\/"},{"@type":"ListItem","position":2,"name":"Rooms &amp; Suites","item":"https:\/\/atheneepalace.intercontinental.com\/ro\/rooms-suites\/"},{"@type":"ListItem","position":3,"name":"King Junior Suite Balcony"}]},{"@type":"WebSite","@id":"https:\/\/atheneepalace.intercontinental.com\/#website","url":"https:\/\/atheneepalace.intercontinental.com\/","name":"InterContinental Athenee Palace","description":"","publisher":{"@id":"https:\/\/atheneepalace.intercontinental.com\/#organization"},"potentialAction":[{"@type":"SearchAction","target":{"@type":"EntryPoint","urlTemplate":"https:\/\/atheneepalace.intercontinental.com\/?s={search_term_string}"},"query-input":{"@type":"PropertyValueSpecification","valueRequired":true,"valueName":"search_term_string"}}],"inLanguage":"ro-RO"},{"@type":"Organization","@id":"https:\/\/atheneepalace.intercontinental.com\/#organization","name":"InterContinental Athenee Palace","url":"https:\/\/atheneepalace.intercontinental.com\/","logo":{"@type":"ImageObject","inLanguage":"ro-RO","@id":"https:\/\/atheneepalace.intercontinental.com\/#\/schema\/logo\/image\/","url":"https:\/\/atheneepalace.intercontinental.com\/wp-content\/uploads\/2023\/05\/Logo-400.png","contentUrl":"https:\/\/atheneepalace.intercontinental.com\/wp-content\/uploads\/2023\/05\/Logo-400.png","width":300,"height":139,"caption":"InterContinental Athenee Palace"},"image":{"@id":"https:\/\/atheneepalace.intercontinental.com\/#\/schema\/logo\/image\/"},"sameAs":["https:\/\/www.facebook.com\/icatheneepalacebucharest","https:\/\/www.linkedin.com\/company\/intercontinental-athne-palace-bucharest","https:\/\/www.tripadvisor.co.uk\/Hotel_Review-g294458-d300679-Reviews-InterContinental_Athenee_Palace_Bucharest_an_IHG_Hotel-Bucharest.html","https:\/\/www.instagram.com\/icatheneepalacebucharest\/"]}]}},"brizy_media":[{"id":1647,"url":"https:\/\/atheneepalace.intercontinental.com\/wp-content\/uploads\/2023\/05\/ic.jpg","name":"ic.jpg","meta":{"brizy_attachment_uid":"wp-4642af4b1b09f8a815a1854a9947c2c6.jpg","brizy_post_uid":["daa464a40dbb6bee4deebfd73ceae5fb","70adbdf77f6b7774869c11cb07c6d941","a5b87360c75ee0036c76ad2917bb6e7f","6a2c64c0202e506520c5294444fc0fcb","7182643b753771ace4aeaea8b88d9994","ee06ead3e5958f39aa2981513ca07307","a96f10446e0c9d533df87d4daf4c6c6b","cc2071778c770f200cfc0b787913eb57","76b376ce36432f139904ae80b35283f7","b2852e04701c81f62f0f3d12d439cbf6","8f69c49462f60c19884c49dca3f00267","21a242d19ff5c757c6f48753d9dda1f6"]}},{"id":1690,"url":"https:\/\/atheneepalace.intercontinental.com\/wp-content\/uploads\/2023\/05\/kjsb3.jpg","name":"kjsb3.jpg","meta":{"brizy_attachment_uid":"wp-ee3f9d4308894a6e430a5fa550d6e28e.jpg","brizy_post_uid":["7182643b753771ace4aeaea8b88d9994","ee06ead3e5958f39aa2981513ca07307"]}},{"id":1691,"url":"https:\/\/atheneepalace.intercontinental.com\/wp-content\/uploads\/2023\/05\/kjsb2.jpg","name":"kjsb2.jpg","meta":{"brizy_attachment_uid":"wp-a5c806561211b900aca4cea66c79788e.jpg","brizy_post_uid":["7182643b753771ace4aeaea8b88d9994","ee06ead3e5958f39aa2981513ca07307"]}},{"id":1692,"url":"https:\/\/atheneepalace.intercontinental.com\/wp-content\/uploads\/2023\/05\/kjsb1.jpg","name":"kjsb1.jpg","meta":{"brizy_attachment_uid":"wp-eef3fb612d544e84c9fc478d000fedd3.jpg","brizy_post_uid":["7182643b753771ace4aeaea8b88d9994","3a5270cd27fe80c8519818e3d3ccbcb9"]}}],"_links":{"self":[{"href":"https:\/\/atheneepalace.intercontinental.com\/ro\/wp-json\/wp\/v2\/pages\/1680","targetHints":{"allow":["GET"]}}],"collection":[{"href":"https:\/\/atheneepalace.intercontinental.com\/ro\/wp-json\/wp\/v2\/pages"}],"about":[{"href":"https:\/\/atheneepalace.intercontinental.com\/ro\/wp-json\/wp\/v2\/types\/page"}],"author":[{"embeddable":true,"href":"https:\/\/atheneepalace.intercontinental.com\/ro\/wp-json\/wp\/v2\/users\/1"}],"replies":[{"embeddable":true,"href":"https:\/\/atheneepalace.intercontinental.com\/ro\/wp-json\/wp\/v2\/comments?post=1680"}],"version-history":[{"count":14,"href":"https:\/\/atheneepalace.intercontinental.com\/ro\/wp-json\/wp\/v2\/pages\/1680\/revisions"}],"predecessor-version":[{"id":14495,"href":"https:\/\/atheneepalace.intercontinental.com\/ro\/wp-json\/wp\/v2\/pages\/1680\/revisions\/14495"}],"up":[{"embeddable":true,"href":"https:\/\/atheneepalace.intercontinental.com\/ro\/wp-json\/wp\/v2\/pages\/18"}],"wp:attachment":[{"href":"https:\/\/atheneepalace.intercontinental.com\/ro\/wp-json\/wp\/v2\/media?parent=1680"}],"curies":[{"name":"wp","href":"https:\/\/api.w.org\/{rel}","templated":true}]}}