{"id":1773,"date":"2023-05-05T12:59:21","date_gmt":"2023-05-05T12:59:21","guid":{"rendered":"https:\/\/atheneepalace.intercontinental.com\/?page_id=1773"},"modified":"2026-05-13T11:38:12","modified_gmt":"2026-05-13T11:38:12","slug":"king-classic-furnished-balcony","status":"publish","type":"page","link":"https:\/\/atheneepalace.intercontinental.com\/ro\/rooms-suites\/king-classic-furnished-balcony\/","title":{"rendered":"CAMER\u0102 KING CLASIC\u0102 CU BALCON MOBILAT"},"content":{"rendered":"<div class=\"brz-root__container brz-reset-all brz brz-root__container-page\">\n<section id=\"a78997ce797e0ae73e62_wdkxrxkxvcmjhfhqjkahskcaczbknewialmq\" class=\"brz-section brz-css-3jmduy brz-css-k6ev1p\">\n<div class=\"brz-section__content brz-section--fullWidth brz-css-1hxff97 brz-css-1539mhx\" data-brz-custom-id=\"ckevtvonpupqaqfzfvaeyirjaqamjkswzcwc\">\n<div class=\"brz-container brz-css-zxqa2i brz-css-9l6xi6\">\n<div id=\"\" class=\"brz-css-1qttn3a brz-css-ve2x6u brz-wrapper\">\n<div class=\"brz-rich-text brz-rich-text__custom brz-css-h2e70a brz-css-1lu7mbd\" data-brz-custom-id=\"ncggiweurdqbaujabgpjtqftlmhqoifkkmur\">\n<div data-brz-translate-text=\"1\">\n<h2 class=\"brz-tp-lg-heading2 brz-text-lg-center brz-css-s3nw_\" data-uniq-id=\"gkfmf\" data-generated-css=\"brz-css-ohwmt\"><span class=\"brz-capitalize-on brz-cp-color2\">CAMER\u0102 KING CLASIC\u0102 CU BALCON MOBILAT<\/span><\/h2>\n<\/div>\n<\/div>\n<\/div>\n<div id=\"\" class=\"brz-css-1qttn3a brz-css-1exdnae brz-wrapper my-carousel-2\">\n<div class=\"brz-carousel brz-css-insa2n brz-css-1yz55qm\" data-brz-custom-id=\"jwqluvcbtcdxlavziirgctqyxqcjmvjkyymb\">\n<div class=\"brz-carousel__slider\" data-slides-to-show=\"3\" data-slides-to-scroll=\"1\" data-arrows=\"true\" data-dots=\"true\" data-dots-class=\"brz-slick-slider__dots brz-slick-slider__dots--diamond\" data-auto-play=\"false\" data-auto-play-speed=\"3000\" data-swipe=\"true\" data-fade=\"false\" data-transition-speed=\"3.5\" data-responsive=\"%5B%7B%22breakpoint%22%3A991%2C%22settings%22%3A%7B%22slidesToShow%22%3A2%2C%22slidesToScroll%22%3A1%7D%7D%2C%7B%22breakpoint%22%3A767%2C%22settings%22%3A%7B%22slidesToShow%22%3A1%2C%22slidesToScroll%22%3A1%7D%7D%5D\">\n<div class=\"brz-carousel__item\">\n<div class=\"brz-columns brz-css-1xr4ao5 brz-css-1aknj49 brz-css-b1304u\" data-brz-custom-id=\"uctspohzmdlhsfjgiwioolylosncstkkjkbi\">\n<div class=\"brz-column__items brz-css-iynaso brz-css-1sl9riu\">\n<div id=\"\" class=\"brz-css-1qttn3a brz-css-1vc0jin brz-wrapper\">\n<div class=\"brz-image brz-css-15loe1w brz-css-9sowu5\" data-brz-custom-id=\"tsgwojnexgsubxekqnpgnhrcptupbyeiccyg\"><img decoding=\"async\" class=\"brz-img\" src=\"https:\/\/atheneepalace.intercontinental.com\/wp-content\/uploads\/2023\/05\/ic.jpg\" alt=\"\" title=\"ic\" loading=\"lazy\"><\/div>\n<\/div>\n<div id=\"\" class=\"brz-css-1qttn3a brz-css-1qd6fv6 brz-wrapper\">\n<div class=\"brz-rich-text brz-rich-text__custom brz-css-h2e70a brz-css-avfui9\" data-brz-custom-id=\"ldzbgmarhegzhjytbfogitgzobtvfakpzkvo\">\n<div data-brz-translate-text=\"1\">\n<p class=\"brz-text-lg-center brz-tp-lg-paragraph brz-css-wnM_E\" data-uniq-id=\"vawea\" data-generated-css=\"brz-css-dsujz\"><\/p>\n<\/div>\n<\/div>\n<\/div>\n<\/div>\n<\/div>\n<\/div>\n<div class=\"brz-carousel__item\">\n<div class=\"brz-columns brz-css-1xr4ao5 brz-css-1aknj49 brz-css-cge7ks\" data-brz-custom-id=\"svshrtntuoyhcodxtztutbqwliezjdfsebhe\">\n<div class=\"brz-column__items brz-css-iynaso brz-css-h7oyll\">\n<div id=\"\" class=\"brz-css-1qttn3a brz-css-1xauzih brz-wrapper\">\n<div class=\"brz-image brz-css-1442ru brz-css-dzeulq\" data-brz-custom-id=\"blhczfvzotcyxshbtnzujuvjzmlsvcruvnme\"><img decoding=\"async\" class=\"brz-img\" src=\"https:\/\/atheneepalace.intercontinental.com\/wp-content\/uploads\/2023\/05\/kcfb1.jpg\" alt=\"\" title=\"kcfb1\" loading=\"lazy\"><\/div>\n<\/div>\n<div id=\"\" class=\"brz-css-1qttn3a brz-css-1g0xsnj brz-wrapper\">\n<div class=\"brz-rich-text brz-rich-text__custom brz-css-h2e70a brz-css-11lmtae\" data-brz-custom-id=\"wcaukelyqgrquijntrvudxyoiqurfsbiemwn\">\n<div data-brz-translate-text=\"1\">\n<p class=\"brz-text-lg-center brz-tp-lg-paragraph brz-css-rDgxq\" data-uniq-id=\"khrna\" data-generated-css=\"brz-css-ilgjc\"><\/p>\n<\/div>\n<\/div>\n<\/div>\n<\/div>\n<\/div>\n<\/div>\n<div class=\"brz-carousel__item\">\n<div class=\"brz-columns brz-css-1xr4ao5 brz-css-1aknj49 brz-css-17g8jd8\" data-brz-custom-id=\"awpaiyhzouxwfqamxpqltrxttojtubokqurh\">\n<div class=\"brz-column__items brz-css-iynaso brz-css-u2fb74\">\n<div id=\"\" class=\"brz-css-1qttn3a brz-css-kqa8v4 brz-wrapper\">\n<div class=\"brz-image brz-css-5v13t4 brz-css-vmcfpd\" data-brz-custom-id=\"wlxlmtgayqnpncyuewoqvvkgvsnpitavwhiz\"><img decoding=\"async\" class=\"brz-img\" src=\"https:\/\/atheneepalace.intercontinental.com\/wp-content\/uploads\/2023\/05\/kcfb2.jpg\" alt=\"\" title=\"kcfb2\" loading=\"lazy\"><\/div>\n<\/div>\n<div id=\"\" class=\"brz-css-1qttn3a brz-css-n45erg brz-wrapper\">\n<div class=\"brz-rich-text brz-rich-text__custom brz-css-h2e70a brz-css-1jewobc\" data-brz-custom-id=\"avphmagdpszzndmpzmnvjtlzbhrlxeyfyowe\">\n<div data-brz-translate-text=\"1\">\n<p class=\"brz-text-lg-center brz-tp-lg-paragraph brz-css-a3hmO\" data-uniq-id=\"dxrcp\" data-generated-css=\"brz-css-jjatq\"><\/p>\n<\/div>\n<\/div>\n<\/div>\n<\/div>\n<\/div>\n<\/div>\n<div class=\"brz-carousel__item\">\n<div class=\"brz-columns brz-css-1xr4ao5 brz-css-1aknj49 brz-css-9k3qvo\" data-brz-custom-id=\"jbrpzfxzigaglwdnurhpzhuvsekkamvfqhhd\">\n<div class=\"brz-column__items brz-css-iynaso brz-css-1sydhuz\">\n<div id=\"\" class=\"brz-css-1qttn3a brz-css-1r03p88 brz-wrapper\">\n<div class=\"brz-image brz-css-442y0w brz-css-14a0dda\" data-brz-custom-id=\"pwcuogfrmastbeqwmrlfhmcfyypwsziueeei\"><img decoding=\"async\" class=\"brz-img\" src=\"https:\/\/atheneepalace.intercontinental.com\/wp-content\/uploads\/2023\/05\/pr2.jpg\" alt=\"\" title=\"pr2\" loading=\"lazy\"><\/div>\n<\/div>\n<div id=\"\" class=\"brz-css-1qttn3a brz-css-c62yyq brz-wrapper\">\n<div class=\"brz-rich-text brz-rich-text__custom brz-css-h2e70a brz-css-maklcz\" data-brz-custom-id=\"rctkgfwdkmniyavgkifwhtrsexatrzlpvlrw\">\n<div data-brz-translate-text=\"1\">\n<p class=\"brz-text-lg-center brz-tp-lg-paragraph brz-css-sL8oD\" data-uniq-id=\"mfgxj\" data-generated-css=\"brz-css-parso\"><\/p>\n<\/div>\n<\/div>\n<\/div>\n<\/div>\n<\/div>\n<\/div>\n<\/div>\n<\/div>\n<\/div>\n<\/div>\n<\/div>\n<\/section>\n<section id=\"2205c9e6093b14112372_mksbbzzmztolxbokygvvgqguqxhnappknakh\" class=\"brz-section brz-css-3jmduy brz-css-1jrslnu\">\n<div class=\"brz-section__content brz-section--boxed brz-css-1hxff97 brz-css-2t0ian\" data-brz-custom-id=\"tzhozkxnalhfuhhwwsmrnedisycemswhtoqe\">\n<div class=\"brz-container brz-css-zxqa2i brz-css-15fny9f\">\n<div id=\"\" class=\"brz-css-1qttn3a brz-css-5o9jr4 brz-wrapper\">\n<div class=\"brz-rich-text brz-rich-text__custom brz-css-h2e70a brz-css-1oiicpd\" data-brz-custom-id=\"ggwzlmkbpdkghvqknicvpkymopyuawianqpp\">\n<div data-brz-translate-text=\"1\">\n<p class=\"ql-align-center brz-text-lg-center brz-tp-lg-paragraph brz-css-nK5jJ\" data-generated-css=\"brz-css-psaJi\" data-uniq-id=\"wOGTY\"><strong class=\"brz-cp-color7\">Vedere la ora\u0219, balcon, Wi-Fi gratuit, mas\u0103 de lucru<\/strong><span class=\"brz-cp-color7\"> Aceast\u0103 camer\u0103 modern\u0103 cu balcon mobilat are vedere la Palatul Regal, Ateneul Rom\u00e2n sau calea Victoriei.<\/span><\/p>\n<p class=\"ql-align-center brz-text-lg-center brz-tp-lg-paragraph brz-css-zuSgF\" data-generated-css=\"brz-css-qzzVT\" data-uniq-id=\"q4ZSQ\"><span class=\"brz-cp-color7\"> <\/span><\/p>\n<p class=\"ql-align-center brz-text-lg-center brz-tp-lg-paragraph brz-css-lnlrt\" data-generated-css=\"brz-css-fsUq0\" data-uniq-id=\"eiEu_\"><span class=\"brz-cp-color7\">Featuring wooden floors, a king-size bed, and business facilities, it combines comfort and elegance. You can adjust temperature and air flow via the touchscreen panel and request &#8220;Do Not Disturb&#8221; or housekeeping services.<\/span><\/p>\n<p class=\"ql-align-center brz-text-lg-center brz-tp-lg-paragraph brz-css-wPjBW\" data-generated-css=\"brz-css-wgFQI\" data-uniq-id=\"ieJHX\"><span class=\"brz-cp-color7\"> <\/span><\/p>\n<p class=\"ql-align-center brz-text-lg-center brz-tp-lg-paragraph brz-css-rFUag\" data-generated-css=\"brz-css-cHgkk\" data-uniq-id=\"fbkGX\"><span class=\"brz-cp-color7\">Baia, cu pere\u021bi din marmur\u0103 \u0219i cabin\u0103 de du\u0219 cu efect de ploaie, include articole de toalet\u0103 exclusiviste. <\/span><\/p>\n<p class=\"ql-align-center brz-text-lg-center brz-tp-lg-paragraph brz-css-xZzfS\" data-generated-css=\"brz-css-jGpvs\" data-uniq-id=\"f8bHQ\"><span class=\"brz-cp-color7\"> <\/span><\/p>\n<p class=\"ql-align-center brz-text-lg-center brz-tp-lg-paragraph brz-css-vVc_I\" data-generated-css=\"brz-css-bTbOE\" data-uniq-id=\"xUW0I\"><span class=\"brz-cp-color7\"> Alte facilit\u0103\u021bi includ aparat de preparat ceai \u0219i cafea, halate de baie, papuci, priz\u0103 USB, mini-frigider \u0219i seif. <\/span><\/p>\n<p class=\"ql-align-center brz-text-lg-center brz-tp-lg-paragraph brz-css-ovD95\" data-generated-css=\"brz-css-oZGfR\" data-uniq-id=\"vCA8Z\"><span class=\"brz-cp-color7\"> <\/span><\/p>\n<p class=\"brz-tp-lg-paragraph ql-align-center brz-text-lg-center brz-css-skzGH\" data-generated-css=\"brz-css-rRwVn\" data-uniq-id=\"rcvch\"><strong class=\"brz-cp-color7\">Disponibil\u0103 doar la etajul 5, \u00een aripa istoric\u0103.<\/strong><\/p>\n<\/div>\n<\/div>\n<\/div>\n<div class=\"brz-wrapper-clone brz-flex-xs-wrap brz-css-10ktllk brz-css-ogcv6n\" data-brz-custom-id=\"vcDRjN8YvRXg\"><a class=\"brz-a brz-btn brz-css-4pg4dv brz-css-ln1ldp brz-css-1yqwqnh brz-css-1qo8tw3\" href=\"https:\/\/my.treedis.com\/tour\/intercontinental-athenee-palace-bucharest-45f2b?s=6tppikfwmrkz3zydhr21prc7c&amp;x=-7.201307824826251&amp;y=-79.4825093714168\" target=\"_blank\" rel=\"noopener\" data-brz-link-type=\"external\" data-brz-custom-id=\"f3XkOpoc6u4g\"><span data-brz-translate-text=\"1\" class=\"brz-span brz-text__editor\">TUR VIRTUAL<\/span><\/a><\/div>\n<\/div>\n<\/div>\n<\/section>\n<\/div>\n<p>    <!-- version:1760082457 --><\/p>","protected":false},"excerpt":{"rendered":"<p>King Classic Furnished Balcony City view, furnished balcony, free Wi-Fi, workspace \u2013 This modern room with a furnished balcony offers views of the Royal Palace, Romanian Athenaeum, or Calea Victoriei. Featuring wooden floors, a king-size bed, and business facilities, it combines comfort and elegance. You can adjust temperature and air flow via the touchscreen panel [&hellip;]<\/p>\n","protected":false},"author":1,"featured_media":0,"parent":18,"menu_order":0,"comment_status":"closed","ping_status":"closed","template":"brizy-blank-template.php","meta":{"site-sidebar-layout":"default","site-content-layout":"default","ast-site-content-layout":"default","site-content-style":"default","site-sidebar-style":"default","ast-global-header-display":"","ast-banner-title-visibility":"","ast-main-header-display":"","ast-hfb-above-header-display":"","ast-hfb-below-header-display":"","ast-hfb-mobile-header-display":"","site-post-title":"","ast-breadcrumbs-content":"","ast-featured-img":"","footer-sml-layout":"","ast-disable-related-posts":"","theme-transparent-header-meta":"default","adv-header-id-meta":"","stick-header-meta":"","header-above-stick-meta":"","header-main-stick-meta":"","header-below-stick-meta":"","astra-migrate-meta-layouts":"default","ast-page-background-enabled":"default","ast-page-background-meta":{"desktop":{"background-color":"var(--ast-global-color-4)","background-image":"","background-repeat":"repeat","background-position":"center center","background-size":"auto","background-attachment":"scroll","background-type":"","background-media":"","overlay-type":"","overlay-color":"","overlay-opacity":"","overlay-gradient":""},"tablet":{"background-color":"","background-image":"","background-repeat":"repeat","background-position":"center center","background-size":"auto","background-attachment":"scroll","background-type":"","background-media":"","overlay-type":"","overlay-color":"","overlay-opacity":"","overlay-gradient":""},"mobile":{"background-color":"","background-image":"","background-repeat":"repeat","background-position":"center center","background-size":"auto","background-attachment":"scroll","background-type":"","background-media":"","overlay-type":"","overlay-color":"","overlay-opacity":"","overlay-gradient":""}},"ast-content-background-meta":{"desktop":{"background-color":"var(--ast-global-color-5)","background-image":"","background-repeat":"repeat","background-position":"center center","background-size":"auto","background-attachment":"scroll","background-type":"","background-media":"","overlay-type":"","overlay-color":"","overlay-opacity":"","overlay-gradient":""},"tablet":{"background-color":"var(--ast-global-color-5)","background-image":"","background-repeat":"repeat","background-position":"center center","background-size":"auto","background-attachment":"scroll","background-type":"","background-media":"","overlay-type":"","overlay-color":"","overlay-opacity":"","overlay-gradient":""},"mobile":{"background-color":"var(--ast-global-color-5)","background-image":"","background-repeat":"repeat","background-position":"center center","background-size":"auto","background-attachment":"scroll","background-type":"","background-media":"","overlay-type":"","overlay-color":"","overlay-opacity":"","overlay-gradient":""}},"footnotes":""},"class_list":["post-1773","page","type-page","status-publish","hentry"],"yoast_head":"<!-- This site is optimized with the Yoast SEO plugin v27.6 - https:\/\/yoast.com\/product\/yoast-seo-wordpress\/ -->\n<title>King Classic Furnished Balcony - InterContinental Athenee Palace<\/title>\n<meta name=\"robots\" content=\"index, follow, max-snippet:-1, max-image-preview:large, max-video-preview:-1\" \/>\n<link rel=\"canonical\" href=\"https:\/\/atheneepalace.intercontinental.com\/ro\/rooms-suites\/king-classic-furnished-balcony\/\" \/>\n<meta property=\"og:locale\" content=\"ro_RO\" \/>\n<meta property=\"og:type\" content=\"article\" \/>\n<meta property=\"og:title\" content=\"King Classic Furnished Balcony - InterContinental Athenee Palace\" \/>\n<meta property=\"og:description\" content=\"King Classic Furnished Balcony City view, furnished balcony, free Wi-Fi, workspace \u2013 This modern room with a furnished balcony offers views of the Royal Palace, Romanian Athenaeum, or Calea Victoriei. Featuring wooden floors, a king-size bed, and business facilities, it combines comfort and elegance. You can adjust temperature and air flow via the touchscreen panel [&hellip;]\" \/>\n<meta property=\"og:url\" content=\"https:\/\/atheneepalace.intercontinental.com\/ro\/rooms-suites\/king-classic-furnished-balcony\/\" \/>\n<meta property=\"og:site_name\" content=\"InterContinental Athenee Palace\" \/>\n<meta property=\"article:publisher\" content=\"https:\/\/www.facebook.com\/icatheneepalacebucharest\" \/>\n<meta property=\"article:modified_time\" content=\"2026-05-13T11:38:12+00:00\" \/>\n<meta property=\"og:image\" content=\"https:\/\/atheneepalace.intercontinental.com\/wp-content\/uploads\/2023\/05\/ic.jpg\" \/>\n<meta name=\"twitter:card\" content=\"summary_large_image\" \/>\n<meta name=\"twitter:label1\" content=\"Timp estimat pentru citire\" \/>\n\t<meta name=\"twitter:data1\" content=\"1 minut\" \/>\n<script type=\"application\/ld+json\" class=\"yoast-schema-graph\">{\"@context\":\"https:\\\/\\\/schema.org\",\"@graph\":[{\"@type\":\"WebPage\",\"@id\":\"https:\\\/\\\/atheneepalace.intercontinental.com\\\/rooms-suites\\\/king-classic-furnished-balcony\\\/\",\"url\":\"https:\\\/\\\/atheneepalace.intercontinental.com\\\/rooms-suites\\\/king-classic-furnished-balcony\\\/\",\"name\":\"King Classic Furnished Balcony - InterContinental Athenee Palace\",\"isPartOf\":{\"@id\":\"https:\\\/\\\/atheneepalace.intercontinental.com\\\/#website\"},\"primaryImageOfPage\":{\"@id\":\"https:\\\/\\\/atheneepalace.intercontinental.com\\\/rooms-suites\\\/king-classic-furnished-balcony\\\/#primaryimage\"},\"image\":{\"@id\":\"https:\\\/\\\/atheneepalace.intercontinental.com\\\/rooms-suites\\\/king-classic-furnished-balcony\\\/#primaryimage\"},\"thumbnailUrl\":\"https:\\\/\\\/atheneepalace.intercontinental.com\\\/wp-content\\\/uploads\\\/2023\\\/05\\\/ic.jpg\",\"datePublished\":\"2023-05-05T12:59:21+00:00\",\"dateModified\":\"2026-05-13T11:38:12+00:00\",\"breadcrumb\":{\"@id\":\"https:\\\/\\\/atheneepalace.intercontinental.com\\\/rooms-suites\\\/king-classic-furnished-balcony\\\/#breadcrumb\"},\"inLanguage\":\"ro-RO\",\"potentialAction\":[{\"@type\":\"ReadAction\",\"target\":[\"https:\\\/\\\/atheneepalace.intercontinental.com\\\/rooms-suites\\\/king-classic-furnished-balcony\\\/\"]}]},{\"@type\":\"ImageObject\",\"inLanguage\":\"ro-RO\",\"@id\":\"https:\\\/\\\/atheneepalace.intercontinental.com\\\/rooms-suites\\\/king-classic-furnished-balcony\\\/#primaryimage\",\"url\":\"https:\\\/\\\/atheneepalace.intercontinental.com\\\/wp-content\\\/uploads\\\/2023\\\/05\\\/ic.jpg\",\"contentUrl\":\"https:\\\/\\\/atheneepalace.intercontinental.com\\\/wp-content\\\/uploads\\\/2023\\\/05\\\/ic.jpg\"},{\"@type\":\"BreadcrumbList\",\"@id\":\"https:\\\/\\\/atheneepalace.intercontinental.com\\\/rooms-suites\\\/king-classic-furnished-balcony\\\/#breadcrumb\",\"itemListElement\":[{\"@type\":\"ListItem\",\"position\":1,\"name\":\"Home\",\"item\":\"https:\\\/\\\/atheneepalace.intercontinental.com\\\/\"},{\"@type\":\"ListItem\",\"position\":2,\"name\":\"Rooms &amp; Suites\",\"item\":\"https:\\\/\\\/atheneepalace.intercontinental.com\\\/ro\\\/rooms-suites\\\/\"},{\"@type\":\"ListItem\",\"position\":3,\"name\":\"King Classic Furnished Balcony\"}]},{\"@type\":\"WebSite\",\"@id\":\"https:\\\/\\\/atheneepalace.intercontinental.com\\\/#website\",\"url\":\"https:\\\/\\\/atheneepalace.intercontinental.com\\\/\",\"name\":\"InterContinental Athenee Palace\",\"description\":\"\",\"publisher\":{\"@id\":\"https:\\\/\\\/atheneepalace.intercontinental.com\\\/#organization\"},\"potentialAction\":[{\"@type\":\"SearchAction\",\"target\":{\"@type\":\"EntryPoint\",\"urlTemplate\":\"https:\\\/\\\/atheneepalace.intercontinental.com\\\/?s={search_term_string}\"},\"query-input\":{\"@type\":\"PropertyValueSpecification\",\"valueRequired\":true,\"valueName\":\"search_term_string\"}}],\"inLanguage\":\"ro-RO\"},{\"@type\":\"Organization\",\"@id\":\"https:\\\/\\\/atheneepalace.intercontinental.com\\\/#organization\",\"name\":\"InterContinental Athenee Palace\",\"url\":\"https:\\\/\\\/atheneepalace.intercontinental.com\\\/\",\"logo\":{\"@type\":\"ImageObject\",\"inLanguage\":\"ro-RO\",\"@id\":\"https:\\\/\\\/atheneepalace.intercontinental.com\\\/#\\\/schema\\\/logo\\\/image\\\/\",\"url\":\"https:\\\/\\\/atheneepalace.intercontinental.com\\\/wp-content\\\/uploads\\\/2023\\\/05\\\/Logo-400.png\",\"contentUrl\":\"https:\\\/\\\/atheneepalace.intercontinental.com\\\/wp-content\\\/uploads\\\/2023\\\/05\\\/Logo-400.png\",\"width\":300,\"height\":139,\"caption\":\"InterContinental Athenee Palace\"},\"image\":{\"@id\":\"https:\\\/\\\/atheneepalace.intercontinental.com\\\/#\\\/schema\\\/logo\\\/image\\\/\"},\"sameAs\":[\"https:\\\/\\\/www.facebook.com\\\/icatheneepalacebucharest\",\"https:\\\/\\\/www.linkedin.com\\\/company\\\/intercontinental-athne-palace-bucharest\",\"https:\\\/\\\/www.tripadvisor.co.uk\\\/Hotel_Review-g294458-d300679-Reviews-InterContinental_Athenee_Palace_Bucharest_an_IHG_Hotel-Bucharest.html\",\"https:\\\/\\\/www.instagram.com\\\/icatheneepalacebucharest\\\/\"]}]}<\/script>\n<!-- \/ Yoast SEO plugin. -->","yoast_head_json":{"title":"King Classic Furnished Balcony - InterContinental Athenee Palace","robots":{"index":"index","follow":"follow","max-snippet":"max-snippet:-1","max-image-preview":"max-image-preview:large","max-video-preview":"max-video-preview:-1"},"canonical":"https:\/\/atheneepalace.intercontinental.com\/ro\/rooms-suites\/king-classic-furnished-balcony\/","og_locale":"ro_RO","og_type":"article","og_title":"King Classic Furnished Balcony - InterContinental Athenee Palace","og_description":"King Classic Furnished Balcony City view, furnished balcony, free Wi-Fi, workspace \u2013 This modern room with a furnished balcony offers views of the Royal Palace, Romanian Athenaeum, or Calea Victoriei. Featuring wooden floors, a king-size bed, and business facilities, it combines comfort and elegance. You can adjust temperature and air flow via the touchscreen panel [&hellip;]","og_url":"https:\/\/atheneepalace.intercontinental.com\/ro\/rooms-suites\/king-classic-furnished-balcony\/","og_site_name":"InterContinental Athenee Palace","article_publisher":"https:\/\/www.facebook.com\/icatheneepalacebucharest","article_modified_time":"2026-05-13T11:38:12+00:00","og_image":[{"url":"https:\/\/atheneepalace.intercontinental.com\/wp-content\/uploads\/2023\/05\/ic.jpg","type":"","width":"","height":""}],"twitter_card":"summary_large_image","twitter_misc":{"Timp estimat pentru citire":"1 minut"},"schema":{"@context":"https:\/\/schema.org","@graph":[{"@type":"WebPage","@id":"https:\/\/atheneepalace.intercontinental.com\/rooms-suites\/king-classic-furnished-balcony\/","url":"https:\/\/atheneepalace.intercontinental.com\/rooms-suites\/king-classic-furnished-balcony\/","name":"King Classic Furnished Balcony - InterContinental Athenee Palace","isPartOf":{"@id":"https:\/\/atheneepalace.intercontinental.com\/#website"},"primaryImageOfPage":{"@id":"https:\/\/atheneepalace.intercontinental.com\/rooms-suites\/king-classic-furnished-balcony\/#primaryimage"},"image":{"@id":"https:\/\/atheneepalace.intercontinental.com\/rooms-suites\/king-classic-furnished-balcony\/#primaryimage"},"thumbnailUrl":"https:\/\/atheneepalace.intercontinental.com\/wp-content\/uploads\/2023\/05\/ic.jpg","datePublished":"2023-05-05T12:59:21+00:00","dateModified":"2026-05-13T11:38:12+00:00","breadcrumb":{"@id":"https:\/\/atheneepalace.intercontinental.com\/rooms-suites\/king-classic-furnished-balcony\/#breadcrumb"},"inLanguage":"ro-RO","potentialAction":[{"@type":"ReadAction","target":["https:\/\/atheneepalace.intercontinental.com\/rooms-suites\/king-classic-furnished-balcony\/"]}]},{"@type":"ImageObject","inLanguage":"ro-RO","@id":"https:\/\/atheneepalace.intercontinental.com\/rooms-suites\/king-classic-furnished-balcony\/#primaryimage","url":"https:\/\/atheneepalace.intercontinental.com\/wp-content\/uploads\/2023\/05\/ic.jpg","contentUrl":"https:\/\/atheneepalace.intercontinental.com\/wp-content\/uploads\/2023\/05\/ic.jpg"},{"@type":"BreadcrumbList","@id":"https:\/\/atheneepalace.intercontinental.com\/rooms-suites\/king-classic-furnished-balcony\/#breadcrumb","itemListElement":[{"@type":"ListItem","position":1,"name":"Home","item":"https:\/\/atheneepalace.intercontinental.com\/"},{"@type":"ListItem","position":2,"name":"Rooms &amp; Suites","item":"https:\/\/atheneepalace.intercontinental.com\/ro\/rooms-suites\/"},{"@type":"ListItem","position":3,"name":"King Classic Furnished Balcony"}]},{"@type":"WebSite","@id":"https:\/\/atheneepalace.intercontinental.com\/#website","url":"https:\/\/atheneepalace.intercontinental.com\/","name":"InterContinental Athenee Palace","description":"","publisher":{"@id":"https:\/\/atheneepalace.intercontinental.com\/#organization"},"potentialAction":[{"@type":"SearchAction","target":{"@type":"EntryPoint","urlTemplate":"https:\/\/atheneepalace.intercontinental.com\/?s={search_term_string}"},"query-input":{"@type":"PropertyValueSpecification","valueRequired":true,"valueName":"search_term_string"}}],"inLanguage":"ro-RO"},{"@type":"Organization","@id":"https:\/\/atheneepalace.intercontinental.com\/#organization","name":"InterContinental Athenee Palace","url":"https:\/\/atheneepalace.intercontinental.com\/","logo":{"@type":"ImageObject","inLanguage":"ro-RO","@id":"https:\/\/atheneepalace.intercontinental.com\/#\/schema\/logo\/image\/","url":"https:\/\/atheneepalace.intercontinental.com\/wp-content\/uploads\/2023\/05\/Logo-400.png","contentUrl":"https:\/\/atheneepalace.intercontinental.com\/wp-content\/uploads\/2023\/05\/Logo-400.png","width":300,"height":139,"caption":"InterContinental Athenee Palace"},"image":{"@id":"https:\/\/atheneepalace.intercontinental.com\/#\/schema\/logo\/image\/"},"sameAs":["https:\/\/www.facebook.com\/icatheneepalacebucharest","https:\/\/www.linkedin.com\/company\/intercontinental-athne-palace-bucharest","https:\/\/www.tripadvisor.co.uk\/Hotel_Review-g294458-d300679-Reviews-InterContinental_Athenee_Palace_Bucharest_an_IHG_Hotel-Bucharest.html","https:\/\/www.instagram.com\/icatheneepalacebucharest\/"]}]}},"brizy_media":[{"id":1737,"url":"https:\/\/atheneepalace.intercontinental.com\/wp-content\/uploads\/2023\/05\/pr2.jpg","name":"pr2.jpg","meta":{"brizy_attachment_uid":"wp-eccf10f8e31171420b3e83d95965221a.jpg","brizy_post_uid":["a96f10446e0c9d533df87d4daf4c6c6b","39f02a14861ffdd80e5754fc1ea064c9","76b376ce36432f139904ae80b35283f7","b2852e04701c81f62f0f3d12d439cbf6"]}},{"id":1777,"url":"https:\/\/atheneepalace.intercontinental.com\/wp-content\/uploads\/2023\/05\/kcfb2.jpg","name":"kcfb2.jpg","meta":{"brizy_attachment_uid":"wp-77f6c5ce3db2633085201728711caebf.jpg","brizy_post_uid":["39f02a14861ffdd80e5754fc1ea064c9","4379fa12a6c7f27e78013ab28159c618","cc2071778c770f200cfc0b787913eb57"]}},{"id":1778,"url":"https:\/\/atheneepalace.intercontinental.com\/wp-content\/uploads\/2023\/05\/kcfb1.jpg","name":"kcfb1.jpg","meta":{"brizy_attachment_uid":"wp-e0f926fa0eca1f56febdacd7df76dd94.jpg","brizy_post_uid":["39f02a14861ffdd80e5754fc1ea064c9","7fa6c0fd7de21ba29d43381ceba985bd","3a5270cd27fe80c8519818e3d3ccbcb9"]}}],"_links":{"self":[{"href":"https:\/\/atheneepalace.intercontinental.com\/ro\/wp-json\/wp\/v2\/pages\/1773","targetHints":{"allow":["GET"]}}],"collection":[{"href":"https:\/\/atheneepalace.intercontinental.com\/ro\/wp-json\/wp\/v2\/pages"}],"about":[{"href":"https:\/\/atheneepalace.intercontinental.com\/ro\/wp-json\/wp\/v2\/types\/page"}],"author":[{"embeddable":true,"href":"https:\/\/atheneepalace.intercontinental.com\/ro\/wp-json\/wp\/v2\/users\/1"}],"replies":[{"embeddable":true,"href":"https:\/\/atheneepalace.intercontinental.com\/ro\/wp-json\/wp\/v2\/comments?post=1773"}],"version-history":[{"count":17,"href":"https:\/\/atheneepalace.intercontinental.com\/ro\/wp-json\/wp\/v2\/pages\/1773\/revisions"}],"predecessor-version":[{"id":14487,"href":"https:\/\/atheneepalace.intercontinental.com\/ro\/wp-json\/wp\/v2\/pages\/1773\/revisions\/14487"}],"up":[{"embeddable":true,"href":"https:\/\/atheneepalace.intercontinental.com\/ro\/wp-json\/wp\/v2\/pages\/18"}],"wp:attachment":[{"href":"https:\/\/atheneepalace.intercontinental.com\/ro\/wp-json\/wp\/v2\/media?parent=1773"}],"curies":[{"name":"wp","href":"https:\/\/api.w.org\/{rel}","templated":true}]}}