{"id":1784,"date":"2023-05-05T13:09:51","date_gmt":"2023-05-05T13:09:51","guid":{"rendered":"https:\/\/atheneepalace.intercontinental.com\/?page_id=1784"},"modified":"2025-09-17T08:14:42","modified_gmt":"2025-09-17T08:14:42","slug":"king-classic-balcony","status":"publish","type":"page","link":"https:\/\/atheneepalace.intercontinental.com\/ro\/rooms-suites\/king-classic-balcony\/","title":{"rendered":"CAMER\u0102 KING CLASSIC CU BALCON"},"content":{"rendered":"<div class=\"brz-root__container brz-reset-all brz brz-root__container-page\">\n<section id=\"bc141ac63d54b188437d_yxhzetpjvwasckdiwenseqajfiwdwkfxsxij\" class=\"brz-section brz-css-17wgpqe brz-css-12w5ggb\">\n<div class=\"brz-section__content brz-section--fullWidth brz-css-q4dh3f brz-css-vwafsg\" data-brz-custom-id=\"dnonygpsfqhdaxvdohwpuweiwyttokhptkli\">\n<div class=\"brz-container brz-css-1h54xje brz-css-1q2ubfp\">\n<div id=\"\" class=\"brz-css-128cnao brz-css-dvkndv brz-wrapper\">\n<div class=\"brz-rich-text brz-rich-text__custom brz-css-1r5jtat brz-css-dy42z3\" data-brz-custom-id=\"yhenlhuywcwfkopxndeblhvkotlynaskxfbb\">\n<div data-brz-translate-text=\"1\">\n<h2 class=\"brz-tp-lg-heading2 brz-text-lg-center brz-css-dRmUI\" data-uniq-id=\"ktijd\" data-generated-css=\"brz-css-clxqb\"><span class=\"brz-capitalize-on brz-cp-color2\">CAMER\u0102 KING CLASSIC CU BALCON<\/span><\/h2>\n<\/div>\n<\/div>\n<\/div>\n<div id=\"\" class=\"brz-css-128cnao brz-css-15dpm5f brz-wrapper my-carousel-2\">\n<div class=\"brz-carousel brz-css-43cltp brz-css-26v7t0\" data-brz-custom-id=\"ggggkmguchttdlkfxeamjapheuvxnhprogci\">\n<div class=\"brz-carousel__slider\" data-slides-to-show=\"3\" data-slides-to-scroll=\"1\" data-arrows=\"true\" data-dots=\"true\" data-dots-class=\"brz-slick-slider__dots brz-slick-slider__dots--diamond\" data-auto-play=\"false\" data-auto-play-speed=\"3000\" data-swipe=\"true\" data-fade=\"false\" data-transition-speed=\"3.5\" data-responsive=\"%5B%7B%22breakpoint%22%3A991%2C%22settings%22%3A%7B%22slidesToShow%22%3A2%2C%22slidesToScroll%22%3A1%7D%7D%2C%7B%22breakpoint%22%3A767%2C%22settings%22%3A%7B%22slidesToShow%22%3A1%2C%22slidesToScroll%22%3A1%7D%7D%5D\">\n<div class=\"brz-carousel__item\">\n<div class=\"brz-columns brz-css-1etvmh2 brz-css-ljpmtv brz-css-t487o8\" data-brz-custom-id=\"jmarpmmtuefkkibbeamepbfaykiiafekuzfo\">\n<div class=\"brz-column__items brz-css-xftbct brz-css-dhqxhm\">\n<div id=\"\" class=\"brz-css-128cnao brz-css-jjmqs8 brz-wrapper\">\n<div class=\"brz-image brz-css-rh85t9 brz-css-10hhdxd\" data-brz-custom-id=\"zuimcbuxtokwooccmrxhujlkbijghqzgetbd\"><picture class=\"brz-picture brz-d-block brz-p-relative brz-css-5laydh brz-css-cwl7tm\"><source srcset=\"https:\/\/atheneepalace.intercontinental.com\/wp-content\/uploads\/brizy\/imgs\/DJI_20250128172510_0836_D-Edit_web-4k-634x446x0x9x634x437x1754306958.jpg 1x, https:\/\/atheneepalace.intercontinental.com\/wp-content\/uploads\/brizy\/imgs\/DJI_20250128172510_0836_D-Edit_web-4k-1268x892x0x18x1268x874x1754306958.jpg 2x\" media=\"(min-width: 992px)\"><source srcset=\"https:\/\/atheneepalace.intercontinental.com\/?brizy_media=wp-d19b2c026039c94fd5e2b1cb6f126ea7.jpg&amp;brizy_crop=iW%3D204%26iH%3D143%26oX%3D0%26oY%3D3%26cW%3D204%26cH%3D141 1x, https:\/\/atheneepalace.intercontinental.com\/wp-content\/uploads\/brizy\/imgs\/DJI_20250128172510_0836_D-Edit_web-4k-408x286x0x6x408x282x1754306958.jpg 2x\" media=\"(min-width: 768px)\"><img decoding=\"async\" class=\"brz-img\" srcset=\"https:\/\/atheneepalace.intercontinental.com\/wp-content\/uploads\/brizy\/imgs\/DJI_20250128172510_0836_D-Edit_web-4k-262x184x0x4x262x181x1754306958.jpg 1x, https:\/\/atheneepalace.intercontinental.com\/wp-content\/uploads\/brizy\/imgs\/DJI_20250128172510_0836_D-Edit_web-4k-524x368x0x8x524x362x1754306958.jpg 2x\" src=\"https:\/\/atheneepalace.intercontinental.com\/wp-content\/uploads\/brizy\/imgs\/DJI_20250128172510_0836_D-Edit_web-4k-634x446x0x9x634x437x1754306958.jpg\" alt=\"\" title=\"DJI_20250128172510_0836_D-Edit_web 4k\" draggable=\"false\" loading=\"lazy\"><\/picture><\/div>\n<\/div>\n<div id=\"\" class=\"brz-css-128cnao brz-css-xqx8ad brz-wrapper\">\n<div class=\"brz-rich-text brz-rich-text__custom brz-css-1r5jtat brz-css-io6ukm\" data-brz-custom-id=\"zpbwwhfsgientedujzpdgosewzukxaoeqayr\">\n<div data-brz-translate-text=\"1\">\n<p class=\"brz-text-lg-center brz-tp-lg-paragraph brz-css-dhNBT\" data-uniq-id=\"ugoet\" data-generated-css=\"brz-css-odxrw\"><\/p>\n<\/div>\n<\/div>\n<\/div>\n<\/div>\n<\/div>\n<\/div>\n<div class=\"brz-carousel__item\">\n<div class=\"brz-columns brz-css-1etvmh2 brz-css-ljpmtv brz-css-10kgaqd\" data-brz-custom-id=\"bpzdalrzfazfsfygucpjcixlfhmcbpjpvepe\">\n<div class=\"brz-column__items brz-css-xftbct brz-css-z655aq\">\n<div id=\"\" class=\"brz-css-128cnao brz-css-59qbh6 brz-wrapper\">\n<div class=\"brz-image brz-css-1xlfdw8 brz-css-wfcosm\" data-brz-custom-id=\"wfzjcgzybniiaqqbowqnwqatcdttqoxpxpuw\"><picture class=\"brz-picture brz-d-block brz-p-relative brz-css-32gvf brz-css-g0qs1s\"><source srcset=\"https:\/\/atheneepalace.intercontinental.com\/?brizy_media=wp-2bb5388e5960c4d3179e94bce2405a3e.jpg&amp;brizy_crop=iW%3D640%26iH%3D427%26oX%3D0%26oY%3D0%26cW%3D634%26cH%3D427 1x, https:\/\/atheneepalace.intercontinental.com\/?brizy_media=wp-2bb5388e5960c4d3179e94bce2405a3e.jpg&amp;brizy_crop=iW%3D1280%26iH%3D854%26oX%3D0%26oY%3D0%26cW%3D1268%26cH%3D854 2x\" media=\"(min-width: 992px)\"><source srcset=\"https:\/\/atheneepalace.intercontinental.com\/?brizy_media=wp-2bb5388e5960c4d3179e94bce2405a3e.jpg&amp;brizy_crop=iW%3D206%26iH%3D137%26oX%3D0%26oY%3D0%26cW%3D204%26cH%3D137 1x, https:\/\/atheneepalace.intercontinental.com\/?brizy_media=wp-2bb5388e5960c4d3179e94bce2405a3e.jpg&amp;brizy_crop=iW%3D412%26iH%3D274%26oX%3D0%26oY%3D0%26cW%3D408%26cH%3D274 2x\" media=\"(min-width: 768px)\"><img decoding=\"async\" class=\"brz-img\" srcset=\"https:\/\/atheneepalace.intercontinental.com\/?brizy_media=wp-2bb5388e5960c4d3179e94bce2405a3e.jpg&amp;brizy_crop=iW%3D265%26iH%3D176%26oX%3D0%26oY%3D0%26cW%3D262%26cH%3D176 1x, https:\/\/atheneepalace.intercontinental.com\/?brizy_media=wp-2bb5388e5960c4d3179e94bce2405a3e.jpg&amp;brizy_crop=iW%3D530%26iH%3D352%26oX%3D0%26oY%3D0%26cW%3D524%26cH%3D352 2x\" src=\"https:\/\/atheneepalace.intercontinental.com\/?brizy_media=wp-2bb5388e5960c4d3179e94bce2405a3e.jpg&amp;brizy_crop=iW%3D640%26iH%3D427%26oX%3D0%26oY%3D0%26cW%3D634%26cH%3D427\" alt=\"\" title=\"DSC00141_web 4k\" draggable=\"false\" loading=\"lazy\"><\/picture><\/div>\n<\/div>\n<div id=\"\" class=\"brz-css-128cnao brz-css-mrx5su brz-wrapper\">\n<div class=\"brz-rich-text brz-rich-text__custom brz-css-1r5jtat brz-css-31u3kl\" data-brz-custom-id=\"hfuporkdbzitacmkghbwjbmksnqbcenhgwfb\">\n<div data-brz-translate-text=\"1\">\n<p class=\"brz-text-lg-center brz-tp-lg-paragraph brz-css-gkxSj\" data-uniq-id=\"vawea\" data-generated-css=\"brz-css-dsujz\"><\/p>\n<\/div>\n<\/div>\n<\/div>\n<\/div>\n<\/div>\n<\/div>\n<div class=\"brz-carousel__item\">\n<div class=\"brz-columns brz-css-1etvmh2 brz-css-ljpmtv brz-css-ip5zkk\" data-brz-custom-id=\"cmdgvgwtrikybpijyttebrxqmtknfcpxngtf\">\n<div class=\"brz-column__items brz-css-xftbct brz-css-9sj08b\">\n<div id=\"\" class=\"brz-css-128cnao brz-css-133mbsc brz-wrapper\">\n<div class=\"brz-image brz-css-102h9q5 brz-css-1kbyspo\" data-brz-custom-id=\"noskoieoroktulbglaplypttnansubifnced\"><picture class=\"brz-picture brz-d-block brz-p-relative brz-css-1agpvrl brz-css-1x2cclb\"><source srcset=\"https:\/\/atheneepalace.intercontinental.com\/wp-content\/uploads\/2023\/05\/okob3.jpg 1x, https:\/\/atheneepalace.intercontinental.com\/wp-content\/uploads\/2023\/05\/okob3.jpg 2x\" media=\"(min-width: 992px)\"><source srcset=\"https:\/\/atheneepalace.intercontinental.com\/wp-content\/uploads\/2023\/05\/okob3.jpg 1x, https:\/\/atheneepalace.intercontinental.com\/wp-content\/uploads\/2023\/05\/okob3.jpg 2x\" media=\"(min-width: 768px)\"><img decoding=\"async\" class=\"brz-img\" srcset=\"https:\/\/atheneepalace.intercontinental.com\/wp-content\/uploads\/2023\/05\/okob3.jpg 1x, https:\/\/atheneepalace.intercontinental.com\/wp-content\/uploads\/2023\/05\/okob3.jpg 2x\" src=\"https:\/\/atheneepalace.intercontinental.com\/wp-content\/uploads\/2023\/05\/okob3.jpg\" alt=\"\" title=\"okob3\" draggable=\"false\" loading=\"lazy\"><\/picture><\/div>\n<\/div>\n<div id=\"\" class=\"brz-css-128cnao brz-css-1g82tz0 brz-wrapper\">\n<div class=\"brz-rich-text brz-rich-text__custom brz-css-1r5jtat brz-css-1qghvj2\" data-brz-custom-id=\"pataqvheaucsxmrzkgujynlqqszfntxgsbni\">\n<div data-brz-translate-text=\"1\">\n<p class=\"brz-text-lg-center brz-tp-lg-paragraph brz-css-zNaJD\" data-uniq-id=\"mfgxj\" data-generated-css=\"brz-css-parso\"><\/p>\n<\/div>\n<\/div>\n<\/div>\n<\/div>\n<\/div>\n<\/div>\n<p><svg class=\"brz-icon-svg align-[initial] brz-hidden\"><use href=\"\/wp-content\/plugins\/brizy\/public\/editor-build\/prod\/editor\/icons\/editor\/right-arrow-tail.svg#brz_icon\"><\/use><\/svg><\/div>\n<\/div>\n<\/div>\n<\/div>\n<\/div>\n<\/section>\n<section id=\"577923892f89c1eeda06_fK_0N3PAhOG1\" class=\"brz-section brz-css-17wgpqe brz-css-18wczpk\">\n<div class=\"brz-section__content brz-section--boxed brz-css-q4dh3f brz-css-1slajnr\" data-brz-custom-id=\"l8YJrOAdhUHN\">\n<div class=\"brz-container brz-css-1h54xje brz-css-qjr6k3\">\n<div id=\"\" class=\"brz-css-128cnao brz-css-centgs brz-wrapper\">\n<div class=\"brz-rich-text brz-rich-text__custom brz-css-1r5jtat brz-css-114ymob\" data-brz-custom-id=\"j0ns1f_kV6r1\">\n<div data-brz-translate-text=\"1\">\n<p class=\"brz-tp-lg-paragraph brz-text-lg-center ql-align-center brz-css-xsf4B\" data-uniq-id=\"irLoS\" data-generated-css=\"brz-css-y8_Q8\"><strong class=\"brz-cp-color7\">Vedere la ora\u0219, balcon, Wi-Fi gratuit, mas\u0103 de lucru<\/strong><span class=\"brz-cp-color7\"> \u2013 This modern room with a balcony offers views of the Royal Palace, Romanian Athenaeum, or Calea Victoriei.<\/span><\/p>\n<p class=\"brz-tp-lg-paragraph brz-text-lg-center ql-align-center brz-css-b9Xo4\" data-uniq-id=\"nrD0x\" data-generated-css=\"brz-css-cPraL\"><span class=\"brz-cp-color7\"> <\/span><\/p>\n<p class=\"brz-tp-lg-paragraph brz-text-lg-center ql-align-center brz-css-yJ_W2\" data-uniq-id=\"e8a5w\" data-generated-css=\"brz-css-vQiJw\"><span class=\"brz-cp-color7\">Equipped with wooden floors, a king-size bed, and business facilities, it provides comfort and elegance. You can adjust temperature and air flow via the touchscreen panel and request &#8220;Do Not Disturb&#8221; or housekeeping services.<\/span><\/p>\n<p class=\"brz-tp-lg-paragraph brz-text-lg-center ql-align-center brz-css-jH_DR\" data-uniq-id=\"e3z72\" data-generated-css=\"brz-css-xbRdc\"><span class=\"brz-cp-color7\"> <\/span><\/p>\n<p class=\"brz-tp-lg-paragraph brz-text-lg-center ql-align-center brz-css-yIJbk\" data-uniq-id=\"fd4HE\" data-generated-css=\"brz-css-avxK7\"><span class=\"brz-cp-color7\">Baia, cu pere\u021bi din marmur\u0103 \u0219i cabin\u0103 de du\u0219 cu efect de ploaie, include articole de toalet\u0103 exclusiviste. <\/span><\/p>\n<p class=\"brz-tp-lg-paragraph brz-text-lg-center ql-align-center brz-css-ubSyX\" data-uniq-id=\"g4V0D\" data-generated-css=\"brz-css-p6Q8T\"><span class=\"brz-cp-color7\"> <\/span><\/p>\n<p class=\"brz-tp-lg-paragraph brz-text-lg-center ql-align-center brz-css-eyC7q\" data-uniq-id=\"pgqwM\" data-generated-css=\"brz-css-eZAnq\"><span class=\"brz-cp-color7\">Alte facilit\u0103\u021bi includ aparat de preparat ceai \u0219i cafea, halate de baie, papuci, priz\u0103 USB, mini-frigider \u0219i seif.<\/span><strong class=\"brz-cp-color7\"> <\/strong><\/p>\n<p class=\"brz-tp-lg-paragraph brz-text-lg-center ql-align-center brz-css-dh6W0\" data-uniq-id=\"cYlE9\" data-generated-css=\"brz-css-l9f13\"><strong class=\"brz-cp-color7\"> <\/strong><\/p>\n<p class=\"brz-tp-lg-paragraph brz-text-lg-center ql-align-center brz-css-mPCW_\" data-uniq-id=\"kdVem\" data-generated-css=\"brz-css-u3yTY\"><strong class=\"brz-cp-color7\">Disponibil\u0103 doar \u00een aripa istoric\u0103, etajele 2-4.<\/strong><\/p>\n<p class=\"brz-text-lg-center brz-tp-lg-paragraph brz-css-eIuDl\" data-uniq-id=\"fPJXj\" data-generated-css=\"brz-css-suk6B\"><\/p>\n<\/div>\n<\/div>\n<\/div>\n<\/div>\n<\/div>\n<\/section>\n<\/div>\n<p>    <!-- version:1758096882 --><\/p>","protected":false},"excerpt":{"rendered":"<p>King Classic Balcony City view, balcony, free Wi-Fi, workspace \u2013 This modern room with a balcony offers views of the Royal Palace, Romanian Athenaeum, or Calea Victoriei. Equipped with wooden floors, a king-size bed, and business facilities, it provides comfort and elegance. You can adjust temperature and air flow via the touchscreen panel and request [&hellip;]<\/p>","protected":false},"author":1,"featured_media":0,"parent":18,"menu_order":0,"comment_status":"closed","ping_status":"closed","template":"brizy-blank-template.php","meta":{"site-sidebar-layout":"default","site-content-layout":"default","ast-site-content-layout":"default","site-content-style":"default","site-sidebar-style":"default","ast-global-header-display":"","ast-banner-title-visibility":"","ast-main-header-display":"","ast-hfb-above-header-display":"","ast-hfb-below-header-display":"","ast-hfb-mobile-header-display":"","site-post-title":"","ast-breadcrumbs-content":"","ast-featured-img":"","footer-sml-layout":"","theme-transparent-header-meta":"default","adv-header-id-meta":"","stick-header-meta":"","header-above-stick-meta":"","header-main-stick-meta":"","header-below-stick-meta":"","astra-migrate-meta-layouts":"default","ast-page-background-enabled":"default","ast-page-background-meta":{"desktop":{"background-color":"var(--ast-global-color-4)","background-image":"","background-repeat":"repeat","background-position":"center center","background-size":"auto","background-attachment":"scroll","background-type":"","background-media":"","overlay-type":"","overlay-color":"","overlay-opacity":"","overlay-gradient":""},"tablet":{"background-color":"","background-image":"","background-repeat":"repeat","background-position":"center center","background-size":"auto","background-attachment":"scroll","background-type":"","background-media":"","overlay-type":"","overlay-color":"","overlay-opacity":"","overlay-gradient":""},"mobile":{"background-color":"","background-image":"","background-repeat":"repeat","background-position":"center center","background-size":"auto","background-attachment":"scroll","background-type":"","background-media":"","overlay-type":"","overlay-color":"","overlay-opacity":"","overlay-gradient":""}},"ast-content-background-meta":{"desktop":{"background-color":"var(--ast-global-color-5)","background-image":"","background-repeat":"repeat","background-position":"center center","background-size":"auto","background-attachment":"scroll","background-type":"","background-media":"","overlay-type":"","overlay-color":"","overlay-opacity":"","overlay-gradient":""},"tablet":{"background-color":"var(--ast-global-color-5)","background-image":"","background-repeat":"repeat","background-position":"center center","background-size":"auto","background-attachment":"scroll","background-type":"","background-media":"","overlay-type":"","overlay-color":"","overlay-opacity":"","overlay-gradient":""},"mobile":{"background-color":"var(--ast-global-color-5)","background-image":"","background-repeat":"repeat","background-position":"center center","background-size":"auto","background-attachment":"scroll","background-type":"","background-media":"","overlay-type":"","overlay-color":"","overlay-opacity":"","overlay-gradient":""}},"footnotes":""},"class_list":["post-1784","page","type-page","status-publish","hentry"],"yoast_head":"<!-- This site is optimized with the Yoast SEO plugin v26.6 - https:\/\/yoast.com\/wordpress\/plugins\/seo\/ -->\n<title>King Classic Balcony - InterContinental Athenee Palace<\/title>\n<meta name=\"robots\" content=\"index, follow, max-snippet:-1, max-image-preview:large, max-video-preview:-1\" \/>\n<link rel=\"canonical\" href=\"https:\/\/atheneepalace.intercontinental.com\/ro\/rooms-suites\/king-classic-balcony\/\" \/>\n<meta property=\"og:locale\" content=\"ro_RO\" \/>\n<meta property=\"og:type\" content=\"article\" \/>\n<meta property=\"og:title\" content=\"King Classic Balcony - InterContinental Athenee Palace\" \/>\n<meta property=\"og:description\" content=\"King Classic Balcony City view, balcony, free Wi-Fi, workspace \u2013 This modern room with a balcony offers views of the Royal Palace, Romanian Athenaeum, or Calea Victoriei. Equipped with wooden floors, a king-size bed, and business facilities, it provides comfort and elegance. You can adjust temperature and air flow via the touchscreen panel and request [&hellip;]\" \/>\n<meta property=\"og:url\" content=\"https:\/\/atheneepalace.intercontinental.com\/ro\/rooms-suites\/king-classic-balcony\/\" \/>\n<meta property=\"og:site_name\" content=\"InterContinental Athenee Palace\" \/>\n<meta property=\"article:publisher\" content=\"https:\/\/www.facebook.com\/icatheneepalacebucharest\" \/>\n<meta property=\"article:modified_time\" content=\"2025-09-17T08:14:42+00:00\" \/>\n<meta property=\"og:image\" content=\"https:\/\/atheneepalace.intercontinental.com\/wp-content\/uploads\/brizy\/imgs\/DJI_20250128172510_0836_D-Edit_web-4k-634x446x0x9x634x437x1754306958.jpg\" \/>\n<meta name=\"twitter:card\" content=\"summary_large_image\" \/>\n<script type=\"application\/ld+json\" class=\"yoast-schema-graph\">{\"@context\":\"https:\/\/schema.org\",\"@graph\":[{\"@type\":\"WebPage\",\"@id\":\"https:\/\/atheneepalace.intercontinental.com\/rooms-suites\/king-classic-balcony\/\",\"url\":\"https:\/\/atheneepalace.intercontinental.com\/rooms-suites\/king-classic-balcony\/\",\"name\":\"King Classic Balcony - InterContinental Athenee Palace\",\"isPartOf\":{\"@id\":\"https:\/\/atheneepalace.intercontinental.com\/#website\"},\"primaryImageOfPage\":{\"@id\":\"https:\/\/atheneepalace.intercontinental.com\/rooms-suites\/king-classic-balcony\/#primaryimage\"},\"image\":{\"@id\":\"https:\/\/atheneepalace.intercontinental.com\/rooms-suites\/king-classic-balcony\/#primaryimage\"},\"thumbnailUrl\":\"https:\/\/atheneepalace.intercontinental.com\/wp-content\/uploads\/brizy\/imgs\/DJI_20250128172510_0836_D-Edit_web-4k-634x446x0x9x634x437x1754306958.jpg\",\"datePublished\":\"2023-05-05T13:09:51+00:00\",\"dateModified\":\"2025-09-17T08:14:42+00:00\",\"breadcrumb\":{\"@id\":\"https:\/\/atheneepalace.intercontinental.com\/rooms-suites\/king-classic-balcony\/#breadcrumb\"},\"inLanguage\":\"ro-RO\",\"potentialAction\":[{\"@type\":\"ReadAction\",\"target\":[\"https:\/\/atheneepalace.intercontinental.com\/rooms-suites\/king-classic-balcony\/\"]}]},{\"@type\":\"ImageObject\",\"inLanguage\":\"ro-RO\",\"@id\":\"https:\/\/atheneepalace.intercontinental.com\/rooms-suites\/king-classic-balcony\/#primaryimage\",\"url\":\"https:\/\/atheneepalace.intercontinental.com\/wp-content\/uploads\/brizy\/imgs\/DJI_20250128172510_0836_D-Edit_web-4k-634x446x0x9x634x437x1754306958.jpg\",\"contentUrl\":\"https:\/\/atheneepalace.intercontinental.com\/wp-content\/uploads\/brizy\/imgs\/DJI_20250128172510_0836_D-Edit_web-4k-634x446x0x9x634x437x1754306958.jpg\"},{\"@type\":\"BreadcrumbList\",\"@id\":\"https:\/\/atheneepalace.intercontinental.com\/rooms-suites\/king-classic-balcony\/#breadcrumb\",\"itemListElement\":[{\"@type\":\"ListItem\",\"position\":1,\"name\":\"Home\",\"item\":\"https:\/\/atheneepalace.intercontinental.com\/\"},{\"@type\":\"ListItem\",\"position\":2,\"name\":\"Rooms &amp; Suites\",\"item\":\"https:\/\/atheneepalace.intercontinental.com\/rooms-suites\/\"},{\"@type\":\"ListItem\",\"position\":3,\"name\":\"King Classic Balcony\"}]},{\"@type\":\"WebSite\",\"@id\":\"https:\/\/atheneepalace.intercontinental.com\/#website\",\"url\":\"https:\/\/atheneepalace.intercontinental.com\/\",\"name\":\"InterContinental Athenee Palace\",\"description\":\"\",\"publisher\":{\"@id\":\"https:\/\/atheneepalace.intercontinental.com\/#organization\"},\"potentialAction\":[{\"@type\":\"SearchAction\",\"target\":{\"@type\":\"EntryPoint\",\"urlTemplate\":\"https:\/\/atheneepalace.intercontinental.com\/?s={search_term_string}\"},\"query-input\":{\"@type\":\"PropertyValueSpecification\",\"valueRequired\":true,\"valueName\":\"search_term_string\"}}],\"inLanguage\":\"ro-RO\"},{\"@type\":\"Organization\",\"@id\":\"https:\/\/atheneepalace.intercontinental.com\/#organization\",\"name\":\"InterContinental Athenee Palace\",\"url\":\"https:\/\/atheneepalace.intercontinental.com\/\",\"logo\":{\"@type\":\"ImageObject\",\"inLanguage\":\"ro-RO\",\"@id\":\"https:\/\/atheneepalace.intercontinental.com\/#\/schema\/logo\/image\/\",\"url\":\"https:\/\/atheneepalace.intercontinental.com\/wp-content\/uploads\/2023\/05\/Logo-400.png\",\"contentUrl\":\"https:\/\/atheneepalace.intercontinental.com\/wp-content\/uploads\/2023\/05\/Logo-400.png\",\"width\":300,\"height\":139,\"caption\":\"InterContinental Athenee Palace\"},\"image\":{\"@id\":\"https:\/\/atheneepalace.intercontinental.com\/#\/schema\/logo\/image\/\"},\"sameAs\":[\"https:\/\/www.facebook.com\/icatheneepalacebucharest\",\"https:\/\/www.linkedin.com\/company\/intercontinental-athne-palace-bucharest\",\"https:\/\/www.tripadvisor.co.uk\/Hotel_Review-g294458-d300679-Reviews-InterContinental_Athenee_Palace_Bucharest_an_IHG_Hotel-Bucharest.html\",\"https:\/\/www.instagram.com\/icatheneepalacebucharest\/\"]}]}<\/script>\n<!-- \/ Yoast SEO plugin. -->","yoast_head_json":{"title":"King Classic Balcony - InterContinental Athenee Palace","robots":{"index":"index","follow":"follow","max-snippet":"max-snippet:-1","max-image-preview":"max-image-preview:large","max-video-preview":"max-video-preview:-1"},"canonical":"https:\/\/atheneepalace.intercontinental.com\/ro\/rooms-suites\/king-classic-balcony\/","og_locale":"ro_RO","og_type":"article","og_title":"King Classic Balcony - InterContinental Athenee Palace","og_description":"King Classic Balcony City view, balcony, free Wi-Fi, workspace \u2013 This modern room with a balcony offers views of the Royal Palace, Romanian Athenaeum, or Calea Victoriei. Equipped with wooden floors, a king-size bed, and business facilities, it provides comfort and elegance. You can adjust temperature and air flow via the touchscreen panel and request [&hellip;]","og_url":"https:\/\/atheneepalace.intercontinental.com\/ro\/rooms-suites\/king-classic-balcony\/","og_site_name":"InterContinental Athenee Palace","article_publisher":"https:\/\/www.facebook.com\/icatheneepalacebucharest","article_modified_time":"2025-09-17T08:14:42+00:00","og_image":[{"url":"https:\/\/atheneepalace.intercontinental.com\/wp-content\/uploads\/brizy\/imgs\/DJI_20250128172510_0836_D-Edit_web-4k-634x446x0x9x634x437x1754306958.jpg","type":"","width":"","height":""}],"twitter_card":"summary_large_image","schema":{"@context":"https:\/\/schema.org","@graph":[{"@type":"WebPage","@id":"https:\/\/atheneepalace.intercontinental.com\/rooms-suites\/king-classic-balcony\/","url":"https:\/\/atheneepalace.intercontinental.com\/rooms-suites\/king-classic-balcony\/","name":"King Classic Balcony - InterContinental Athenee Palace","isPartOf":{"@id":"https:\/\/atheneepalace.intercontinental.com\/#website"},"primaryImageOfPage":{"@id":"https:\/\/atheneepalace.intercontinental.com\/rooms-suites\/king-classic-balcony\/#primaryimage"},"image":{"@id":"https:\/\/atheneepalace.intercontinental.com\/rooms-suites\/king-classic-balcony\/#primaryimage"},"thumbnailUrl":"https:\/\/atheneepalace.intercontinental.com\/wp-content\/uploads\/brizy\/imgs\/DJI_20250128172510_0836_D-Edit_web-4k-634x446x0x9x634x437x1754306958.jpg","datePublished":"2023-05-05T13:09:51+00:00","dateModified":"2025-09-17T08:14:42+00:00","breadcrumb":{"@id":"https:\/\/atheneepalace.intercontinental.com\/rooms-suites\/king-classic-balcony\/#breadcrumb"},"inLanguage":"ro-RO","potentialAction":[{"@type":"ReadAction","target":["https:\/\/atheneepalace.intercontinental.com\/rooms-suites\/king-classic-balcony\/"]}]},{"@type":"ImageObject","inLanguage":"ro-RO","@id":"https:\/\/atheneepalace.intercontinental.com\/rooms-suites\/king-classic-balcony\/#primaryimage","url":"https:\/\/atheneepalace.intercontinental.com\/wp-content\/uploads\/brizy\/imgs\/DJI_20250128172510_0836_D-Edit_web-4k-634x446x0x9x634x437x1754306958.jpg","contentUrl":"https:\/\/atheneepalace.intercontinental.com\/wp-content\/uploads\/brizy\/imgs\/DJI_20250128172510_0836_D-Edit_web-4k-634x446x0x9x634x437x1754306958.jpg"},{"@type":"BreadcrumbList","@id":"https:\/\/atheneepalace.intercontinental.com\/rooms-suites\/king-classic-balcony\/#breadcrumb","itemListElement":[{"@type":"ListItem","position":1,"name":"Home","item":"https:\/\/atheneepalace.intercontinental.com\/"},{"@type":"ListItem","position":2,"name":"Rooms &amp; Suites","item":"https:\/\/atheneepalace.intercontinental.com\/rooms-suites\/"},{"@type":"ListItem","position":3,"name":"King Classic Balcony"}]},{"@type":"WebSite","@id":"https:\/\/atheneepalace.intercontinental.com\/#website","url":"https:\/\/atheneepalace.intercontinental.com\/","name":"InterContinental Athenee Palace","description":"","publisher":{"@id":"https:\/\/atheneepalace.intercontinental.com\/#organization"},"potentialAction":[{"@type":"SearchAction","target":{"@type":"EntryPoint","urlTemplate":"https:\/\/atheneepalace.intercontinental.com\/?s={search_term_string}"},"query-input":{"@type":"PropertyValueSpecification","valueRequired":true,"valueName":"search_term_string"}}],"inLanguage":"ro-RO"},{"@type":"Organization","@id":"https:\/\/atheneepalace.intercontinental.com\/#organization","name":"InterContinental Athenee Palace","url":"https:\/\/atheneepalace.intercontinental.com\/","logo":{"@type":"ImageObject","inLanguage":"ro-RO","@id":"https:\/\/atheneepalace.intercontinental.com\/#\/schema\/logo\/image\/","url":"https:\/\/atheneepalace.intercontinental.com\/wp-content\/uploads\/2023\/05\/Logo-400.png","contentUrl":"https:\/\/atheneepalace.intercontinental.com\/wp-content\/uploads\/2023\/05\/Logo-400.png","width":300,"height":139,"caption":"InterContinental Athenee Palace"},"image":{"@id":"https:\/\/atheneepalace.intercontinental.com\/#\/schema\/logo\/image\/"},"sameAs":["https:\/\/www.facebook.com\/icatheneepalacebucharest","https:\/\/www.linkedin.com\/company\/intercontinental-athne-palace-bucharest","https:\/\/www.tripadvisor.co.uk\/Hotel_Review-g294458-d300679-Reviews-InterContinental_Athenee_Palace_Bucharest_an_IHG_Hotel-Bucharest.html","https:\/\/www.instagram.com\/icatheneepalacebucharest\/"]}]}},"_links":{"self":[{"href":"https:\/\/atheneepalace.intercontinental.com\/ro\/wp-json\/wp\/v2\/pages\/1784","targetHints":{"allow":["GET"]}}],"collection":[{"href":"https:\/\/atheneepalace.intercontinental.com\/ro\/wp-json\/wp\/v2\/pages"}],"about":[{"href":"https:\/\/atheneepalace.intercontinental.com\/ro\/wp-json\/wp\/v2\/types\/page"}],"author":[{"embeddable":true,"href":"https:\/\/atheneepalace.intercontinental.com\/ro\/wp-json\/wp\/v2\/users\/1"}],"replies":[{"embeddable":true,"href":"https:\/\/atheneepalace.intercontinental.com\/ro\/wp-json\/wp\/v2\/comments?post=1784"}],"version-history":[{"count":22,"href":"https:\/\/atheneepalace.intercontinental.com\/ro\/wp-json\/wp\/v2\/pages\/1784\/revisions"}],"predecessor-version":[{"id":13881,"href":"https:\/\/atheneepalace.intercontinental.com\/ro\/wp-json\/wp\/v2\/pages\/1784\/revisions\/13881"}],"up":[{"embeddable":true,"href":"https:\/\/atheneepalace.intercontinental.com\/ro\/wp-json\/wp\/v2\/pages\/18"}],"wp:attachment":[{"href":"https:\/\/atheneepalace.intercontinental.com\/ro\/wp-json\/wp\/v2\/media?parent=1784"}],"curies":[{"name":"wp","href":"https:\/\/api.w.org\/{rel}","templated":true}]}}