{"id":1813,"date":"2023-05-05T13:17:36","date_gmt":"2023-05-05T13:17:36","guid":{"rendered":"https:\/\/atheneepalace.intercontinental.com\/?page_id=1813"},"modified":"2026-05-13T11:36:38","modified_gmt":"2026-05-13T11:36:38","slug":"king-classic-room","status":"publish","type":"page","link":"https:\/\/atheneepalace.intercontinental.com\/ro\/rooms-suites\/king-classic-room\/","title":{"rendered":"CAMER\u0102 KING CLASIC\u0102"},"content":{"rendered":"<div class=\"brz-root__container brz-reset-all brz brz-root__container-page\">\n<section id=\"2e21673a792357de0c40_tvbxyierxnenuavqtliikzvkrmcdspdtvibu\" class=\"brz-section brz-css-24yc4u brz-css-1ge3ft2\">\n<div class=\"brz-section__content brz-section--fullWidth brz-css-1m2qrxm brz-css-1fy50i7\" data-brz-custom-id=\"qjbceebjydhbcsuhizdibqibrjqavxetuylp\">\n<div class=\"brz-container brz-css-2971t9 brz-css-wycrol\">\n<div id=\"\" class=\"brz-css-14sc6eg brz-css-53tzu0 brz-wrapper\">\n<div class=\"brz-rich-text brz-rich-text__custom brz-css-1c67psg brz-css-19haewy\" data-brz-custom-id=\"sirhbdyznyikvydbbnrmsltpbhoalwacfvsm\">\n<div data-brz-translate-text=\"1\">\n<h2 class=\"brz-tp-lg-heading2 brz-text-lg-center brz-css-vJ11p\" data-uniq-id=\"oqsdq\" data-generated-css=\"brz-css-yzygy\"><span class=\"brz-capitalize-on brz-cp-color2\">CAMER\u0102 KING CLASIC\u0102<\/span><\/h2>\n<\/div>\n<\/div>\n<\/div>\n<div id=\"\" class=\"brz-css-14sc6eg brz-css-imh5s9 brz-wrapper my-carousel-2\">\n<div class=\"brz-carousel brz-css-kht0do brz-css-ndr8jy\" data-brz-custom-id=\"hceynbeozbeoxepczunrqwbfuvvutanhivct\">\n<div class=\"brz-carousel__slider\" data-slides-to-show=\"3\" data-slides-to-scroll=\"1\" data-arrows=\"true\" data-dots=\"true\" data-dots-class=\"brz-slick-slider__dots brz-slick-slider__dots--diamond\" data-auto-play=\"false\" data-auto-play-speed=\"3000\" data-swipe=\"true\" data-fade=\"false\" data-transition-speed=\"3.5\" data-responsive=\"%5B%7B%22breakpoint%22%3A991%2C%22settings%22%3A%7B%22slidesToShow%22%3A2%2C%22slidesToScroll%22%3A1%7D%7D%2C%7B%22breakpoint%22%3A767%2C%22settings%22%3A%7B%22slidesToShow%22%3A1%2C%22slidesToScroll%22%3A1%7D%7D%5D\">\n<div class=\"brz-carousel__item\">\n<div class=\"brz-columns brz-css-1buxk5c brz-css-8ylpxs brz-css-y096pj\" data-brz-custom-id=\"nyevsbbcintfqqtkwpmwmippbazczxhiruxe\">\n<div class=\"brz-column__items brz-css-tkhe70 brz-css-p007sx\">\n<div id=\"\" class=\"brz-css-14sc6eg brz-css-phj35e brz-wrapper\">\n<div class=\"brz-image brz-css-1e9jckj brz-css-17bzmth\" data-brz-custom-id=\"kfkphwfnhewrdrpltavpgthrupccbdsjrfwk\"><img decoding=\"async\" class=\"brz-img\" src=\"https:\/\/atheneepalace.intercontinental.com\/wp-content\/uploads\/2025\/08\/DJI_20250128172510_0836_D-Edit_web-4k.jpg\" alt=\"\" title=\"DJI_20250128172510_0836_D-Edit_web 4k\" loading=\"lazy\"><\/div>\n<\/div>\n<div id=\"\" class=\"brz-css-14sc6eg brz-css-1vxk6p7 brz-wrapper\">\n<div class=\"brz-rich-text brz-rich-text__custom brz-css-1c67psg brz-css-1t32e0f\" data-brz-custom-id=\"vulskhboywsiqoaponljctltbuddpddogbey\">\n<div data-brz-translate-text=\"1\">\n<p class=\"brz-text-lg-center brz-tp-lg-paragraph brz-css-jrdRE\" data-uniq-id=\"vawea\" data-generated-css=\"brz-css-dsujz\"><\/p>\n<\/div>\n<\/div>\n<\/div>\n<\/div>\n<\/div>\n<\/div>\n<div class=\"brz-carousel__item\">\n<div class=\"brz-columns brz-css-1buxk5c brz-css-8ylpxs brz-css-1h8n5mo\" data-brz-custom-id=\"mdussvutkitmrsmxjnjwxedgtfrvawfvvhla\">\n<div class=\"brz-column__items brz-css-tkhe70 brz-css-1nchtdh\">\n<div id=\"\" class=\"brz-css-14sc6eg brz-css-1su7mof brz-wrapper\">\n<div class=\"brz-image brz-css-15obvmr brz-css-118igee\" data-brz-custom-id=\"pwtiujpqanjpdnkrbfaqebwpflsplznuajea\"><img decoding=\"async\" class=\"brz-img\" src=\"https:\/\/atheneepalace.intercontinental.com\/wp-content\/uploads\/2023\/05\/kcr1.png\" alt=\"\" title=\"kcr1\" loading=\"lazy\"><\/div>\n<\/div>\n<div id=\"\" class=\"brz-css-14sc6eg brz-css-rj51gy brz-wrapper\">\n<div class=\"brz-rich-text brz-rich-text__custom brz-css-1c67psg brz-css-taqzgl\" data-brz-custom-id=\"jzthouujjjzjhofkbesgayhfjgardjyjorxx\">\n<div data-brz-translate-text=\"1\">\n<p class=\"brz-text-lg-center brz-tp-lg-paragraph brz-css-xYlW8\" data-uniq-id=\"khrna\" data-generated-css=\"brz-css-ilgjc\"><\/p>\n<\/div>\n<\/div>\n<\/div>\n<\/div>\n<\/div>\n<\/div>\n<div class=\"brz-carousel__item\">\n<div class=\"brz-columns brz-css-1buxk5c brz-css-8ylpxs brz-css-2okdta\" data-brz-custom-id=\"ncdvgpycdjoivmpjqbuftjdmeabdueklvyyz\">\n<div class=\"brz-column__items brz-css-tkhe70 brz-css-13ib1ad\">\n<div id=\"\" class=\"brz-css-14sc6eg brz-css-16xlv7y brz-wrapper\">\n<div class=\"brz-image brz-css-4qg3lv brz-css-1fm2cl3\" data-brz-custom-id=\"tsmjmwtdsofgkipnuhocqpndflaaafxjtmox\"><img decoding=\"async\" class=\"brz-img\" src=\"https:\/\/atheneepalace.intercontinental.com\/wp-content\/uploads\/2023\/05\/kcr2.jpg\" alt=\"\" title=\"kcr2\" loading=\"lazy\"><\/div>\n<\/div>\n<div id=\"\" class=\"brz-css-14sc6eg brz-css-f1ffsr brz-wrapper\">\n<div class=\"brz-rich-text brz-rich-text__custom brz-css-1c67psg brz-css-j62yyl\" data-brz-custom-id=\"numomiuwzmrsqodbwrszrqmouyjxxvioxfzm\">\n<div data-brz-translate-text=\"1\">\n<p class=\"brz-text-lg-center brz-tp-lg-paragraph brz-css-wBYfW\" data-uniq-id=\"dxrcp\" data-generated-css=\"brz-css-jjatq\"><\/p>\n<\/div>\n<\/div>\n<\/div>\n<\/div>\n<\/div>\n<\/div>\n<div class=\"brz-carousel__item\">\n<div class=\"brz-columns brz-css-1buxk5c brz-css-8ylpxs brz-css-3xjnsw\" data-brz-custom-id=\"ybvcxxgtrqcqxljulsazjnwfxvkyvtrrwxiv\">\n<div class=\"brz-column__items brz-css-tkhe70 brz-css-1mdd1ch\">\n<div id=\"\" class=\"brz-css-14sc6eg brz-css-1nlaflo brz-wrapper\">\n<div class=\"brz-image brz-css-ebw7vd brz-css-1p3whyj\" data-brz-custom-id=\"glihdkdrlyuvvlazutsuzrfkzbylqbtiipoa\"><img decoding=\"async\" class=\"brz-img\" src=\"https:\/\/atheneepalace.intercontinental.com\/wp-content\/uploads\/2023\/05\/pr2.jpg\" alt=\"\" title=\"pr2\" loading=\"lazy\"><\/div>\n<\/div>\n<div id=\"\" class=\"brz-css-14sc6eg brz-css-1s33sql brz-wrapper\">\n<div class=\"brz-rich-text brz-rich-text__custom brz-css-1c67psg brz-css-179k4ue\" data-brz-custom-id=\"gtnsqjhzpqnjcfkenigpjvxjtiqpqigmrcdg\">\n<div data-brz-translate-text=\"1\">\n<p class=\"brz-text-lg-center brz-tp-lg-paragraph brz-css-eFdT4\" data-uniq-id=\"mfgxj\" data-generated-css=\"brz-css-parso\"><\/p>\n<\/div>\n<\/div>\n<\/div>\n<\/div>\n<\/div>\n<\/div>\n<\/div>\n<\/div>\n<\/div>\n<\/div>\n<\/div>\n<\/section>\n<section id=\"9797c9298a7e28b9b698_ceikrudfnfvzhtxjcasmvuflgioopklccvtm\" class=\"brz-section brz-css-24yc4u brz-css-e8yw18\">\n<div class=\"brz-section__content brz-section--boxed brz-css-1m2qrxm brz-css-wd0vxh\" data-brz-custom-id=\"eyhwuymjgcrrdxfaskotkasweegrrtsaahgg\">\n<div class=\"brz-container brz-css-2971t9 brz-css-1axrg53\">\n<div id=\"\" class=\"brz-css-14sc6eg brz-css-cvlqz3 brz-wrapper\">\n<div class=\"brz-rich-text brz-rich-text__custom brz-css-1c67psg brz-css-1vtxlxr\" data-brz-custom-id=\"guhtvihqongdbmcraqblgjybzvjgfotcfnlh\">\n<div data-brz-translate-text=\"1\">\n<p class=\"brz-text-lg-center brz-tp-lg-paragraph ql-align-center brz-css-xSNME\" data-uniq-id=\"lnUhn\" data-generated-css=\"brz-css-f4wWA\"><strong class=\"brz-cp-color7\">Vedere c\u0103tre ora\u0219, pat king-size, Wi-Fi gratuit<\/strong><span class=\"brz-cp-color7\"> - Relaxa\u021bi-v\u0103 \u00een aceast\u0103 camer\u0103 modern\u0103, disponibil\u0103 pe fiecare etaj, de la etajul 1 p\u00e2n\u0103 la etajul 7, prev\u0103zut\u0103 cu podea din lemn \u0219i panou inteligent pentru controlul fluxului de aer<\/span><\/p>\n<p class=\"brz-text-lg-center brz-tp-lg-paragraph ql-align-center brz-css-fu3Ha\" data-uniq-id=\"kQRlI\" data-generated-css=\"brz-css-m2aqX\"><span class=\"brz-cp-color7\"> <\/span><\/p>\n<p class=\"brz-text-lg-center brz-tp-lg-paragraph ql-align-center brz-css-is8gp\" data-uniq-id=\"jtuQn\" data-generated-css=\"brz-css-gr6eO\"><span class=\"brz-cp-color7\">Camer\u0103 include dou\u0103 paturi duble, precum \u0219i o mas\u0103 de dining care poate fi folosit\u0103 \u0219i ca zon\u0103 de lucru. <\/span><\/p>\n<p class=\"brz-text-lg-center brz-tp-lg-paragraph ql-align-center brz-css-qaPEt\" data-uniq-id=\"v6qwC\" data-generated-css=\"brz-css-dSZeW\"><span class=\"brz-cp-color7\">You can adjust the temperature and air flow using the touchscreen control panel, and request &#8220;Do Not Disturb&#8221; or housekeeping services.<\/span><\/p>\n<p class=\"brz-text-lg-center brz-tp-lg-paragraph ql-align-center brz-css-xqY9p\" data-uniq-id=\"dpFca\" data-generated-css=\"brz-css-zx86V\"><span class=\"brz-cp-color7\"> <\/span><\/p>\n<p class=\"brz-text-lg-center brz-tp-lg-paragraph ql-align-center brz-css-htDuS translation-block\" data-uniq-id=\"msEw0\" data-generated-css=\"brz-css-go8br\"><span class=\"brz-cp-color7\">Baia este elegant\u0103 \u0219i modern\u0103, cu pere\u021bi din marmur\u0103, cabin\u0103 de du\u0219 \u0219i dotat\u0103 cu articole de toalet\u0103 marca <\/span><em class=\"brz-cp-color7\">Byredo<\/em>.<\/span><\/p>\n<p class=\"brz-text-lg-center brz-tp-lg-paragraph ql-align-center brz-css-zo96X\" data-uniq-id=\"lQoNg\" data-generated-css=\"brz-css-wuwzK\"><span class=\"brz-cp-color7\"> <\/span><\/p>\n<p class=\"brz-text-lg-center brz-tp-lg-paragraph ql-align-center brz-css-ys7mu\" data-uniq-id=\"cxg6_\" data-generated-css=\"brz-css-q_Dyw\"><span class=\"brz-cp-color7\">Alte facilit\u0103\u021bi includ aparat de preparat ceai \u0219i cafea, halate de baie pufoase, papuci, mini-frigider \u0219i seif.<\/span><\/p>\n<p class=\"brz-text-lg-center brz-tp-lg-paragraph brz-css-wiqvB\" data-uniq-id=\"xRbT1\" data-generated-css=\"brz-css-mvfTI\"><\/p>\n<\/div>\n<\/div>\n<\/div>\n<div class=\"brz-wrapper-clone brz-flex-xs-wrap brz-css-8dvui1 brz-css-tjdp8n\" data-brz-custom-id=\"grYMGGAP6tIy\"><a class=\"brz-a brz-btn brz-css-crw1vk brz-css-1ujf6ks brz-css-4x7c3j brz-css-1esob54\" href=\"https:\/\/my.treedis.com\/tour\/intercontinental-athenee-palace-bucharest-45f2b?s=mhh90ifwnma7zmqfr31u1z6ma&amp;x=-2.400475637710398&amp;y=-90.91781209809363\" target=\"_blank\" rel=\"noopener\" data-brz-link-type=\"external\" data-brz-custom-id=\"tiXti4uxELdq\"><span data-brz-translate-text=\"1\" class=\"brz-span brz-text__editor\">TUR VIRTUAL<\/span><\/a><\/div>\n<\/div>\n<\/div>\n<\/section>\n<\/div>\n<p>    <!-- version:1760082488 --><\/p>","protected":false},"excerpt":{"rendered":"<p>King Classic Room City view, king-size bed, free Wi-Fi \u2013 Relax in this modern room available on every floor from 1 to 7, featuring wooden floors and an intelligent air control panel. The room includes a king-size bed, business facilities, and a dining table that doubles as a workspace. You can adjust the temperature and [&hellip;]<\/p>\n","protected":false},"author":1,"featured_media":0,"parent":18,"menu_order":0,"comment_status":"closed","ping_status":"closed","template":"brizy-blank-template.php","meta":{"site-sidebar-layout":"default","site-content-layout":"default","ast-site-content-layout":"default","site-content-style":"default","site-sidebar-style":"default","ast-global-header-display":"","ast-banner-title-visibility":"","ast-main-header-display":"","ast-hfb-above-header-display":"","ast-hfb-below-header-display":"","ast-hfb-mobile-header-display":"","site-post-title":"","ast-breadcrumbs-content":"","ast-featured-img":"","footer-sml-layout":"","ast-disable-related-posts":"","theme-transparent-header-meta":"default","adv-header-id-meta":"","stick-header-meta":"","header-above-stick-meta":"","header-main-stick-meta":"","header-below-stick-meta":"","astra-migrate-meta-layouts":"default","ast-page-background-enabled":"default","ast-page-background-meta":{"desktop":{"background-color":"var(--ast-global-color-4)","background-image":"","background-repeat":"repeat","background-position":"center center","background-size":"auto","background-attachment":"scroll","background-type":"","background-media":"","overlay-type":"","overlay-color":"","overlay-opacity":"","overlay-gradient":""},"tablet":{"background-color":"","background-image":"","background-repeat":"repeat","background-position":"center center","background-size":"auto","background-attachment":"scroll","background-type":"","background-media":"","overlay-type":"","overlay-color":"","overlay-opacity":"","overlay-gradient":""},"mobile":{"background-color":"","background-image":"","background-repeat":"repeat","background-position":"center center","background-size":"auto","background-attachment":"scroll","background-type":"","background-media":"","overlay-type":"","overlay-color":"","overlay-opacity":"","overlay-gradient":""}},"ast-content-background-meta":{"desktop":{"background-color":"var(--ast-global-color-5)","background-image":"","background-repeat":"repeat","background-position":"center center","background-size":"auto","background-attachment":"scroll","background-type":"","background-media":"","overlay-type":"","overlay-color":"","overlay-opacity":"","overlay-gradient":""},"tablet":{"background-color":"var(--ast-global-color-5)","background-image":"","background-repeat":"repeat","background-position":"center center","background-size":"auto","background-attachment":"scroll","background-type":"","background-media":"","overlay-type":"","overlay-color":"","overlay-opacity":"","overlay-gradient":""},"mobile":{"background-color":"var(--ast-global-color-5)","background-image":"","background-repeat":"repeat","background-position":"center center","background-size":"auto","background-attachment":"scroll","background-type":"","background-media":"","overlay-type":"","overlay-color":"","overlay-opacity":"","overlay-gradient":""}},"footnotes":""},"class_list":["post-1813","page","type-page","status-publish","hentry"],"yoast_head":"<!-- This site is optimized with the Yoast SEO plugin v27.6 - https:\/\/yoast.com\/product\/yoast-seo-wordpress\/ -->\n<title>King Classic Room - InterContinental Athenee Palace<\/title>\n<meta name=\"robots\" content=\"index, follow, max-snippet:-1, max-image-preview:large, max-video-preview:-1\" \/>\n<link rel=\"canonical\" href=\"https:\/\/atheneepalace.intercontinental.com\/ro\/rooms-suites\/king-classic-room\/\" \/>\n<meta property=\"og:locale\" content=\"ro_RO\" \/>\n<meta property=\"og:type\" content=\"article\" \/>\n<meta property=\"og:title\" content=\"King Classic Room - InterContinental Athenee Palace\" \/>\n<meta property=\"og:description\" content=\"King Classic Room City view, king-size bed, free Wi-Fi \u2013 Relax in this modern room available on every floor from 1 to 7, featuring wooden floors and an intelligent air control panel. The room includes a king-size bed, business facilities, and a dining table that doubles as a workspace. You can adjust the temperature and [&hellip;]\" \/>\n<meta property=\"og:url\" content=\"https:\/\/atheneepalace.intercontinental.com\/ro\/rooms-suites\/king-classic-room\/\" \/>\n<meta property=\"og:site_name\" content=\"InterContinental Athenee Palace\" \/>\n<meta property=\"article:publisher\" content=\"https:\/\/www.facebook.com\/icatheneepalacebucharest\" \/>\n<meta property=\"article:modified_time\" content=\"2026-05-13T11:36:38+00:00\" \/>\n<meta property=\"og:image\" content=\"https:\/\/atheneepalace.intercontinental.com\/wp-content\/uploads\/2025\/08\/DJI_20250128172510_0836_D-Edit_web-4k.jpg\" \/>\n<meta name=\"twitter:card\" content=\"summary_large_image\" \/>\n<script type=\"application\/ld+json\" class=\"yoast-schema-graph\">{\"@context\":\"https:\\\/\\\/schema.org\",\"@graph\":[{\"@type\":\"WebPage\",\"@id\":\"https:\\\/\\\/atheneepalace.intercontinental.com\\\/rooms-suites\\\/king-classic-room\\\/\",\"url\":\"https:\\\/\\\/atheneepalace.intercontinental.com\\\/rooms-suites\\\/king-classic-room\\\/\",\"name\":\"King Classic Room - InterContinental Athenee Palace\",\"isPartOf\":{\"@id\":\"https:\\\/\\\/atheneepalace.intercontinental.com\\\/#website\"},\"primaryImageOfPage\":{\"@id\":\"https:\\\/\\\/atheneepalace.intercontinental.com\\\/rooms-suites\\\/king-classic-room\\\/#primaryimage\"},\"image\":{\"@id\":\"https:\\\/\\\/atheneepalace.intercontinental.com\\\/rooms-suites\\\/king-classic-room\\\/#primaryimage\"},\"thumbnailUrl\":\"https:\\\/\\\/atheneepalace.intercontinental.com\\\/wp-content\\\/uploads\\\/2025\\\/08\\\/DJI_20250128172510_0836_D-Edit_web-4k.jpg\",\"datePublished\":\"2023-05-05T13:17:36+00:00\",\"dateModified\":\"2026-05-13T11:36:38+00:00\",\"breadcrumb\":{\"@id\":\"https:\\\/\\\/atheneepalace.intercontinental.com\\\/rooms-suites\\\/king-classic-room\\\/#breadcrumb\"},\"inLanguage\":\"ro-RO\",\"potentialAction\":[{\"@type\":\"ReadAction\",\"target\":[\"https:\\\/\\\/atheneepalace.intercontinental.com\\\/rooms-suites\\\/king-classic-room\\\/\"]}]},{\"@type\":\"ImageObject\",\"inLanguage\":\"ro-RO\",\"@id\":\"https:\\\/\\\/atheneepalace.intercontinental.com\\\/rooms-suites\\\/king-classic-room\\\/#primaryimage\",\"url\":\"https:\\\/\\\/atheneepalace.intercontinental.com\\\/wp-content\\\/uploads\\\/2025\\\/08\\\/DJI_20250128172510_0836_D-Edit_web-4k.jpg\",\"contentUrl\":\"https:\\\/\\\/atheneepalace.intercontinental.com\\\/wp-content\\\/uploads\\\/2025\\\/08\\\/DJI_20250128172510_0836_D-Edit_web-4k.jpg\"},{\"@type\":\"BreadcrumbList\",\"@id\":\"https:\\\/\\\/atheneepalace.intercontinental.com\\\/rooms-suites\\\/king-classic-room\\\/#breadcrumb\",\"itemListElement\":[{\"@type\":\"ListItem\",\"position\":1,\"name\":\"Home\",\"item\":\"https:\\\/\\\/atheneepalace.intercontinental.com\\\/\"},{\"@type\":\"ListItem\",\"position\":2,\"name\":\"Rooms &amp; Suites\",\"item\":\"https:\\\/\\\/atheneepalace.intercontinental.com\\\/ro\\\/rooms-suites\\\/\"},{\"@type\":\"ListItem\",\"position\":3,\"name\":\"King Classic Room\"}]},{\"@type\":\"WebSite\",\"@id\":\"https:\\\/\\\/atheneepalace.intercontinental.com\\\/#website\",\"url\":\"https:\\\/\\\/atheneepalace.intercontinental.com\\\/\",\"name\":\"InterContinental Athenee Palace\",\"description\":\"\",\"publisher\":{\"@id\":\"https:\\\/\\\/atheneepalace.intercontinental.com\\\/#organization\"},\"potentialAction\":[{\"@type\":\"SearchAction\",\"target\":{\"@type\":\"EntryPoint\",\"urlTemplate\":\"https:\\\/\\\/atheneepalace.intercontinental.com\\\/?s={search_term_string}\"},\"query-input\":{\"@type\":\"PropertyValueSpecification\",\"valueRequired\":true,\"valueName\":\"search_term_string\"}}],\"inLanguage\":\"ro-RO\"},{\"@type\":\"Organization\",\"@id\":\"https:\\\/\\\/atheneepalace.intercontinental.com\\\/#organization\",\"name\":\"InterContinental Athenee Palace\",\"url\":\"https:\\\/\\\/atheneepalace.intercontinental.com\\\/\",\"logo\":{\"@type\":\"ImageObject\",\"inLanguage\":\"ro-RO\",\"@id\":\"https:\\\/\\\/atheneepalace.intercontinental.com\\\/#\\\/schema\\\/logo\\\/image\\\/\",\"url\":\"https:\\\/\\\/atheneepalace.intercontinental.com\\\/wp-content\\\/uploads\\\/2023\\\/05\\\/Logo-400.png\",\"contentUrl\":\"https:\\\/\\\/atheneepalace.intercontinental.com\\\/wp-content\\\/uploads\\\/2023\\\/05\\\/Logo-400.png\",\"width\":300,\"height\":139,\"caption\":\"InterContinental Athenee Palace\"},\"image\":{\"@id\":\"https:\\\/\\\/atheneepalace.intercontinental.com\\\/#\\\/schema\\\/logo\\\/image\\\/\"},\"sameAs\":[\"https:\\\/\\\/www.facebook.com\\\/icatheneepalacebucharest\",\"https:\\\/\\\/www.linkedin.com\\\/company\\\/intercontinental-athne-palace-bucharest\",\"https:\\\/\\\/www.tripadvisor.co.uk\\\/Hotel_Review-g294458-d300679-Reviews-InterContinental_Athenee_Palace_Bucharest_an_IHG_Hotel-Bucharest.html\",\"https:\\\/\\\/www.instagram.com\\\/icatheneepalacebucharest\\\/\"]}]}<\/script>\n<!-- \/ Yoast SEO plugin. -->","yoast_head_json":{"title":"King Classic Room - InterContinental Athenee Palace","robots":{"index":"index","follow":"follow","max-snippet":"max-snippet:-1","max-image-preview":"max-image-preview:large","max-video-preview":"max-video-preview:-1"},"canonical":"https:\/\/atheneepalace.intercontinental.com\/ro\/rooms-suites\/king-classic-room\/","og_locale":"ro_RO","og_type":"article","og_title":"King Classic Room - InterContinental Athenee Palace","og_description":"King Classic Room City view, king-size bed, free Wi-Fi \u2013 Relax in this modern room available on every floor from 1 to 7, featuring wooden floors and an intelligent air control panel. The room includes a king-size bed, business facilities, and a dining table that doubles as a workspace. You can adjust the temperature and [&hellip;]","og_url":"https:\/\/atheneepalace.intercontinental.com\/ro\/rooms-suites\/king-classic-room\/","og_site_name":"InterContinental Athenee Palace","article_publisher":"https:\/\/www.facebook.com\/icatheneepalacebucharest","article_modified_time":"2026-05-13T11:36:38+00:00","og_image":[{"url":"https:\/\/atheneepalace.intercontinental.com\/wp-content\/uploads\/2025\/08\/DJI_20250128172510_0836_D-Edit_web-4k.jpg","type":"","width":"","height":""}],"twitter_card":"summary_large_image","schema":{"@context":"https:\/\/schema.org","@graph":[{"@type":"WebPage","@id":"https:\/\/atheneepalace.intercontinental.com\/rooms-suites\/king-classic-room\/","url":"https:\/\/atheneepalace.intercontinental.com\/rooms-suites\/king-classic-room\/","name":"King Classic Room - InterContinental Athenee Palace","isPartOf":{"@id":"https:\/\/atheneepalace.intercontinental.com\/#website"},"primaryImageOfPage":{"@id":"https:\/\/atheneepalace.intercontinental.com\/rooms-suites\/king-classic-room\/#primaryimage"},"image":{"@id":"https:\/\/atheneepalace.intercontinental.com\/rooms-suites\/king-classic-room\/#primaryimage"},"thumbnailUrl":"https:\/\/atheneepalace.intercontinental.com\/wp-content\/uploads\/2025\/08\/DJI_20250128172510_0836_D-Edit_web-4k.jpg","datePublished":"2023-05-05T13:17:36+00:00","dateModified":"2026-05-13T11:36:38+00:00","breadcrumb":{"@id":"https:\/\/atheneepalace.intercontinental.com\/rooms-suites\/king-classic-room\/#breadcrumb"},"inLanguage":"ro-RO","potentialAction":[{"@type":"ReadAction","target":["https:\/\/atheneepalace.intercontinental.com\/rooms-suites\/king-classic-room\/"]}]},{"@type":"ImageObject","inLanguage":"ro-RO","@id":"https:\/\/atheneepalace.intercontinental.com\/rooms-suites\/king-classic-room\/#primaryimage","url":"https:\/\/atheneepalace.intercontinental.com\/wp-content\/uploads\/2025\/08\/DJI_20250128172510_0836_D-Edit_web-4k.jpg","contentUrl":"https:\/\/atheneepalace.intercontinental.com\/wp-content\/uploads\/2025\/08\/DJI_20250128172510_0836_D-Edit_web-4k.jpg"},{"@type":"BreadcrumbList","@id":"https:\/\/atheneepalace.intercontinental.com\/rooms-suites\/king-classic-room\/#breadcrumb","itemListElement":[{"@type":"ListItem","position":1,"name":"Home","item":"https:\/\/atheneepalace.intercontinental.com\/"},{"@type":"ListItem","position":2,"name":"Rooms &amp; Suites","item":"https:\/\/atheneepalace.intercontinental.com\/ro\/rooms-suites\/"},{"@type":"ListItem","position":3,"name":"King Classic Room"}]},{"@type":"WebSite","@id":"https:\/\/atheneepalace.intercontinental.com\/#website","url":"https:\/\/atheneepalace.intercontinental.com\/","name":"InterContinental Athenee Palace","description":"","publisher":{"@id":"https:\/\/atheneepalace.intercontinental.com\/#organization"},"potentialAction":[{"@type":"SearchAction","target":{"@type":"EntryPoint","urlTemplate":"https:\/\/atheneepalace.intercontinental.com\/?s={search_term_string}"},"query-input":{"@type":"PropertyValueSpecification","valueRequired":true,"valueName":"search_term_string"}}],"inLanguage":"ro-RO"},{"@type":"Organization","@id":"https:\/\/atheneepalace.intercontinental.com\/#organization","name":"InterContinental Athenee Palace","url":"https:\/\/atheneepalace.intercontinental.com\/","logo":{"@type":"ImageObject","inLanguage":"ro-RO","@id":"https:\/\/atheneepalace.intercontinental.com\/#\/schema\/logo\/image\/","url":"https:\/\/atheneepalace.intercontinental.com\/wp-content\/uploads\/2023\/05\/Logo-400.png","contentUrl":"https:\/\/atheneepalace.intercontinental.com\/wp-content\/uploads\/2023\/05\/Logo-400.png","width":300,"height":139,"caption":"InterContinental Athenee Palace"},"image":{"@id":"https:\/\/atheneepalace.intercontinental.com\/#\/schema\/logo\/image\/"},"sameAs":["https:\/\/www.facebook.com\/icatheneepalacebucharest","https:\/\/www.linkedin.com\/company\/intercontinental-athne-palace-bucharest","https:\/\/www.tripadvisor.co.uk\/Hotel_Review-g294458-d300679-Reviews-InterContinental_Athenee_Palace_Bucharest_an_IHG_Hotel-Bucharest.html","https:\/\/www.instagram.com\/icatheneepalacebucharest\/"]}]}},"brizy_media":[{"id":1647,"url":"https:\/\/atheneepalace.intercontinental.com\/wp-content\/uploads\/2023\/05\/ic.jpg","name":"ic.jpg","meta":{"brizy_attachment_uid":"wp-4642af4b1b09f8a815a1854a9947c2c6.jpg","brizy_post_uid":["daa464a40dbb6bee4deebfd73ceae5fb","70adbdf77f6b7774869c11cb07c6d941","a5b87360c75ee0036c76ad2917bb6e7f","6a2c64c0202e506520c5294444fc0fcb","7182643b753771ace4aeaea8b88d9994","ee06ead3e5958f39aa2981513ca07307","a96f10446e0c9d533df87d4daf4c6c6b","cc2071778c770f200cfc0b787913eb57","76b376ce36432f139904ae80b35283f7","b2852e04701c81f62f0f3d12d439cbf6","8f69c49462f60c19884c49dca3f00267","21a242d19ff5c757c6f48753d9dda1f6"]}},{"id":1737,"url":"https:\/\/atheneepalace.intercontinental.com\/wp-content\/uploads\/2023\/05\/pr2.jpg","name":"pr2.jpg","meta":{"brizy_attachment_uid":"wp-eccf10f8e31171420b3e83d95965221a.jpg","brizy_post_uid":["a96f10446e0c9d533df87d4daf4c6c6b","39f02a14861ffdd80e5754fc1ea064c9","76b376ce36432f139904ae80b35283f7","b2852e04701c81f62f0f3d12d439cbf6"]}},{"id":1817,"url":"https:\/\/atheneepalace.intercontinental.com\/wp-content\/uploads\/2023\/05\/kcr2.jpg","name":"kcr2.jpg","meta":{"brizy_attachment_uid":"wp-5764950243beeb64d623850ae6312ddc.jpg","brizy_post_uid":["76b376ce36432f139904ae80b35283f7","5a75d3e0c84462327fa9098c82ac49d1","3a5270cd27fe80c8519818e3d3ccbcb9"]}},{"id":1818,"url":"https:\/\/atheneepalace.intercontinental.com\/wp-content\/uploads\/2023\/05\/kcr1.png","name":"kcr1.png","meta":{"brizy_attachment_uid":"wp-8c47eff90438eed357581fbe398edfe1.png","brizy_post_uid":["76b376ce36432f139904ae80b35283f7","3a5270cd27fe80c8519818e3d3ccbcb9","7fa6c0fd7de21ba29d43381ceba985bd","4379fa12a6c7f27e78013ab28159c618","5d556d699d051d21c60d7cee376f9ec8"]}},{"id":13189,"url":"https:\/\/atheneepalace.intercontinental.com\/wp-content\/uploads\/2025\/08\/DJI_20250128172510_0836_D-Edit_web-4k.jpg","name":"DJI_20250128172510_0836_D-Edit_web-4k.jpg","meta":{"brizy_attachment_uid":"wp-d19b2c026039c94fd5e2b1cb6f126ea7.jpg","brizy_post_uid":["89af6f11a5f7c640b8bebe6b552a247a","cc2071778c770f200cfc0b787913eb57","76b376ce36432f139904ae80b35283f7"]}}],"_links":{"self":[{"href":"https:\/\/atheneepalace.intercontinental.com\/ro\/wp-json\/wp\/v2\/pages\/1813","targetHints":{"allow":["GET"]}}],"collection":[{"href":"https:\/\/atheneepalace.intercontinental.com\/ro\/wp-json\/wp\/v2\/pages"}],"about":[{"href":"https:\/\/atheneepalace.intercontinental.com\/ro\/wp-json\/wp\/v2\/types\/page"}],"author":[{"embeddable":true,"href":"https:\/\/atheneepalace.intercontinental.com\/ro\/wp-json\/wp\/v2\/users\/1"}],"replies":[{"embeddable":true,"href":"https:\/\/atheneepalace.intercontinental.com\/ro\/wp-json\/wp\/v2\/comments?post=1813"}],"version-history":[{"count":14,"href":"https:\/\/atheneepalace.intercontinental.com\/ro\/wp-json\/wp\/v2\/pages\/1813\/revisions"}],"predecessor-version":[{"id":14490,"href":"https:\/\/atheneepalace.intercontinental.com\/ro\/wp-json\/wp\/v2\/pages\/1813\/revisions\/14490"}],"up":[{"embeddable":true,"href":"https:\/\/atheneepalace.intercontinental.com\/ro\/wp-json\/wp\/v2\/pages\/18"}],"wp:attachment":[{"href":"https:\/\/atheneepalace.intercontinental.com\/ro\/wp-json\/wp\/v2\/media?parent=1813"}],"curies":[{"name":"wp","href":"https:\/\/api.w.org\/{rel}","templated":true}]}}