{"id":1902,"date":"2023-05-08T13:57:53","date_gmt":"2023-05-08T13:57:53","guid":{"rendered":"https:\/\/atheneepalace.intercontinental.com\/?page_id=1902"},"modified":"2025-07-07T08:30:50","modified_gmt":"2025-07-07T08:30:50","slug":"careers","status":"publish","type":"page","link":"https:\/\/atheneepalace.intercontinental.com\/ro\/our-hotel\/careers\/","title":{"rendered":"Cariere"},"content":{"rendered":"<div class=\"brz-root__container brz-reset-all brz brz-root__container-page\">\n<section id=\"06aa1e48ad12acc7ab43_yielphmnmzytnuqxifttwvzplkpmjvbfrsru\" class=\"brz-section brz-css-11bdy6y brz-css-ts81ti\">\n<div class=\"brz-slick-slider brz-slick-slider__section\" data-slides-to-show=\"1\" data-slides-to-scroll=\"1\" data-arrows=\"true\" data-dots=\"false\" data-dots-class=\"brz-slick-slider__dots brz-slick-slider__dots--none\" data-fade=\"false\" data-vertical=\"false\" data-auto-play=\"false\" data-auto-play-speed=\"3000\" data-animation-speed=\"500\" data-swipe=\"true\" data-responsive=\"%5B%7B%22breakpoint%22%3A767%2C%22settings%22%3A%7B%22slidesToShow%22%3A1%2C%22slidesToScroll%22%3A1%7D%7D%5D\">\n<div>\n<div class=\"brz-section__content brz-section--boxed brz-css-1s10usg brz-css-1nxhslk\" data-brz-custom-id=\"ystlidwxduvtsvtxlaetrtubhifousinnnyw\">\n<div class=\"brz-bg\">\n<div class=\"brz-bg-image\"><\/div>\n<div class=\"brz-bg-color\"><\/div>\n<\/div>\n<div class=\"brz-container brz-css-1ltb47q\">\n<div id=\"\" class=\"brz-css-1xg49de brz-wrapper\">\n<div class=\"brz-rich-text brz-rich-text__custom brz-css-1wcyzqt\" data-brz-custom-id=\"wtpaxzmhrszokbvqqinqolsvvtzhsesltboz\">\n<div data-brz-translate-text=\"1\">\n<h1 class=\"brz-tp-lg-heading1 brz-text-lg-center brz-css-hDPxJ\" data-generated-css=\"brz-css-kKoaA\" data-uniq-id=\"gSdoW\"><span class=\"brz-cp-color8 brz-capitalize-on\">OPORTUNIT\u0102\u021aI DE CARIER\u0102 LA INTERCONTINENTAL ATH\u00c9N\u00c9E PALACE<\/span><\/h1>\n<\/div>\n<\/div>\n<\/div>\n<\/div>\n<\/div>\n<\/div>\n<\/div>\n<\/section>\n<section id=\"74fe3e0e78e20f9fc69d_vxxkjaadhiwbjpcsccadruxumduxzqjkqfvc\" class=\"brz-section brz-css-11bdy6y\">\n<div class=\"brz-section__content brz-section--boxed brz-css-1s10usg brz-css-9k65vd\" data-brz-custom-id=\"oqptixmkkpteagghondqjwiuiumqjfqbntrc\">\n<div class=\"brz-container brz-css-1ltb47q\">\n<div id=\"\" class=\"brz-css-1xg49de brz-wrapper\">\n<div class=\"brz-rich-text brz-rich-text__custom brz-css-1wcyzqt\" data-brz-custom-id=\"ilnebiqcfbujcmpsfoxhkscictlnoxyjfrzl\">\n<div data-brz-translate-text=\"1\">\n<p class=\"brz-text-lg-left brz-tp-lg-paragraph brz-css-pxj3O\" data-uniq-id=\"r3l_E\" data-generated-css=\"brz-css-v08pD\"><span class=\"brz-cp-color7\">With a presence in the key cities and destinations of more than 60 countries around the globe, InterContinental Hotels &amp; Resorts, the world&#8217;s first international luxury hotel brand, brings unparalleled grandeur to Bucharest in 2023 with the signing of Ath\u00e9n\u00e9e Palace Bucharest. This marks the return of the IHG brand to Romania in a fully renovated, state-of-the-art hotel. For over a century this iconic property has been a beacon of hospitality, bringing together dignitaries, leaders, and celebrities with premium service in iconic surroundings. <\/span><\/p>\n<\/div>\n<\/div>\n<\/div>\n<div id=\"\" class=\"brz-css-1xg49de brz-wrapper\">\n<div class=\"brz-rich-text brz-rich-text__custom brz-css-1wcyzqt\" data-brz-custom-id=\"oCNqXPIuDrDe\">\n<div data-brz-translate-text=\"1\">\n<p class=\"brz-tp-lg-paragraph brz-text-lg-left brz-css-lnNHm\" data-uniq-id=\"mkltv\" data-generated-css=\"brz-css-sp1G4\"><span class=\"brz-cp-color7\">Descoper\u0103 cum \u00ee\u021bi po\u021bi dezvolta cariera \u00een domeniul ospitalit\u0103\u021bii \u0219i cum po\u021bi ajuta la crearea unor momente de neuitat pentru oaspe\u021bii no\u0219tri, prin aplicarea pentru o pozi\u021bie \u00een cadrul InterContinental Ath\u00e9n\u00e9e Palace.<\/span><\/p>\n<\/div>\n<\/div>\n<\/div>\n<div id=\"\" class=\"brz-css-1xg49de brz-wrapper\">\n<div class=\"brz-rich-text brz-rich-text__custom brz-css-1wcyzqt\" data-brz-custom-id=\"bq3Auhwz6Hxp\">\n<div data-brz-translate-text=\"1\">\n<p class=\"brz-tp-lg-paragraph brz-text-lg-left brz-css-ppaja\" data-uniq-id=\"hGJ_y\" data-generated-css=\"brz-css-kvghc\"><span class=\"brz-cp-color7\">C\u0103ut\u0103m noi colegi capabili s\u0103 \u00eembine serviciile impecabile cu aten\u021bia personalizat\u0103 pentru a asigura confortul oaspe\u021bilor no\u0219tri. Avem o varietate de oportunit\u0103\u021bi at\u00e2t pentru personalul din prima linie - cameriste, recep\u021bioneri, personal pentru bar \u0219i restaurant, c\u00e2t \u0219i numeroase roluri posibile \u00een echipa de evenimente, v\u00e2nz\u0103ri, contabilitate sau management.<\/span><\/p>\n<\/div>\n<\/div>\n<\/div>\n<div id=\"\" class=\"brz-css-1xg49de brz-css-p3iazm brz-wrapper\">\n<div class=\"brz-rich-text brz-rich-text__custom brz-css-1wcyzqt\" data-brz-custom-id=\"qrpwpULF6SdF\">\n<div data-brz-translate-text=\"1\">\n<p class=\"brz-tp-lg-paragraph brz-text-lg-left brz-css-zC36q\" data-generated-css=\"brz-css-jA0GV\" data-uniq-id=\"zw6Hr\"><span class=\"brz-cp-color7\">Descoper\u0103 posturile noastre disponibile: <\/span><a class=\"link--external brz-cp-color7\" href=\"https:\/\/careers.ihg.com\/en\/search-and-apply\/?area=romania&amp;region=bucharest\" data-brz-link-type=\"external\" target=\"_blank\"><strong>CARIERE IHG<\/strong><\/a><span class=\"brz-cp-color7\"> <\/span><span class=\"brz-cp-color7\">\u2013<\/span><span class=\"brz-cp-color7\"> sau trimite un e-mail speciali\u0219tilor no\u0219tri \u00een recrutare complet\u00e2nd c\u00e2mpurile de mai jos. A\u0219tept\u0103m cu ner\u0103bdare s\u0103 te cunoa\u0219tem! <\/span><\/p>\n<\/div>\n<\/div>\n<\/div>\n<div id=\"\" class=\"brz-css-1xg49de brz-css-1475841 brz-wrapper\">\n<div class=\"brz-spacer brz-css-1h6inu1 brz-css-1c7je4i\"><\/div>\n<\/div>\n<div id=\"\" class=\"brz-css-1xg49de brz-wrapper\">\n<div data-brz-form-version=\"2\" class=\"brz-forms2 brz-css-qfdrlc\" data-brz-custom-id=\"oeZa5dRDdfsG\">\n<div data-brz-translate-text=\"1\" class=\"brz-forms2__item brz-css-1yzvtkz brz-css-mhu44q brz-css-xjgwv3 brz-css-1hqftx3\"><\/div>\n<div data-brz-translate-text=\"1\" class=\"brz-forms2__item brz-css-1yzvtkz brz-css-mhu44q brz-css-xjgwv3 brz-css-spm3zp\"><\/div>\n<div data-brz-translate-text=\"1\" class=\"brz-forms2__item brz-css-1yzvtkz brz-css-mhu44q brz-css-xjgwv3 brz-css-1lxlg4e\"><\/div>\n<div data-brz-translate-text=\"1\" class=\"brz-forms2__item brz-css-1yzvtkz brz-css-mhu44q brz-css-xjgwv3 brz-css-1h54ebv\"><\/div>\n<div data-brz-translate-text=\"1\" class=\"brz-forms2__item brz-css-1yzvtkz brz-css-mhu44q brz-d-none brz-css-xjgwv3\"><\/div>\n<div data-brz-translate-text=\"1\" class=\"brz-forms2__item brz-css-1yzvtkz brz-css-mhu44q brz-css-xjgwv3\">\n<div class=\"brz-input__upload brz-input brz-forms2__field brz-forms2__field-fileUpload\"><label for=\"qjQC4DuLmJkO_4c6e190211afec6647ef\" class=\"brz-label\"><span class=\"brz-span\">Upload CV<\/span><span class=\"brz-button\">Choose File<\/span><\/label><\/div>\n<\/div>\n<div class=\"brz-forms2 brz-forms2__item brz-forms2__item-button\" data-brz-custom-id=\"oeZa5dRDdfsG\"><button class=\"brz-btn brz-btn-submit brz-css-1ifp8y8 brz-css-165s8xg\" data-brz-custom-id=\"gExPNE4hYKXp\"><span data-brz-translate-text=\"1\" class=\"brz-span brz-text__editor\">TRIMITE EMAIL<\/span><\/button><\/div>\n<div class=\"brz-g-recaptcha\" data-sitekey=\"\" data-size=\"invisible\" data-callback=\"brzFormV2Captcha\"><\/div>\n<\/div>\n<\/div>\n<\/div>\n<\/div>\n<\/section>\n<\/div>\n<p>    <!-- version:1741166032 --><\/p>","protected":false},"excerpt":{"rendered":"<p>CAREER OPPORTUNITIES AT INTERCONTINENTAL ATH\u00c9N\u00c9E PALACE With a presence in the key cities and destinations of more than 60 countries around the globe, InterContinental Hotels &amp; Resorts, the world&#8217;s first international luxury hotel brand, brings unparalleled grandeur to Bucharest in 2023 with the signing of Ath\u00e9n\u00e9e Palace Bucharest. This marks the return of the IHG [&hellip;]<\/p>","protected":false},"author":1,"featured_media":0,"parent":1108,"menu_order":0,"comment_status":"closed","ping_status":"closed","template":"brizy-blank-template.php","meta":{"site-sidebar-layout":"default","site-content-layout":"default","ast-site-content-layout":"default","site-content-style":"default","site-sidebar-style":"default","ast-global-header-display":"","ast-banner-title-visibility":"","ast-main-header-display":"","ast-hfb-above-header-display":"","ast-hfb-below-header-display":"","ast-hfb-mobile-header-display":"","site-post-title":"","ast-breadcrumbs-content":"","ast-featured-img":"","footer-sml-layout":"","theme-transparent-header-meta":"default","adv-header-id-meta":"","stick-header-meta":"","header-above-stick-meta":"","header-main-stick-meta":"","header-below-stick-meta":"","astra-migrate-meta-layouts":"default","ast-page-background-enabled":"default","ast-page-background-meta":{"desktop":{"background-color":"var(--ast-global-color-4)","background-image":"","background-repeat":"repeat","background-position":"center center","background-size":"auto","background-attachment":"scroll","background-type":"","background-media":"","overlay-type":"","overlay-color":"","overlay-opacity":"","overlay-gradient":""},"tablet":{"background-color":"","background-image":"","background-repeat":"repeat","background-position":"center center","background-size":"auto","background-attachment":"scroll","background-type":"","background-media":"","overlay-type":"","overlay-color":"","overlay-opacity":"","overlay-gradient":""},"mobile":{"background-color":"","background-image":"","background-repeat":"repeat","background-position":"center center","background-size":"auto","background-attachment":"scroll","background-type":"","background-media":"","overlay-type":"","overlay-color":"","overlay-opacity":"","overlay-gradient":""}},"ast-content-background-meta":{"desktop":{"background-color":"var(--ast-global-color-5)","background-image":"","background-repeat":"repeat","background-position":"center center","background-size":"auto","background-attachment":"scroll","background-type":"","background-media":"","overlay-type":"","overlay-color":"","overlay-opacity":"","overlay-gradient":""},"tablet":{"background-color":"var(--ast-global-color-5)","background-image":"","background-repeat":"repeat","background-position":"center center","background-size":"auto","background-attachment":"scroll","background-type":"","background-media":"","overlay-type":"","overlay-color":"","overlay-opacity":"","overlay-gradient":""},"mobile":{"background-color":"var(--ast-global-color-5)","background-image":"","background-repeat":"repeat","background-position":"center center","background-size":"auto","background-attachment":"scroll","background-type":"","background-media":"","overlay-type":"","overlay-color":"","overlay-opacity":"","overlay-gradient":""}},"footnotes":""},"class_list":["post-1902","page","type-page","status-publish","hentry"],"yoast_head":"<!-- This site is optimized with the Yoast SEO plugin v26.6 - https:\/\/yoast.com\/wordpress\/plugins\/seo\/ -->\n<title>Careers - InterContinental Athenee Palace<\/title>\n<meta name=\"robots\" content=\"index, follow, max-snippet:-1, max-image-preview:large, max-video-preview:-1\" \/>\n<link rel=\"canonical\" href=\"https:\/\/atheneepalace.intercontinental.com\/ro\/our-hotel\/careers\/\" \/>\n<meta property=\"og:locale\" content=\"ro_RO\" \/>\n<meta property=\"og:type\" content=\"article\" \/>\n<meta property=\"og:title\" content=\"Careers - InterContinental Athenee Palace\" \/>\n<meta property=\"og:description\" content=\"CAREER OPPORTUNITIES AT INTERCONTINENTAL ATH\u00c9N\u00c9E PALACE With a presence in the key cities and destinations of more than 60 countries around the globe, InterContinental Hotels &amp; Resorts, the world&#8217;s first international luxury hotel brand, brings unparalleled grandeur to Bucharest in 2023 with the signing of Ath\u00e9n\u00e9e Palace Bucharest. This marks the return of the IHG [&hellip;]\" \/>\n<meta property=\"og:url\" content=\"https:\/\/atheneepalace.intercontinental.com\/ro\/our-hotel\/careers\/\" \/>\n<meta property=\"og:site_name\" content=\"InterContinental Athenee Palace\" \/>\n<meta property=\"article:publisher\" content=\"https:\/\/www.facebook.com\/icatheneepalacebucharest\" \/>\n<meta property=\"article:modified_time\" content=\"2025-07-07T08:30:50+00:00\" \/>\n<meta name=\"twitter:card\" content=\"summary_large_image\" \/>\n<meta name=\"twitter:label1\" content=\"Timp estimat pentru citire\" \/>\n\t<meta name=\"twitter:data1\" content=\"1 minut\" \/>\n<script type=\"application\/ld+json\" class=\"yoast-schema-graph\">{\"@context\":\"https:\/\/schema.org\",\"@graph\":[{\"@type\":\"WebPage\",\"@id\":\"https:\/\/atheneepalace.intercontinental.com\/our-hotel\/careers\/\",\"url\":\"https:\/\/atheneepalace.intercontinental.com\/our-hotel\/careers\/\",\"name\":\"Careers - InterContinental Athenee Palace\",\"isPartOf\":{\"@id\":\"https:\/\/atheneepalace.intercontinental.com\/#website\"},\"datePublished\":\"2023-05-08T13:57:53+00:00\",\"dateModified\":\"2025-07-07T08:30:50+00:00\",\"breadcrumb\":{\"@id\":\"https:\/\/atheneepalace.intercontinental.com\/our-hotel\/careers\/#breadcrumb\"},\"inLanguage\":\"ro-RO\",\"potentialAction\":[{\"@type\":\"ReadAction\",\"target\":[\"https:\/\/atheneepalace.intercontinental.com\/our-hotel\/careers\/\"]}]},{\"@type\":\"BreadcrumbList\",\"@id\":\"https:\/\/atheneepalace.intercontinental.com\/our-hotel\/careers\/#breadcrumb\",\"itemListElement\":[{\"@type\":\"ListItem\",\"position\":1,\"name\":\"Home\",\"item\":\"https:\/\/atheneepalace.intercontinental.com\/\"},{\"@type\":\"ListItem\",\"position\":2,\"name\":\"Our Hotel\",\"item\":\"https:\/\/atheneepalace.intercontinental.com\/our-hotel\/\"},{\"@type\":\"ListItem\",\"position\":3,\"name\":\"Careers\"}]},{\"@type\":\"WebSite\",\"@id\":\"https:\/\/atheneepalace.intercontinental.com\/#website\",\"url\":\"https:\/\/atheneepalace.intercontinental.com\/\",\"name\":\"InterContinental Athenee Palace\",\"description\":\"\",\"publisher\":{\"@id\":\"https:\/\/atheneepalace.intercontinental.com\/#organization\"},\"potentialAction\":[{\"@type\":\"SearchAction\",\"target\":{\"@type\":\"EntryPoint\",\"urlTemplate\":\"https:\/\/atheneepalace.intercontinental.com\/?s={search_term_string}\"},\"query-input\":{\"@type\":\"PropertyValueSpecification\",\"valueRequired\":true,\"valueName\":\"search_term_string\"}}],\"inLanguage\":\"ro-RO\"},{\"@type\":\"Organization\",\"@id\":\"https:\/\/atheneepalace.intercontinental.com\/#organization\",\"name\":\"InterContinental Athenee Palace\",\"url\":\"https:\/\/atheneepalace.intercontinental.com\/\",\"logo\":{\"@type\":\"ImageObject\",\"inLanguage\":\"ro-RO\",\"@id\":\"https:\/\/atheneepalace.intercontinental.com\/#\/schema\/logo\/image\/\",\"url\":\"https:\/\/atheneepalace.intercontinental.com\/wp-content\/uploads\/2023\/05\/Logo-400.png\",\"contentUrl\":\"https:\/\/atheneepalace.intercontinental.com\/wp-content\/uploads\/2023\/05\/Logo-400.png\",\"width\":300,\"height\":139,\"caption\":\"InterContinental Athenee Palace\"},\"image\":{\"@id\":\"https:\/\/atheneepalace.intercontinental.com\/#\/schema\/logo\/image\/\"},\"sameAs\":[\"https:\/\/www.facebook.com\/icatheneepalacebucharest\",\"https:\/\/www.linkedin.com\/company\/intercontinental-athne-palace-bucharest\",\"https:\/\/www.tripadvisor.co.uk\/Hotel_Review-g294458-d300679-Reviews-InterContinental_Athenee_Palace_Bucharest_an_IHG_Hotel-Bucharest.html\",\"https:\/\/www.instagram.com\/icatheneepalacebucharest\/\"]}]}<\/script>\n<!-- \/ Yoast SEO plugin. -->","yoast_head_json":{"title":"Careers - InterContinental Athenee Palace","robots":{"index":"index","follow":"follow","max-snippet":"max-snippet:-1","max-image-preview":"max-image-preview:large","max-video-preview":"max-video-preview:-1"},"canonical":"https:\/\/atheneepalace.intercontinental.com\/ro\/our-hotel\/careers\/","og_locale":"ro_RO","og_type":"article","og_title":"Careers - InterContinental Athenee Palace","og_description":"CAREER OPPORTUNITIES AT INTERCONTINENTAL ATH\u00c9N\u00c9E PALACE With a presence in the key cities and destinations of more than 60 countries around the globe, InterContinental Hotels &amp; Resorts, the world&#8217;s first international luxury hotel brand, brings unparalleled grandeur to Bucharest in 2023 with the signing of Ath\u00e9n\u00e9e Palace Bucharest. This marks the return of the IHG [&hellip;]","og_url":"https:\/\/atheneepalace.intercontinental.com\/ro\/our-hotel\/careers\/","og_site_name":"InterContinental Athenee Palace","article_publisher":"https:\/\/www.facebook.com\/icatheneepalacebucharest","article_modified_time":"2025-07-07T08:30:50+00:00","twitter_card":"summary_large_image","twitter_misc":{"Timp estimat pentru citire":"1 minut"},"schema":{"@context":"https:\/\/schema.org","@graph":[{"@type":"WebPage","@id":"https:\/\/atheneepalace.intercontinental.com\/our-hotel\/careers\/","url":"https:\/\/atheneepalace.intercontinental.com\/our-hotel\/careers\/","name":"Careers - InterContinental Athenee Palace","isPartOf":{"@id":"https:\/\/atheneepalace.intercontinental.com\/#website"},"datePublished":"2023-05-08T13:57:53+00:00","dateModified":"2025-07-07T08:30:50+00:00","breadcrumb":{"@id":"https:\/\/atheneepalace.intercontinental.com\/our-hotel\/careers\/#breadcrumb"},"inLanguage":"ro-RO","potentialAction":[{"@type":"ReadAction","target":["https:\/\/atheneepalace.intercontinental.com\/our-hotel\/careers\/"]}]},{"@type":"BreadcrumbList","@id":"https:\/\/atheneepalace.intercontinental.com\/our-hotel\/careers\/#breadcrumb","itemListElement":[{"@type":"ListItem","position":1,"name":"Home","item":"https:\/\/atheneepalace.intercontinental.com\/"},{"@type":"ListItem","position":2,"name":"Our Hotel","item":"https:\/\/atheneepalace.intercontinental.com\/our-hotel\/"},{"@type":"ListItem","position":3,"name":"Careers"}]},{"@type":"WebSite","@id":"https:\/\/atheneepalace.intercontinental.com\/#website","url":"https:\/\/atheneepalace.intercontinental.com\/","name":"InterContinental Athenee Palace","description":"","publisher":{"@id":"https:\/\/atheneepalace.intercontinental.com\/#organization"},"potentialAction":[{"@type":"SearchAction","target":{"@type":"EntryPoint","urlTemplate":"https:\/\/atheneepalace.intercontinental.com\/?s={search_term_string}"},"query-input":{"@type":"PropertyValueSpecification","valueRequired":true,"valueName":"search_term_string"}}],"inLanguage":"ro-RO"},{"@type":"Organization","@id":"https:\/\/atheneepalace.intercontinental.com\/#organization","name":"InterContinental Athenee Palace","url":"https:\/\/atheneepalace.intercontinental.com\/","logo":{"@type":"ImageObject","inLanguage":"ro-RO","@id":"https:\/\/atheneepalace.intercontinental.com\/#\/schema\/logo\/image\/","url":"https:\/\/atheneepalace.intercontinental.com\/wp-content\/uploads\/2023\/05\/Logo-400.png","contentUrl":"https:\/\/atheneepalace.intercontinental.com\/wp-content\/uploads\/2023\/05\/Logo-400.png","width":300,"height":139,"caption":"InterContinental Athenee Palace"},"image":{"@id":"https:\/\/atheneepalace.intercontinental.com\/#\/schema\/logo\/image\/"},"sameAs":["https:\/\/www.facebook.com\/icatheneepalacebucharest","https:\/\/www.linkedin.com\/company\/intercontinental-athne-palace-bucharest","https:\/\/www.tripadvisor.co.uk\/Hotel_Review-g294458-d300679-Reviews-InterContinental_Athenee_Palace_Bucharest_an_IHG_Hotel-Bucharest.html","https:\/\/www.instagram.com\/icatheneepalacebucharest\/"]}]}},"_links":{"self":[{"href":"https:\/\/atheneepalace.intercontinental.com\/ro\/wp-json\/wp\/v2\/pages\/1902","targetHints":{"allow":["GET"]}}],"collection":[{"href":"https:\/\/atheneepalace.intercontinental.com\/ro\/wp-json\/wp\/v2\/pages"}],"about":[{"href":"https:\/\/atheneepalace.intercontinental.com\/ro\/wp-json\/wp\/v2\/types\/page"}],"author":[{"embeddable":true,"href":"https:\/\/atheneepalace.intercontinental.com\/ro\/wp-json\/wp\/v2\/users\/1"}],"replies":[{"embeddable":true,"href":"https:\/\/atheneepalace.intercontinental.com\/ro\/wp-json\/wp\/v2\/comments?post=1902"}],"version-history":[{"count":30,"href":"https:\/\/atheneepalace.intercontinental.com\/ro\/wp-json\/wp\/v2\/pages\/1902\/revisions"}],"predecessor-version":[{"id":11742,"href":"https:\/\/atheneepalace.intercontinental.com\/ro\/wp-json\/wp\/v2\/pages\/1902\/revisions\/11742"}],"up":[{"embeddable":true,"href":"https:\/\/atheneepalace.intercontinental.com\/ro\/wp-json\/wp\/v2\/pages\/1108"}],"wp:attachment":[{"href":"https:\/\/atheneepalace.intercontinental.com\/ro\/wp-json\/wp\/v2\/media?parent=1902"}],"curies":[{"name":"wp","href":"https:\/\/api.w.org\/{rel}","templated":true}]}}