{"id":3369,"date":"2023-05-31T08:08:39","date_gmt":"2023-05-31T08:08:39","guid":{"rendered":"https:\/\/atheneepalace.intercontinental.com\/?page_id=3369"},"modified":"2025-10-10T07:52:54","modified_gmt":"2025-10-10T07:52:54","slug":"premium-rooms","status":"publish","type":"page","link":"https:\/\/atheneepalace.intercontinental.com\/ro\/rooms-suites\/premium-rooms\/","title":{"rendered":"Camere Premium"},"content":{"rendered":"<div class=\"brz-root__container brz-reset-all brz brz-root__container-page\">\n<section id=\"121cb33fc85e8750addd_ixyqatrejndmrkdlvrayhcuesquhoifibelk\" class=\"brz-section brz-css-1mg4fa6 brz-css-r3jd7d\">\n<div class=\"brz-section__content brz-section--boxed brz-css-1y7qrmu brz-css-1nv8clm\" data-brz-custom-id=\"kzddjksigdxjxhgorhtxzkknbusgyrayudpa\">\n<div class=\"brz-container brz-css-k4azoi brz-css-3kpzs3\">\n<div id=\"\" class=\"brz-css-zp9s7v brz-css-155hivo brz-wrapper\">\n<div class=\"brz-rich-text brz-rich-text__custom brz-css-f7ijqs brz-css-16ex04u\" data-brz-custom-id=\"ikeyztklviiifonbukevouefsvlrsyvfypnl\">\n<div data-brz-translate-text=\"1\">\n<h1 class=\"brz-tp-lg-heading1 brz-text-lg-center brz-ff-noto_serif brz-ft-google brz-fs-lg-25 brz-fss-lg-px brz-fw-lg-400 brz-ls-lg-0 brz-lh-lg-1_7 brz-css-nrk5M\" data-generated-css=\"brz-css-vrfsu\" data-uniq-id=\"vtugp\">CAMERE PREMIUM<\/h1>\n<\/div>\n<\/div>\n<\/div>\n<\/div>\n<\/div>\n<\/section>\n<section id=\"dcecdea4168aac7198c7_vzdiupahxcbioqyusemtgwwyixywyvvrnliz\" class=\"brz-section brz-css-1mg4fa6 brz-css-111uum\">\n<div class=\"brz-section__content brz-section--fullWidth brz-css-1y7qrmu brz-css-1tjr97v\" data-brz-custom-id=\"treusirdrzdezfrunmvxabrfkbvchcabowax\">\n<div class=\"brz-container brz-css-k4azoi brz-css-2eagld\">\n<div class=\"brz-row__container brz-css-nbogv3 brz-css-1nv6snx\" data-brz-custom-id=\"ogtbblfitpvqsdftjuffashdzvebhdsdfsum\">\n<div class=\"brz-row brz-css-1qcampd brz-css-1u572r7\">\n<div class=\"brz-columns brz-css-e1npqy brz-css-ygv77d\" data-brz-custom-id=\"kkfmdynnovmnzayxasypmkegdaxvfitvzdgy\">\n<div class=\"brz-column__items brz-css-csg96j brz-css-nnlpbo\">\n<div id=\"\" class=\"brz-css-zp9s7v brz-css-pkzusl brz-wrapper\">\n<div class=\"brz-rich-text brz-rich-text__custom brz-css-f7ijqs brz-css-dqqh4n\" data-brz-custom-id=\"kzdeugfylvkylerhkufzwtufxgpmmcgnvcfu\">\n<div data-brz-translate-text=\"1\">\n<p class=\"brz-tp-lg-subtitle brz-css-md0y3\" data-generated-css=\"brz-css-tziut\" data-uniq-id=\"ynhhk\"><span class=\"brz-cp-color2\">CAMER\u0102 KING PREMIUM<\/span><\/p>\n<\/div>\n<\/div>\n<\/div>\n<div id=\"\" class=\"brz-css-zp9s7v brz-css-95cm9k brz-wrapper\">\n<div class=\"brz-line brz-line-default brz-css-m2bgtm brz-css-yld1il\" data-brz-custom-id=\"xfulzayzjgavweqhahzfspkfxaejfkgxmean\">\n<hr class=\"brz-hr\"><\/div>\n<\/div>\n<div id=\"\" class=\"brz-css-zp9s7v brz-css-46gwc4 brz-wrapper\">\n<div class=\"brz-rich-text brz-rich-text__custom brz-css-f7ijqs brz-css-1e3a73v\" data-brz-custom-id=\"hhobwjaxufrawajplicdbbcylzemazyhfvmn\">\n<div data-brz-translate-text=\"1\">\n<p class=\"brz-tp-lg-paragraph brz-css-molU_\" data-uniq-id=\"xuulg\" data-generated-css=\"brz-css-wbvbg\"><span class=\"brz-cp-color7\" style=\"color: rgb(68, 68, 60);\">Camera King Premium de col\u021b este proiectat\u0103 cu confortul dvs. \u00een minte, bucura\u021bi-v\u0103 de utilizarea unei zone de \u0219edere elegante \u0219i experimenta\u021bi adev\u0103rata confort. Camera beneficiaz\u0103 de podea din lemn ingineresc \u0219i un panou inteligent de comand\u0103 pentru fluxul de aer, oferind o camer\u0103 cu un pat de dimensiuni king. Baia este elegant\u0103 \u0219i spa\u021bioas\u0103, cu o fereastr\u0103 mare pentru lumin\u0103 natural\u0103. <\/span><\/p>\n<\/div>\n<\/div>\n<\/div>\n<div class=\"brz-wrapper-clone brz-flex-xs-wrap brz-css-1hu7ll2 brz-css-6xurh4\" data-brz-custom-id=\"ojorrggthvouautjuhnkubbfltkbnnsinlsy\"><a class=\"brz-a brz-btn brz-css-3u23g5 brz-css-bifs8c brz-css-ijd78c brz-css-1l2ilkz\" href=\"https:\/\/atheneepalace.intercontinental.com\/ro\/rooms-suites\/king-premium-corner-room\/\" target=\"_self\" rel=\"noopener\" data-brz-link-type=\"page\" data-brz-custom-id=\"fhcmpujqatzuyknnztkemcrvtstnbuwikias\"><span data-brz-translate-text=\"1\" class=\"brz-span brz-text__editor\">MAI MULTE DETALII<\/span><\/a><a class=\"brz-a brz-btn brz-css-3u23g5 brz-css-1bxyulc brz-css-ijd78c brz-css-1abgagd\" href=\"https:\/\/my.treedis.com\/tour\/intercontinental-athenee-palace-bucharest-45f2b?s=84ymbcpseurm026nxyuswryza&amp;x=2.4453455557338035&amp;y=-174.85479908705437\" target=\"_blank\" rel=\"noopener\" data-brz-link-type=\"external\" data-brz-custom-id=\"b_XVXODVXrZj\"><span data-brz-translate-text=\"1\" class=\"brz-span brz-text__editor\">TUR VIRTUAL<\/span><\/a><\/div>\n<\/div>\n<\/div>\n<div class=\"brz-columns brz-css-e1npqy brz-css-1r1xodw\" data-brz-custom-id=\"rsqzjkqvjjpjjqvcsaavnehxjmqycsqkyqpq\">\n<div class=\"brz-bg\">\n<div class=\"brz-bg-image\"><\/div>\n<\/div>\n<div class=\"brz-column__items brz-css-csg96j brz-css-szauag\"><\/div>\n<\/div>\n<\/div>\n<\/div>\n<\/div>\n<\/div>\n<\/section>\n<section id=\"b100a71a036003c28ea7_ezovkmdyauohkqqfqfsqjhsemjykphdrjcpk\" class=\"brz-section brz-css-1mg4fa6 brz-css-1mnn5o6\">\n<div class=\"brz-section__content brz-section--fullWidth brz-css-1y7qrmu brz-css-royh8b\" data-brz-custom-id=\"uojyczbqlmajivgpcmnvihexunemuizyneen\">\n<div class=\"brz-container brz-css-k4azoi brz-css-1e2cybx\">\n<div class=\"brz-row__container brz-css-nbogv3 brz-css-1ojd4wo\" data-brz-custom-id=\"jfgmsgjchdtggselfpgnxpzjjvyidrvhjkgn\">\n<div class=\"brz-row brz-css-1qcampd brz-css-19dq18w\">\n<div class=\"brz-columns brz-css-e1npqy brz-css-108qorx\" data-brz-custom-id=\"xquidekutwjpqfssuxoqujegfgnvaezbrzdu\">\n<div class=\"brz-bg\">\n<div class=\"brz-bg-image\"><\/div>\n<\/div>\n<div class=\"brz-column__items brz-css-csg96j brz-css-1e9mu91\"><\/div>\n<\/div>\n<div class=\"brz-columns brz-css-e1npqy brz-css-z3j74x\" data-brz-custom-id=\"ncozrvzjscdhakxqzggxwvfijyxtfrwaibci\">\n<div class=\"brz-column__items brz-css-csg96j brz-css-jmyxbg\">\n<div id=\"\" class=\"brz-css-zp9s7v brz-css-1y5msic brz-wrapper\">\n<div class=\"brz-rich-text brz-rich-text__custom brz-css-f7ijqs brz-css-psni6w\" data-brz-custom-id=\"kblpcstygrvtwtfayiyduhoamjhzateaqdat\">\n<div data-brz-translate-text=\"1\">\n<p class=\"brz-tp-lg-subtitle brz-css-zGUWD\" data-generated-css=\"brz-css-vxcdf\" data-uniq-id=\"mxpas\"><span class=\"brz-cp-color2\">KING PREMIUM - CAMER\u0102 DE COL\u021a <\/span><\/p>\n<\/div>\n<\/div>\n<\/div>\n<div id=\"\" class=\"brz-css-zp9s7v brz-css-wptstm brz-wrapper\">\n<div class=\"brz-line brz-line-default brz-css-m2bgtm brz-css-i82ogw\" data-brz-custom-id=\"poytslrmoxiljrsojvzliuppjldctglzfxte\">\n<hr class=\"brz-hr\"><\/div>\n<\/div>\n<div id=\"\" class=\"brz-css-zp9s7v brz-css-18oz3b5 brz-wrapper\">\n<div class=\"brz-rich-text brz-rich-text__custom brz-css-f7ijqs brz-css-dyyxsh\" data-brz-custom-id=\"gyxmncexvxghrfmmoxtpntdcawdwajwcaeng\">\n<div data-brz-translate-text=\"1\">\n<p class=\"brz-tp-lg-paragraph brz-css-mjxr7\" data-uniq-id=\"fymbv\" data-generated-css=\"brz-css-hedoj\"><span class=\"brz-cp-color7\" style=\"color: rgb(68, 68, 60);\">Camera King Premium este proiectat\u0103 cu confortul dvs. \u00een minte, bucura\u021bi-v\u0103 de utilizarea unei zone de \u0219edere elegante \u0219i experimenta\u021bi adev\u0103rata confort. Camera beneficiaz\u0103 de podea din lemn ingineresc \u0219i un panou de comand\u0103 pentru fluxul de aer inteligent, oferind o camer\u0103 cu un pat de dimensiuni king. <\/span><\/p>\n<\/div>\n<\/div>\n<\/div>\n<div class=\"brz-wrapper-clone brz-flex-xs-wrap brz-css-1hu7ll2 brz-css-197x83h\" data-brz-custom-id=\"mlrdgzicqivphhkxvamacsfexqqzxmhccjym\"><a class=\"brz-a brz-btn brz-css-3u23g5 brz-css-yuplab brz-css-ijd78c brz-css-1jbkk4f\" href=\"https:\/\/atheneepalace.intercontinental.com\/ro\/rooms-suites\/king-premium-corner-room-ii\/\" target=\"_self\" rel=\"noopener\" data-brz-link-type=\"page\" data-brz-custom-id=\"wwtxkobxoxsoiyyzewoolwbnqpttcwiaqktg\"><span data-brz-translate-text=\"1\" class=\"brz-span brz-text__editor\">MAI MULTE DETALII<\/span><\/a><a class=\"brz-a brz-btn brz-css-3u23g5 brz-css-pxlsub brz-css-ijd78c brz-css-1uye2v9\" href=\"https:\/\/my.treedis.com\/tour\/intercontinental-athenee-palace-bucharest-45f2b?s=bc03eyp5q9pxd0kckrtce7prb&amp;x=2.1908602994250614&amp;y=120.917495506238\" target=\"_blank\" rel=\"noopener\" data-brz-link-type=\"external\" data-brz-custom-id=\"zIABFwC_RG01\"><span data-brz-translate-text=\"1\" class=\"brz-span brz-text__editor\">TUR VIRTUAL<\/span><\/a><\/div>\n<\/div>\n<\/div>\n<\/div>\n<\/div>\n<\/div>\n<\/div>\n<\/section>\n<\/div>\n<p>    <!-- version:1760082774 --><\/p>","protected":false},"excerpt":{"rendered":"<p>PREMIUM ROOMS KING PREMIUM ROOM King Premium Corner Room is designed with your ease in mind, take pleasure in using a fashionable sitting area and experience true comfort. The room benefits from having an engineered wood flooring and an intelligent airflow command panel, featuring a bedroom with a king-sized bed. The bathroom is elegant yet [&hellip;]<\/p>","protected":false},"author":1,"featured_media":0,"parent":18,"menu_order":0,"comment_status":"closed","ping_status":"closed","template":"brizy-blank-template.php","meta":{"site-sidebar-layout":"default","site-content-layout":"default","ast-site-content-layout":"default","site-content-style":"default","site-sidebar-style":"default","ast-global-header-display":"","ast-banner-title-visibility":"","ast-main-header-display":"","ast-hfb-above-header-display":"","ast-hfb-below-header-display":"","ast-hfb-mobile-header-display":"","site-post-title":"","ast-breadcrumbs-content":"","ast-featured-img":"","footer-sml-layout":"","theme-transparent-header-meta":"default","adv-header-id-meta":"","stick-header-meta":"","header-above-stick-meta":"","header-main-stick-meta":"","header-below-stick-meta":"","astra-migrate-meta-layouts":"default","ast-page-background-enabled":"default","ast-page-background-meta":{"desktop":{"background-color":"var(--ast-global-color-4)","background-image":"","background-repeat":"repeat","background-position":"center center","background-size":"auto","background-attachment":"scroll","background-type":"","background-media":"","overlay-type":"","overlay-color":"","overlay-opacity":"","overlay-gradient":""},"tablet":{"background-color":"","background-image":"","background-repeat":"repeat","background-position":"center center","background-size":"auto","background-attachment":"scroll","background-type":"","background-media":"","overlay-type":"","overlay-color":"","overlay-opacity":"","overlay-gradient":""},"mobile":{"background-color":"","background-image":"","background-repeat":"repeat","background-position":"center center","background-size":"auto","background-attachment":"scroll","background-type":"","background-media":"","overlay-type":"","overlay-color":"","overlay-opacity":"","overlay-gradient":""}},"ast-content-background-meta":{"desktop":{"background-color":"var(--ast-global-color-5)","background-image":"","background-repeat":"repeat","background-position":"center center","background-size":"auto","background-attachment":"scroll","background-type":"","background-media":"","overlay-type":"","overlay-color":"","overlay-opacity":"","overlay-gradient":""},"tablet":{"background-color":"var(--ast-global-color-5)","background-image":"","background-repeat":"repeat","background-position":"center center","background-size":"auto","background-attachment":"scroll","background-type":"","background-media":"","overlay-type":"","overlay-color":"","overlay-opacity":"","overlay-gradient":""},"mobile":{"background-color":"var(--ast-global-color-5)","background-image":"","background-repeat":"repeat","background-position":"center center","background-size":"auto","background-attachment":"scroll","background-type":"","background-media":"","overlay-type":"","overlay-color":"","overlay-opacity":"","overlay-gradient":""}},"footnotes":""},"class_list":["post-3369","page","type-page","status-publish","hentry"],"yoast_head":"<!-- This site is optimized with the Yoast SEO plugin v26.6 - https:\/\/yoast.com\/wordpress\/plugins\/seo\/ -->\n<title>Premium Rooms - InterContinental Athenee Palace<\/title>\n<meta name=\"robots\" content=\"index, follow, max-snippet:-1, max-image-preview:large, max-video-preview:-1\" \/>\n<link rel=\"canonical\" href=\"https:\/\/atheneepalace.intercontinental.com\/ro\/rooms-suites\/premium-rooms\/\" \/>\n<meta property=\"og:locale\" content=\"ro_RO\" \/>\n<meta property=\"og:type\" content=\"article\" \/>\n<meta property=\"og:title\" content=\"Premium Rooms - InterContinental Athenee Palace\" \/>\n<meta property=\"og:description\" content=\"PREMIUM ROOMS KING PREMIUM ROOM King Premium Corner Room is designed with your ease in mind, take pleasure in using a fashionable sitting area and experience true comfort. The room benefits from having an engineered wood flooring and an intelligent airflow command panel, featuring a bedroom with a king-sized bed. The bathroom is elegant yet [&hellip;]\" \/>\n<meta property=\"og:url\" content=\"https:\/\/atheneepalace.intercontinental.com\/ro\/rooms-suites\/premium-rooms\/\" \/>\n<meta property=\"og:site_name\" content=\"InterContinental Athenee Palace\" \/>\n<meta property=\"article:publisher\" content=\"https:\/\/www.facebook.com\/icatheneepalacebucharest\" \/>\n<meta property=\"article:modified_time\" content=\"2025-10-10T07:52:54+00:00\" \/>\n<meta name=\"twitter:card\" content=\"summary_large_image\" \/>\n<meta name=\"twitter:label1\" content=\"Timp estimat pentru citire\" \/>\n\t<meta name=\"twitter:data1\" content=\"1 minut\" \/>\n<script type=\"application\/ld+json\" class=\"yoast-schema-graph\">{\"@context\":\"https:\/\/schema.org\",\"@graph\":[{\"@type\":\"WebPage\",\"@id\":\"https:\/\/atheneepalace.intercontinental.com\/rooms-suites\/premium-rooms\/\",\"url\":\"https:\/\/atheneepalace.intercontinental.com\/rooms-suites\/premium-rooms\/\",\"name\":\"Premium Rooms - InterContinental Athenee Palace\",\"isPartOf\":{\"@id\":\"https:\/\/atheneepalace.intercontinental.com\/#website\"},\"datePublished\":\"2023-05-31T08:08:39+00:00\",\"dateModified\":\"2025-10-10T07:52:54+00:00\",\"breadcrumb\":{\"@id\":\"https:\/\/atheneepalace.intercontinental.com\/rooms-suites\/premium-rooms\/#breadcrumb\"},\"inLanguage\":\"ro-RO\",\"potentialAction\":[{\"@type\":\"ReadAction\",\"target\":[\"https:\/\/atheneepalace.intercontinental.com\/rooms-suites\/premium-rooms\/\"]}]},{\"@type\":\"BreadcrumbList\",\"@id\":\"https:\/\/atheneepalace.intercontinental.com\/rooms-suites\/premium-rooms\/#breadcrumb\",\"itemListElement\":[{\"@type\":\"ListItem\",\"position\":1,\"name\":\"Home\",\"item\":\"https:\/\/atheneepalace.intercontinental.com\/\"},{\"@type\":\"ListItem\",\"position\":2,\"name\":\"Rooms &amp; Suites\",\"item\":\"https:\/\/atheneepalace.intercontinental.com\/rooms-suites\/\"},{\"@type\":\"ListItem\",\"position\":3,\"name\":\"Premium Rooms\"}]},{\"@type\":\"WebSite\",\"@id\":\"https:\/\/atheneepalace.intercontinental.com\/#website\",\"url\":\"https:\/\/atheneepalace.intercontinental.com\/\",\"name\":\"InterContinental Athenee Palace\",\"description\":\"\",\"publisher\":{\"@id\":\"https:\/\/atheneepalace.intercontinental.com\/#organization\"},\"potentialAction\":[{\"@type\":\"SearchAction\",\"target\":{\"@type\":\"EntryPoint\",\"urlTemplate\":\"https:\/\/atheneepalace.intercontinental.com\/?s={search_term_string}\"},\"query-input\":{\"@type\":\"PropertyValueSpecification\",\"valueRequired\":true,\"valueName\":\"search_term_string\"}}],\"inLanguage\":\"ro-RO\"},{\"@type\":\"Organization\",\"@id\":\"https:\/\/atheneepalace.intercontinental.com\/#organization\",\"name\":\"InterContinental Athenee Palace\",\"url\":\"https:\/\/atheneepalace.intercontinental.com\/\",\"logo\":{\"@type\":\"ImageObject\",\"inLanguage\":\"ro-RO\",\"@id\":\"https:\/\/atheneepalace.intercontinental.com\/#\/schema\/logo\/image\/\",\"url\":\"https:\/\/atheneepalace.intercontinental.com\/wp-content\/uploads\/2023\/05\/Logo-400.png\",\"contentUrl\":\"https:\/\/atheneepalace.intercontinental.com\/wp-content\/uploads\/2023\/05\/Logo-400.png\",\"width\":300,\"height\":139,\"caption\":\"InterContinental Athenee Palace\"},\"image\":{\"@id\":\"https:\/\/atheneepalace.intercontinental.com\/#\/schema\/logo\/image\/\"},\"sameAs\":[\"https:\/\/www.facebook.com\/icatheneepalacebucharest\",\"https:\/\/www.linkedin.com\/company\/intercontinental-athne-palace-bucharest\",\"https:\/\/www.tripadvisor.co.uk\/Hotel_Review-g294458-d300679-Reviews-InterContinental_Athenee_Palace_Bucharest_an_IHG_Hotel-Bucharest.html\",\"https:\/\/www.instagram.com\/icatheneepalacebucharest\/\"]}]}<\/script>\n<!-- \/ Yoast SEO plugin. -->","yoast_head_json":{"title":"Premium Rooms - InterContinental Athenee Palace","robots":{"index":"index","follow":"follow","max-snippet":"max-snippet:-1","max-image-preview":"max-image-preview:large","max-video-preview":"max-video-preview:-1"},"canonical":"https:\/\/atheneepalace.intercontinental.com\/ro\/rooms-suites\/premium-rooms\/","og_locale":"ro_RO","og_type":"article","og_title":"Premium Rooms - InterContinental Athenee Palace","og_description":"PREMIUM ROOMS KING PREMIUM ROOM King Premium Corner Room is designed with your ease in mind, take pleasure in using a fashionable sitting area and experience true comfort. The room benefits from having an engineered wood flooring and an intelligent airflow command panel, featuring a bedroom with a king-sized bed. The bathroom is elegant yet [&hellip;]","og_url":"https:\/\/atheneepalace.intercontinental.com\/ro\/rooms-suites\/premium-rooms\/","og_site_name":"InterContinental Athenee Palace","article_publisher":"https:\/\/www.facebook.com\/icatheneepalacebucharest","article_modified_time":"2025-10-10T07:52:54+00:00","twitter_card":"summary_large_image","twitter_misc":{"Timp estimat pentru citire":"1 minut"},"schema":{"@context":"https:\/\/schema.org","@graph":[{"@type":"WebPage","@id":"https:\/\/atheneepalace.intercontinental.com\/rooms-suites\/premium-rooms\/","url":"https:\/\/atheneepalace.intercontinental.com\/rooms-suites\/premium-rooms\/","name":"Premium Rooms - InterContinental Athenee Palace","isPartOf":{"@id":"https:\/\/atheneepalace.intercontinental.com\/#website"},"datePublished":"2023-05-31T08:08:39+00:00","dateModified":"2025-10-10T07:52:54+00:00","breadcrumb":{"@id":"https:\/\/atheneepalace.intercontinental.com\/rooms-suites\/premium-rooms\/#breadcrumb"},"inLanguage":"ro-RO","potentialAction":[{"@type":"ReadAction","target":["https:\/\/atheneepalace.intercontinental.com\/rooms-suites\/premium-rooms\/"]}]},{"@type":"BreadcrumbList","@id":"https:\/\/atheneepalace.intercontinental.com\/rooms-suites\/premium-rooms\/#breadcrumb","itemListElement":[{"@type":"ListItem","position":1,"name":"Home","item":"https:\/\/atheneepalace.intercontinental.com\/"},{"@type":"ListItem","position":2,"name":"Rooms &amp; Suites","item":"https:\/\/atheneepalace.intercontinental.com\/rooms-suites\/"},{"@type":"ListItem","position":3,"name":"Premium Rooms"}]},{"@type":"WebSite","@id":"https:\/\/atheneepalace.intercontinental.com\/#website","url":"https:\/\/atheneepalace.intercontinental.com\/","name":"InterContinental Athenee Palace","description":"","publisher":{"@id":"https:\/\/atheneepalace.intercontinental.com\/#organization"},"potentialAction":[{"@type":"SearchAction","target":{"@type":"EntryPoint","urlTemplate":"https:\/\/atheneepalace.intercontinental.com\/?s={search_term_string}"},"query-input":{"@type":"PropertyValueSpecification","valueRequired":true,"valueName":"search_term_string"}}],"inLanguage":"ro-RO"},{"@type":"Organization","@id":"https:\/\/atheneepalace.intercontinental.com\/#organization","name":"InterContinental Athenee Palace","url":"https:\/\/atheneepalace.intercontinental.com\/","logo":{"@type":"ImageObject","inLanguage":"ro-RO","@id":"https:\/\/atheneepalace.intercontinental.com\/#\/schema\/logo\/image\/","url":"https:\/\/atheneepalace.intercontinental.com\/wp-content\/uploads\/2023\/05\/Logo-400.png","contentUrl":"https:\/\/atheneepalace.intercontinental.com\/wp-content\/uploads\/2023\/05\/Logo-400.png","width":300,"height":139,"caption":"InterContinental Athenee Palace"},"image":{"@id":"https:\/\/atheneepalace.intercontinental.com\/#\/schema\/logo\/image\/"},"sameAs":["https:\/\/www.facebook.com\/icatheneepalacebucharest","https:\/\/www.linkedin.com\/company\/intercontinental-athne-palace-bucharest","https:\/\/www.tripadvisor.co.uk\/Hotel_Review-g294458-d300679-Reviews-InterContinental_Athenee_Palace_Bucharest_an_IHG_Hotel-Bucharest.html","https:\/\/www.instagram.com\/icatheneepalacebucharest\/"]}]}},"_links":{"self":[{"href":"https:\/\/atheneepalace.intercontinental.com\/ro\/wp-json\/wp\/v2\/pages\/3369","targetHints":{"allow":["GET"]}}],"collection":[{"href":"https:\/\/atheneepalace.intercontinental.com\/ro\/wp-json\/wp\/v2\/pages"}],"about":[{"href":"https:\/\/atheneepalace.intercontinental.com\/ro\/wp-json\/wp\/v2\/types\/page"}],"author":[{"embeddable":true,"href":"https:\/\/atheneepalace.intercontinental.com\/ro\/wp-json\/wp\/v2\/users\/1"}],"replies":[{"embeddable":true,"href":"https:\/\/atheneepalace.intercontinental.com\/ro\/wp-json\/wp\/v2\/comments?post=3369"}],"version-history":[{"count":13,"href":"https:\/\/atheneepalace.intercontinental.com\/ro\/wp-json\/wp\/v2\/pages\/3369\/revisions"}],"predecessor-version":[{"id":14516,"href":"https:\/\/atheneepalace.intercontinental.com\/ro\/wp-json\/wp\/v2\/pages\/3369\/revisions\/14516"}],"up":[{"embeddable":true,"href":"https:\/\/atheneepalace.intercontinental.com\/ro\/wp-json\/wp\/v2\/pages\/18"}],"wp:attachment":[{"href":"https:\/\/atheneepalace.intercontinental.com\/ro\/wp-json\/wp\/v2\/media?parent=3369"}],"curies":[{"name":"wp","href":"https:\/\/api.w.org\/{rel}","templated":true}]}}