{"id":3379,"date":"2023-05-31T08:16:42","date_gmt":"2023-05-31T08:16:42","guid":{"rendered":"https:\/\/atheneepalace.intercontinental.com\/?page_id=3379"},"modified":"2025-10-10T07:54:58","modified_gmt":"2025-10-10T07:54:58","slug":"suites","status":"publish","type":"page","link":"https:\/\/atheneepalace.intercontinental.com\/ro\/rooms-suites\/suites\/","title":{"rendered":"Suite"},"content":{"rendered":"<div class=\"brz-root__container brz-reset-all brz brz-root__container-page\">\n<section id=\"37802130e630b9ff24df_iqrojzburuhsomycelkedquedmyliznfynfb\" class=\"brz-section brz-css-jjymnr brz-css-11ygga2\">\n<div class=\"brz-section__content brz-section--boxed brz-css-kp96x2 brz-css-7okinw\" data-brz-custom-id=\"vppeuvxhmznqwgwxcolemjoposymframolrd\">\n<div class=\"brz-container brz-css-1i3p02l brz-css-cf24h9\">\n<div id=\"\" class=\"brz-css-3z19uy brz-css-h7owz5 brz-wrapper\">\n<div class=\"brz-rich-text brz-rich-text__custom brz-css-1peliua brz-css-akl493\" data-brz-custom-id=\"elmcogakmtvjsskuqtdlwsihbxtdcbdrebth\">\n<div data-brz-translate-text=\"1\">\n<h1 class=\"brz-lh-lg-1_7 brz-ls-lg-0 brz-fw-lg-400 brz-fss-lg-px brz-fs-lg-25 brz-ft-google brz-ff-noto_serif brz-text-lg-center brz-tp-lg-heading1 brz-css-qItvP\" data-uniq-id=\"bizsz\" data-generated-css=\"brz-css-ckicq\">SUITE<\/h1>\n<\/div>\n<\/div>\n<\/div>\n<\/div>\n<\/div>\n<\/section>\n<section id=\"46cf7fc4155bec04775d_rtsymmasrnrobrgupbwbwbxtguuvzvsuuhro\" class=\"brz-section brz-css-jjymnr brz-css-sc2isp\">\n<div class=\"brz-section__content brz-section--fullWidth brz-css-kp96x2 brz-css-b4s7eu\" data-brz-custom-id=\"rawroxqnpafstwgnyikasquehlwqjjzcqari\">\n<div class=\"brz-container brz-css-1i3p02l brz-css-ardjm4\">\n<div class=\"brz-row__container brz-css-1x7564k brz-css-5p8lo4\" data-brz-custom-id=\"qmuldocttywqibfmirgomvgglmgiqnlsoktj\">\n<div class=\"brz-row brz-css-1y8zpvk brz-css-nwbwrb\">\n<div class=\"brz-columns brz-css-16kpw9l brz-css-1a4hsfp\" data-brz-custom-id=\"phjuzanajbzysfcslsvxwyfchyajcleyekph\">\n<div class=\"brz-column__items brz-css-15sw47p brz-css-1mrn9ze\">\n<div id=\"\" class=\"brz-css-3z19uy brz-css-2gor91 brz-wrapper\">\n<div class=\"brz-rich-text brz-rich-text__custom brz-css-1peliua brz-css-w0s4s0\" data-brz-custom-id=\"pccivfndvwckqdvcxfmxcbqblhteinyeumqp\">\n<div data-brz-translate-text=\"1\">\n<p class=\"brz-tp-lg-subtitle brz-css-n6AEw\" data-uniq-id=\"pibgj\" data-generated-css=\"brz-css-izovk\"><span class=\"brz-cp-color2\">SUITA CU UN DORMITOR CU UN PAT KING<\/span><\/p>\n<\/div>\n<\/div>\n<\/div>\n<div id=\"\" class=\"brz-css-3z19uy brz-css-8u06i7 brz-wrapper\">\n<div class=\"brz-line brz-line-default brz-css-83dwb4 brz-css-fdggh5\" data-brz-custom-id=\"jpqpdrgbjoozqrvinrdybarjehumnmqkysde\">\n<hr class=\"brz-hr\"><\/div>\n<\/div>\n<div id=\"\" class=\"brz-css-3z19uy brz-css-18ao553 brz-wrapper\">\n<div class=\"brz-rich-text brz-rich-text__custom brz-css-1peliua brz-css-eb14f0\" data-brz-custom-id=\"ppogfesxotkamptjgiesdfyfekocjkpcpjdq\">\n<div data-brz-translate-text=\"1\">\n<p class=\"brz-tp-lg-paragraph brz-css-a3Wm0\" data-uniq-id=\"neesi\" data-generated-css=\"brz-css-letwr\"><span class=\"brz-cp-color7\" style=\"color: rgb(68, 68, 60);\">Suita spa\u021bioas\u0103, de 60 de metri p\u0103tra\u021bi, cu un pat king-size \u0219i camer\u0103 de zi separat\u0103. Relaxa\u021bi-v\u0103 \u00een aceast\u0103 camer\u0103 modern\u0103 cu podea din lemn stratificat \u0219i un panou inteligent de comand\u0103 a fluxului de aer, situat\u0103 la nivelele 2 p\u00e2n\u0103 la 7, oferind o camer\u0103 cu baie privat\u0103, TV de 65 de inci, un dressing \u0219i facilit\u0103\u021bi moderne \u00eembun\u0103t\u0103\u021bite. Mas\u0103 de dining cu dubl\u0103 utilizare ca spa\u021biu de lucru, cu o scaun designer. <\/span><\/p>\n<\/div>\n<\/div>\n<\/div>\n<div class=\"brz-wrapper-clone brz-flex-xs-wrap brz-css-1tvflrv brz-css-1e4nyl3\" data-brz-custom-id=\"teqpujehwhlxutnjnircycqccpdfihxgpsul\"><a class=\"brz-a brz-btn brz-css-lcl1hu brz-css-1nuxu7y brz-css-1ch9q1d brz-css-mxpma8\" href=\"https:\/\/atheneepalace.intercontinental.com\/ro\/rooms-suites\/one-king-one-bedroom-suite\/\" target=\"_self\" rel=\"noopener\" data-brz-link-type=\"page\" data-brz-custom-id=\"kanuriokzqyspeluyjdfntyqetkraqbxxtjr\"><span data-brz-translate-text=\"1\" class=\"brz-span brz-text__editor\">MAI MULTE DETALII<\/span><\/a><a class=\"brz-a brz-btn brz-css-lcl1hu brz-css-uj47y4 brz-css-1ch9q1d brz-css-1i3w5cu\" href=\"https:\/\/my.treedis.com\/tour\/intercontinental-athenee-palace-bucharest-45f2b?s=eig83knk72skeiq8uzhi0bzrd&amp;x=-4.910642365183776&amp;y=-175.65519280278917\" target=\"_blank\" rel=\"noopener\" data-brz-link-type=\"external\" data-brz-custom-id=\"uVgSg27M1ZHt\"><span data-brz-translate-text=\"1\" class=\"brz-span brz-text__editor\">TUR VIRTUAL<\/span><\/a><\/div>\n<\/div>\n<\/div>\n<div class=\"brz-columns brz-css-16kpw9l brz-css-1c4n60g\" data-brz-custom-id=\"bbkshhyqqaausttquanzpkyhqwgdpxluiyxe\">\n<div class=\"brz-bg\">\n<div class=\"brz-bg-image\"><\/div>\n<\/div>\n<div class=\"brz-column__items brz-css-15sw47p brz-css-gpyslc\"><\/div>\n<\/div>\n<\/div>\n<\/div>\n<\/div>\n<\/div>\n<\/section>\n<section id=\"f83f1ab09856da6993a7_sjhbwtlnebqugqjunixzxkkiewficrzgkuyv\" class=\"brz-section brz-css-jjymnr brz-css-1l0wvaa\">\n<div class=\"brz-section__content brz-section--fullWidth brz-css-kp96x2 brz-css-1x30ami\" data-brz-custom-id=\"alslyrbimecwpivcuxoowbhwdnolqqxjtyww\">\n<div class=\"brz-container brz-css-1i3p02l brz-css-1utg5da\">\n<div class=\"brz-row__container brz-css-1x7564k brz-css-1vqdrcx\" data-brz-custom-id=\"vjjgnumrwouksgkxvbvirkldjkjhfvztqoup\">\n<div class=\"brz-row brz-css-1y8zpvk brz-css-xhno8e\">\n<div class=\"brz-columns brz-css-16kpw9l brz-css-r95s0b\" data-brz-custom-id=\"wlrquzjlcjwxnrfnoczydzextjgonthujxvm\">\n<div class=\"brz-bg\">\n<div class=\"brz-bg-image\"><\/div>\n<\/div>\n<div class=\"brz-column__items brz-css-15sw47p brz-css-1ub1tid\"><\/div>\n<\/div>\n<div class=\"brz-columns brz-css-16kpw9l brz-css-xt6ikf\" data-brz-custom-id=\"rrrhpdhjkosfgptvcljkzldnbbvdsllfqfqf\">\n<div class=\"brz-column__items brz-css-15sw47p brz-css-15s2ybz\">\n<div id=\"\" class=\"brz-css-3z19uy brz-css-11zlyrr brz-wrapper\">\n<div class=\"brz-rich-text brz-rich-text__custom brz-css-1peliua brz-css-s4pcdo\" data-brz-custom-id=\"kmfkzktjmyeaeptnlvjyxyhqbiijymwbyibw\">\n<div data-brz-translate-text=\"1\">\n<p class=\"brz-tp-lg-subtitle brz-css-lG2CP\" data-uniq-id=\"pttup\" data-generated-css=\"brz-css-wdyne\"><span class=\"brz-cp-color2\">SUITA CU UN DORMITOR CU UN PAT KING CU VEDERE LA ORA\u0218<\/span><\/p>\n<\/div>\n<\/div>\n<\/div>\n<div id=\"\" class=\"brz-css-3z19uy brz-css-ffq3c brz-wrapper\">\n<div class=\"brz-line brz-line-default brz-css-83dwb4 brz-css-3coy4d\" data-brz-custom-id=\"pzjbrrboguiszmiicvcpkmfjlbgkswwntykv\">\n<hr class=\"brz-hr\"><\/div>\n<\/div>\n<div id=\"\" class=\"brz-css-3z19uy brz-css-1bwlhyr brz-wrapper\">\n<div class=\"brz-rich-text brz-rich-text__custom brz-css-1peliua brz-css-oju3tr\" data-brz-custom-id=\"svetbggmhhrfquxwwrlqvmcqnlewelifjypy\">\n<div data-brz-translate-text=\"1\">\n<p class=\"brz-tp-lg-paragraph brz-css-rZocq\" data-generated-css=\"brz-css-kqqkx\" data-uniq-id=\"kytdf\"><span class=\"brz-cp-color7\" style=\"color: rgb(68, 68, 60);\">Relaxa\u021bi-v\u0103 \u00een aceast\u0103 camer\u0103 modern\u0103 cu un balcon cu vedere la Ateneul Rom\u00e2n \u0219i Pia\u021ba George Enescu. Aceast\u0103 camer\u0103 beneficiaz\u0103 de podea din lemn stratificat \u0219i panou de comand\u0103 a fluxului de aer inteligent, oferind o camer\u0103 cu baie privat\u0103, IPTV de 65 de inci \u0219i facilit\u0103\u021bi moderne \u00eembun\u0103t\u0103\u021bite. Mas\u0103 de dining cu dubl\u0103 utilizare ca spa\u021biu de lucru, cu un scaun designer. <\/span><\/p>\n<\/div>\n<\/div>\n<\/div>\n<div class=\"brz-wrapper-clone brz-flex-xs-wrap brz-css-1tvflrv brz-css-1dv3pap\" data-brz-custom-id=\"gzvshljpomddwpfwmeddapyjrpxmnifomcjz\"><a class=\"brz-a brz-btn brz-css-lcl1hu brz-css-r0i8m6 brz-css-1ch9q1d brz-css-1v0aj1h\" href=\"https:\/\/atheneepalace.intercontinental.com\/ro\/rooms-suites\/one-king-one-bedroom-suite-city-view\/\" target=\"_self\" rel=\"noopener\" data-brz-link-type=\"page\" data-brz-custom-id=\"fyexpfvgwflfwgocgxutfrkkysusaixnrlot\"><span data-brz-translate-text=\"1\" class=\"brz-span brz-text__editor\">MAI MULTE DETALII<\/span><\/a><a class=\"brz-a brz-btn brz-css-lcl1hu brz-css-14u13b0 brz-css-1ch9q1d brz-css-17sshv0\" href=\"https:\/\/my.treedis.com\/tour\/intercontinental-athenee-palace-bucharest-45f2b?s=xanmuaabshf0pncttym5uzf5a&amp;x=-3.7848588015254014&amp;y=-88.42732705568088\" target=\"_blank\" rel=\"noopener\" data-brz-link-type=\"external\" data-brz-custom-id=\"ioEqefT9PlN_\"><span data-brz-translate-text=\"1\" class=\"brz-span brz-text__editor\">TUR VIRTUAL<\/span><\/a><\/div>\n<\/div>\n<\/div>\n<\/div>\n<\/div>\n<\/div>\n<\/div>\n<\/section>\n<\/div>\n<p>    <!-- version:1760082898 --><\/p>","protected":false},"excerpt":{"rendered":"<p>SUITES ONE KING ONE BEDROOM SUITE Spacious suite, 60 sq. m. with a king-size bed, and separate living room. Relax in this modern room with engineered wood flooring and an intelligent airflow command panel, located on levels 2 to 7, featuring a bedroom with a private bathroom, 65-inch TV, a dressing room, and convenient upgraded [&hellip;]<\/p>","protected":false},"author":1,"featured_media":0,"parent":18,"menu_order":0,"comment_status":"closed","ping_status":"closed","template":"brizy-blank-template.php","meta":{"site-sidebar-layout":"default","site-content-layout":"default","ast-site-content-layout":"default","site-content-style":"default","site-sidebar-style":"default","ast-global-header-display":"","ast-banner-title-visibility":"","ast-main-header-display":"","ast-hfb-above-header-display":"","ast-hfb-below-header-display":"","ast-hfb-mobile-header-display":"","site-post-title":"","ast-breadcrumbs-content":"","ast-featured-img":"","footer-sml-layout":"","theme-transparent-header-meta":"default","adv-header-id-meta":"","stick-header-meta":"","header-above-stick-meta":"","header-main-stick-meta":"","header-below-stick-meta":"","astra-migrate-meta-layouts":"default","ast-page-background-enabled":"default","ast-page-background-meta":{"desktop":{"background-color":"var(--ast-global-color-4)","background-image":"","background-repeat":"repeat","background-position":"center center","background-size":"auto","background-attachment":"scroll","background-type":"","background-media":"","overlay-type":"","overlay-color":"","overlay-opacity":"","overlay-gradient":""},"tablet":{"background-color":"","background-image":"","background-repeat":"repeat","background-position":"center center","background-size":"auto","background-attachment":"scroll","background-type":"","background-media":"","overlay-type":"","overlay-color":"","overlay-opacity":"","overlay-gradient":""},"mobile":{"background-color":"","background-image":"","background-repeat":"repeat","background-position":"center center","background-size":"auto","background-attachment":"scroll","background-type":"","background-media":"","overlay-type":"","overlay-color":"","overlay-opacity":"","overlay-gradient":""}},"ast-content-background-meta":{"desktop":{"background-color":"var(--ast-global-color-5)","background-image":"","background-repeat":"repeat","background-position":"center center","background-size":"auto","background-attachment":"scroll","background-type":"","background-media":"","overlay-type":"","overlay-color":"","overlay-opacity":"","overlay-gradient":""},"tablet":{"background-color":"var(--ast-global-color-5)","background-image":"","background-repeat":"repeat","background-position":"center center","background-size":"auto","background-attachment":"scroll","background-type":"","background-media":"","overlay-type":"","overlay-color":"","overlay-opacity":"","overlay-gradient":""},"mobile":{"background-color":"var(--ast-global-color-5)","background-image":"","background-repeat":"repeat","background-position":"center center","background-size":"auto","background-attachment":"scroll","background-type":"","background-media":"","overlay-type":"","overlay-color":"","overlay-opacity":"","overlay-gradient":""}},"footnotes":""},"class_list":["post-3379","page","type-page","status-publish","hentry"],"yoast_head":"<!-- This site is optimized with the Yoast SEO plugin v26.6 - https:\/\/yoast.com\/wordpress\/plugins\/seo\/ -->\n<title>Suites - InterContinental Athenee Palace<\/title>\n<meta name=\"robots\" content=\"index, follow, max-snippet:-1, max-image-preview:large, max-video-preview:-1\" \/>\n<link rel=\"canonical\" href=\"https:\/\/atheneepalace.intercontinental.com\/ro\/rooms-suites\/suites\/\" \/>\n<meta property=\"og:locale\" content=\"ro_RO\" \/>\n<meta property=\"og:type\" content=\"article\" \/>\n<meta property=\"og:title\" content=\"Suites - InterContinental Athenee Palace\" \/>\n<meta property=\"og:description\" content=\"SUITES ONE KING ONE BEDROOM SUITE Spacious suite, 60 sq. m. with a king-size bed, and separate living room. Relax in this modern room with engineered wood flooring and an intelligent airflow command panel, located on levels 2 to 7, featuring a bedroom with a private bathroom, 65-inch TV, a dressing room, and convenient upgraded [&hellip;]\" \/>\n<meta property=\"og:url\" content=\"https:\/\/atheneepalace.intercontinental.com\/ro\/rooms-suites\/suites\/\" \/>\n<meta property=\"og:site_name\" content=\"InterContinental Athenee Palace\" \/>\n<meta property=\"article:publisher\" content=\"https:\/\/www.facebook.com\/icatheneepalacebucharest\" \/>\n<meta property=\"article:modified_time\" content=\"2025-10-10T07:54:58+00:00\" \/>\n<meta name=\"twitter:card\" content=\"summary_large_image\" \/>\n<meta name=\"twitter:label1\" content=\"Timp estimat pentru citire\" \/>\n\t<meta name=\"twitter:data1\" content=\"1 minut\" \/>\n<script type=\"application\/ld+json\" class=\"yoast-schema-graph\">{\"@context\":\"https:\/\/schema.org\",\"@graph\":[{\"@type\":\"WebPage\",\"@id\":\"https:\/\/atheneepalace.intercontinental.com\/rooms-suites\/suites\/\",\"url\":\"https:\/\/atheneepalace.intercontinental.com\/rooms-suites\/suites\/\",\"name\":\"Suites - InterContinental Athenee Palace\",\"isPartOf\":{\"@id\":\"https:\/\/atheneepalace.intercontinental.com\/#website\"},\"datePublished\":\"2023-05-31T08:16:42+00:00\",\"dateModified\":\"2025-10-10T07:54:58+00:00\",\"breadcrumb\":{\"@id\":\"https:\/\/atheneepalace.intercontinental.com\/rooms-suites\/suites\/#breadcrumb\"},\"inLanguage\":\"ro-RO\",\"potentialAction\":[{\"@type\":\"ReadAction\",\"target\":[\"https:\/\/atheneepalace.intercontinental.com\/rooms-suites\/suites\/\"]}]},{\"@type\":\"BreadcrumbList\",\"@id\":\"https:\/\/atheneepalace.intercontinental.com\/rooms-suites\/suites\/#breadcrumb\",\"itemListElement\":[{\"@type\":\"ListItem\",\"position\":1,\"name\":\"Home\",\"item\":\"https:\/\/atheneepalace.intercontinental.com\/\"},{\"@type\":\"ListItem\",\"position\":2,\"name\":\"Rooms &amp; Suites\",\"item\":\"https:\/\/atheneepalace.intercontinental.com\/rooms-suites\/\"},{\"@type\":\"ListItem\",\"position\":3,\"name\":\"Suites\"}]},{\"@type\":\"WebSite\",\"@id\":\"https:\/\/atheneepalace.intercontinental.com\/#website\",\"url\":\"https:\/\/atheneepalace.intercontinental.com\/\",\"name\":\"InterContinental Athenee Palace\",\"description\":\"\",\"publisher\":{\"@id\":\"https:\/\/atheneepalace.intercontinental.com\/#organization\"},\"potentialAction\":[{\"@type\":\"SearchAction\",\"target\":{\"@type\":\"EntryPoint\",\"urlTemplate\":\"https:\/\/atheneepalace.intercontinental.com\/?s={search_term_string}\"},\"query-input\":{\"@type\":\"PropertyValueSpecification\",\"valueRequired\":true,\"valueName\":\"search_term_string\"}}],\"inLanguage\":\"ro-RO\"},{\"@type\":\"Organization\",\"@id\":\"https:\/\/atheneepalace.intercontinental.com\/#organization\",\"name\":\"InterContinental Athenee Palace\",\"url\":\"https:\/\/atheneepalace.intercontinental.com\/\",\"logo\":{\"@type\":\"ImageObject\",\"inLanguage\":\"ro-RO\",\"@id\":\"https:\/\/atheneepalace.intercontinental.com\/#\/schema\/logo\/image\/\",\"url\":\"https:\/\/atheneepalace.intercontinental.com\/wp-content\/uploads\/2023\/05\/Logo-400.png\",\"contentUrl\":\"https:\/\/atheneepalace.intercontinental.com\/wp-content\/uploads\/2023\/05\/Logo-400.png\",\"width\":300,\"height\":139,\"caption\":\"InterContinental Athenee Palace\"},\"image\":{\"@id\":\"https:\/\/atheneepalace.intercontinental.com\/#\/schema\/logo\/image\/\"},\"sameAs\":[\"https:\/\/www.facebook.com\/icatheneepalacebucharest\",\"https:\/\/www.linkedin.com\/company\/intercontinental-athne-palace-bucharest\",\"https:\/\/www.tripadvisor.co.uk\/Hotel_Review-g294458-d300679-Reviews-InterContinental_Athenee_Palace_Bucharest_an_IHG_Hotel-Bucharest.html\",\"https:\/\/www.instagram.com\/icatheneepalacebucharest\/\"]}]}<\/script>\n<!-- \/ Yoast SEO plugin. -->","yoast_head_json":{"title":"Suites - InterContinental Athenee Palace","robots":{"index":"index","follow":"follow","max-snippet":"max-snippet:-1","max-image-preview":"max-image-preview:large","max-video-preview":"max-video-preview:-1"},"canonical":"https:\/\/atheneepalace.intercontinental.com\/ro\/rooms-suites\/suites\/","og_locale":"ro_RO","og_type":"article","og_title":"Suites - InterContinental Athenee Palace","og_description":"SUITES ONE KING ONE BEDROOM SUITE Spacious suite, 60 sq. m. with a king-size bed, and separate living room. Relax in this modern room with engineered wood flooring and an intelligent airflow command panel, located on levels 2 to 7, featuring a bedroom with a private bathroom, 65-inch TV, a dressing room, and convenient upgraded [&hellip;]","og_url":"https:\/\/atheneepalace.intercontinental.com\/ro\/rooms-suites\/suites\/","og_site_name":"InterContinental Athenee Palace","article_publisher":"https:\/\/www.facebook.com\/icatheneepalacebucharest","article_modified_time":"2025-10-10T07:54:58+00:00","twitter_card":"summary_large_image","twitter_misc":{"Timp estimat pentru citire":"1 minut"},"schema":{"@context":"https:\/\/schema.org","@graph":[{"@type":"WebPage","@id":"https:\/\/atheneepalace.intercontinental.com\/rooms-suites\/suites\/","url":"https:\/\/atheneepalace.intercontinental.com\/rooms-suites\/suites\/","name":"Suites - InterContinental Athenee Palace","isPartOf":{"@id":"https:\/\/atheneepalace.intercontinental.com\/#website"},"datePublished":"2023-05-31T08:16:42+00:00","dateModified":"2025-10-10T07:54:58+00:00","breadcrumb":{"@id":"https:\/\/atheneepalace.intercontinental.com\/rooms-suites\/suites\/#breadcrumb"},"inLanguage":"ro-RO","potentialAction":[{"@type":"ReadAction","target":["https:\/\/atheneepalace.intercontinental.com\/rooms-suites\/suites\/"]}]},{"@type":"BreadcrumbList","@id":"https:\/\/atheneepalace.intercontinental.com\/rooms-suites\/suites\/#breadcrumb","itemListElement":[{"@type":"ListItem","position":1,"name":"Home","item":"https:\/\/atheneepalace.intercontinental.com\/"},{"@type":"ListItem","position":2,"name":"Rooms &amp; Suites","item":"https:\/\/atheneepalace.intercontinental.com\/rooms-suites\/"},{"@type":"ListItem","position":3,"name":"Suites"}]},{"@type":"WebSite","@id":"https:\/\/atheneepalace.intercontinental.com\/#website","url":"https:\/\/atheneepalace.intercontinental.com\/","name":"InterContinental Athenee Palace","description":"","publisher":{"@id":"https:\/\/atheneepalace.intercontinental.com\/#organization"},"potentialAction":[{"@type":"SearchAction","target":{"@type":"EntryPoint","urlTemplate":"https:\/\/atheneepalace.intercontinental.com\/?s={search_term_string}"},"query-input":{"@type":"PropertyValueSpecification","valueRequired":true,"valueName":"search_term_string"}}],"inLanguage":"ro-RO"},{"@type":"Organization","@id":"https:\/\/atheneepalace.intercontinental.com\/#organization","name":"InterContinental Athenee Palace","url":"https:\/\/atheneepalace.intercontinental.com\/","logo":{"@type":"ImageObject","inLanguage":"ro-RO","@id":"https:\/\/atheneepalace.intercontinental.com\/#\/schema\/logo\/image\/","url":"https:\/\/atheneepalace.intercontinental.com\/wp-content\/uploads\/2023\/05\/Logo-400.png","contentUrl":"https:\/\/atheneepalace.intercontinental.com\/wp-content\/uploads\/2023\/05\/Logo-400.png","width":300,"height":139,"caption":"InterContinental Athenee Palace"},"image":{"@id":"https:\/\/atheneepalace.intercontinental.com\/#\/schema\/logo\/image\/"},"sameAs":["https:\/\/www.facebook.com\/icatheneepalacebucharest","https:\/\/www.linkedin.com\/company\/intercontinental-athne-palace-bucharest","https:\/\/www.tripadvisor.co.uk\/Hotel_Review-g294458-d300679-Reviews-InterContinental_Athenee_Palace_Bucharest_an_IHG_Hotel-Bucharest.html","https:\/\/www.instagram.com\/icatheneepalacebucharest\/"]}]}},"_links":{"self":[{"href":"https:\/\/atheneepalace.intercontinental.com\/ro\/wp-json\/wp\/v2\/pages\/3379","targetHints":{"allow":["GET"]}}],"collection":[{"href":"https:\/\/atheneepalace.intercontinental.com\/ro\/wp-json\/wp\/v2\/pages"}],"about":[{"href":"https:\/\/atheneepalace.intercontinental.com\/ro\/wp-json\/wp\/v2\/types\/page"}],"author":[{"embeddable":true,"href":"https:\/\/atheneepalace.intercontinental.com\/ro\/wp-json\/wp\/v2\/users\/1"}],"replies":[{"embeddable":true,"href":"https:\/\/atheneepalace.intercontinental.com\/ro\/wp-json\/wp\/v2\/comments?post=3379"}],"version-history":[{"count":12,"href":"https:\/\/atheneepalace.intercontinental.com\/ro\/wp-json\/wp\/v2\/pages\/3379\/revisions"}],"predecessor-version":[{"id":14530,"href":"https:\/\/atheneepalace.intercontinental.com\/ro\/wp-json\/wp\/v2\/pages\/3379\/revisions\/14530"}],"up":[{"embeddable":true,"href":"https:\/\/atheneepalace.intercontinental.com\/ro\/wp-json\/wp\/v2\/pages\/18"}],"wp:attachment":[{"href":"https:\/\/atheneepalace.intercontinental.com\/ro\/wp-json\/wp\/v2\/media?parent=3379"}],"curies":[{"name":"wp","href":"https:\/\/api.w.org\/{rel}","templated":true}]}}