{"id":3394,"date":"2023-05-31T08:21:44","date_gmt":"2023-05-31T08:21:44","guid":{"rendered":"https:\/\/atheneepalace.intercontinental.com\/?page_id=3394"},"modified":"2025-10-10T07:54:17","modified_gmt":"2025-10-10T07:54:17","slug":"signature-suites","status":"publish","type":"page","link":"https:\/\/atheneepalace.intercontinental.com\/ro\/rooms-suites\/signature-suites\/","title":{"rendered":"Suite Reprezentative"},"content":{"rendered":"<div class=\"brz-root__container brz-reset-all brz brz-root__container-page\">\n<section id=\"b8368d4a14dff1c2b0e6_zcxzphnqifxpbvqgpikdqamwqgwbzaltaavr\" class=\"brz-section brz-css-16a88o0 brz-css-1nrbh8t\">\n<div class=\"brz-section__content brz-section--boxed brz-css-tr1ld5 brz-css-126ncti\" data-brz-custom-id=\"fvohjbtjqtbioogningiaexmpwvuifmcdttj\">\n<div class=\"brz-container brz-css-7jlqau brz-css-mhnnyr\">\n<div id=\"\" class=\"brz-css-160iko8 brz-css-1grpkml brz-wrapper\">\n<div class=\"brz-rich-text brz-rich-text__custom brz-css-ea11rg brz-css-3seimf\" data-brz-custom-id=\"trjofjhvisrbnboqninjxdthfzskxvfzuiye\">\n<div data-brz-translate-text=\"1\">\n<h1 class=\"brz-lh-lg-1_7 brz-ls-lg-0 brz-fw-lg-400 brz-fss-lg-px brz-fs-lg-25 brz-ft-google brz-ff-noto_serif brz-text-lg-center brz-tp-lg-heading1 brz-css-ecWSO\" data-uniq-id=\"xlahk\" data-generated-css=\"brz-css-uhiyq\">SUITE REPREZENTATIVE<\/h1>\n<\/div>\n<\/div>\n<\/div>\n<\/div>\n<\/div>\n<\/section>\n<section id=\"eb2c4dc182ed7d4eec28_xlipspvmefqxejenilarrhpzjqtzaesaimjh\" class=\"brz-section brz-css-16a88o0 brz-css-haxfiv\">\n<div class=\"brz-section__content brz-section--fullWidth brz-css-tr1ld5 brz-css-1kft9r4\" data-brz-custom-id=\"grdgsjjbnobjfxmqhbbplqphhgvkrmobsfrj\">\n<div class=\"brz-container brz-css-7jlqau brz-css-1iahmyy\">\n<div class=\"brz-row__container brz-css-1c1o3t6 brz-css-1igs6p0\" data-brz-custom-id=\"kxxzekwstgwlmeiltvtpkmwwqhobyluhmgrm\">\n<div class=\"brz-row brz-css-oixnen brz-css-tr5m3l\">\n<div class=\"brz-columns brz-css-9t9ec4 brz-css-1m311ma\" data-brz-custom-id=\"vbilpmunsqfhsetanneaimbyodqocyiwwgcv\">\n<div class=\"brz-column__items brz-css-hpypvm brz-css-1p5r0j6\">\n<div id=\"\" class=\"brz-css-160iko8 brz-css-9png4t brz-wrapper\">\n<div class=\"brz-rich-text brz-rich-text__custom brz-css-ea11rg brz-css-11vhn9e\" data-brz-custom-id=\"hfeqxpzbmfaeaunsefenciurhqctalzplcnx\">\n<div data-brz-translate-text=\"1\">\n<p class=\"brz-tp-lg-subtitle brz-css-m8jWf\" data-uniq-id=\"tmmti\" data-generated-css=\"brz-css-micpr\"><span class=\"brz-cp-color2\">SUIT\u0102 PALACE<\/span><\/p>\n<\/div>\n<\/div>\n<\/div>\n<div id=\"\" class=\"brz-css-160iko8 brz-css-18dtuy1 brz-wrapper\">\n<div class=\"brz-line brz-line-default brz-css-1iwz733 brz-css-r6xjjz\" data-brz-custom-id=\"ozyckxnrhiixwgiiynachzlvrckqftkzuvzx\">\n<hr class=\"brz-hr\"><\/div>\n<\/div>\n<div id=\"\" class=\"brz-css-160iko8 brz-css-1vf19hf brz-wrapper\">\n<div class=\"brz-rich-text brz-rich-text__custom brz-css-ea11rg brz-css-3gqn1q\" data-brz-custom-id=\"nbeunvoukzakiawriipnmnkxacitjguydbgn\">\n<div data-brz-translate-text=\"1\">\n<p class=\"brz-tp-lg-paragraph ql-align-center brz-text-lg-justify brz-css-lI6Gf\" data-uniq-id=\"kmbws\" data-generated-css=\"brz-css-yzdvo\"><span class=\"brz-cp-color7\" style=\"color: rgb(68, 68, 60);\">Suita Palat este una dintre cele mai mari \u0219i mai confortabile suite din hotel, cu o suprafa\u021b\u0103 de 75 de metri p\u0103tra\u021bi. La intrarea \u00een camer\u0103, sunte\u021bi \u00eent\u00e2mpina\u021bi printr-un hol de elemente naturale ale camerei, \u00eencep\u00e2nd cu podeaua de stejar masiv periat, \u0219lefuit \u0219i lacuit pentru un design distinct, dulapul din nuc american \u0219i, desigur, lumina natural\u0103 care vine de pe balconul Juliette al living-ului.<\/span><\/p>\n<\/div>\n<\/div>\n<\/div>\n<div class=\"brz-wrapper-clone brz-flex-xs-wrap brz-css-lm1oqj brz-css-1gknq7c\" data-brz-custom-id=\"bkikamgbhhflycuofdtwvypwcnjuklpfmvso\"><a class=\"brz-a brz-btn brz-css-3t6b46 brz-css-fv82gx brz-css-6rgi65 brz-css-sx50u0\" href=\"https:\/\/atheneepalace.intercontinental.com\/ro\/rooms-suites\/palace-suite\/\" target=\"_self\" rel=\"noopener\" data-brz-link-type=\"page\" data-brz-custom-id=\"owptibvukufvdzarfprjsecxgptrsljtgerd\"><span data-brz-translate-text=\"1\" class=\"brz-span brz-text__editor\">MAI MULTE DETALII<\/span><\/a><a class=\"brz-a brz-btn brz-css-3t6b46 brz-css-1k51e5v brz-css-6rgi65 brz-css-1qgz18y\" href=\"https:\/\/my.treedis.com\/tour\/intercontinental-athenee-palace-bucharest-45f2b?s=gchy8i83ef2fften5p4c92m7b&amp;x=-8.013314681892119&amp;y=-130.17515593422334\" target=\"_blank\" rel=\"noopener\" data-brz-link-type=\"external\" data-brz-custom-id=\"lvU3gYx0fRQs\"><span data-brz-translate-text=\"1\" class=\"brz-span brz-text__editor\">TUR VIRTUAL<\/span><\/a><\/div>\n<\/div>\n<\/div>\n<div class=\"brz-columns brz-css-9t9ec4 brz-css-gu770w\" data-brz-custom-id=\"ijvehrzxdpnvggvwyqeioqxqhijbbqqdkqmx\">\n<div class=\"brz-bg\">\n<div class=\"brz-bg-image\"><\/div>\n<\/div>\n<div class=\"brz-column__items brz-css-hpypvm brz-css-1bkek6k\"><\/div>\n<\/div>\n<\/div>\n<\/div>\n<\/div>\n<\/div>\n<\/section>\n<section id=\"f35071b2fcd7c3cb99e5_renwtuwvadqgdjewrkzgqlsqszobtjkzrknd\" class=\"brz-section brz-css-16a88o0 brz-css-1wmwgrv\">\n<div class=\"brz-section__content brz-section--fullWidth brz-css-tr1ld5 brz-css-r40da6\" data-brz-custom-id=\"axovahbrfrorrsfgqfhrlnghzkmbmrokcmno\">\n<div class=\"brz-container brz-css-7jlqau brz-css-1s7lrun\">\n<div class=\"brz-row__container brz-css-1c1o3t6 brz-css-18xyqvm\" data-brz-custom-id=\"glndxvhxgcxbpzhwpptsdvdwfkysxemjagfo\">\n<div class=\"brz-row brz-css-oixnen brz-css-jdmjxl\">\n<div class=\"brz-columns brz-css-9t9ec4 brz-css-1rshhe9\" data-brz-custom-id=\"xrhwpxpiznvoocbobsvrrglsvwvexecbqkxz\">\n<div class=\"brz-bg\">\n<div class=\"brz-bg-image\"><\/div>\n<\/div>\n<div class=\"brz-column__items brz-css-hpypvm brz-css-1e1mti1\"><\/div>\n<\/div>\n<div class=\"brz-columns brz-css-9t9ec4 brz-css-1md300b\" data-brz-custom-id=\"xbvsyokifiwvzcafhaxvkeuulnndkrrhppfx\">\n<div class=\"brz-column__items brz-css-hpypvm brz-css-1yko8tf\">\n<div id=\"\" class=\"brz-css-160iko8 brz-css-1d2j9a6 brz-wrapper\">\n<div class=\"brz-rich-text brz-rich-text__custom brz-css-ea11rg brz-css-1dzsxi0\" data-brz-custom-id=\"yuqwopgakdvcsjayftlwgagbacbmkswqrghr\">\n<div data-brz-translate-text=\"1\">\n<p class=\"brz-tp-lg-subtitle brz-css-byQGP\" data-uniq-id=\"xwxqr\" data-generated-css=\"brz-css-prnkx\"><span class=\"brz-cp-color2\">SUIT\u0102 ROYAL<\/span><\/p>\n<\/div>\n<\/div>\n<\/div>\n<div id=\"\" class=\"brz-css-160iko8 brz-css-3vcgdp brz-wrapper\">\n<div class=\"brz-line brz-line-default brz-css-1iwz733 brz-css-ds6sx7\" data-brz-custom-id=\"ogxjhdbnirqjfhwiyhfzvkckmpeacgaugcrt\">\n<hr class=\"brz-hr\"><\/div>\n<\/div>\n<div id=\"\" class=\"brz-css-160iko8 brz-css-y4zv0 brz-wrapper\">\n<div class=\"brz-rich-text brz-rich-text__custom brz-css-ea11rg brz-css-1lwxnvy\" data-brz-custom-id=\"rnkhlbtekmjtmvwwljdspilakkjbuphtparx\">\n<div data-brz-translate-text=\"1\">\n<p class=\"brz-tp-lg-paragraph ql-align-center brz-text-lg-justify brz-css-ttHI6\" data-uniq-id=\"ocian\" data-generated-css=\"brz-css-mjbbm\"><span class=\"brz-cp-color7\" style=\"color: rgb(68, 68, 60);\">Sufrageria Royal Queen Mary este cea mai mare \u0219i mai confortabil\u0103 suit\u0103 din hotel, este casa ta departe de cas\u0103. La intrarea \u00een camer\u0103, sunte\u021bi \u00eent\u00e2mpina\u021bi \u00eentr-un spa\u021biu deschis cu o zon\u0103 de luat masa \u0219i o zon\u0103 de relaxare, care beneficiaz\u0103 de lumina natural\u0103 a unui balcon de col\u021b cu vedere panoramic\u0103 at\u00e2t la Palatul Regal, c\u00e2t \u0219i la Calea Victoriei.<\/span><\/p>\n<\/div>\n<\/div>\n<\/div>\n<div class=\"brz-wrapper-clone brz-flex-xs-wrap brz-css-lm1oqj brz-css-10e99np\" data-brz-custom-id=\"wgpdazplmiejnayaxbwxxdnalxmogotdxbhj\"><a class=\"brz-a brz-btn brz-css-3t6b46 brz-css-awdyzt brz-css-6rgi65 brz-css-looiiz\" href=\"https:\/\/atheneepalace.intercontinental.com\/ro\/rooms-suites\/royal-suite\/\" target=\"_self\" rel=\"noopener\" data-brz-link-type=\"page\" data-brz-custom-id=\"tsdnostbilrntiwsoscctvcekkxrbiteplee\"><span data-brz-translate-text=\"1\" class=\"brz-span brz-text__editor\">MAI MULTE DETALII<\/span><\/a><a class=\"brz-a brz-btn brz-css-3t6b46 brz-css-1mt8hwk brz-css-6rgi65 brz-css-1ypzast\" href=\"https:\/\/my.treedis.com\/tour\/intercontinental-athenee-palace-bucharest-45f2b?s=syuwsrx1i895ee9yxxwddbgda&amp;x=4.4697289497057575&amp;y=-133.88842017854367\" target=\"_self\" rel=\"noopener\" data-brz-link-type=\"external\" data-brz-custom-id=\"wQpwBVmKpbKw\"><span data-brz-translate-text=\"1\" class=\"brz-span brz-text__editor\">TUR VIRTUAL<\/span><\/a><\/div>\n<\/div>\n<\/div>\n<\/div>\n<\/div>\n<\/div>\n<\/div>\n<\/section>\n<\/div>\n<p>    <!-- version:1760082857 --><\/p>","protected":false},"excerpt":{"rendered":"<p>SIGNATURE SUITES PALACE SUITE The Palace Suite is one of the largest and most comfortable suites in the hotel, with 75 sq. m. Upon entering the room, you are welcomed through a hallway by the natural elements of the room, starting with the hardwood oak floor brushed, stained, and lacquered for a distinct design, the [&hellip;]<\/p>","protected":false},"author":1,"featured_media":0,"parent":18,"menu_order":0,"comment_status":"closed","ping_status":"closed","template":"brizy-blank-template.php","meta":{"site-sidebar-layout":"default","site-content-layout":"default","ast-site-content-layout":"default","site-content-style":"default","site-sidebar-style":"default","ast-global-header-display":"","ast-banner-title-visibility":"","ast-main-header-display":"","ast-hfb-above-header-display":"","ast-hfb-below-header-display":"","ast-hfb-mobile-header-display":"","site-post-title":"","ast-breadcrumbs-content":"","ast-featured-img":"","footer-sml-layout":"","theme-transparent-header-meta":"default","adv-header-id-meta":"","stick-header-meta":"","header-above-stick-meta":"","header-main-stick-meta":"","header-below-stick-meta":"","astra-migrate-meta-layouts":"default","ast-page-background-enabled":"default","ast-page-background-meta":{"desktop":{"background-color":"var(--ast-global-color-4)","background-image":"","background-repeat":"repeat","background-position":"center center","background-size":"auto","background-attachment":"scroll","background-type":"","background-media":"","overlay-type":"","overlay-color":"","overlay-opacity":"","overlay-gradient":""},"tablet":{"background-color":"","background-image":"","background-repeat":"repeat","background-position":"center center","background-size":"auto","background-attachment":"scroll","background-type":"","background-media":"","overlay-type":"","overlay-color":"","overlay-opacity":"","overlay-gradient":""},"mobile":{"background-color":"","background-image":"","background-repeat":"repeat","background-position":"center center","background-size":"auto","background-attachment":"scroll","background-type":"","background-media":"","overlay-type":"","overlay-color":"","overlay-opacity":"","overlay-gradient":""}},"ast-content-background-meta":{"desktop":{"background-color":"var(--ast-global-color-5)","background-image":"","background-repeat":"repeat","background-position":"center center","background-size":"auto","background-attachment":"scroll","background-type":"","background-media":"","overlay-type":"","overlay-color":"","overlay-opacity":"","overlay-gradient":""},"tablet":{"background-color":"var(--ast-global-color-5)","background-image":"","background-repeat":"repeat","background-position":"center center","background-size":"auto","background-attachment":"scroll","background-type":"","background-media":"","overlay-type":"","overlay-color":"","overlay-opacity":"","overlay-gradient":""},"mobile":{"background-color":"var(--ast-global-color-5)","background-image":"","background-repeat":"repeat","background-position":"center center","background-size":"auto","background-attachment":"scroll","background-type":"","background-media":"","overlay-type":"","overlay-color":"","overlay-opacity":"","overlay-gradient":""}},"footnotes":""},"class_list":["post-3394","page","type-page","status-publish","hentry"],"yoast_head":"<!-- This site is optimized with the Yoast SEO plugin v26.6 - https:\/\/yoast.com\/wordpress\/plugins\/seo\/ -->\n<title>Signature Suites - InterContinental Athenee Palace<\/title>\n<meta name=\"robots\" content=\"index, follow, max-snippet:-1, max-image-preview:large, max-video-preview:-1\" \/>\n<link rel=\"canonical\" href=\"https:\/\/atheneepalace.intercontinental.com\/ro\/rooms-suites\/signature-suites\/\" \/>\n<meta property=\"og:locale\" content=\"ro_RO\" \/>\n<meta property=\"og:type\" content=\"article\" \/>\n<meta property=\"og:title\" content=\"Signature Suites - InterContinental Athenee Palace\" \/>\n<meta property=\"og:description\" content=\"SIGNATURE SUITES PALACE SUITE The Palace Suite is one of the largest and most comfortable suites in the hotel, with 75 sq. m. Upon entering the room, you are welcomed through a hallway by the natural elements of the room, starting with the hardwood oak floor brushed, stained, and lacquered for a distinct design, the [&hellip;]\" \/>\n<meta property=\"og:url\" content=\"https:\/\/atheneepalace.intercontinental.com\/ro\/rooms-suites\/signature-suites\/\" \/>\n<meta property=\"og:site_name\" content=\"InterContinental Athenee Palace\" \/>\n<meta property=\"article:publisher\" content=\"https:\/\/www.facebook.com\/icatheneepalacebucharest\" \/>\n<meta property=\"article:modified_time\" content=\"2025-10-10T07:54:17+00:00\" \/>\n<meta name=\"twitter:card\" content=\"summary_large_image\" \/>\n<meta name=\"twitter:label1\" content=\"Timp estimat pentru citire\" \/>\n\t<meta name=\"twitter:data1\" content=\"1 minut\" \/>\n<script type=\"application\/ld+json\" class=\"yoast-schema-graph\">{\"@context\":\"https:\/\/schema.org\",\"@graph\":[{\"@type\":\"WebPage\",\"@id\":\"https:\/\/atheneepalace.intercontinental.com\/rooms-suites\/signature-suites\/\",\"url\":\"https:\/\/atheneepalace.intercontinental.com\/rooms-suites\/signature-suites\/\",\"name\":\"Signature Suites - InterContinental Athenee Palace\",\"isPartOf\":{\"@id\":\"https:\/\/atheneepalace.intercontinental.com\/#website\"},\"datePublished\":\"2023-05-31T08:21:44+00:00\",\"dateModified\":\"2025-10-10T07:54:17+00:00\",\"breadcrumb\":{\"@id\":\"https:\/\/atheneepalace.intercontinental.com\/rooms-suites\/signature-suites\/#breadcrumb\"},\"inLanguage\":\"ro-RO\",\"potentialAction\":[{\"@type\":\"ReadAction\",\"target\":[\"https:\/\/atheneepalace.intercontinental.com\/rooms-suites\/signature-suites\/\"]}]},{\"@type\":\"BreadcrumbList\",\"@id\":\"https:\/\/atheneepalace.intercontinental.com\/rooms-suites\/signature-suites\/#breadcrumb\",\"itemListElement\":[{\"@type\":\"ListItem\",\"position\":1,\"name\":\"Home\",\"item\":\"https:\/\/atheneepalace.intercontinental.com\/\"},{\"@type\":\"ListItem\",\"position\":2,\"name\":\"Rooms &amp; Suites\",\"item\":\"https:\/\/atheneepalace.intercontinental.com\/rooms-suites\/\"},{\"@type\":\"ListItem\",\"position\":3,\"name\":\"Signature Suites\"}]},{\"@type\":\"WebSite\",\"@id\":\"https:\/\/atheneepalace.intercontinental.com\/#website\",\"url\":\"https:\/\/atheneepalace.intercontinental.com\/\",\"name\":\"InterContinental Athenee Palace\",\"description\":\"\",\"publisher\":{\"@id\":\"https:\/\/atheneepalace.intercontinental.com\/#organization\"},\"potentialAction\":[{\"@type\":\"SearchAction\",\"target\":{\"@type\":\"EntryPoint\",\"urlTemplate\":\"https:\/\/atheneepalace.intercontinental.com\/?s={search_term_string}\"},\"query-input\":{\"@type\":\"PropertyValueSpecification\",\"valueRequired\":true,\"valueName\":\"search_term_string\"}}],\"inLanguage\":\"ro-RO\"},{\"@type\":\"Organization\",\"@id\":\"https:\/\/atheneepalace.intercontinental.com\/#organization\",\"name\":\"InterContinental Athenee Palace\",\"url\":\"https:\/\/atheneepalace.intercontinental.com\/\",\"logo\":{\"@type\":\"ImageObject\",\"inLanguage\":\"ro-RO\",\"@id\":\"https:\/\/atheneepalace.intercontinental.com\/#\/schema\/logo\/image\/\",\"url\":\"https:\/\/atheneepalace.intercontinental.com\/wp-content\/uploads\/2023\/05\/Logo-400.png\",\"contentUrl\":\"https:\/\/atheneepalace.intercontinental.com\/wp-content\/uploads\/2023\/05\/Logo-400.png\",\"width\":300,\"height\":139,\"caption\":\"InterContinental Athenee Palace\"},\"image\":{\"@id\":\"https:\/\/atheneepalace.intercontinental.com\/#\/schema\/logo\/image\/\"},\"sameAs\":[\"https:\/\/www.facebook.com\/icatheneepalacebucharest\",\"https:\/\/www.linkedin.com\/company\/intercontinental-athne-palace-bucharest\",\"https:\/\/www.tripadvisor.co.uk\/Hotel_Review-g294458-d300679-Reviews-InterContinental_Athenee_Palace_Bucharest_an_IHG_Hotel-Bucharest.html\",\"https:\/\/www.instagram.com\/icatheneepalacebucharest\/\"]}]}<\/script>\n<!-- \/ Yoast SEO plugin. -->","yoast_head_json":{"title":"Signature Suites - InterContinental Athenee Palace","robots":{"index":"index","follow":"follow","max-snippet":"max-snippet:-1","max-image-preview":"max-image-preview:large","max-video-preview":"max-video-preview:-1"},"canonical":"https:\/\/atheneepalace.intercontinental.com\/ro\/rooms-suites\/signature-suites\/","og_locale":"ro_RO","og_type":"article","og_title":"Signature Suites - InterContinental Athenee Palace","og_description":"SIGNATURE SUITES PALACE SUITE The Palace Suite is one of the largest and most comfortable suites in the hotel, with 75 sq. m. Upon entering the room, you are welcomed through a hallway by the natural elements of the room, starting with the hardwood oak floor brushed, stained, and lacquered for a distinct design, the [&hellip;]","og_url":"https:\/\/atheneepalace.intercontinental.com\/ro\/rooms-suites\/signature-suites\/","og_site_name":"InterContinental Athenee Palace","article_publisher":"https:\/\/www.facebook.com\/icatheneepalacebucharest","article_modified_time":"2025-10-10T07:54:17+00:00","twitter_card":"summary_large_image","twitter_misc":{"Timp estimat pentru citire":"1 minut"},"schema":{"@context":"https:\/\/schema.org","@graph":[{"@type":"WebPage","@id":"https:\/\/atheneepalace.intercontinental.com\/rooms-suites\/signature-suites\/","url":"https:\/\/atheneepalace.intercontinental.com\/rooms-suites\/signature-suites\/","name":"Signature Suites - InterContinental Athenee Palace","isPartOf":{"@id":"https:\/\/atheneepalace.intercontinental.com\/#website"},"datePublished":"2023-05-31T08:21:44+00:00","dateModified":"2025-10-10T07:54:17+00:00","breadcrumb":{"@id":"https:\/\/atheneepalace.intercontinental.com\/rooms-suites\/signature-suites\/#breadcrumb"},"inLanguage":"ro-RO","potentialAction":[{"@type":"ReadAction","target":["https:\/\/atheneepalace.intercontinental.com\/rooms-suites\/signature-suites\/"]}]},{"@type":"BreadcrumbList","@id":"https:\/\/atheneepalace.intercontinental.com\/rooms-suites\/signature-suites\/#breadcrumb","itemListElement":[{"@type":"ListItem","position":1,"name":"Home","item":"https:\/\/atheneepalace.intercontinental.com\/"},{"@type":"ListItem","position":2,"name":"Rooms &amp; Suites","item":"https:\/\/atheneepalace.intercontinental.com\/rooms-suites\/"},{"@type":"ListItem","position":3,"name":"Signature Suites"}]},{"@type":"WebSite","@id":"https:\/\/atheneepalace.intercontinental.com\/#website","url":"https:\/\/atheneepalace.intercontinental.com\/","name":"InterContinental Athenee Palace","description":"","publisher":{"@id":"https:\/\/atheneepalace.intercontinental.com\/#organization"},"potentialAction":[{"@type":"SearchAction","target":{"@type":"EntryPoint","urlTemplate":"https:\/\/atheneepalace.intercontinental.com\/?s={search_term_string}"},"query-input":{"@type":"PropertyValueSpecification","valueRequired":true,"valueName":"search_term_string"}}],"inLanguage":"ro-RO"},{"@type":"Organization","@id":"https:\/\/atheneepalace.intercontinental.com\/#organization","name":"InterContinental Athenee Palace","url":"https:\/\/atheneepalace.intercontinental.com\/","logo":{"@type":"ImageObject","inLanguage":"ro-RO","@id":"https:\/\/atheneepalace.intercontinental.com\/#\/schema\/logo\/image\/","url":"https:\/\/atheneepalace.intercontinental.com\/wp-content\/uploads\/2023\/05\/Logo-400.png","contentUrl":"https:\/\/atheneepalace.intercontinental.com\/wp-content\/uploads\/2023\/05\/Logo-400.png","width":300,"height":139,"caption":"InterContinental Athenee Palace"},"image":{"@id":"https:\/\/atheneepalace.intercontinental.com\/#\/schema\/logo\/image\/"},"sameAs":["https:\/\/www.facebook.com\/icatheneepalacebucharest","https:\/\/www.linkedin.com\/company\/intercontinental-athne-palace-bucharest","https:\/\/www.tripadvisor.co.uk\/Hotel_Review-g294458-d300679-Reviews-InterContinental_Athenee_Palace_Bucharest_an_IHG_Hotel-Bucharest.html","https:\/\/www.instagram.com\/icatheneepalacebucharest\/"]}]}},"_links":{"self":[{"href":"https:\/\/atheneepalace.intercontinental.com\/ro\/wp-json\/wp\/v2\/pages\/3394","targetHints":{"allow":["GET"]}}],"collection":[{"href":"https:\/\/atheneepalace.intercontinental.com\/ro\/wp-json\/wp\/v2\/pages"}],"about":[{"href":"https:\/\/atheneepalace.intercontinental.com\/ro\/wp-json\/wp\/v2\/types\/page"}],"author":[{"embeddable":true,"href":"https:\/\/atheneepalace.intercontinental.com\/ro\/wp-json\/wp\/v2\/users\/1"}],"replies":[{"embeddable":true,"href":"https:\/\/atheneepalace.intercontinental.com\/ro\/wp-json\/wp\/v2\/comments?post=3394"}],"version-history":[{"count":9,"href":"https:\/\/atheneepalace.intercontinental.com\/ro\/wp-json\/wp\/v2\/pages\/3394\/revisions"}],"predecessor-version":[{"id":14525,"href":"https:\/\/atheneepalace.intercontinental.com\/ro\/wp-json\/wp\/v2\/pages\/3394\/revisions\/14525"}],"up":[{"embeddable":true,"href":"https:\/\/atheneepalace.intercontinental.com\/ro\/wp-json\/wp\/v2\/pages\/18"}],"wp:attachment":[{"href":"https:\/\/atheneepalace.intercontinental.com\/ro\/wp-json\/wp\/v2\/media?parent=3394"}],"curies":[{"name":"wp","href":"https:\/\/api.w.org\/{rel}","templated":true}]}}