{"id":3403,"date":"2023-05-31T08:27:31","date_gmt":"2023-05-31T08:27:31","guid":{"rendered":"https:\/\/atheneepalace.intercontinental.com\/?page_id=3403"},"modified":"2025-10-10T07:46:40","modified_gmt":"2025-10-10T07:46:40","slug":"junior-suites","status":"publish","type":"page","link":"https:\/\/atheneepalace.intercontinental.com\/ro\/rooms-suites\/junior-suites\/","title":{"rendered":"Suite Junior"},"content":{"rendered":"<div class=\"brz-root__container brz-reset-all brz brz-root__container-page\">\n<section id=\"d9f68fc491aaf4d12964_ykggwsffboikxlfspkqnybxnvvwvonczfcco\" class=\"brz-section brz-css-1f67ora brz-css-6ix1lu\">\n<div class=\"brz-section__content brz-section--boxed brz-css-1606611 brz-css-1pm292j\" data-brz-custom-id=\"ogujhdsibrvizbeucmkrntpvdrbvgfohmzsk\">\n<div class=\"brz-container brz-css-1gcfpat brz-css-1ie222a\">\n<div id=\"\" class=\"brz-css-zwrxtt brz-css-1913bmf brz-wrapper\">\n<div class=\"brz-rich-text brz-rich-text__custom brz-css-bveyhk brz-css-1jjlbe7\" data-brz-custom-id=\"faijcpbacszpmqarblfowrikgcsxmcmbsxvh\">\n<div data-brz-translate-text=\"1\">\n<h1 class=\"brz-lh-lg-1_7 brz-ls-lg-0 brz-fw-lg-400 brz-fss-lg-px brz-fs-lg-25 brz-ft-google brz-ff-noto_serif brz-text-lg-center brz-tp-lg-heading1 brz-css-d10Ko\" data-uniq-id=\"xewim\" data-generated-css=\"brz-css-xigyd\">SUITE JUNIOR<\/h1>\n<\/div>\n<\/div>\n<\/div>\n<\/div>\n<\/div>\n<\/section>\n<section id=\"d1ef7237286e9c89fccf_elpvgbvsldvrinjownryeuemjfpbltpofizz\" class=\"brz-section brz-css-1f67ora brz-css-oggh6n\">\n<div class=\"brz-section__content brz-section--fullWidth brz-css-1606611 brz-css-vp255f\" data-brz-custom-id=\"gowonzaoeoruzvcuskqmswnvoqytwzmlxlwb\">\n<div class=\"brz-container brz-css-1gcfpat brz-css-gcp0my\">\n<div class=\"brz-row__container brz-css-13qosi6 brz-css-30vfrm\" data-brz-custom-id=\"cabkzlgjntcwwwrkdypvhffghacfrrcodaez\">\n<div class=\"brz-row brz-css-1m87q0n brz-css-lwj6z8\">\n<div class=\"brz-columns brz-css-11puq19 brz-css-5kphte\" data-brz-custom-id=\"qbqjgkiaiyqsjratnsjghhkxpxtjwppllmzp\">\n<div class=\"brz-column__items brz-css-19ztvqc brz-css-4714ce\">\n<div id=\"\" class=\"brz-css-zwrxtt brz-css-b4db9p brz-wrapper\">\n<div class=\"brz-rich-text brz-rich-text__custom brz-css-bveyhk brz-css-mj41ef\" data-brz-custom-id=\"xxrjsakdzuyaqvewigpjqghjgaewticprbdp\">\n<div data-brz-translate-text=\"1\">\n<p class=\"brz-tp-lg-subtitle brz-css-oNhKz\" data-uniq-id=\"bvnos\" data-generated-css=\"brz-css-ckdlj\"><span class=\"brz-cp-color2\">SUIT\u0102 KING JUNIOR<\/span><\/p>\n<\/div>\n<\/div>\n<\/div>\n<div id=\"\" class=\"brz-css-zwrxtt brz-css-8bf03a brz-wrapper\">\n<div class=\"brz-line brz-line-default brz-css-s7qxf brz-css-jg7h2b\" data-brz-custom-id=\"tvjjhnaskbprxvwcjvavxfpmxcccnidnesvd\">\n<hr class=\"brz-hr\"><\/div>\n<\/div>\n<div id=\"\" class=\"brz-css-zwrxtt brz-css-ujtw5p brz-wrapper\">\n<div class=\"brz-rich-text brz-rich-text__custom brz-css-bveyhk brz-css-sdky3n\" data-brz-custom-id=\"xhtzfsujsnttjwmuahuwfsuqojnlsmjyntbt\">\n<div data-brz-translate-text=\"1\">\n<p class=\"brz-tp-lg-paragraph brz-css-zSxdc\" data-generated-css=\"brz-css-kaiyn\" data-uniq-id=\"xfvgu\"><span class=\"brz-cp-color7\" style=\"color: rgb(68, 68, 60);\">Optati pentru un King Junior Suite si bucurati-va de spatiul suplimentar pentru a va intinde si relaxa. Aceasta suite beneficiaza de pardoseala din lemn ingineresc si de un panou inteligent de comanda a fluxului de aer, oferind o camera cu un pat king-size si o zona de living separata, cu o masa de dining\/lucru, o masa de cafea si un fotoliu pentru relaxare. <\/span><\/p>\n<\/div>\n<\/div>\n<\/div>\n<div class=\"brz-wrapper-clone brz-flex-xs-wrap brz-css-v1xti9 brz-css-1a9ovsd\" data-brz-custom-id=\"phqsyrinrjzvyejxylcrnppbrprgqpnqlxpx\"><a class=\"brz-a brz-btn brz-css-1d7d7kj brz-css-it0cjf brz-css-p29o9a brz-css-18suepi\" href=\"https:\/\/atheneepalace.intercontinental.com\/ro\/rooms-suites\/king-junior-suite\/\" target=\"_self\" rel=\"noopener\" data-brz-link-type=\"page\" data-brz-custom-id=\"owlvhmjmvrnzwogocrfoyqjxtowbdzwotykg\"><span data-brz-translate-text=\"1\" class=\"brz-span brz-text__editor\">MAI MULTE DETALII<\/span><\/a><a class=\"brz-a brz-btn brz-css-1d7d7kj brz-css-cosmte brz-css-p29o9a brz-css-13ohwdb\" href=\"https:\/\/my.treedis.com\/tour\/intercontinental-athenee-palace-bucharest-45f2b?s=i80npik3m4bbpd3i932m82wec&amp;x=-1.5434960455175801&amp;y=-84.91704615978144\" target=\"_blank\" rel=\"noopener\" data-brz-link-type=\"external\" data-brz-custom-id=\"o7ubCRfRVFXh\"><span data-brz-translate-text=\"1\" class=\"brz-span brz-text__editor\">TUR VIRTUAL<\/span><\/a><\/div>\n<\/div>\n<\/div>\n<div class=\"brz-columns brz-css-11puq19 brz-css-18holhc\" data-brz-custom-id=\"gbcfgyblijkobgucqjtansdnzlvbmfhvcvxp\">\n<div class=\"brz-bg\">\n<div class=\"brz-bg-image\"><\/div>\n<\/div>\n<div class=\"brz-column__items brz-css-19ztvqc brz-css-eboevh\"><\/div>\n<\/div>\n<\/div>\n<\/div>\n<\/div>\n<\/div>\n<\/section>\n<section id=\"9c6e35ab5ccb7e721949_huevwzivfdbvqkrwhhdirmggqaxmpanksnbq\" class=\"brz-section brz-css-1f67ora brz-css-1htwbfx\">\n<div class=\"brz-section__content brz-section--fullWidth brz-css-1606611 brz-css-1n5xb3x\" data-brz-custom-id=\"gdxvqfpgmqbyunfzjxkxgfgbvbkjwhpjlgvq\">\n<div class=\"brz-container brz-css-1gcfpat brz-css-dw5fzq\">\n<div class=\"brz-row__container brz-css-13qosi6 brz-css-1mxv515\" data-brz-custom-id=\"iwtnycyosvtcoloaaqlvgcijhivahohkeaxu\">\n<div class=\"brz-row brz-css-1m87q0n brz-css-bqfkq0\">\n<div class=\"brz-columns brz-css-11puq19 brz-css-1ftmby3\" data-brz-custom-id=\"ygfiybqjfusjyceypmdkinhcchswekazegdj\">\n<div class=\"brz-bg\">\n<div class=\"brz-bg-image\"><\/div>\n<\/div>\n<div class=\"brz-column__items brz-css-19ztvqc brz-css-5boazg\"><\/div>\n<\/div>\n<div class=\"brz-columns brz-css-11puq19 brz-css-1hegdzd\" data-brz-custom-id=\"sdjgdpxiagsbgopvxpntzuyzedoxyzxgblow\">\n<div class=\"brz-column__items brz-css-19ztvqc brz-css-1dd5l8u\">\n<div id=\"\" class=\"brz-css-zwrxtt brz-css-k3dzg5 brz-wrapper\">\n<div class=\"brz-rich-text brz-rich-text__custom brz-css-bveyhk brz-css-1tzez6w\" data-brz-custom-id=\"wrnvcilgbxivpcfleylxnorijrqzlxxqukpk\">\n<div data-brz-translate-text=\"1\">\n<p class=\"brz-tp-lg-subtitle brz-css-lBdC3\" data-uniq-id=\"lnwql\" data-generated-css=\"brz-css-wtimb\"><span class=\"brz-cp-color2\">SUIT\u0102 KING JUNIOR CU BALCON<\/span><\/p>\n<\/div>\n<\/div>\n<\/div>\n<div id=\"\" class=\"brz-css-zwrxtt brz-css-1r0kebf brz-wrapper\">\n<div class=\"brz-line brz-line-default brz-css-s7qxf brz-css-1bhfs4x\" data-brz-custom-id=\"rkdkiqsvbxerhswsbdqhtoqvhskuobweywlu\">\n<hr class=\"brz-hr\"><\/div>\n<\/div>\n<div id=\"\" class=\"brz-css-zwrxtt brz-css-1pum1lr brz-wrapper\">\n<div class=\"brz-rich-text brz-rich-text__custom brz-css-bveyhk brz-css-5d6ljw\" data-brz-custom-id=\"ejnjqogvehorzfjdehptkyrrixpgkeocotha\">\n<div data-brz-translate-text=\"1\">\n<p class=\"brz-tp-lg-paragraph brz-css-uWKTF\" data-generated-css=\"brz-css-oatsi\" data-uniq-id=\"rczfr\"><span class=\"brz-cp-color7\" style=\"color: rgb(68, 68, 60);\">Opta\u021bi pentru o Suit\u0103 Junior \u0219i bucura\u021bi-v\u0103 de spa\u021biul suplimentar pentru a v\u0103 \u00eentinde \u0219i relaxa, av\u00e2nd acces la o teras\u0103 mobilat\u0103 cu vedere la Palatul Regal, Ateneul Rom\u00e2n sau Calea Victoriei.<\/span><\/p>\n<\/div>\n<\/div>\n<\/div>\n<div class=\"brz-wrapper-clone brz-flex-xs-wrap brz-css-v1xti9 brz-css-mw4gpn\" data-brz-custom-id=\"wiqknmobfltkzbcbdlpuojxjcorqhfgqxckm\"><a class=\"brz-a brz-btn brz-css-1d7d7kj brz-css-fmnrah brz-css-p29o9a brz-css-q0sgto\" href=\"https:\/\/atheneepalace.intercontinental.com\/ro\/rooms-suites\/king-junior-suite-balcony\/\" target=\"_self\" rel=\"noopener\" data-brz-link-type=\"page\" data-brz-custom-id=\"epieqltgzsnfsurlbgmztcfvlvmppksfyseg\"><span data-brz-translate-text=\"1\" class=\"brz-span brz-text__editor\">MAI MULTE DETALII<\/span><\/a><a class=\"brz-a brz-btn brz-css-1d7d7kj brz-css-afdphr brz-css-p29o9a brz-css-n8m2ou\" href=\"https:\/\/my.treedis.com\/tour\/intercontinental-athenee-palace-bucharest-45f2b?s=7361m7mgzhnkuq05s4x7wnacd&amp;x=-9.189362979267912&amp;y=-80.57904707049241\" target=\"_blank\" rel=\"noopener\" data-brz-link-type=\"external\" data-brz-custom-id=\"plMlaXxQ7p00\"><span data-brz-translate-text=\"1\" class=\"brz-span brz-text__editor\">TUR VIRTUAL<\/span><\/a><\/div>\n<\/div>\n<\/div>\n<\/div>\n<\/div>\n<\/div>\n<\/div>\n<\/section>\n<\/div>\n<p>    <!-- version:1760082400 --><\/p>","protected":false},"excerpt":{"rendered":"<p>JUNIOR SUITES KING JUNIOR SUITE Upgrade to King Junior Suite and enjoy the extra space to stretch out and relax. This suite benefits from having an engineered wood flooring and an intelligent airflow command panel, featuring a bedroom with a king-sized bed and a separate living area, with a dining\/workstation table, a coffee table, and [&hellip;]<\/p>","protected":false},"author":1,"featured_media":0,"parent":18,"menu_order":0,"comment_status":"closed","ping_status":"closed","template":"brizy-blank-template.php","meta":{"site-sidebar-layout":"default","site-content-layout":"default","ast-site-content-layout":"default","site-content-style":"default","site-sidebar-style":"default","ast-global-header-display":"","ast-banner-title-visibility":"","ast-main-header-display":"","ast-hfb-above-header-display":"","ast-hfb-below-header-display":"","ast-hfb-mobile-header-display":"","site-post-title":"","ast-breadcrumbs-content":"","ast-featured-img":"","footer-sml-layout":"","theme-transparent-header-meta":"default","adv-header-id-meta":"","stick-header-meta":"","header-above-stick-meta":"","header-main-stick-meta":"","header-below-stick-meta":"","astra-migrate-meta-layouts":"default","ast-page-background-enabled":"default","ast-page-background-meta":{"desktop":{"background-color":"var(--ast-global-color-4)","background-image":"","background-repeat":"repeat","background-position":"center center","background-size":"auto","background-attachment":"scroll","background-type":"","background-media":"","overlay-type":"","overlay-color":"","overlay-opacity":"","overlay-gradient":""},"tablet":{"background-color":"","background-image":"","background-repeat":"repeat","background-position":"center center","background-size":"auto","background-attachment":"scroll","background-type":"","background-media":"","overlay-type":"","overlay-color":"","overlay-opacity":"","overlay-gradient":""},"mobile":{"background-color":"","background-image":"","background-repeat":"repeat","background-position":"center center","background-size":"auto","background-attachment":"scroll","background-type":"","background-media":"","overlay-type":"","overlay-color":"","overlay-opacity":"","overlay-gradient":""}},"ast-content-background-meta":{"desktop":{"background-color":"var(--ast-global-color-5)","background-image":"","background-repeat":"repeat","background-position":"center center","background-size":"auto","background-attachment":"scroll","background-type":"","background-media":"","overlay-type":"","overlay-color":"","overlay-opacity":"","overlay-gradient":""},"tablet":{"background-color":"var(--ast-global-color-5)","background-image":"","background-repeat":"repeat","background-position":"center center","background-size":"auto","background-attachment":"scroll","background-type":"","background-media":"","overlay-type":"","overlay-color":"","overlay-opacity":"","overlay-gradient":""},"mobile":{"background-color":"var(--ast-global-color-5)","background-image":"","background-repeat":"repeat","background-position":"center center","background-size":"auto","background-attachment":"scroll","background-type":"","background-media":"","overlay-type":"","overlay-color":"","overlay-opacity":"","overlay-gradient":""}},"footnotes":""},"class_list":["post-3403","page","type-page","status-publish","hentry"],"yoast_head":"<!-- This site is optimized with the Yoast SEO plugin v26.6 - https:\/\/yoast.com\/wordpress\/plugins\/seo\/ -->\n<title>Junior Suites - InterContinental Athenee Palace<\/title>\n<meta name=\"robots\" content=\"index, follow, max-snippet:-1, max-image-preview:large, max-video-preview:-1\" \/>\n<link rel=\"canonical\" href=\"https:\/\/atheneepalace.intercontinental.com\/ro\/rooms-suites\/junior-suites\/\" \/>\n<meta property=\"og:locale\" content=\"ro_RO\" \/>\n<meta property=\"og:type\" content=\"article\" \/>\n<meta property=\"og:title\" content=\"Junior Suites - InterContinental Athenee Palace\" \/>\n<meta property=\"og:description\" content=\"JUNIOR SUITES KING JUNIOR SUITE Upgrade to King Junior Suite and enjoy the extra space to stretch out and relax. This suite benefits from having an engineered wood flooring and an intelligent airflow command panel, featuring a bedroom with a king-sized bed and a separate living area, with a dining\/workstation table, a coffee table, and [&hellip;]\" \/>\n<meta property=\"og:url\" content=\"https:\/\/atheneepalace.intercontinental.com\/ro\/rooms-suites\/junior-suites\/\" \/>\n<meta property=\"og:site_name\" content=\"InterContinental Athenee Palace\" \/>\n<meta property=\"article:publisher\" content=\"https:\/\/www.facebook.com\/icatheneepalacebucharest\" \/>\n<meta property=\"article:modified_time\" content=\"2025-10-10T07:46:40+00:00\" \/>\n<meta name=\"twitter:card\" content=\"summary_large_image\" \/>\n<meta name=\"twitter:label1\" content=\"Timp estimat pentru citire\" \/>\n\t<meta name=\"twitter:data1\" content=\"1 minut\" \/>\n<script type=\"application\/ld+json\" class=\"yoast-schema-graph\">{\"@context\":\"https:\/\/schema.org\",\"@graph\":[{\"@type\":\"WebPage\",\"@id\":\"https:\/\/atheneepalace.intercontinental.com\/rooms-suites\/junior-suites\/\",\"url\":\"https:\/\/atheneepalace.intercontinental.com\/rooms-suites\/junior-suites\/\",\"name\":\"Junior Suites - InterContinental Athenee Palace\",\"isPartOf\":{\"@id\":\"https:\/\/atheneepalace.intercontinental.com\/#website\"},\"datePublished\":\"2023-05-31T08:27:31+00:00\",\"dateModified\":\"2025-10-10T07:46:40+00:00\",\"breadcrumb\":{\"@id\":\"https:\/\/atheneepalace.intercontinental.com\/rooms-suites\/junior-suites\/#breadcrumb\"},\"inLanguage\":\"ro-RO\",\"potentialAction\":[{\"@type\":\"ReadAction\",\"target\":[\"https:\/\/atheneepalace.intercontinental.com\/rooms-suites\/junior-suites\/\"]}]},{\"@type\":\"BreadcrumbList\",\"@id\":\"https:\/\/atheneepalace.intercontinental.com\/rooms-suites\/junior-suites\/#breadcrumb\",\"itemListElement\":[{\"@type\":\"ListItem\",\"position\":1,\"name\":\"Home\",\"item\":\"https:\/\/atheneepalace.intercontinental.com\/\"},{\"@type\":\"ListItem\",\"position\":2,\"name\":\"Rooms &amp; Suites\",\"item\":\"https:\/\/atheneepalace.intercontinental.com\/rooms-suites\/\"},{\"@type\":\"ListItem\",\"position\":3,\"name\":\"Junior Suites\"}]},{\"@type\":\"WebSite\",\"@id\":\"https:\/\/atheneepalace.intercontinental.com\/#website\",\"url\":\"https:\/\/atheneepalace.intercontinental.com\/\",\"name\":\"InterContinental Athenee Palace\",\"description\":\"\",\"publisher\":{\"@id\":\"https:\/\/atheneepalace.intercontinental.com\/#organization\"},\"potentialAction\":[{\"@type\":\"SearchAction\",\"target\":{\"@type\":\"EntryPoint\",\"urlTemplate\":\"https:\/\/atheneepalace.intercontinental.com\/?s={search_term_string}\"},\"query-input\":{\"@type\":\"PropertyValueSpecification\",\"valueRequired\":true,\"valueName\":\"search_term_string\"}}],\"inLanguage\":\"ro-RO\"},{\"@type\":\"Organization\",\"@id\":\"https:\/\/atheneepalace.intercontinental.com\/#organization\",\"name\":\"InterContinental Athenee Palace\",\"url\":\"https:\/\/atheneepalace.intercontinental.com\/\",\"logo\":{\"@type\":\"ImageObject\",\"inLanguage\":\"ro-RO\",\"@id\":\"https:\/\/atheneepalace.intercontinental.com\/#\/schema\/logo\/image\/\",\"url\":\"https:\/\/atheneepalace.intercontinental.com\/wp-content\/uploads\/2023\/05\/Logo-400.png\",\"contentUrl\":\"https:\/\/atheneepalace.intercontinental.com\/wp-content\/uploads\/2023\/05\/Logo-400.png\",\"width\":300,\"height\":139,\"caption\":\"InterContinental Athenee Palace\"},\"image\":{\"@id\":\"https:\/\/atheneepalace.intercontinental.com\/#\/schema\/logo\/image\/\"},\"sameAs\":[\"https:\/\/www.facebook.com\/icatheneepalacebucharest\",\"https:\/\/www.linkedin.com\/company\/intercontinental-athne-palace-bucharest\",\"https:\/\/www.tripadvisor.co.uk\/Hotel_Review-g294458-d300679-Reviews-InterContinental_Athenee_Palace_Bucharest_an_IHG_Hotel-Bucharest.html\",\"https:\/\/www.instagram.com\/icatheneepalacebucharest\/\"]}]}<\/script>\n<!-- \/ Yoast SEO plugin. -->","yoast_head_json":{"title":"Junior Suites - InterContinental Athenee Palace","robots":{"index":"index","follow":"follow","max-snippet":"max-snippet:-1","max-image-preview":"max-image-preview:large","max-video-preview":"max-video-preview:-1"},"canonical":"https:\/\/atheneepalace.intercontinental.com\/ro\/rooms-suites\/junior-suites\/","og_locale":"ro_RO","og_type":"article","og_title":"Junior Suites - InterContinental Athenee Palace","og_description":"JUNIOR SUITES KING JUNIOR SUITE Upgrade to King Junior Suite and enjoy the extra space to stretch out and relax. This suite benefits from having an engineered wood flooring and an intelligent airflow command panel, featuring a bedroom with a king-sized bed and a separate living area, with a dining\/workstation table, a coffee table, and [&hellip;]","og_url":"https:\/\/atheneepalace.intercontinental.com\/ro\/rooms-suites\/junior-suites\/","og_site_name":"InterContinental Athenee Palace","article_publisher":"https:\/\/www.facebook.com\/icatheneepalacebucharest","article_modified_time":"2025-10-10T07:46:40+00:00","twitter_card":"summary_large_image","twitter_misc":{"Timp estimat pentru citire":"1 minut"},"schema":{"@context":"https:\/\/schema.org","@graph":[{"@type":"WebPage","@id":"https:\/\/atheneepalace.intercontinental.com\/rooms-suites\/junior-suites\/","url":"https:\/\/atheneepalace.intercontinental.com\/rooms-suites\/junior-suites\/","name":"Junior Suites - InterContinental Athenee Palace","isPartOf":{"@id":"https:\/\/atheneepalace.intercontinental.com\/#website"},"datePublished":"2023-05-31T08:27:31+00:00","dateModified":"2025-10-10T07:46:40+00:00","breadcrumb":{"@id":"https:\/\/atheneepalace.intercontinental.com\/rooms-suites\/junior-suites\/#breadcrumb"},"inLanguage":"ro-RO","potentialAction":[{"@type":"ReadAction","target":["https:\/\/atheneepalace.intercontinental.com\/rooms-suites\/junior-suites\/"]}]},{"@type":"BreadcrumbList","@id":"https:\/\/atheneepalace.intercontinental.com\/rooms-suites\/junior-suites\/#breadcrumb","itemListElement":[{"@type":"ListItem","position":1,"name":"Home","item":"https:\/\/atheneepalace.intercontinental.com\/"},{"@type":"ListItem","position":2,"name":"Rooms &amp; Suites","item":"https:\/\/atheneepalace.intercontinental.com\/rooms-suites\/"},{"@type":"ListItem","position":3,"name":"Junior Suites"}]},{"@type":"WebSite","@id":"https:\/\/atheneepalace.intercontinental.com\/#website","url":"https:\/\/atheneepalace.intercontinental.com\/","name":"InterContinental Athenee Palace","description":"","publisher":{"@id":"https:\/\/atheneepalace.intercontinental.com\/#organization"},"potentialAction":[{"@type":"SearchAction","target":{"@type":"EntryPoint","urlTemplate":"https:\/\/atheneepalace.intercontinental.com\/?s={search_term_string}"},"query-input":{"@type":"PropertyValueSpecification","valueRequired":true,"valueName":"search_term_string"}}],"inLanguage":"ro-RO"},{"@type":"Organization","@id":"https:\/\/atheneepalace.intercontinental.com\/#organization","name":"InterContinental Athenee Palace","url":"https:\/\/atheneepalace.intercontinental.com\/","logo":{"@type":"ImageObject","inLanguage":"ro-RO","@id":"https:\/\/atheneepalace.intercontinental.com\/#\/schema\/logo\/image\/","url":"https:\/\/atheneepalace.intercontinental.com\/wp-content\/uploads\/2023\/05\/Logo-400.png","contentUrl":"https:\/\/atheneepalace.intercontinental.com\/wp-content\/uploads\/2023\/05\/Logo-400.png","width":300,"height":139,"caption":"InterContinental Athenee Palace"},"image":{"@id":"https:\/\/atheneepalace.intercontinental.com\/#\/schema\/logo\/image\/"},"sameAs":["https:\/\/www.facebook.com\/icatheneepalacebucharest","https:\/\/www.linkedin.com\/company\/intercontinental-athne-palace-bucharest","https:\/\/www.tripadvisor.co.uk\/Hotel_Review-g294458-d300679-Reviews-InterContinental_Athenee_Palace_Bucharest_an_IHG_Hotel-Bucharest.html","https:\/\/www.instagram.com\/icatheneepalacebucharest\/"]}]}},"_links":{"self":[{"href":"https:\/\/atheneepalace.intercontinental.com\/ro\/wp-json\/wp\/v2\/pages\/3403","targetHints":{"allow":["GET"]}}],"collection":[{"href":"https:\/\/atheneepalace.intercontinental.com\/ro\/wp-json\/wp\/v2\/pages"}],"about":[{"href":"https:\/\/atheneepalace.intercontinental.com\/ro\/wp-json\/wp\/v2\/types\/page"}],"author":[{"embeddable":true,"href":"https:\/\/atheneepalace.intercontinental.com\/ro\/wp-json\/wp\/v2\/users\/1"}],"replies":[{"embeddable":true,"href":"https:\/\/atheneepalace.intercontinental.com\/ro\/wp-json\/wp\/v2\/comments?post=3403"}],"version-history":[{"count":10,"href":"https:\/\/atheneepalace.intercontinental.com\/ro\/wp-json\/wp\/v2\/pages\/3403\/revisions"}],"predecessor-version":[{"id":14484,"href":"https:\/\/atheneepalace.intercontinental.com\/ro\/wp-json\/wp\/v2\/pages\/3403\/revisions\/14484"}],"up":[{"embeddable":true,"href":"https:\/\/atheneepalace.intercontinental.com\/ro\/wp-json\/wp\/v2\/pages\/18"}],"wp:attachment":[{"href":"https:\/\/atheneepalace.intercontinental.com\/ro\/wp-json\/wp\/v2\/media?parent=3403"}],"curies":[{"name":"wp","href":"https:\/\/api.w.org\/{rel}","templated":true}]}}