{"id":4395,"date":"2023-06-30T10:06:29","date_gmt":"2023-06-30T10:06:29","guid":{"rendered":"https:\/\/atheneepalace.intercontinental.com\/?page_id=4395"},"modified":"2025-07-07T08:14:51","modified_gmt":"2025-07-07T08:14:51","slug":"accessibility","status":"publish","type":"page","link":"https:\/\/atheneepalace.intercontinental.com\/ro\/accessibility\/","title":{"rendered":"Accesibilitate"},"content":{"rendered":"<div class=\"brz-root__container brz-reset-all brz\">\n<section id=\"_dpmlwhdgmuiaxajcastvfjsqqdkvboqzmhap\" class=\"brz-section brz-css-gW44f brz-css-lXnMo\">\n<div class=\"brz-slick-slider brz-slick-slider__section\" data-slides-to-show=\"1\" data-slides-to-scroll=\"1\" data-arrows=\"true\" data-dots=\"false\" data-dots-class=\"brz-slick-slider__dots brz-slick-slider__dots--none\" data-fade=\"false\" data-vertical=\"false\" data-auto-play=\"false\" data-auto-play-speed=\"3000\" data-animation-speed=\"500\" data-swipe=\"true\" data-responsive=\"%5B%7B%22breakpoint%22%3A767%2C%22settings%22%3A%7B%22slidesToShow%22%3A1%2C%22slidesToScroll%22%3A1%7D%7D%5D\">\n<div>\n<div class=\"brz-section__content brz-section--boxed brz-css-sW2zE brz-css-bRXfm\" data-brz-custom-id=\"ncqmonuojlitjoplcbcrpgqrvwpqmnsxrxbc\">\n<div class=\"brz-bg\">\n<div class=\"brz-bg-image\"><\/div>\n<\/div>\n<div class=\"brz-container brz-css-aeCse\">\n<div id=\"\" class=\"brz-css-rEh9n brz-wrapper\">\n<div class=\"brz-rich-text brz-rich-text__custom brz-css-gR1hC\" data-brz-custom-id=\"dcqwmjufftlpeflgdkqfhprmflufdhpyihmf\">\n<div data-brz-translate-text=\"1\">\n<h1 class=\"brz-text-lg-center brz-tp-lg-heading1 brz-css-iK71Y\" data-uniq-id=\"ivshy\" data-generated-css=\"brz-css-llkeg\"><span style=\"opacity: 1\">ACCESIBILITATE<\/span><\/h1>\n<\/div>\n<\/div>\n<\/div>\n<\/div>\n<\/div>\n<\/div>\n<\/div>\n<\/section>\n<section id=\"_ogwofbsaolnuwxpdnfnabajoflsppxozntux\" class=\"brz-section brz-css-gW44f\">\n<div class=\"brz-section__content brz-section--boxed brz-css-sW2zE brz-css-pOuMS\" data-brz-custom-id=\"paygddtofnumnwmzoyglmwglvyvhvfcgslzc\">\n<div class=\"brz-container brz-css-aeCse\">\n<div id=\"\" class=\"brz-css-rEh9n brz-wrapper\">\n<div class=\"brz-rich-text brz-rich-text__custom brz-css-gR1hC\" data-brz-custom-id=\"liqxukoxfzcyvsatiodqmtwciktqtnejlclb\">\n<div data-brz-translate-text=\"1\">\n<p class=\"brz-text-lg-center brz-tp-lg-paragraph brz-css-c3Q99\" data-generated-css=\"brz-css-qwxpm\" data-uniq-id=\"hrduo\"><strong class=\"brz-cp-color7\">POLITICA DE ACCESIBILITATE<\/strong><\/p>\n<p class=\"brz-text-lg-center brz-tp-lg-paragraph brz-css-xJJAg\" data-generated-css=\"brz-css-qwxpm\" data-uniq-id=\"hrduo\"><\/p>\n<p class=\"brz-text-lg-center brz-tp-lg-paragraph brz-css-pEQP_\" data-generated-css=\"brz-css-execg\" data-uniq-id=\"nhyna\"><span class=\"brz-cp-color7\">InterContinental Athenee Palace Bucharest se angajeaz\u0103 s\u0103 ofere un site web accesibil pentru to\u021bi utilizatorii, inclusiv pentru cei cu dizabilit\u0103\u021bi.<\/span><\/p>\n<p class=\"brz-text-lg-center brz-tp-lg-paragraph brz-css-kf_pD\" data-generated-css=\"brz-css-iiuat\" data-uniq-id=\"phfbf\"><\/p>\n<p class=\"brz-text-lg-center brz-tp-lg-paragraph brz-css-fanmu\" data-generated-css=\"brz-css-woaas\" data-uniq-id=\"bievd\"><span class=\"brz-cp-color7\">InterContinental Athenee Palace Bucharest se str\u0103duie\u0219te s\u0103 respecte Ghidurile de Accesibilitate pentru Con\u021binutul Web ale Consortiumului World Wide Web, nivelul AA (WCAG 2.0 AA) pe site-ul nostru web, \u0219i am construit site-ul nostru web folosind HTML \u0219i CSS conforme cu standardele.<\/span><\/p>\n<p class=\"brz-text-lg-center brz-tp-lg-paragraph brz-css-rVzpt\" data-generated-css=\"brz-css-mnnvo\" data-uniq-id=\"fsomd\"><\/p>\n<p class=\"brz-text-lg-center brz-tp-lg-paragraph brz-css-iip2U\" data-generated-css=\"brz-css-plrmp\" data-uniq-id=\"egaiu\"><span class=\"brz-cp-color7\">Ne-am asigurat c\u0103 con\u021binutul site-ului web este structurat \u00eentr-un mod logic, utiliz\u00e2nd titluri \u0219i etichete informative acolo unde este relevant, astfel \u00eenc\u00e2t s\u0103 fie utilizabil de c\u0103tre clien\u021bii care folosesc tehnologie asistiv\u0103\/cititoare de ecran.<\/span><\/p>\n<p class=\"brz-text-lg-center brz-tp-lg-paragraph brz-css-zwbXt\" data-generated-css=\"brz-css-fgiln\" data-uniq-id=\"btsil\"><\/p>\n<p class=\"brz-text-lg-center brz-tp-lg-paragraph brz-css-tX0cb\" data-generated-css=\"brz-css-jixpu\" data-uniq-id=\"ykdxq\"><span class=\"brz-cp-color7\">Am furnizat naviga\u021bie consistent\u0103 pe \u00eentregul site web.Ne-am asigurat c\u0103 imaginile au texte alternative \u0219i linkuri descriptive.<\/span><\/p>\n<p class=\"brz-text-lg-center brz-tp-lg-paragraph brz-css-ijaZ_\" data-generated-css=\"brz-css-tyltm\" data-uniq-id=\"apats\"><\/p>\n<p class=\"brz-text-lg-center brz-tp-lg-paragraph brz-css-hqiH3\" data-generated-css=\"brz-css-fwbag\" data-uniq-id=\"ycusg\"><span class=\"brz-cp-color7\">V\u0103 rug\u0103m s\u0103 ave\u021bi \u00een vedere c\u0103 Ghidurile WCAG 2.0 AA sunt \u00een continu\u0103 evolu\u021bie \u0219i eforturile noastre de conformitate cu aceste ghiduri sunt \u00een curs. Dac\u0103 dori\u021bi s\u0103 raporta\u021bi orice probleme de accesibilitate, v\u0103 rug\u0103m s\u0103 ne contacta\u021bi la +40 21 303 3777. Vom face toate eforturile rezonabile pentru a actualiza pagina sau paginile \u0219i a ne asigura c\u0103 sunt accesibile.<\/span><\/p>\n<p class=\"brz-text-lg-center brz-tp-lg-paragraph brz-css-kFCfw\" data-generated-css=\"brz-css-ogebi\" data-uniq-id=\"oqaja\"><\/p>\n<\/div>\n<\/div>\n<\/div>\n<\/div>\n<\/div>\n<\/section>\n<\/div>\n<p>    <!-- version:1733754411 --><\/p>","protected":false},"excerpt":{"rendered":"<p>ACCESSIBILITY ACCESSIBILITY POLICY InterContinental Athenee Palace Bucharest is committed to providing a website that can be accessed by all, including users with disabilities. InterContinental Athenee Palace Bucharest strives to maintain compliance with the World Wide Web\u2019s Consortium\u2019s Web Content Accessibility Guidelines 2.0 Level AA (WCAG 2.0 AA) on our website, and: We have built our [&hellip;]<\/p>","protected":false},"author":1,"featured_media":0,"parent":0,"menu_order":0,"comment_status":"closed","ping_status":"closed","template":"brizy-blank-template.php","meta":{"site-sidebar-layout":"default","site-content-layout":"","ast-site-content-layout":"default","site-content-style":"default","site-sidebar-style":"default","ast-global-header-display":"","ast-banner-title-visibility":"","ast-main-header-display":"","ast-hfb-above-header-display":"","ast-hfb-below-header-display":"","ast-hfb-mobile-header-display":"","site-post-title":"","ast-breadcrumbs-content":"","ast-featured-img":"","footer-sml-layout":"","theme-transparent-header-meta":"","adv-header-id-meta":"","stick-header-meta":"","header-above-stick-meta":"","header-main-stick-meta":"","header-below-stick-meta":"","astra-migrate-meta-layouts":"default","ast-page-background-enabled":"default","ast-page-background-meta":{"desktop":{"background-color":"var(--ast-global-color-4)","background-image":"","background-repeat":"repeat","background-position":"center center","background-size":"auto","background-attachment":"scroll","background-type":"","background-media":"","overlay-type":"","overlay-color":"","overlay-opacity":"","overlay-gradient":""},"tablet":{"background-color":"","background-image":"","background-repeat":"repeat","background-position":"center center","background-size":"auto","background-attachment":"scroll","background-type":"","background-media":"","overlay-type":"","overlay-color":"","overlay-opacity":"","overlay-gradient":""},"mobile":{"background-color":"","background-image":"","background-repeat":"repeat","background-position":"center center","background-size":"auto","background-attachment":"scroll","background-type":"","background-media":"","overlay-type":"","overlay-color":"","overlay-opacity":"","overlay-gradient":""}},"ast-content-background-meta":{"desktop":{"background-color":"var(--ast-global-color-5)","background-image":"","background-repeat":"repeat","background-position":"center center","background-size":"auto","background-attachment":"scroll","background-type":"","background-media":"","overlay-type":"","overlay-color":"","overlay-opacity":"","overlay-gradient":""},"tablet":{"background-color":"var(--ast-global-color-5)","background-image":"","background-repeat":"repeat","background-position":"center center","background-size":"auto","background-attachment":"scroll","background-type":"","background-media":"","overlay-type":"","overlay-color":"","overlay-opacity":"","overlay-gradient":""},"mobile":{"background-color":"var(--ast-global-color-5)","background-image":"","background-repeat":"repeat","background-position":"center center","background-size":"auto","background-attachment":"scroll","background-type":"","background-media":"","overlay-type":"","overlay-color":"","overlay-opacity":"","overlay-gradient":""}},"footnotes":""},"class_list":["post-4395","page","type-page","status-publish","hentry"],"yoast_head":"<!-- This site is optimized with the Yoast SEO plugin v26.6 - https:\/\/yoast.com\/wordpress\/plugins\/seo\/ -->\n<title>Accessibility - InterContinental Athenee Palace<\/title>\n<meta name=\"robots\" content=\"index, follow, max-snippet:-1, max-image-preview:large, max-video-preview:-1\" \/>\n<link rel=\"canonical\" href=\"https:\/\/atheneepalace.intercontinental.com\/ro\/accessibility\/\" \/>\n<meta property=\"og:locale\" content=\"ro_RO\" \/>\n<meta property=\"og:type\" content=\"article\" \/>\n<meta property=\"og:title\" content=\"Accessibility - InterContinental Athenee Palace\" \/>\n<meta property=\"og:description\" content=\"ACCESSIBILITY ACCESSIBILITY POLICY InterContinental Athenee Palace Bucharest is committed to providing a website that can be accessed by all, including users with disabilities. InterContinental Athenee Palace Bucharest strives to maintain compliance with the World Wide Web\u2019s Consortium\u2019s Web Content Accessibility Guidelines 2.0 Level AA (WCAG 2.0 AA) on our website, and: We have built our [&hellip;]\" \/>\n<meta property=\"og:url\" content=\"https:\/\/atheneepalace.intercontinental.com\/ro\/accessibility\/\" \/>\n<meta property=\"og:site_name\" content=\"InterContinental Athenee Palace\" \/>\n<meta property=\"article:publisher\" content=\"https:\/\/www.facebook.com\/icatheneepalacebucharest\" \/>\n<meta property=\"article:modified_time\" content=\"2025-07-07T08:14:51+00:00\" \/>\n<meta name=\"twitter:card\" content=\"summary_large_image\" \/>\n<meta name=\"twitter:label1\" content=\"Timp estimat pentru citire\" \/>\n\t<meta name=\"twitter:data1\" content=\"1 minut\" \/>\n<script type=\"application\/ld+json\" class=\"yoast-schema-graph\">{\"@context\":\"https:\/\/schema.org\",\"@graph\":[{\"@type\":\"WebPage\",\"@id\":\"https:\/\/atheneepalace.intercontinental.com\/accessibility\/\",\"url\":\"https:\/\/atheneepalace.intercontinental.com\/accessibility\/\",\"name\":\"Accessibility - InterContinental Athenee Palace\",\"isPartOf\":{\"@id\":\"https:\/\/atheneepalace.intercontinental.com\/#website\"},\"datePublished\":\"2023-06-30T10:06:29+00:00\",\"dateModified\":\"2025-07-07T08:14:51+00:00\",\"breadcrumb\":{\"@id\":\"https:\/\/atheneepalace.intercontinental.com\/accessibility\/#breadcrumb\"},\"inLanguage\":\"ro-RO\",\"potentialAction\":[{\"@type\":\"ReadAction\",\"target\":[\"https:\/\/atheneepalace.intercontinental.com\/accessibility\/\"]}]},{\"@type\":\"BreadcrumbList\",\"@id\":\"https:\/\/atheneepalace.intercontinental.com\/accessibility\/#breadcrumb\",\"itemListElement\":[{\"@type\":\"ListItem\",\"position\":1,\"name\":\"Home\",\"item\":\"https:\/\/atheneepalace.intercontinental.com\/\"},{\"@type\":\"ListItem\",\"position\":2,\"name\":\"Accessibility\"}]},{\"@type\":\"WebSite\",\"@id\":\"https:\/\/atheneepalace.intercontinental.com\/#website\",\"url\":\"https:\/\/atheneepalace.intercontinental.com\/\",\"name\":\"InterContinental Athenee Palace\",\"description\":\"\",\"publisher\":{\"@id\":\"https:\/\/atheneepalace.intercontinental.com\/#organization\"},\"potentialAction\":[{\"@type\":\"SearchAction\",\"target\":{\"@type\":\"EntryPoint\",\"urlTemplate\":\"https:\/\/atheneepalace.intercontinental.com\/?s={search_term_string}\"},\"query-input\":{\"@type\":\"PropertyValueSpecification\",\"valueRequired\":true,\"valueName\":\"search_term_string\"}}],\"inLanguage\":\"ro-RO\"},{\"@type\":\"Organization\",\"@id\":\"https:\/\/atheneepalace.intercontinental.com\/#organization\",\"name\":\"InterContinental Athenee Palace\",\"url\":\"https:\/\/atheneepalace.intercontinental.com\/\",\"logo\":{\"@type\":\"ImageObject\",\"inLanguage\":\"ro-RO\",\"@id\":\"https:\/\/atheneepalace.intercontinental.com\/#\/schema\/logo\/image\/\",\"url\":\"https:\/\/atheneepalace.intercontinental.com\/wp-content\/uploads\/2023\/05\/Logo-400.png\",\"contentUrl\":\"https:\/\/atheneepalace.intercontinental.com\/wp-content\/uploads\/2023\/05\/Logo-400.png\",\"width\":300,\"height\":139,\"caption\":\"InterContinental Athenee Palace\"},\"image\":{\"@id\":\"https:\/\/atheneepalace.intercontinental.com\/#\/schema\/logo\/image\/\"},\"sameAs\":[\"https:\/\/www.facebook.com\/icatheneepalacebucharest\",\"https:\/\/www.linkedin.com\/company\/intercontinental-athne-palace-bucharest\",\"https:\/\/www.tripadvisor.co.uk\/Hotel_Review-g294458-d300679-Reviews-InterContinental_Athenee_Palace_Bucharest_an_IHG_Hotel-Bucharest.html\",\"https:\/\/www.instagram.com\/icatheneepalacebucharest\/\"]}]}<\/script>\n<!-- \/ Yoast SEO plugin. -->","yoast_head_json":{"title":"Accessibility - InterContinental Athenee Palace","robots":{"index":"index","follow":"follow","max-snippet":"max-snippet:-1","max-image-preview":"max-image-preview:large","max-video-preview":"max-video-preview:-1"},"canonical":"https:\/\/atheneepalace.intercontinental.com\/ro\/accessibility\/","og_locale":"ro_RO","og_type":"article","og_title":"Accessibility - InterContinental Athenee Palace","og_description":"ACCESSIBILITY ACCESSIBILITY POLICY InterContinental Athenee Palace Bucharest is committed to providing a website that can be accessed by all, including users with disabilities. InterContinental Athenee Palace Bucharest strives to maintain compliance with the World Wide Web\u2019s Consortium\u2019s Web Content Accessibility Guidelines 2.0 Level AA (WCAG 2.0 AA) on our website, and: We have built our [&hellip;]","og_url":"https:\/\/atheneepalace.intercontinental.com\/ro\/accessibility\/","og_site_name":"InterContinental Athenee Palace","article_publisher":"https:\/\/www.facebook.com\/icatheneepalacebucharest","article_modified_time":"2025-07-07T08:14:51+00:00","twitter_card":"summary_large_image","twitter_misc":{"Timp estimat pentru citire":"1 minut"},"schema":{"@context":"https:\/\/schema.org","@graph":[{"@type":"WebPage","@id":"https:\/\/atheneepalace.intercontinental.com\/accessibility\/","url":"https:\/\/atheneepalace.intercontinental.com\/accessibility\/","name":"Accessibility - InterContinental Athenee Palace","isPartOf":{"@id":"https:\/\/atheneepalace.intercontinental.com\/#website"},"datePublished":"2023-06-30T10:06:29+00:00","dateModified":"2025-07-07T08:14:51+00:00","breadcrumb":{"@id":"https:\/\/atheneepalace.intercontinental.com\/accessibility\/#breadcrumb"},"inLanguage":"ro-RO","potentialAction":[{"@type":"ReadAction","target":["https:\/\/atheneepalace.intercontinental.com\/accessibility\/"]}]},{"@type":"BreadcrumbList","@id":"https:\/\/atheneepalace.intercontinental.com\/accessibility\/#breadcrumb","itemListElement":[{"@type":"ListItem","position":1,"name":"Home","item":"https:\/\/atheneepalace.intercontinental.com\/"},{"@type":"ListItem","position":2,"name":"Accessibility"}]},{"@type":"WebSite","@id":"https:\/\/atheneepalace.intercontinental.com\/#website","url":"https:\/\/atheneepalace.intercontinental.com\/","name":"InterContinental Athenee Palace","description":"","publisher":{"@id":"https:\/\/atheneepalace.intercontinental.com\/#organization"},"potentialAction":[{"@type":"SearchAction","target":{"@type":"EntryPoint","urlTemplate":"https:\/\/atheneepalace.intercontinental.com\/?s={search_term_string}"},"query-input":{"@type":"PropertyValueSpecification","valueRequired":true,"valueName":"search_term_string"}}],"inLanguage":"ro-RO"},{"@type":"Organization","@id":"https:\/\/atheneepalace.intercontinental.com\/#organization","name":"InterContinental Athenee Palace","url":"https:\/\/atheneepalace.intercontinental.com\/","logo":{"@type":"ImageObject","inLanguage":"ro-RO","@id":"https:\/\/atheneepalace.intercontinental.com\/#\/schema\/logo\/image\/","url":"https:\/\/atheneepalace.intercontinental.com\/wp-content\/uploads\/2023\/05\/Logo-400.png","contentUrl":"https:\/\/atheneepalace.intercontinental.com\/wp-content\/uploads\/2023\/05\/Logo-400.png","width":300,"height":139,"caption":"InterContinental Athenee Palace"},"image":{"@id":"https:\/\/atheneepalace.intercontinental.com\/#\/schema\/logo\/image\/"},"sameAs":["https:\/\/www.facebook.com\/icatheneepalacebucharest","https:\/\/www.linkedin.com\/company\/intercontinental-athne-palace-bucharest","https:\/\/www.tripadvisor.co.uk\/Hotel_Review-g294458-d300679-Reviews-InterContinental_Athenee_Palace_Bucharest_an_IHG_Hotel-Bucharest.html","https:\/\/www.instagram.com\/icatheneepalacebucharest\/"]}]}},"_links":{"self":[{"href":"https:\/\/atheneepalace.intercontinental.com\/ro\/wp-json\/wp\/v2\/pages\/4395","targetHints":{"allow":["GET"]}}],"collection":[{"href":"https:\/\/atheneepalace.intercontinental.com\/ro\/wp-json\/wp\/v2\/pages"}],"about":[{"href":"https:\/\/atheneepalace.intercontinental.com\/ro\/wp-json\/wp\/v2\/types\/page"}],"author":[{"embeddable":true,"href":"https:\/\/atheneepalace.intercontinental.com\/ro\/wp-json\/wp\/v2\/users\/1"}],"replies":[{"embeddable":true,"href":"https:\/\/atheneepalace.intercontinental.com\/ro\/wp-json\/wp\/v2\/comments?post=4395"}],"version-history":[{"count":6,"href":"https:\/\/atheneepalace.intercontinental.com\/ro\/wp-json\/wp\/v2\/pages\/4395\/revisions"}],"predecessor-version":[{"id":7544,"href":"https:\/\/atheneepalace.intercontinental.com\/ro\/wp-json\/wp\/v2\/pages\/4395\/revisions\/7544"}],"wp:attachment":[{"href":"https:\/\/atheneepalace.intercontinental.com\/ro\/wp-json\/wp\/v2\/media?parent=4395"}],"curies":[{"name":"wp","href":"https:\/\/api.w.org\/{rel}","templated":true}]}}