{"id":7418,"date":"2024-05-20T08:59:49","date_gmt":"2024-05-20T08:59:49","guid":{"rendered":"https:\/\/atheneepalace.intercontinental.com\/?page_id=7418"},"modified":"2025-08-04T11:29:08","modified_gmt":"2025-08-04T11:29:08","slug":"in-room-dining","status":"publish","type":"page","link":"https:\/\/atheneepalace.intercontinental.com\/ro\/dining\/in-room-dining\/","title":{"rendered":"Servirea Mesei \u00een Camer\u0103"},"content":{"rendered":"<div class=\"brz-root__container brz-reset-all brz brz-root__container-page\">\n<section id=\"58e42d1475410885b45b_oec8NWI9WWT1\" class=\"brz-section brz-css-yxjt4c brz-css-pigd3y\">\n<div class=\"brz-slick-slider brz-slick-slider__section\" data-slides-to-show=\"1\" data-slides-to-scroll=\"1\" data-arrows=\"true\" data-dots=\"false\" data-dots-class=\"brz-slick-slider__dots brz-slick-slider__dots--none\" data-fade=\"false\" data-vertical=\"false\" data-auto-play=\"false\" data-auto-play-speed=\"3000\" data-animation-speed=\"500\" data-swipe=\"true\" data-responsive=\"%5B%7B%22breakpoint%22%3A767%2C%22settings%22%3A%7B%22slidesToShow%22%3A1%2C%22slidesToScroll%22%3A1%7D%7D%5D\">\n<div>\n<div class=\"brz-section__content brz-section--boxed brz-css-6ykce9 brz-css-1jnfx4m\" data-brz-custom-id=\"y7aMqobvh2n0\">\n<div class=\"brz-bg\">\n<div class=\"brz-bg-image\"><\/div>\n<div class=\"brz-bg-color\"><\/div>\n<\/div>\n<div class=\"brz-container brz-css-q3ly51 brz-css-doxh00\">\n<div id=\"\" class=\"brz-css-1nxyulv brz-css-1etr84q brz-wrapper\">\n<div class=\"brz-rich-text brz-rich-text__custom brz-css-i4yj7y brz-css-1n017nw\" data-brz-custom-id=\"iUqjr_cpUb3Q\">\n<div data-brz-translate-text=\"1\">\n<h1 class=\"brz-text-lg-center brz-tp-lg-heading1 brz-css-gKvzv\" data-uniq-id=\"rPtfB\" data-generated-css=\"brz-css-nYr_E\"><span class=\"brz-capitalize-on brz-cp-color8\">SERVIREA MESEI \u00ceN CAMER\u0102<\/span><\/h1>\n<\/div>\n<\/div>\n<\/div>\n<\/div>\n<\/div>\n<\/div>\n<p><svg class=\"brz-icon-svg align-[initial] brz-hidden\"><use href=\"\/wp-content\/plugins\/brizy\/public\/editor-build\/prod\/editor\/icons\/editor\/right-arrow-thin.svg#brz_icon\"><\/use><\/svg><\/div>\n<\/section>\n<section id=\"88dde95ef0276a1c353e_uiQ1JVyRHiTO\" class=\"brz-section brz-css-yxjt4c brz-css-kwq44d\">\n<div class=\"brz-section__content brz-section--fullWidth brz-css-6ykce9 brz-css-1ry3qit\" data-brz-custom-id=\"eHjMXIRYCvgL\">\n<div class=\"brz-container brz-css-q3ly51 brz-css-pywdkg\">\n<div class=\"brz-row__container brz-css-1ql3yyz brz-css-1c16rtc\" data-brz-custom-id=\"lBBXLaTEV1ya\">\n<div class=\"brz-row brz-css-18odeg1 brz-css-1sv0avx\">\n<div class=\"brz-columns brz-css-y4j2zs brz-css-1psd62z\" data-brz-custom-id=\"ntyWiZmYTRh1\">\n<div class=\"brz-column__items brz-css-1ydt4ef brz-css-1ayrfbg\">\n<div id=\"\" class=\"brz-css-1nxyulv brz-css-10mcuun brz-wrapper\">\n<div class=\"brz-rich-text brz-rich-text__custom brz-css-i4yj7y brz-css-8qitb5\" data-brz-custom-id=\"y9mGAv25qREf\">\n<div data-brz-translate-text=\"1\">\n<h4 class=\"brz-tp-lg-heading4 brz-css-g2bny\" data-generated-css=\"brz-css-cW3H9\" data-uniq-id=\"cd4_r\"><span class=\"brz-cp-color2\">SERVIREA MESEI \u00ceN CAMER\u0102<\/span><\/h4>\n<\/div>\n<\/div>\n<\/div>\n<div id=\"\" class=\"brz-css-1nxyulv brz-css-1ci3os7 brz-wrapper\">\n<div class=\"brz-line brz-line-default brz-css-qydo7k brz-css-1tvz2c8\" data-brz-custom-id=\"iTjKRIqp_dmQ\">\n<hr class=\"brz-hr\"><\/div>\n<\/div>\n<div id=\"\" class=\"brz-css-1nxyulv brz-css-yj9rt8 brz-wrapper\">\n<div class=\"brz-rich-text brz-rich-text__custom brz-css-i4yj7y brz-css-mogtw2\" data-brz-custom-id=\"aSt_wITscsqV\">\n<div data-brz-translate-text=\"1\">\n<p class=\"brz-tp-lg-paragraph brz-css-eMSBs\" data-generated-css=\"brz-css-cRw8M\" data-uniq-id=\"tt_ZW\">R\u0103sf\u0103\u021ba\u021bi-v\u0103 cu delicioase preparate servite direct \u00een camer\u0103 la InterContinental Ath\u00e9n\u00e9e Palace. Acest serviciu este disponibil pentru mic dejun de la 6:30 la 11:00 \u0219i pentru mese de-a lungul \u00eentregii zile de la 12:00 la 23:00, \u00een fiecare zi.<\/p>\n<p class=\"brz-tp-lg-paragraph brz-css-bsAv_\" data-generated-css=\"brz-css-cRw8M\" data-uniq-id=\"tt_ZW\">\n<p class=\"brz-tp-lg-paragraph brz-css-dXD2z\" data-generated-css=\"brz-css-cRw8M\" data-uniq-id=\"tt_ZW\">Meniul atent ales reflect\u0103 angajamentul nostru pentru excelen\u021b\u0103, asigur\u00e2nd o experien\u021b\u0103 culinar\u0103 rafinat\u0103 \u00een confortul camerei dumneavoastr\u0103. Fie c\u0103 sunte\u021bi o fire matinal\u0103 sau prefera\u021bi o mas\u0103 t\u00e2rzie, op\u021biunile noastre de room service ofer\u0103 o selec\u021bie variat\u0103 de preparate, concepute pentru a satisface toate gusturile. Bucura\u021bi-v\u0103 de un \u00eenceput perfect al zilei cu un mic dejun bogat sau savura\u021bi preparate delicioase pe parcursul \u00eentregii zile, totul \u00een intimitatea propriei camere. <\/p>\n<p class=\"brz-tp-lg-paragraph brz-css-g4_CF\" data-generated-css=\"brz-css-cRw8M\" data-uniq-id=\"tt_ZW\"><\/p>\n<\/div>\n<\/div>\n<\/div>\n<div class=\"brz-wrapper-clone brz-flex-xs-wrap brz-css-1j4rn7v brz-css-zk7kbw\" data-brz-custom-id=\"j2uDX9d2jRxs\"><a class=\"brz-a brz-btn brz-css-nvistc brz-css-1leg8t8 brz-css-8ypofz brz-css-1j9pqqa\" href=\"https:\/\/atheneepalace.intercontinental.com\/wp-content\/uploads\/2025\/08\/IRD-Menu-pdf-EDITAT.pdf\" target=\"_self\" rel=\"noopener\" data-brz-link-type=\"external\" data-brz-custom-id=\"tpaIVohdMTl1\"><span data-brz-translate-text=\"1\" class=\"brz-span brz-text__editor\">MENIU<\/span><\/a><\/div>\n<\/div>\n<\/div>\n<div class=\"brz-columns brz-css-y4j2zs brz-css-lny4ea\" data-brz-custom-id=\"i0zI5o3PVdpd\">\n<div class=\"brz-column__items brz-css-1ydt4ef brz-css-1svgov3\">\n<div id=\"\" class=\"brz-css-1nxyulv brz-css-rx7184 brz-wrapper\">\n<div class=\"brz-image brz-css-1aoe2tl brz-css-1thk0s\" data-brz-custom-id=\"djis_ZmnTRr2\"><picture class=\"brz-picture brz-d-block brz-p-relative brz-css-1hm3yw brz-css-1s6h86y\"><source srcset=\"https:\/\/atheneepalace.intercontinental.com\/wp-content\/uploads\/brizy\/imgs\/DSC_7081-scaled-1067x711x5x0x1056x711x1683886600.jpg 1x, https:\/\/atheneepalace.intercontinental.com\/wp-content\/uploads\/brizy\/imgs\/DSC_7081-scaled-2134x1422x10x0x2112x1422x1683886600.jpg 2x\" media=\"(min-width: 992px)\"><source srcset=\"https:\/\/atheneepalace.intercontinental.com\/wp-content\/uploads\/brizy\/imgs\/DSC_7081-scaled-396x264x2x0x392x264x1683886600.jpg 1x, https:\/\/atheneepalace.intercontinental.com\/wp-content\/uploads\/brizy\/imgs\/DSC_7081-scaled-792x528x4x0x784x528x1683886600.jpg 2x\" media=\"(min-width: 768px)\"><img decoding=\"async\" class=\"brz-img\" srcset=\"https:\/\/atheneepalace.intercontinental.com\/wp-content\/uploads\/brizy\/imgs\/DSC_7081-scaled-434x290x2x0x430x290x1683886600.jpg 1x, https:\/\/atheneepalace.intercontinental.com\/wp-content\/uploads\/brizy\/imgs\/DSC_7081-scaled-868x580x4x0x860x580x1683886600.jpg 2x\" src=\"https:\/\/atheneepalace.intercontinental.com\/wp-content\/uploads\/brizy\/imgs\/DSC_7081-scaled-1067x711x5x0x1056x711x1683886600.jpg\" alt=\"\" title=\"DSC_7081\" draggable=\"false\" loading=\"lazy\"><\/picture><\/div>\n<\/div>\n<\/div>\n<\/div>\n<\/div>\n<\/div>\n<\/div>\n<\/div>\n<\/section>\n<section id=\"f67212bbca9f3fee5bf4_zeTTHt28ljAZ\" class=\"brz-section brz-css-yxjt4c brz-css-11bpq63\">\n<div class=\"brz-section__content brz-section--fullWidth brz-css-6ykce9 brz-css-18p74xv\" data-brz-custom-id=\"hrNdIBoNiWit\">\n<div class=\"brz-bg\">\n<div class=\"brz-bg-color\"><\/div>\n<\/div>\n<div class=\"brz-container brz-css-q3ly51 brz-css-1liip19\">\n<div class=\"brz-row__container brz-css-1ql3yyz brz-css-1mtzl4l\" data-brz-custom-id=\"w4bI8BR7flwR\">\n<div class=\"brz-row brz-css-18odeg1 brz-css-jym0e2\">\n<div class=\"brz-columns brz-css-y4j2zs brz-css-1p2rct7\" data-brz-custom-id=\"eN6mDcbeK3vu\">\n<div class=\"brz-bg\">\n<div class=\"brz-bg-image\"><\/div>\n<\/div>\n<div class=\"brz-column__items brz-css-1ydt4ef brz-css-1d6l8sg\">\n<div id=\"\" class=\"brz-css-1nxyulv brz-css-1ywz2e1 brz-css-1uvcfvw brz-wrapper\">\n<div class=\"brz-spacer brz-css-ehkntm brz-css-1erxq0i\"><\/div>\n<\/div>\n<\/div>\n<\/div>\n<div class=\"brz-columns brz-css-y4j2zs brz-css-1ibo9wn\" data-brz-custom-id=\"wfwkVqyV6chn\">\n<div class=\"brz-column__items brz-css-1ydt4ef brz-css-1nex1jc\">\n<div id=\"\" class=\"brz-css-1nxyulv brz-css-sw530o brz-wrapper\">\n<div class=\"brz-rich-text brz-rich-text__custom brz-css-i4yj7y brz-css-1yd0dc3\" data-brz-custom-id=\"bmoIL53avrHs\">\n<div data-brz-translate-text=\"1\">\n<h4 data-uniq-id=\"vA5ME\" data-generated-css=\"brz-css-mgl8r\" class=\"brz-tp-lg-heading4 brz-css-o1g1x\"><span class=\"brz-cp-color2\">MINIBAR<\/span><\/h4>\n<\/div>\n<\/div>\n<\/div>\n<div id=\"\" class=\"brz-css-1nxyulv brz-css-s046j brz-wrapper\">\n<div class=\"brz-line brz-line-default brz-css-qydo7k brz-css-1qkxelz\" data-brz-custom-id=\"dpMaPiHFIpIv\">\n<hr class=\"brz-hr\"><\/div>\n<\/div>\n<div id=\"\" class=\"brz-css-1nxyulv brz-css-1dold9n brz-wrapper\">\n<div class=\"brz-rich-text brz-rich-text__custom brz-css-i4yj7y brz-css-74smrx\" data-brz-custom-id=\"lQhKcbRRzDgQ\">\n<div data-brz-translate-text=\"1\">\n<p class=\"brz-tp-lg-paragraph brz-css-tUFRV\" data-generated-css=\"brz-css-tF3E3\" data-uniq-id=\"zgXaQ\"><span class=\"brz-cp-color7\">Minibarul nostru este atent echipat cu op\u021biuni de gust\u0103ri \u0219i b\u0103uturi bine cunoscute, al\u0103turi de produse locale specifice. Descoperi\u021bi selec\u021bia noastr\u0103 de produse!<\/span><\/p>\n<\/div>\n<\/div>\n<\/div>\n<div class=\"brz-wrapper-clone brz-flex-xs-wrap brz-css-1j4rn7v brz-css-1l5awp0\" data-brz-custom-id=\"cdEJTt8GSd2T\"><a class=\"brz-a brz-btn brz-css-nvistc brz-css-1tpz6xm brz-css-8ypofz brz-css-18c6ovn\" href=\"https:\/\/atheneepalace.intercontinental.com\/wp-content\/uploads\/2023\/06\/MINIBAR-MENU.pdf\" target=\"_self\" rel=\"noopener\" data-brz-link-type=\"external\" data-brz-custom-id=\"lNVr22HwrZEN\"><span data-brz-translate-text=\"1\" class=\"brz-span brz-text__editor\">MENIU MINBAR<\/span><\/a><\/div>\n<\/div>\n<\/div>\n<\/div>\n<\/div>\n<\/div>\n<\/div>\n<\/section>\n<\/div>\n<p>    <!-- version:1754306948 --><\/p>","protected":false},"excerpt":{"rendered":"<p>IN-ROOM DINING IN-ROOM DINING Indulge in the luxury of in-room dining at the InterContinental Ath\u00e9n\u00e9e Palace Bucharest. Our service is available for breakfast from 6:30 AM to 11:00 AM, and for all-day dining from 12:00 PM to 11:00 PM daily. Our thoughtfully curated menu embodies our commitment to excellence, ensuring a refined culinary experience within [&hellip;]<\/p>","protected":false},"author":1,"featured_media":0,"parent":7880,"menu_order":0,"comment_status":"closed","ping_status":"closed","template":"brizy-blank-template.php","meta":{"site-sidebar-layout":"default","site-content-layout":"","ast-site-content-layout":"default","site-content-style":"default","site-sidebar-style":"default","ast-global-header-display":"","ast-banner-title-visibility":"","ast-main-header-display":"","ast-hfb-above-header-display":"","ast-hfb-below-header-display":"","ast-hfb-mobile-header-display":"","site-post-title":"","ast-breadcrumbs-content":"","ast-featured-img":"","footer-sml-layout":"","theme-transparent-header-meta":"default","adv-header-id-meta":"","stick-header-meta":"","header-above-stick-meta":"","header-main-stick-meta":"","header-below-stick-meta":"","astra-migrate-meta-layouts":"set","ast-page-background-enabled":"default","ast-page-background-meta":{"desktop":{"background-color":"var(--ast-global-color-4)","background-image":"","background-repeat":"repeat","background-position":"center center","background-size":"auto","background-attachment":"scroll","background-type":"","background-media":"","overlay-type":"","overlay-color":"","overlay-opacity":"","overlay-gradient":""},"tablet":{"background-color":"","background-image":"","background-repeat":"repeat","background-position":"center center","background-size":"auto","background-attachment":"scroll","background-type":"","background-media":"","overlay-type":"","overlay-color":"","overlay-opacity":"","overlay-gradient":""},"mobile":{"background-color":"","background-image":"","background-repeat":"repeat","background-position":"center center","background-size":"auto","background-attachment":"scroll","background-type":"","background-media":"","overlay-type":"","overlay-color":"","overlay-opacity":"","overlay-gradient":""}},"ast-content-background-meta":{"desktop":{"background-color":"var(--ast-global-color-5)","background-image":"","background-repeat":"repeat","background-position":"center center","background-size":"auto","background-attachment":"scroll","background-type":"","background-media":"","overlay-type":"","overlay-color":"","overlay-opacity":"","overlay-gradient":""},"tablet":{"background-color":"var(--ast-global-color-5)","background-image":"","background-repeat":"repeat","background-position":"center center","background-size":"auto","background-attachment":"scroll","background-type":"","background-media":"","overlay-type":"","overlay-color":"","overlay-opacity":"","overlay-gradient":""},"mobile":{"background-color":"var(--ast-global-color-5)","background-image":"","background-repeat":"repeat","background-position":"center center","background-size":"auto","background-attachment":"scroll","background-type":"","background-media":"","overlay-type":"","overlay-color":"","overlay-opacity":"","overlay-gradient":""}},"footnotes":""},"class_list":["post-7418","page","type-page","status-publish","hentry"],"yoast_head":"<!-- This site is optimized with the Yoast SEO plugin v26.6 - https:\/\/yoast.com\/wordpress\/plugins\/seo\/ -->\n<title>In Room Dining - InterContinental Athenee Palace<\/title>\n<meta name=\"robots\" content=\"index, follow, max-snippet:-1, max-image-preview:large, max-video-preview:-1\" \/>\n<link rel=\"canonical\" href=\"https:\/\/atheneepalace.intercontinental.com\/ro\/dining\/in-room-dining\/\" \/>\n<meta property=\"og:locale\" content=\"ro_RO\" \/>\n<meta property=\"og:type\" content=\"article\" \/>\n<meta property=\"og:title\" content=\"In Room Dining - InterContinental Athenee Palace\" \/>\n<meta property=\"og:description\" content=\"IN-ROOM DINING IN-ROOM DINING Indulge in the luxury of in-room dining at the InterContinental Ath\u00e9n\u00e9e Palace Bucharest. Our service is available for breakfast from 6:30 AM to 11:00 AM, and for all-day dining from 12:00 PM to 11:00 PM daily. Our thoughtfully curated menu embodies our commitment to excellence, ensuring a refined culinary experience within [&hellip;]\" \/>\n<meta property=\"og:url\" content=\"https:\/\/atheneepalace.intercontinental.com\/ro\/dining\/in-room-dining\/\" \/>\n<meta property=\"og:site_name\" content=\"InterContinental Athenee Palace\" \/>\n<meta property=\"article:publisher\" content=\"https:\/\/www.facebook.com\/icatheneepalacebucharest\" \/>\n<meta property=\"article:modified_time\" content=\"2025-08-04T11:29:08+00:00\" \/>\n<meta property=\"og:image\" content=\"https:\/\/atheneepalace.intercontinental.com\/wp-content\/uploads\/brizy\/imgs\/DSC_7081-scaled-1067x711x5x0x1056x711x1683886600.jpg\" \/>\n<meta name=\"twitter:card\" content=\"summary_large_image\" \/>\n<meta name=\"twitter:label1\" content=\"Timp estimat pentru citire\" \/>\n\t<meta name=\"twitter:data1\" content=\"1 minut\" \/>\n<script type=\"application\/ld+json\" class=\"yoast-schema-graph\">{\"@context\":\"https:\/\/schema.org\",\"@graph\":[{\"@type\":\"WebPage\",\"@id\":\"https:\/\/atheneepalace.intercontinental.com\/dining\/in-room-dining\/\",\"url\":\"https:\/\/atheneepalace.intercontinental.com\/dining\/in-room-dining\/\",\"name\":\"In Room Dining - InterContinental Athenee Palace\",\"isPartOf\":{\"@id\":\"https:\/\/atheneepalace.intercontinental.com\/#website\"},\"primaryImageOfPage\":{\"@id\":\"https:\/\/atheneepalace.intercontinental.com\/dining\/in-room-dining\/#primaryimage\"},\"image\":{\"@id\":\"https:\/\/atheneepalace.intercontinental.com\/dining\/in-room-dining\/#primaryimage\"},\"thumbnailUrl\":\"https:\/\/atheneepalace.intercontinental.com\/wp-content\/uploads\/brizy\/imgs\/DSC_7081-scaled-1067x711x5x0x1056x711x1683886600.jpg\",\"datePublished\":\"2024-05-20T08:59:49+00:00\",\"dateModified\":\"2025-08-04T11:29:08+00:00\",\"breadcrumb\":{\"@id\":\"https:\/\/atheneepalace.intercontinental.com\/dining\/in-room-dining\/#breadcrumb\"},\"inLanguage\":\"ro-RO\",\"potentialAction\":[{\"@type\":\"ReadAction\",\"target\":[\"https:\/\/atheneepalace.intercontinental.com\/dining\/in-room-dining\/\"]}]},{\"@type\":\"ImageObject\",\"inLanguage\":\"ro-RO\",\"@id\":\"https:\/\/atheneepalace.intercontinental.com\/dining\/in-room-dining\/#primaryimage\",\"url\":\"https:\/\/atheneepalace.intercontinental.com\/wp-content\/uploads\/brizy\/imgs\/DSC_7081-scaled-1067x711x5x0x1056x711x1683886600.jpg\",\"contentUrl\":\"https:\/\/atheneepalace.intercontinental.com\/wp-content\/uploads\/brizy\/imgs\/DSC_7081-scaled-1067x711x5x0x1056x711x1683886600.jpg\"},{\"@type\":\"BreadcrumbList\",\"@id\":\"https:\/\/atheneepalace.intercontinental.com\/dining\/in-room-dining\/#breadcrumb\",\"itemListElement\":[{\"@type\":\"ListItem\",\"position\":1,\"name\":\"Home\",\"item\":\"https:\/\/atheneepalace.intercontinental.com\/\"},{\"@type\":\"ListItem\",\"position\":2,\"name\":\"Dining\",\"item\":\"https:\/\/atheneepalace.intercontinental.com\/dining\/\"},{\"@type\":\"ListItem\",\"position\":3,\"name\":\"In Room Dining\"}]},{\"@type\":\"WebSite\",\"@id\":\"https:\/\/atheneepalace.intercontinental.com\/#website\",\"url\":\"https:\/\/atheneepalace.intercontinental.com\/\",\"name\":\"InterContinental Athenee Palace\",\"description\":\"\",\"publisher\":{\"@id\":\"https:\/\/atheneepalace.intercontinental.com\/#organization\"},\"potentialAction\":[{\"@type\":\"SearchAction\",\"target\":{\"@type\":\"EntryPoint\",\"urlTemplate\":\"https:\/\/atheneepalace.intercontinental.com\/?s={search_term_string}\"},\"query-input\":{\"@type\":\"PropertyValueSpecification\",\"valueRequired\":true,\"valueName\":\"search_term_string\"}}],\"inLanguage\":\"ro-RO\"},{\"@type\":\"Organization\",\"@id\":\"https:\/\/atheneepalace.intercontinental.com\/#organization\",\"name\":\"InterContinental Athenee Palace\",\"url\":\"https:\/\/atheneepalace.intercontinental.com\/\",\"logo\":{\"@type\":\"ImageObject\",\"inLanguage\":\"ro-RO\",\"@id\":\"https:\/\/atheneepalace.intercontinental.com\/#\/schema\/logo\/image\/\",\"url\":\"https:\/\/atheneepalace.intercontinental.com\/wp-content\/uploads\/2023\/05\/Logo-400.png\",\"contentUrl\":\"https:\/\/atheneepalace.intercontinental.com\/wp-content\/uploads\/2023\/05\/Logo-400.png\",\"width\":300,\"height\":139,\"caption\":\"InterContinental Athenee Palace\"},\"image\":{\"@id\":\"https:\/\/atheneepalace.intercontinental.com\/#\/schema\/logo\/image\/\"},\"sameAs\":[\"https:\/\/www.facebook.com\/icatheneepalacebucharest\",\"https:\/\/www.linkedin.com\/company\/intercontinental-athne-palace-bucharest\",\"https:\/\/www.tripadvisor.co.uk\/Hotel_Review-g294458-d300679-Reviews-InterContinental_Athenee_Palace_Bucharest_an_IHG_Hotel-Bucharest.html\",\"https:\/\/www.instagram.com\/icatheneepalacebucharest\/\"]}]}<\/script>\n<!-- \/ Yoast SEO plugin. -->","yoast_head_json":{"title":"In Room Dining - InterContinental Athenee Palace","robots":{"index":"index","follow":"follow","max-snippet":"max-snippet:-1","max-image-preview":"max-image-preview:large","max-video-preview":"max-video-preview:-1"},"canonical":"https:\/\/atheneepalace.intercontinental.com\/ro\/dining\/in-room-dining\/","og_locale":"ro_RO","og_type":"article","og_title":"In Room Dining - InterContinental Athenee Palace","og_description":"IN-ROOM DINING IN-ROOM DINING Indulge in the luxury of in-room dining at the InterContinental Ath\u00e9n\u00e9e Palace Bucharest. Our service is available for breakfast from 6:30 AM to 11:00 AM, and for all-day dining from 12:00 PM to 11:00 PM daily. Our thoughtfully curated menu embodies our commitment to excellence, ensuring a refined culinary experience within [&hellip;]","og_url":"https:\/\/atheneepalace.intercontinental.com\/ro\/dining\/in-room-dining\/","og_site_name":"InterContinental Athenee Palace","article_publisher":"https:\/\/www.facebook.com\/icatheneepalacebucharest","article_modified_time":"2025-08-04T11:29:08+00:00","og_image":[{"url":"https:\/\/atheneepalace.intercontinental.com\/wp-content\/uploads\/brizy\/imgs\/DSC_7081-scaled-1067x711x5x0x1056x711x1683886600.jpg","type":"","width":"","height":""}],"twitter_card":"summary_large_image","twitter_misc":{"Timp estimat pentru citire":"1 minut"},"schema":{"@context":"https:\/\/schema.org","@graph":[{"@type":"WebPage","@id":"https:\/\/atheneepalace.intercontinental.com\/dining\/in-room-dining\/","url":"https:\/\/atheneepalace.intercontinental.com\/dining\/in-room-dining\/","name":"In Room Dining - InterContinental Athenee Palace","isPartOf":{"@id":"https:\/\/atheneepalace.intercontinental.com\/#website"},"primaryImageOfPage":{"@id":"https:\/\/atheneepalace.intercontinental.com\/dining\/in-room-dining\/#primaryimage"},"image":{"@id":"https:\/\/atheneepalace.intercontinental.com\/dining\/in-room-dining\/#primaryimage"},"thumbnailUrl":"https:\/\/atheneepalace.intercontinental.com\/wp-content\/uploads\/brizy\/imgs\/DSC_7081-scaled-1067x711x5x0x1056x711x1683886600.jpg","datePublished":"2024-05-20T08:59:49+00:00","dateModified":"2025-08-04T11:29:08+00:00","breadcrumb":{"@id":"https:\/\/atheneepalace.intercontinental.com\/dining\/in-room-dining\/#breadcrumb"},"inLanguage":"ro-RO","potentialAction":[{"@type":"ReadAction","target":["https:\/\/atheneepalace.intercontinental.com\/dining\/in-room-dining\/"]}]},{"@type":"ImageObject","inLanguage":"ro-RO","@id":"https:\/\/atheneepalace.intercontinental.com\/dining\/in-room-dining\/#primaryimage","url":"https:\/\/atheneepalace.intercontinental.com\/wp-content\/uploads\/brizy\/imgs\/DSC_7081-scaled-1067x711x5x0x1056x711x1683886600.jpg","contentUrl":"https:\/\/atheneepalace.intercontinental.com\/wp-content\/uploads\/brizy\/imgs\/DSC_7081-scaled-1067x711x5x0x1056x711x1683886600.jpg"},{"@type":"BreadcrumbList","@id":"https:\/\/atheneepalace.intercontinental.com\/dining\/in-room-dining\/#breadcrumb","itemListElement":[{"@type":"ListItem","position":1,"name":"Home","item":"https:\/\/atheneepalace.intercontinental.com\/"},{"@type":"ListItem","position":2,"name":"Dining","item":"https:\/\/atheneepalace.intercontinental.com\/dining\/"},{"@type":"ListItem","position":3,"name":"In Room Dining"}]},{"@type":"WebSite","@id":"https:\/\/atheneepalace.intercontinental.com\/#website","url":"https:\/\/atheneepalace.intercontinental.com\/","name":"InterContinental Athenee Palace","description":"","publisher":{"@id":"https:\/\/atheneepalace.intercontinental.com\/#organization"},"potentialAction":[{"@type":"SearchAction","target":{"@type":"EntryPoint","urlTemplate":"https:\/\/atheneepalace.intercontinental.com\/?s={search_term_string}"},"query-input":{"@type":"PropertyValueSpecification","valueRequired":true,"valueName":"search_term_string"}}],"inLanguage":"ro-RO"},{"@type":"Organization","@id":"https:\/\/atheneepalace.intercontinental.com\/#organization","name":"InterContinental Athenee Palace","url":"https:\/\/atheneepalace.intercontinental.com\/","logo":{"@type":"ImageObject","inLanguage":"ro-RO","@id":"https:\/\/atheneepalace.intercontinental.com\/#\/schema\/logo\/image\/","url":"https:\/\/atheneepalace.intercontinental.com\/wp-content\/uploads\/2023\/05\/Logo-400.png","contentUrl":"https:\/\/atheneepalace.intercontinental.com\/wp-content\/uploads\/2023\/05\/Logo-400.png","width":300,"height":139,"caption":"InterContinental Athenee Palace"},"image":{"@id":"https:\/\/atheneepalace.intercontinental.com\/#\/schema\/logo\/image\/"},"sameAs":["https:\/\/www.facebook.com\/icatheneepalacebucharest","https:\/\/www.linkedin.com\/company\/intercontinental-athne-palace-bucharest","https:\/\/www.tripadvisor.co.uk\/Hotel_Review-g294458-d300679-Reviews-InterContinental_Athenee_Palace_Bucharest_an_IHG_Hotel-Bucharest.html","https:\/\/www.instagram.com\/icatheneepalacebucharest\/"]}]}},"_links":{"self":[{"href":"https:\/\/atheneepalace.intercontinental.com\/ro\/wp-json\/wp\/v2\/pages\/7418","targetHints":{"allow":["GET"]}}],"collection":[{"href":"https:\/\/atheneepalace.intercontinental.com\/ro\/wp-json\/wp\/v2\/pages"}],"about":[{"href":"https:\/\/atheneepalace.intercontinental.com\/ro\/wp-json\/wp\/v2\/types\/page"}],"author":[{"embeddable":true,"href":"https:\/\/atheneepalace.intercontinental.com\/ro\/wp-json\/wp\/v2\/users\/1"}],"replies":[{"embeddable":true,"href":"https:\/\/atheneepalace.intercontinental.com\/ro\/wp-json\/wp\/v2\/comments?post=7418"}],"version-history":[{"count":21,"href":"https:\/\/atheneepalace.intercontinental.com\/ro\/wp-json\/wp\/v2\/pages\/7418\/revisions"}],"predecessor-version":[{"id":13187,"href":"https:\/\/atheneepalace.intercontinental.com\/ro\/wp-json\/wp\/v2\/pages\/7418\/revisions\/13187"}],"up":[{"embeddable":true,"href":"https:\/\/atheneepalace.intercontinental.com\/ro\/wp-json\/wp\/v2\/pages\/7880"}],"wp:attachment":[{"href":"https:\/\/atheneepalace.intercontinental.com\/ro\/wp-json\/wp\/v2\/media?parent=7418"}],"curies":[{"name":"wp","href":"https:\/\/api.w.org\/{rel}","templated":true}]}}